{"id":10050,"date":"2025-01-22T21:19:18","date_gmt":"2025-01-22T21:19:18","guid":{"rendered":"https:\/\/tiens.az\/?post_type=product&#038;p=10050"},"modified":"2026-03-11T17:38:51","modified_gmt":"2026-03-11T13:38:51","slug":"antilipid-cay-imperator","status":"publish","type":"product","link":"https:\/\/tiens.az\/de\/produkt\/antilipid-tee-kaiser\/","title":{"rendered":"Antilipid (Imperial) Tee"},"content":{"rendered":"<p><strong>VORTEILE VON TEE:<\/strong><\/p>\n<ul>\n<li><span style=\"font-size: 17px;\">Es verbessert die Durchblutung, indem es Kalkablagerungen von den Arterienw\u00e4nden entfernt.<\/span><\/li>\n<li><span style=\"font-size: 17px;\">Es verbessert die Stimmung und die Funktion des Nervensystems bei starker geistiger und k\u00f6rperlicher Belastung sowie chronischer M\u00fcdigkeit.<\/span><\/li>\n<li><span style=\"font-size: 17px;\">Bei Infektionskrankheiten entfernt es schnell mikrobielle R\u00fcckst\u00e4nde und Toxine aus dem K\u00f6rper.<\/span><\/li>\n<li><span style=\"font-size: 17px;\">Es reinigt den K\u00f6rper bei Vergiftungen und Alkoholismus.<\/span><\/li>\n<li><span style=\"font-size: 17px;\">Es verbessert die Verdauung und beseitigt Schaum. Es ist wirksam bei Fettleber, Leberzirrhose und Erkrankungen der Bauchspeicheldr\u00fcse.<\/span><\/li>\n<li><span style=\"font-size: 17px;\">Es bietet Schutz gegen Tumorerkrankungen.<\/span><\/li>\n<li><span style=\"font-size: 17px;\">Es lindert schnell Schmerzen und Ersch\u00f6pfung bei Sportlern nach k\u00f6rperlicher Anstrengung.<\/span><\/li>\n<li><span style=\"font-size: 17px;\">Es senkt den Hirndruck beim Baby.<\/span><\/li>\n<li><span style=\"font-size: 17px;\">Es kann die Bildung von Steinen und Ablagerungen in den Nieren, der Gallenblase und der Harnblase verhindern.<\/span><\/li>\n<li><span style=\"font-size: 17px;\">Beseitigt Entz\u00fcndungen im Urogenitalsystem.<\/span><\/li>\n<li><span style=\"font-size: 17px;\">Es ist wirksam bei neuropsychiatrischen und neurologischen Erkrankungen (Neuritis, Schlaganfall, Epilepsie, Multiple Sklerose, Parkinsonismus).<\/span><\/li>\n<li><span style=\"font-size: 17px;\">Bei Diabetes sch\u00fctzt es den K\u00f6rper vor den Komplikationen der Krankheit.<\/span><\/li>\n<li><span style=\"font-size: 17px;\">Normalisiert den Blutdruck (sollte bei hohem Blutdruck hei\u00df, bei niedrigem Blutdruck lauwarm getrunken werden).<\/span><\/li>\n<li><span style=\"font-size: 17px;\">Es entfernt Arzneimittelr\u00fcckst\u00e4nde aus dem K\u00f6rper.<\/span><\/li>\n<\/ul>","protected":false},"excerpt":{"rendered":"<p>Antilipid-Tee verbessert die Durchblutung, entgiftet den K\u00f6rper, unterst\u00fctzt die Verdauung und das Nervensystem. Er ist hilfreich bei Leber-, Nieren-, Blutdruck- und Diabetesproblemen.<\/p>","protected":false},"featured_media":10051,"template":"","meta":[],"product_cat":[71,287],"product_tag":[455,460,461,251,181,459,337,406,321,352,399,458,456,325,457],"class_list":{"0":"post-10050","1":"product","2":"type-product","3":"status-publish","4":"has-post-thumbnail","6":"product_cat-qida-elaveleri","7":"product_cat-butun-mhsullar-v-cihazlar","8":"product_tag-antilipid-cayi","9":"product_tag-cki-nzarti-dstyi","10":"product_tag-damar-dstk-proqrami","11":"product_tag-damar-saglamligi","12":"product_tag-detoks-dstyi","13":"product_tag-gundlik-saglamliq-cayi","14":"product_tag-maddlr-mubadilsi-dstyi","15":"product_tag-qadinlar-v-kisilr-ucun","16":"product_tag-qan-dovrani-dstyi","17":"product_tag-saglam-hyat-trzi","18":"product_tag-siskinliyin-azalmasi","19":"product_tag-tbii-bitki-cayi","20":"product_tag-urk-damar-dstyi","21":"product_tag-xolesterin-balansi-dstyi","22":"product_tag-yag-mubadilsi-dstyi","24":"first","25":"instock","26":"taxable","27":"shipping-taxable","28":"purchasable","29":"product-type-simple"},"_links":{"self":[{"href":"https:\/\/tiens.az\/de\/wp-json\/wp\/v2\/product\/10050","targetHints":{"allow":["GET"]}}],"collection":[{"href":"https:\/\/tiens.az\/de\/wp-json\/wp\/v2\/product"}],"about":[{"href":"https:\/\/tiens.az\/de\/wp-json\/wp\/v2\/types\/product"}],"wp:featuredmedia":[{"embeddable":true,"href":"https:\/\/tiens.az\/de\/wp-json\/wp\/v2\/media\/10051"}],"wp:attachment":[{"href":"https:\/\/tiens.az\/de\/wp-json\/wp\/v2\/media?parent=10050"}],"wp:term":[{"taxonomy":"product_cat","embeddable":true,"href":"https:\/\/tiens.az\/de\/wp-json\/wp\/v2\/product_cat?post=10050"},{"taxonomy":"product_tag","embeddable":true,"href":"https:\/\/tiens.az\/de\/wp-json\/wp\/v2\/product_tag?post=10050"}],"curies":[{"name":"wp","href":"https:\/\/api.w.org\/{rel}","templated":true}]}}