{"id":10096,"date":"2025-06-08T17:22:07","date_gmt":"2025-06-08T17:22:07","guid":{"rendered":"https:\/\/tiens.az\/?post_type=product&#038;p=10096"},"modified":"2026-01-05T14:28:19","modified_gmt":"2026-01-05T10:28:19","slug":"tiens-zinc-200mg-60kapsul","status":"publish","type":"product","link":"https:\/\/tiens.az\/de\/produkt\/tiens-zink-200-mg-60-kapseln\/","title":{"rendered":"Tiens Zink \u2013 Nahrungserg\u00e4nzungsmittel, 200 mg, 60 Kapseln"},"content":{"rendered":"<h3 data-start=\"273\" data-end=\"313\"><strong data-start=\"277\" data-end=\"311\">Tiens Zink \u2013 200 mg, 60 Kapseln<\/strong><\/h3>\n<p data-start=\"314\" data-end=\"383\"><strong data-start=\"314\" data-end=\"383\">Starke Unterst\u00fctzung f\u00fcr Ihr Immunsystem, ein essentielles Mineral f\u00fcr ein gesundes Leben!<\/strong><\/p>\n<p data-start=\"385\" data-end=\"725\"><strong data-start=\"385\" data-end=\"405\">\u00dcber das Produkt:<\/strong><br data-start=\"405\" data-end=\"408\" \/>Tiens Zink ist ein Nahrungserg\u00e4nzungsmittel, angereichert mit Zink, einem f\u00fcr die normale K\u00f6rperfunktion unerl\u00e4sslichen Mineralstoff. Jede Kapsel enth\u00e4lt 200 mg hochwertiges Zink, das besonders <strong data-start=\"601\" data-end=\"633\">das Immunsystem st\u00e4rken<\/strong>, <strong data-start=\"635\" data-end=\"668\">Unterst\u00fctzung der Hautgesundheit<\/strong> Und <strong data-start=\"672\" data-end=\"703\">Steigerung des Energieniveaus<\/strong> vorgesehen f\u00fcr.<\/p>\n<p data-start=\"727\" data-end=\"1034\"><strong data-start=\"727\" data-end=\"746\">Hauptvorteile:<\/strong><br data-start=\"746\" data-end=\"749\" \/>\u2705 St\u00e4rkt das Immunsystem<br data-start=\"782\" data-end=\"785\" \/>\u2705 Unterst\u00fctzt die Zellerneuerung und -teilung<br data-start=\"840\" data-end=\"843\" \/>\u2705 Erh\u00e4lt die Hautgesundheit und beschleunigt die Wundheilung<br data-start=\"912\" data-end=\"915\" \/>\u2705 Reguliert den Stoffwechsel<br data-start=\"950\" data-end=\"953\" \/>\u2705 Hilft, das hormonelle Gleichgewicht aufrechtzuerhalten<br data-start=\"994\" data-end=\"997\" \/>\u2705 Beugt Zinkmangel vor<\/p>\n<p data-start=\"1036\" data-end=\"1244\"><strong data-start=\"1036\" data-end=\"1057\">Gebrauchsanweisung:<\/strong><br data-start=\"1057\" data-end=\"1060\" \/>Nehmen Sie t\u00e4glich 1\u20132 Kapseln nach den Mahlzeiten mit einem Glas Wasser ein. Regelm\u00e4\u00dfige Einnahme sorgt f\u00fcr optimale Wirkung. Bei Schwangerschaft und bestimmten Erkrankungen wird \u00e4rztlicher Rat empfohlen.<\/p>\n<p data-start=\"1246\" data-end=\"1460\"><strong data-start=\"1246\" data-end=\"1271\">F\u00fcr wen ist es geeignet?<\/strong><br data-start=\"1271\" data-end=\"1274\" \/>\u2714 Diejenigen, die oft krank werden<br data-start=\"1297\" data-end=\"1300\" \/>\u2714 Personen mit Hautproblemen (Akne, Trockenheit usw.)<br data-start=\"1354\" data-end=\"1357\" \/>\u2714 F\u00fcr alle, die sich energielos und m\u00fcde f\u00fchlen.<br data-start=\"1404\" data-end=\"1407\" \/>\u2714 F\u00fcr alle, die ihren K\u00f6rper auf nat\u00fcrliche Weise unterst\u00fctzen m\u00f6chten.<\/p>\n<p data-start=\"1462\" data-end=\"1532\"><strong data-start=\"1462\" data-end=\"1478\">Verpackung:<\/strong><br data-start=\"1478\" data-end=\"1481\" \/>1 Packung \u2013 60 Kapseln (ausreichend f\u00fcr 1 Monat)<\/p>\n<p data-start=\"1534\" data-end=\"1611\"><strong data-start=\"1534\" data-end=\"1555\">Herkunft des Produkts:<\/strong><br data-start=\"1555\" data-end=\"1558\" \/>Tiens \u2013 Internationale Marke f\u00fcr Gesundheit und Biotechnologie<\/p>","protected":false},"excerpt":{"rendered":"<p>Tiens Zink ist ein Nahrungserg\u00e4nzungsmittel, angereichert mit Zink, einem f\u00fcr die normale K\u00f6rperfunktion unerl\u00e4sslichen Mineralstoff. Jede Kapsel enth\u00e4lt 200 mg hochwertiges Zink, das besonders <strong data-start=\"601\" data-end=\"633\">das Immunsystem st\u00e4rken<\/strong>, <strong data-start=\"635\" data-end=\"668\">Unterst\u00fctzung der Hautgesundheit<\/strong> Und <strong data-start=\"672\" data-end=\"703\">Steigerung des Energieniveaus<\/strong> vorgesehen f\u00fcr.<\/p>","protected":false},"featured_media":10097,"template":"","meta":[],"product_cat":[71,287,73,77],"product_tag":[451,452,388,387,449,334,448,454,394,447,445,446,450,453,341,336],"class_list":{"0":"post-10096","1":"product","2":"type-product","3":"status-publish","4":"has-post-thumbnail","6":"product_cat-qida-elaveleri","7":"product_cat-butun-mhsullar-v-cihazlar","8":"product_cat-immunitet-v-enerji","9":"product_cat-usaq-saglamligi","10":"product_tag-dri-v-sac-saglamligi","11":"product_tag-dirnaq-mohkmlndirm","12":"product_tag-gundlik-mikroelement-ehtiyaci","13":"product_tag-hormon-balansi-dstyi","14":"product_tag-iltihab-leyhin-dstk","15":"product_tag-immunitet-guclndirm","16":"product_tag-kisi-saglamligi","17":"product_tag-kisilr-ucun","18":"product_tag-metabolik-dstk","19":"product_tag-prostat-saglamligi-dstyi","20":"product_tag-sink-dstyi","21":"product_tag-sink-qiymti","22":"product_tag-sperma-keyfiyyti-dstyi","23":"product_tag-stress-altinda-olanlar-ucun","24":"product_tag-umumi-saglamliq-proqrami","25":"product_tag-yorgunluga-qarsi-dstk","27":"first","28":"instock","29":"purchasable","30":"product-type-simple"},"_links":{"self":[{"href":"https:\/\/tiens.az\/de\/wp-json\/wp\/v2\/product\/10096","targetHints":{"allow":["GET"]}}],"collection":[{"href":"https:\/\/tiens.az\/de\/wp-json\/wp\/v2\/product"}],"about":[{"href":"https:\/\/tiens.az\/de\/wp-json\/wp\/v2\/types\/product"}],"wp:featuredmedia":[{"embeddable":true,"href":"https:\/\/tiens.az\/de\/wp-json\/wp\/v2\/media\/10097"}],"wp:attachment":[{"href":"https:\/\/tiens.az\/de\/wp-json\/wp\/v2\/media?parent=10096"}],"wp:term":[{"taxonomy":"product_cat","embeddable":true,"href":"https:\/\/tiens.az\/de\/wp-json\/wp\/v2\/product_cat?post=10096"},{"taxonomy":"product_tag","embeddable":true,"href":"https:\/\/tiens.az\/de\/wp-json\/wp\/v2\/product_tag?post=10096"}],"curies":[{"name":"wp","href":"https:\/\/api.w.org\/{rel}","templated":true}]}}