{"id":10099,"date":"2025-06-08T17:37:25","date_gmt":"2025-06-08T17:37:25","guid":{"rendered":"https:\/\/tiens.az\/?post_type=product&#038;p=10099"},"modified":"2026-01-05T14:27:26","modified_gmt":"2026-01-05T10:27:26","slug":"dis-mecunu-tiens-orecare-135q","status":"publish","type":"product","link":"https:\/\/tiens.az\/de\/produkt\/zahnseide-tiens-orecare-135-g\/","title":{"rendered":"Tiens Orecare Kr\u00e4uterzahnpasta \u2013 135 g | Nat\u00fcrliche Mundpflege"},"content":{"rendered":"<p data-start=\"450\" data-end=\"548\"><strong data-start=\"450\" data-end=\"501\">Tiens Orecare Kr\u00e4uterzahnpasta \u2013 135 g<\/strong><br data-start=\"501\" data-end=\"504\" \/>Nat\u00fcrliche Unterst\u00fctzung f\u00fcr Ihre Mund- und Zahngesundheit!<\/p>\n<p data-start=\"550\" data-end=\"963\"><strong data-start=\"550\" data-end=\"570\">\u00dcber das Produkt:<\/strong><br data-start=\"570\" data-end=\"573\" \/>Die Zahnpasta Tiens Orecare ist von der traditionellen chinesischen Medizin inspiriert und zeichnet sich durch eine hohe Wirksamkeit aus. <strong data-start=\"672\" data-end=\"719\">angereichert mit Pflanzenextrakten<\/strong>Die Hauptbestandteile der Paste sind \u2013 <strong data-start=\"753\" data-end=\"809\">Japanische Rose, wilde Chrysantheme, Sarcandra glabra<\/strong>, <strong data-start=\"811\" data-end=\"829\">Teebaum\u00f6l<\/strong>, <strong data-start=\"831\" data-end=\"848\">Kokosnuss\u00f6l<\/strong> Und <strong data-start=\"852\" data-end=\"871\">Siliziumdioxid<\/strong> \u2013 sch\u00fctzt Z\u00e4hne und Zahnfleisch, indem es Entz\u00fcndungen und Bakterien in der Mundh\u00f6hle verhindert.<\/p>\n<p data-start=\"965\" data-end=\"1249\"><strong data-start=\"965\" data-end=\"979\">Vorteile:<\/strong><br data-start=\"979\" data-end=\"982\" \/>\u2705 Beugt Karies vor<br data-start=\"1007\" data-end=\"1010\" \/>\u2705 Reduziert Zahnfleischbluten<br data-start=\"1044\" data-end=\"1047\" \/>\u2705 Beseitigt Mundgeruch und sorgt f\u00fcr frischen Atem<br data-start=\"1095\" data-end=\"1098\" \/>\u2705 Sch\u00fctzt den Zahnschmelz und poliert die Z\u00e4hne gr\u00fcndlich<br data-start=\"1140\" data-end=\"1143\" \/>\u2705 Besitzt antibakterielle, entz\u00fcndungshemmende und antimykotische Wirkungen<br data-start=\"1202\" data-end=\"1205\" \/>\u2705 Sorgt f\u00fcr ein erfrischendes Gef\u00fchl mit nat\u00fcrlichem Minzgeschmack<\/p>\n<p data-start=\"1251\" data-end=\"1285\"><strong data-start=\"1251\" data-end=\"1283\">Hauptbestandteile der Zusammensetzung:<\/strong><\/p>\n<ul data-start=\"1286\" data-end=\"1624\">\n<li data-start=\"1286\" data-end=\"1350\">\n<p data-start=\"1288\" data-end=\"1350\"><strong data-start=\"1288\" data-end=\"1307\">Japanische Rose<\/strong>antibakterielle und entz\u00fcndungshemmende Wirkung<\/p>\n<\/li>\n<li data-start=\"1351\" data-end=\"1402\">\n<p data-start=\"1353\" data-end=\"1402\"><strong data-start=\"1353\" data-end=\"1374\">Wilde Chrysantheme<\/strong>: reduziert Schmerzen und Entz\u00fcndungen<\/p>\n<\/li>\n<li data-start=\"1403\" data-end=\"1462\">\n<p data-start=\"1405\" data-end=\"1462\"><strong data-start=\"1405\" data-end=\"1425\">Sarcandra glabra<\/strong>: antimykotische und sch\u00fctzende Wirkung<\/p>\n<\/li>\n<li data-start=\"1463\" data-end=\"1515\">\n<p data-start=\"1465\" data-end=\"1515\"><strong data-start=\"1465\" data-end=\"1483\">Teebaum\u00f6l<\/strong>: sch\u00fctzt die Zahnfleischgesundheit<\/p>\n<\/li>\n<li data-start=\"1516\" data-end=\"1565\">\n<p data-start=\"1518\" data-end=\"1565\"><strong data-start=\"1518\" data-end=\"1535\">Kokosnuss\u00f6l<\/strong>: verhindert Mundgeruch<\/p>\n<\/li>\n<li data-start=\"1566\" data-end=\"1624\">\n<p data-start=\"1568\" data-end=\"1624\"><strong data-start=\"1568\" data-end=\"1587\">Siliziumdioxid<\/strong>Reinigt die Z\u00e4hne und sch\u00fctzt den Zahnschmelz.<\/p>\n<\/li>\n<\/ul>\n<p data-start=\"1626\" data-end=\"1772\"><strong data-start=\"1626\" data-end=\"1647\">Gebrauchsanweisung:<\/strong><br data-start=\"1647\" data-end=\"1650\" \/>Putzen Sie Ihre Z\u00e4hne mindestens zweimal t\u00e4glich \u2013 morgens und abends \u2013 drei Minuten lang. Wenn m\u00f6glich, putzen Sie sie nach jeder Mahlzeit.<\/p>\n<p data-start=\"1774\" data-end=\"1851\"><strong data-start=\"1774\" data-end=\"1790\">Verpackung:<\/strong><br data-start=\"1790\" data-end=\"1793\" \/>135 g \u2013 ergiebig und erschwinglich f\u00fcr den t\u00e4glichen Gebrauch.<\/p>\n<p data-start=\"1853\" data-end=\"2074\"><strong data-start=\"1853\" data-end=\"1878\">F\u00fcr wen ist es geeignet?<\/strong><br data-start=\"1878\" data-end=\"1881\" \/>\u2714 F\u00fcr alle, die nat\u00fcrliche und pflanzliche Zahnpasta suchen<br data-start=\"1918\" data-end=\"1921\" \/>\u2714 Personen, die Zahnfleischbluten oder -empfindlichkeit versp\u00fcren<br data-start=\"1967\" data-end=\"1970\" \/>\u2714 F\u00fcr alle, die auf chemiehaltige Zahnpasten verzichten m\u00f6chten<br data-start=\"2023\" data-end=\"2026\" \/>\u2714 F\u00fcr alle, die ein sauberes und frisches Mundgef\u00fchl w\u00fcnschen.<\/p>","protected":false},"excerpt":{"rendered":"<p data-start=\"550\" data-end=\"963\">Die Zahnpasta Tiens Orecare ist von der traditionellen chinesischen Medizin inspiriert und zeichnet sich durch eine hohe Wirksamkeit aus. <strong data-start=\"672\" data-end=\"719\">angereichert mit Pflanzenextrakten<\/strong>Die Hauptbestandteile der Paste sind \u2013 <strong data-start=\"753\" data-end=\"809\">Japanische Rose, wilde Chrysantheme, Sarcandra glabra<\/strong>, <strong data-start=\"811\" data-end=\"829\">Teebaum\u00f6l<\/strong>, <strong data-start=\"831\" data-end=\"848\">Kokosnuss\u00f6l<\/strong> Und <strong data-start=\"852\" data-end=\"871\">Siliziumdioxid<\/strong> \u2013 sch\u00fctzt Z\u00e4hne und Zahnfleisch, indem es Entz\u00fcndungen und Bakterien in der Mundh\u00f6hle verhindert.<\/p>\n<p data-start=\"965\" data-end=\"1249\">","protected":false},"featured_media":10100,"template":"","meta":[],"product_cat":[76,287,71],"product_tag":[434,435,444,431,442,440,432,439,433,300,441,438,436,443,437],"class_list":{"0":"post-10099","1":"product","2":"type-product","3":"status-publish","4":"has-post-thumbnail","6":"product_cat-sxsi-gigiyena-vasitlri","7":"product_cat-butun-mhsullar-v-cihazlar","8":"product_cat-qida-elaveleri","9":"product_tag-agiz-gigiyenasi","10":"product_tag-agiz-qoxusuna-qarsi","11":"product_tag-agiz-saglamligi-dstyi","12":"product_tag-agiz-v-dis-baximi","13":"product_tag-ail-ucun-uygundur","14":"product_tag-antibakterial-dstk","15":"product_tag-bitki-trkibli-dis-mcunu","16":"product_tag-dis-ti-baximi","17":"product_tag-dis-ti-saglamligi","18":"product_tag-dis-minasinin-qorunmasi","19":"product_tag-floridsiz-formula","20":"product_tag-gundlik-dis-tmizliyi","21":"product_tag-hssas-dislr-ucun","22":"product_tag-saglam-tbssum","23":"product_tag-tbii-agiz-baximi","25":"first","26":"instock","27":"taxable","28":"shipping-taxable","29":"purchasable","30":"product-type-simple"},"_links":{"self":[{"href":"https:\/\/tiens.az\/de\/wp-json\/wp\/v2\/product\/10099","targetHints":{"allow":["GET"]}}],"collection":[{"href":"https:\/\/tiens.az\/de\/wp-json\/wp\/v2\/product"}],"about":[{"href":"https:\/\/tiens.az\/de\/wp-json\/wp\/v2\/types\/product"}],"wp:featuredmedia":[{"embeddable":true,"href":"https:\/\/tiens.az\/de\/wp-json\/wp\/v2\/media\/10100"}],"wp:attachment":[{"href":"https:\/\/tiens.az\/de\/wp-json\/wp\/v2\/media?parent=10099"}],"wp:term":[{"taxonomy":"product_cat","embeddable":true,"href":"https:\/\/tiens.az\/de\/wp-json\/wp\/v2\/product_cat?post=10099"},{"taxonomy":"product_tag","embeddable":true,"href":"https:\/\/tiens.az\/de\/wp-json\/wp\/v2\/product_tag?post=10099"}],"curies":[{"name":"wp","href":"https:\/\/api.w.org\/{rel}","templated":true}]}}