{"id":10101,"date":"2025-06-08T17:46:00","date_gmt":"2025-06-08T17:46:00","guid":{"rendered":"https:\/\/tiens.az\/?post_type=product&#038;p=10101"},"modified":"2026-01-05T14:26:49","modified_gmt":"2026-01-05T10:26:49","slug":"tiens-qlukozamin-oynaqlar-ucun-400mq-kapsul","status":"publish","type":"product","link":"https:\/\/tiens.az\/de\/produkt\/tiens-glucosamin-gelenkunterstutzung-400mg-kapseln\/","title":{"rendered":"Tiens Glucosamin \u2013 F\u00fcr die Gelenkgesundheit 400 mg 60 Kapseln"},"content":{"rendered":"<p data-start=\"594\" data-end=\"695\"><strong data-start=\"594\" data-end=\"634\">Tiens Glucosamin \u2013 400 mg, 60 Kapseln<\/strong><br data-start=\"634\" data-end=\"637\" \/>Kraftvolle, nat\u00fcrliche Unterst\u00fctzung f\u00fcr Ihre Gelenke und Ihren Bewegungsapparat!<\/p>\n<p data-start=\"697\" data-end=\"1002\"><strong data-start=\"697\" data-end=\"717\">\u00dcber das Produkt:<\/strong><br data-start=\"717\" data-end=\"720\" \/>Tiens Glucosamin-Kapseln sind ein biologisch aktives Nahrungserg\u00e4nzungsmittel, das speziell zur Erhaltung der Gelenkgesundheit und zur Beschleunigung ihrer Regeneration entwickelt wurde. Dank seiner reichhaltigen Zusammensetzung <strong data-start=\"912\" data-end=\"948\">verbessert die Gelenkfl\u00fcssigkeit<\/strong>, sowie <strong data-start=\"957\" data-end=\"1001\">sch\u00fctzt und erneuert Knorpelgewebe<\/strong>.<\/p>\n<p data-start=\"1004\" data-end=\"1285\"><strong data-start=\"1004\" data-end=\"1023\">Hauptvorteile:<\/strong><br data-start=\"1023\" data-end=\"1026\" \/>\u2705 Verk\u00fcrzt die Heilungszeit von Gelenkverletzungen<br data-start=\"1073\" data-end=\"1076\" \/>\u2705 Beschleunigt die Regeneration von Knorpel und B\u00e4ndern<br data-start=\"1127\" data-end=\"1130\" \/>\u2705 Verlangsamt den Alterungsprozess<br data-start=\"1158\" data-end=\"1161\" \/>\u2705 Unterst\u00fctzt die komplexe Behandlung von Erkrankungen des Bewegungsapparates<br data-start=\"1231\" data-end=\"1234\" \/>\u2705 Verhindert, dass Kalzium aus den Knochen ausgewaschen wird<\/p>\n<p data-start=\"1287\" data-end=\"1314\"><strong data-start=\"1287\" data-end=\"1312\">Zutaten (in 1 Kapsel):<\/strong><\/p>\n<ul data-start=\"1315\" data-end=\"1570\">\n<li data-start=\"1315\" data-end=\"1350\">\n<p data-start=\"1317\" data-end=\"1350\">Glucosaminhydrochlorid \u2013 130 mg<\/p>\n<\/li>\n<li data-start=\"1351\" data-end=\"1381\">\n<p data-start=\"1353\" data-end=\"1381\">Chondroitinsulfat \u2013 100 mg<\/p>\n<\/li>\n<li data-start=\"1382\" data-end=\"1411\">\n<p data-start=\"1384\" data-end=\"1411\">Calciumcarbonat \u2013 100 mg<\/p>\n<\/li>\n<li data-start=\"1412\" data-end=\"1461\">\n<p data-start=\"1414\" data-end=\"1461\">Kollagen, Magnesium, Phosphor, Siliziumdioxid<\/p>\n<\/li>\n<li data-start=\"1462\" data-end=\"1482\">\n<p data-start=\"1464\" data-end=\"1482\">Vitamine B2 und D3<\/p>\n<\/li>\n<li data-start=\"1483\" data-end=\"1514\">\n<p data-start=\"1485\" data-end=\"1514\">Bor, Fruktose, Beta-Carotin<\/p>\n<\/li>\n<li data-start=\"1515\" data-end=\"1570\">\n<p data-start=\"1517\" data-end=\"1570\">Zitronens\u00e4ure, Sucralose und andere Hilfsstoffe<\/p>\n<\/li>\n<\/ul>\n<p data-start=\"1572\" data-end=\"1700\"><strong data-start=\"1572\" data-end=\"1593\">Gebrauchsanweisung:<\/strong><br data-start=\"1593\" data-end=\"1596\" \/>Es wird 1-2 Mal t\u00e4glich nach den Mahlzeiten mit reichlich Wasser eingenommen. Eine langfristige und kontinuierliche Anwendung wird empfohlen.<\/p>\n<p data-start=\"1702\" data-end=\"1788\"><strong data-start=\"1702\" data-end=\"1718\">Verpackung:<\/strong><br data-start=\"1718\" data-end=\"1721\" \/>1 Durchstechflasche \u2013 400 mg \u00d7 60 Kapseln (ausreichend f\u00fcr eine Kur von ca. 1 Monat)<\/p>\n<p data-start=\"1790\" data-end=\"2004\"><strong data-start=\"1790\" data-end=\"1815\">F\u00fcr wen ist es geeignet?<\/strong><br data-start=\"1815\" data-end=\"1818\" \/>\u2714 Personen, die unter Gelenk- und R\u00fcckenschmerzen leiden<br data-start=\"1850\" data-end=\"1853\" \/>\u2714 K\u00f6rperlich aktive Personen und Sportler<br data-start=\"1889\" data-end=\"1892\" \/>\u2714 Personen mit altersbedingter Gelenksteife und -schw\u00e4che<br data-start=\"1940\" data-end=\"1943\" \/>\u2714 F\u00fcr alle, die ihren Bewegungsapparat auf nat\u00fcrliche Weise sch\u00fctzen m\u00f6chten.<\/p>","protected":false},"excerpt":{"rendered":"<p data-start=\"697\" data-end=\"1002\">Tiens Glucosamin-Kapseln sind ein biologisch aktives Nahrungserg\u00e4nzungsmittel, das speziell zur Erhaltung der Gelenkgesundheit und zur Beschleunigung ihrer Regeneration entwickelt wurde. Dank seiner reichhaltigen Zusammensetzung <strong data-start=\"912\" data-end=\"948\">verbessert die Gelenkfl\u00fcssigkeit<\/strong>, sowie <strong data-start=\"957\" data-end=\"1001\">sch\u00fctzt und erneuert Knorpelgewebe<\/strong>.<\/p>\n<p data-start=\"1004\" data-end=\"1285\">","protected":false},"featured_media":10102,"template":"","meta":[],"product_cat":[74,287,71],"product_tag":[428,339,424,427,429,421,426,423,329,430,422,418,420,419,425],"class_list":{"0":"post-10101","1":"product","2":"type-product","3":"status-publish","4":"has-post-thumbnail","6":"product_cat-sumuk-v-oynaqlarin-saglamligi","7":"product_cat-butun-mhsullar-v-cihazlar","8":"product_cat-qida-elaveleri","9":"product_tag-agri-v-diskomfort-dstyi","10":"product_tag-aktiv-hyat-trzi-ucun","11":"product_tag-diz-v-bel-oynaqlari","12":"product_tag-zl-v-skelet-sistemi","13":"product_tag-gundlik-oynaq-baximi","14":"product_tag-hrkt-rahatligi","15":"product_tag-idman-ednlr-ucun","16":"product_tag-iltihab-dstyi","17":"product_tag-kisilr-v-qadinlar-ucun","18":"product_tag-oynaq-dstk-proqrami","19":"product_tag-oynaq-elastikliyi","20":"product_tag-oynaq-saglamligi","21":"product_tag-qigirdaq-toxumasi-dstyi","22":"product_tag-qlukozamin-dstyi","23":"product_tag-yasa-bagli-oynaq-ziflmsi","25":"first","26":"instock","27":"taxable","28":"shipping-taxable","29":"purchasable","30":"product-type-simple"},"_links":{"self":[{"href":"https:\/\/tiens.az\/de\/wp-json\/wp\/v2\/product\/10101","targetHints":{"allow":["GET"]}}],"collection":[{"href":"https:\/\/tiens.az\/de\/wp-json\/wp\/v2\/product"}],"about":[{"href":"https:\/\/tiens.az\/de\/wp-json\/wp\/v2\/types\/product"}],"wp:featuredmedia":[{"embeddable":true,"href":"https:\/\/tiens.az\/de\/wp-json\/wp\/v2\/media\/10102"}],"wp:attachment":[{"href":"https:\/\/tiens.az\/de\/wp-json\/wp\/v2\/media?parent=10101"}],"wp:term":[{"taxonomy":"product_cat","embeddable":true,"href":"https:\/\/tiens.az\/de\/wp-json\/wp\/v2\/product_cat?post=10101"},{"taxonomy":"product_tag","embeddable":true,"href":"https:\/\/tiens.az\/de\/wp-json\/wp\/v2\/product_tag?post=10101"}],"curies":[{"name":"wp","href":"https:\/\/api.w.org\/{rel}","templated":true}]}}