{"id":10105,"date":"2025-06-08T17:54:37","date_gmt":"2025-06-08T17:54:37","guid":{"rendered":"https:\/\/tiens.az\/?post_type=product&#038;p=10105"},"modified":"2026-01-05T14:25:15","modified_gmt":"2026-01-05T10:25:15","slug":"tiens-chitosan-detox-t%c9%99bii-sorbent-100-kapsul","status":"publish","type":"product","link":"https:\/\/tiens.az\/de\/produkt\/thiens-chitosan-detox-t\u0259bii-sorptionsmittel-100-kapseln\/","title":{"rendered":"Tiens Chitosan \u2013 Nat\u00fcrliches Sorptionsmittel und Unterst\u00fctzung der Entgiftung, 100 Kapseln"},"content":{"rendered":"<p data-start=\"508\" data-end=\"606\"><strong data-start=\"508\" data-end=\"548\">Tiens Chitosan \u2013 100 Kapseln (0,15 g)<\/strong><br data-start=\"548\" data-end=\"551\" \/>Biologisch aktives Nahrungserg\u00e4nzungsmittel mit nat\u00fcrlicher Reinigungskraft<\/p>\n<p data-start=\"608\" data-end=\"902\"><strong data-start=\"608\" data-end=\"628\">\u00dcber das Produkt:<\/strong><br data-start=\"628\" data-end=\"631\" \/>Tiens Chitosan ist ein nat\u00fcrliches, aus Chitin gewonnenes Polymer tierischen Ursprungs. Es besitzt starke Sorptionseigenschaften und hilft, den K\u00f6rper von sch\u00e4dlichen Substanzen zu befreien. <strong data-start=\"801\" data-end=\"810\">Entgiftung<\/strong>, <strong data-start=\"812\" data-end=\"828\">Gewichtsmanagement<\/strong>, Und <strong data-start=\"833\" data-end=\"863\">unterst\u00fctzenden Stoffwechsel<\/strong> wird effektiv eingesetzt f\u00fcr.<\/p>\n<p data-start=\"904\" data-end=\"1144\">Chitosan absorbiert au\u00dferdem Wasser und den K\u00f6rper <strong data-start=\"939\" data-end=\"956\">Schwermetalle<\/strong>, <strong data-start=\"958\" data-end=\"971\">Giftstoffe<\/strong>, <strong data-start=\"973\" data-end=\"998\">organische Schadstoffe<\/strong> Und <strong data-start=\"1002\" data-end=\"1021\">von Bakterien<\/strong> Es zeichnet sich durch seine reinigenden Eigenschaften aus. Es ist eine ideale Wahl, um den K\u00f6rper auf nat\u00fcrliche Weise ins Gleichgewicht zu bringen und die allgemeine Gesundheit zu unterst\u00fctzen.<\/p>\n<p data-start=\"1146\" data-end=\"1427\"><strong data-start=\"1146\" data-end=\"1165\">Hauptvorteile:<\/strong><br data-start=\"1165\" data-end=\"1168\" \/>\u2705 Reinigt den K\u00f6rper von Giftstoffen und Schwermetallen<br data-start=\"1223\" data-end=\"1226\" \/>\u2705 Unterst\u00fctzt Entgiftungs- und Gewichtsabnahmeprozesse<br data-start=\"1270\" data-end=\"1273\" \/>\u2705 Reguliert die Darm- und Magenaktivit\u00e4t<br data-start=\"1316\" data-end=\"1319\" \/>\u2705 Hilft, das Immunsystem zu st\u00e4rken<br data-start=\"1356\" data-end=\"1359\" \/>\u2705 Unterst\u00fctzt die Balance des Cholesterin- und Blutzuckerspiegels<\/p>\n<p data-start=\"1429\" data-end=\"1443\"><strong data-start=\"1429\" data-end=\"1441\">Zutaten:<\/strong><\/p>\n<ul data-start=\"1444\" data-end=\"1568\">\n<li data-start=\"1444\" data-end=\"1486\">\n<p data-start=\"1446\" data-end=\"1486\">Chitosan (Chitinpolymer) nat\u00fcrlichen Ursprungs<\/p>\n<\/li>\n<li data-start=\"1487\" data-end=\"1536\">\n<p data-start=\"1489\" data-end=\"1536\">Tierische Fasern (aus Fisch gewonnen)<\/p>\n<\/li>\n<li data-start=\"1537\" data-end=\"1568\">\n<p data-start=\"1539\" data-end=\"1568\">Kapselh\u00fclle: auf Zellulosebasis<\/p>\n<\/li>\n<\/ul>\n<p data-start=\"1570\" data-end=\"1712\"><strong data-start=\"1570\" data-end=\"1591\">Gebrauchsanweisung:<\/strong><br data-start=\"1591\" data-end=\"1594\" \/>Nehmen Sie zweimal t\u00e4glich 2 Kapseln nach den Mahlzeiten mit einem Glas Wasser ein. \u00dcberschreiten Sie nicht die empfohlene Tagesdosis.<\/p>\n<p data-start=\"1714\" data-end=\"1769\"><strong data-start=\"1714\" data-end=\"1730\">Verpackung:<\/strong><br data-start=\"1730\" data-end=\"1733\" \/>100 Kapseln (f\u00fcr ca. 25 Tage)<\/p>\n<p data-start=\"1771\" data-end=\"2021\"><strong data-start=\"1771\" data-end=\"1796\">F\u00fcr wen ist es geeignet?<\/strong><br data-start=\"1796\" data-end=\"1799\" \/>\u2714 F\u00fcr diejenigen, die ihren K\u00f6rper entgiften und reinigen m\u00f6chten<br data-start=\"1844\" data-end=\"1847\" \/>\u2714 Diejenigen, die den Gewichtsverlustprozess unterst\u00fctzen m\u00f6chten<br data-start=\"1890\" data-end=\"1893\" \/>\u2714 F\u00fcr alle, die sich vor Giftstoffen aus Lebensmitteln und der Umwelt sch\u00fctzen m\u00f6chten.<br data-start=\"1960\" data-end=\"1963\" \/>\u2714 F\u00fcr alle, die einen gesunden Lebensstil und ein ausgeglichenes Stoffwechselgleichgewicht anstreben.<\/p>","protected":false},"excerpt":{"rendered":"<p data-start=\"608\" data-end=\"902\"><strong data-start=\"608\" data-end=\"628\">\u00dcber das Produkt:<\/strong><br data-start=\"628\" data-end=\"631\" \/>Tiens Chitosan ist ein nat\u00fcrliches, aus Chitin gewonnenes Polymer tierischen Ursprungs. Es besitzt starke Sorptionseigenschaften und hilft, den K\u00f6rper von sch\u00e4dlichen Substanzen zu befreien. <strong data-start=\"801\" data-end=\"810\">Entgiftung<\/strong>, <strong data-start=\"812\" data-end=\"828\">Gewichtsmanagement<\/strong>, Und <strong data-start=\"833\" data-end=\"863\">unterst\u00fctzenden Stoffwechsel<\/strong> wird effektiv eingesetzt f\u00fcr.<\/p>\n<p data-start=\"904\" data-end=\"1144\">Chitosan absorbiert au\u00dferdem Wasser und den K\u00f6rper <strong data-start=\"939\" data-end=\"956\">Schwermetalle<\/strong>, <strong data-start=\"958\" data-end=\"971\">Giftstoffe<\/strong>, <strong data-start=\"973\" data-end=\"998\">organische Schadstoffe<\/strong> Und <strong data-start=\"1002\" data-end=\"1021\">von Bakterien<\/strong> Es zeichnet sich durch seine reinigenden Eigenschaften aus. Es ist eine ideale Wahl, um den K\u00f6rper auf nat\u00fcrliche Weise ins Gleichgewicht zu bringen und die allgemeine Gesundheit zu unterst\u00fctzen.<\/p>","protected":false},"featured_media":10106,"template":"","meta":[],"product_cat":[71],"product_tag":[412,410,353,398,181,414,413,337,406,352,399,408,411,325,409],"class_list":{"0":"post-10105","1":"product","2":"type-product","3":"status-publish","4":"has-post-thumbnail","6":"product_cat-qida-elaveleri","7":"product_tag-ariqlama-proqrami","8":"product_tag-bagirsaq-tmizlnmsi","9":"product_tag-bdnin-tmizlnmsi","10":"product_tag-cki-nzarti","11":"product_tag-detoks-dstyi","12":"product_tag-detoks-proqrami","13":"product_tag-hzm-sistemi-dstyi","14":"product_tag-maddlr-mubadilsi-dstyi","15":"product_tag-qadinlar-v-kisilr-ucun","16":"product_tag-saglam-hyat-trzi","17":"product_tag-siskinliyin-azalmasi","18":"product_tag-tbii-sorbent","19":"product_tag-toksinlrin-atilmasi","20":"product_tag-xolesterin-balansi-dstyi","21":"product_tag-yag-baglama-dstyi","23":"first","24":"instock","25":"taxable","26":"shipping-taxable","27":"purchasable","28":"product-type-simple"},"_links":{"self":[{"href":"https:\/\/tiens.az\/de\/wp-json\/wp\/v2\/product\/10105","targetHints":{"allow":["GET"]}}],"collection":[{"href":"https:\/\/tiens.az\/de\/wp-json\/wp\/v2\/product"}],"about":[{"href":"https:\/\/tiens.az\/de\/wp-json\/wp\/v2\/types\/product"}],"wp:featuredmedia":[{"embeddable":true,"href":"https:\/\/tiens.az\/de\/wp-json\/wp\/v2\/media\/10106"}],"wp:attachment":[{"href":"https:\/\/tiens.az\/de\/wp-json\/wp\/v2\/media?parent=10105"}],"wp:term":[{"taxonomy":"product_cat","embeddable":true,"href":"https:\/\/tiens.az\/de\/wp-json\/wp\/v2\/product_cat?post=10105"},{"taxonomy":"product_tag","embeddable":true,"href":"https:\/\/tiens.az\/de\/wp-json\/wp\/v2\/product_tag?post=10105"}],"curies":[{"name":"wp","href":"https:\/\/api.w.org\/{rel}","templated":true}]}}