{"id":10107,"date":"2025-06-08T17:56:26","date_gmt":"2025-06-08T17:56:26","guid":{"rendered":"https:\/\/tiens.az\/?post_type=product&#038;p=10107"},"modified":"2026-01-05T14:24:37","modified_gmt":"2026-01-05T10:24:37","slug":"tiens-ariqlama-cayi-detoks-c%c9%99ki-azaltmaq","status":"publish","type":"product","link":"https:\/\/tiens.az\/de\/produkt\/tiens-schlankheitstee-detox-c\u0259ki-reduzieren\/","title":{"rendered":"Tiens Schlankheitstee \u2013 Nat\u00fcrliche Kr\u00e4utermischung zur Entgiftung und Gewichtsabnahme, 40 Beutel"},"content":{"rendered":"<p data-start=\"548\" data-end=\"703\"><strong data-start=\"548\" data-end=\"590\">Tiens Schlankheitstee \u2013 1,5 g \u00d7 40 Beutel<\/strong><br data-start=\"590\" data-end=\"593\" \/>Nat\u00fcrlicher Kr\u00e4utertee nach alten chinesischen Rezepten zur Entgiftung, Unterst\u00fctzung bei der Gewichtsabnahme und f\u00fcr die allgemeine Gesundheit.<\/p>\n<p data-start=\"705\" data-end=\"986\"><strong data-start=\"705\" data-end=\"725\">\u00dcber das Produkt:<\/strong><br data-start=\"725\" data-end=\"728\" \/>Tiens Schlankheitstee ist ein hochwertiger, bioaktiver Tee aus ausgew\u00e4hlten Heilpflanzen, hergestellt nach deutschen biotechnologischen Verfahren. Er reguliert die Verdauung, entgiftet den K\u00f6rper und unterst\u00fctzt effektiv die Gewichtskontrolle.<\/p>\n<p data-start=\"988\" data-end=\"1467\"><strong data-start=\"988\" data-end=\"1007\">Hauptvorteile:<\/strong><br data-start=\"1007\" data-end=\"1010\" \/>\u2705 Verbessert das Verdauungssystem und beseitigt Bl\u00e4hungen<br data-start=\"1064\" data-end=\"1067\" \/>\u2705 Hilft beim Abnehmen und beim Abbau von Fettgewebe<br data-start=\"1137\" data-end=\"1140\" \/>\u2705 Reguliert die Funktion von Leber, Gallenblase und Bauchspeicheldr\u00fcse<br data-start=\"1205\" data-end=\"1208\" \/>\u2705 Wirkt entz\u00fcndungshemmend und abschwellend.<br data-start=\"1252\" data-end=\"1255\" \/>\u2705 Stellt das gesunde Aussehen der Haut wieder her, reduziert Pigmentflecken und Schwellungen unter den Augen<br data-start=\"1342\" data-end=\"1345\" \/>\u2705 Regt die Durchblutung an und verbessert den allgemeinen Muskeltonus.<br data-start=\"1399\" data-end=\"1402\" \/>\u2705 Wirkt als nat\u00fcrliches antimikrobielles und entz\u00fcndungshemmendes Mittel<\/p>\n<p data-start=\"1469\" data-end=\"1506\"><strong data-start=\"1469\" data-end=\"1504\">Enthaltene Wirkstoffe:<\/strong><\/p>\n<ul data-start=\"1507\" data-end=\"1799\">\n<li data-start=\"1507\" data-end=\"1543\">\n<p data-start=\"1509\" data-end=\"1543\">Schwarzer Drachentee (Fettverbrenner)<\/p>\n<\/li>\n<li data-start=\"1544\" data-end=\"1589\">\n<p data-start=\"1546\" data-end=\"1589\">Kudin-Tee (entz\u00fcndungshemmend und fiebersenkend)<\/p>\n<\/li>\n<li data-start=\"1590\" data-end=\"1641\">\n<p data-start=\"1592\" data-end=\"1641\">Lotusbl\u00e4tter (Auswirkung auf die Durchblutung und den Blutdruck)<\/p>\n<\/li>\n<li data-start=\"1642\" data-end=\"1686\">\n<p data-start=\"1644\" data-end=\"1686\">Chastukha (Aufl\u00f6sung des Unterhautfetts)<\/p>\n<\/li>\n<li data-start=\"1687\" data-end=\"1740\">\n<p data-start=\"1689\" data-end=\"1740\">Reichhaltiger Vitaminkomplex: E, D, C, K, PP, Gruppe B<\/p>\n<\/li>\n<li data-start=\"1741\" data-end=\"1799\">\n<p data-start=\"1743\" data-end=\"1799\">Mineralien: Kalzium, Eisen, Magnesium, Zink, Selen usw.<\/p>\n<\/li>\n<\/ul>\n<p data-start=\"1801\" data-end=\"2035\"><strong data-start=\"1801\" data-end=\"1822\">Gebrauchsanweisung:<\/strong><br data-start=\"1822\" data-end=\"1825\" \/>Den Inhalt eines Beutels in 1\u20132 Litern hei\u00dfem Wasser (in einer Thermoskanne oder einem geschlossenen Beh\u00e4lter) 30 Minuten ziehen lassen. Es wird empfohlen, den Tee \u00fcber den Tag verteilt warm zu trinken, am besten gemeinsam mit der Familie. Nach Belieben k\u00f6nnen Sie Kr\u00e4uter wie Ingwer, Thymian, Zimt usw. hinzuf\u00fcgen.<\/p>\n<p data-start=\"2037\" data-end=\"2085\"><strong data-start=\"2037\" data-end=\"2059\">Freigabeformular:<\/strong><br data-start=\"2059\" data-end=\"2062\" \/>40 Beutel \u00d7 1,5 g pro Packung<\/p>\n<p data-start=\"2087\" data-end=\"2358\"><strong data-start=\"2087\" data-end=\"2112\">F\u00fcr wen ist es geeignet?<\/strong><br data-start=\"2112\" data-end=\"2115\" \/>\u2714 Diejenigen, die \u00fcbergewichtig sind<br data-start=\"2147\" data-end=\"2150\" \/>\u2714 F\u00fcr diejenigen, die ihren K\u00f6rper entgiften und reinigen m\u00f6chten<br data-start=\"2200\" data-end=\"2203\" \/>\u2714 Personen mit Leber- und Verdauungsproblemen<br data-start=\"2245\" data-end=\"2248\" \/>\u2714 F\u00fcr alle, die Energie und Gesundheit auf nat\u00fcrliche Weise suchen<br data-start=\"2295\" data-end=\"2298\" \/>\u2714 F\u00fcr Sportler und alle, die vor einem Wettkampf ihr Gewicht kontrollieren m\u00f6chten.<\/p>","protected":false},"excerpt":{"rendered":"<p data-start=\"608\" data-end=\"902\"><strong data-start=\"705\" data-end=\"725\">\u00dcber das Produkt:<\/strong><br data-start=\"725\" data-end=\"728\" \/>Tiens Schlankheitstee ist ein hochwertiger, bioaktiver Tee aus ausgew\u00e4hlten Heilpflanzen, hergestellt nach deutschen biotechnologischen Verfahren. Er reguliert die Verdauung, entgiftet den K\u00f6rper und unterst\u00fctzt effektiv die Gewichtskontrolle.<\/p>","protected":false},"featured_media":10108,"template":"","meta":[],"product_cat":[75,287,78,71],"product_tag":[396,400,353,407,398,397,404,405,402,337,403,406,352,399,401],"class_list":{"0":"post-10107","1":"product","2":"type-product","3":"status-publish","4":"has-post-thumbnail","6":"product_cat-hzm-v-ariqlama","7":"product_cat-butun-mhsullar-v-cihazlar","8":"product_cat-qadin-saglamligi-v-gigiyenasi","9":"product_cat-qida-elaveleri","10":"product_tag-ariqlama-dstyi","11":"product_tag-bagirsaq-faliyyti-dstyi","12":"product_tag-bdnin-tmizlnmsi","13":"product_tag-cki-azaldan-proqramlar","14":"product_tag-cki-nzarti","15":"product_tag-detoks-cayi","16":"product_tag-enerji-v-yungulluk-hissi","17":"product_tag-gundlik-detoks-proqrami","18":"product_tag-istah-nzarti-dstyi","19":"product_tag-maddlr-mubadilsi-dstyi","20":"product_tag-maye-balansi-dstyi","21":"product_tag-qadinlar-v-kisilr-ucun","22":"product_tag-saglam-hyat-trzi","23":"product_tag-siskinliyin-azalmasi","24":"product_tag-tbii-bitki-qarisigi","26":"first","27":"instock","28":"taxable","29":"shipping-taxable","30":"purchasable","31":"product-type-simple"},"_links":{"self":[{"href":"https:\/\/tiens.az\/de\/wp-json\/wp\/v2\/product\/10107","targetHints":{"allow":["GET"]}}],"collection":[{"href":"https:\/\/tiens.az\/de\/wp-json\/wp\/v2\/product"}],"about":[{"href":"https:\/\/tiens.az\/de\/wp-json\/wp\/v2\/types\/product"}],"wp:featuredmedia":[{"embeddable":true,"href":"https:\/\/tiens.az\/de\/wp-json\/wp\/v2\/media\/10108"}],"wp:attachment":[{"href":"https:\/\/tiens.az\/de\/wp-json\/wp\/v2\/media?parent=10107"}],"wp:term":[{"taxonomy":"product_cat","embeddable":true,"href":"https:\/\/tiens.az\/de\/wp-json\/wp\/v2\/product_cat?post=10107"},{"taxonomy":"product_tag","embeddable":true,"href":"https:\/\/tiens.az\/de\/wp-json\/wp\/v2\/product_tag?post=10107"}],"curies":[{"name":"wp","href":"https:\/\/api.w.org\/{rel}","templated":true}]}}