{"id":10109,"date":"2025-06-08T17:59:20","date_gmt":"2025-06-08T17:59:20","guid":{"rendered":"https:\/\/tiens.az\/?post_type=product&#038;p=10109"},"modified":"2026-01-05T14:24:04","modified_gmt":"2026-01-05T10:24:04","slug":"tiens-kalsium-vitamin-diabet-hormonal-balans","status":"publish","type":"product","link":"https:\/\/tiens.az\/de\/produkt\/tiens-kalzium-vitamin-diabetes-hormonhaushalt\/","title":{"rendered":"Tiens Calcium- und Vitaminkomplex \u2013 F\u00fcr Diabetes und hormonelle Unterst\u00fctzung, 10 Packungen"},"content":{"rendered":"<p data-start=\"551\" data-end=\"704\"><strong data-start=\"551\" data-end=\"616\">Tiens Zucker-Calcium- und Vitaminkomplex \u2013 10 Beutel \u00e0 10 Gramm<\/strong><br data-start=\"616\" data-end=\"619\" \/>Funktionelle Unterst\u00fctzung bei Diabetes, Hormonst\u00f6rungen und Vitaminmangel!<\/p>\n<p data-start=\"706\" data-end=\"1075\"><strong data-start=\"706\" data-end=\"726\">\u00dcber das Produkt:<\/strong><br data-start=\"726\" data-end=\"729\" \/>Dieser von Tiens hergestellte Komplex ist ein hochwertiges Nahrungserg\u00e4nzungsmittel, das den K\u00f6rper auf nat\u00fcrliche Weise bei der Bek\u00e4mpfung von Problemen wie Diabetes und hormonellen Ungleichgewichten unterst\u00fctzt. Dank deutscher Biotechnologie ist dieses Produkt mit seiner Kombination aus Kalzium und Vitaminen und Mineralstoffen eine ideale Wahl f\u00fcr gesunde und gef\u00e4hrdete Personen.<\/p>\n<p data-start=\"1077\" data-end=\"1523\"><strong data-start=\"1077\" data-end=\"1096\">Hauptvorteile:<\/strong><br data-start=\"1096\" data-end=\"1099\" \/>\u2705 Hilft, Diabetes vorzubeugen und den Insulinhaushalt zu unterst\u00fctzen<br data-start=\"1171\" data-end=\"1174\" \/>\u2705 Reguliert hormonelle St\u00f6rungen (Kropf, Mastopathie, Prostataerkrankungen usw.)<br data-start=\"1244\" data-end=\"1247\" \/>\u2705 Geeignet f\u00fcr Behandlungsprogramme bei Augenkrankheiten (Retinopathie, Katarakt, Glaukom)<br data-start=\"1337\" data-end=\"1340\" \/>\u2705 St\u00e4rkt die Knochen und sorgt f\u00fcr ein ausgewogenes Vitamin-Mineralstoff-Gleichgewicht.<br data-start=\"1408\" data-end=\"1411\" \/>\u2705 H\u00e4lt den Blutzuckerspiegel bei mentaler und k\u00f6rperlicher Belastung aufrecht<br data-start=\"1469\" data-end=\"1472\" \/>\u2705 Beseitigt Vitamin- und Mineralstoffm\u00e4ngel<\/p>\n<p data-start=\"1525\" data-end=\"1539\"><strong data-start=\"1525\" data-end=\"1537\">Zutaten:<\/strong><\/p>\n<ul data-start=\"1540\" data-end=\"1723\">\n<li data-start=\"1540\" data-end=\"1568\">\n<p data-start=\"1542\" data-end=\"1568\">Ionisiertes Knochenkalzium<\/p>\n<\/li>\n<li data-start=\"1569\" data-end=\"1586\">\n<p data-start=\"1571\" data-end=\"1586\">K\u00fcrbispulver<\/p>\n<\/li>\n<li data-start=\"1587\" data-end=\"1652\">\n<p data-start=\"1589\" data-end=\"1652\">Vitamine: A, E, C, K, B1, B2, B3, B6, B12, B15, Fols\u00e4ure<\/p>\n<\/li>\n<li data-start=\"1653\" data-end=\"1723\">\n<p data-start=\"1655\" data-end=\"1723\">Mineralien: Magnesium, Eisen, Zink, Chrom, Phosphor, Selen, Kupfer, Mangan<\/p>\n<\/li>\n<\/ul>\n<p data-start=\"1725\" data-end=\"1932\"><strong data-start=\"1725\" data-end=\"1746\">Gebrauchsanweisung:<\/strong><br data-start=\"1746\" data-end=\"1749\" \/>T\u00e4glich einen Beutel in einem Glas warmem Wasser aufl\u00f6sen und trinken. Die Dosierung kann je nach Bedarf angepasst werden. F\u00fcr optimale Ergebnisse wird die regelm\u00e4\u00dfige Anwendung empfohlen.<\/p>\n<p data-start=\"1934\" data-end=\"1991\"><strong data-start=\"1934\" data-end=\"1950\">Verpackung:<\/strong><br data-start=\"1950\" data-end=\"1953\" \/>10 Beutel \u00d7 10 Gramm Pulver pro Packung<\/p>\n<p data-start=\"1993\" data-end=\"2295\"><strong data-start=\"1993\" data-end=\"2018\">F\u00fcr wen ist es geeignet?<\/strong><br data-start=\"2018\" data-end=\"2021\" \/>\u2714 Diabetiker und Menschen mit einem erh\u00f6hten Diabetesrisiko<br data-start=\"2065\" data-end=\"2068\" \/>\u2714 Menschen mit hormonellen Ungleichgewichten<br data-start=\"2112\" data-end=\"2115\" \/>\u2714 Personen mit Sehbehinderung und Augenkrankheiten<br data-start=\"2159\" data-end=\"2162\" \/>\u2714 F\u00fcr alle, die unter Knochenschw\u00e4che und Vitamin-Mineralstoffmangel leiden.<br data-start=\"2226\" data-end=\"2229\" \/>\u2714 F\u00fcr diejenigen, die ihre Schilddr\u00fcse, Prostata und ihr Nervensystem sch\u00fctzen m\u00f6chten<\/p>","protected":false},"excerpt":{"rendered":"<p data-start=\"608\" data-end=\"902\"><strong data-start=\"706\" data-end=\"726\">\u00dcber das Produkt:<\/strong><br data-start=\"726\" data-end=\"729\" \/>Dieser von Tiens hergestellte Komplex ist ein hochwertiges Nahrungserg\u00e4nzungsmittel, das den K\u00f6rper auf nat\u00fcrliche Weise bei der Bek\u00e4mpfung von Problemen wie Diabetes und hormonellen Ungleichgewichten unterst\u00fctzt. Dank deutscher Biotechnologie ist dieses Produkt mit seiner Kombination aus Kalzium und Vitaminen und Mineralstoffen eine ideale Wahl f\u00fcr gesunde und gef\u00e4hrdete Personen.<\/p>","protected":false},"featured_media":10110,"template":"","meta":[],"product_cat":[74,287,77,71],"product_tag":[395,343,347,392,390,389,329,337,394,302,391,352,293,341,393],"class_list":{"0":"post-10109","1":"product","2":"type-product","3":"status-publish","4":"has-post-thumbnail","6":"product_cat-sumuk-v-oynaqlarin-saglamligi","7":"product_cat-butun-mhsullar-v-cihazlar","8":"product_cat-usaq-saglamligi","9":"product_cat-qida-elaveleri","10":"product_tag-balansli-qidalanma-dstyi","11":"product_tag-brpa-v-canlanma","12":"product_tag-enerji-v-tonus","13":"product_tag-gundlik-vitamin-ehtiyaci","14":"product_tag-hormonal-balans-dstyi","15":"product_tag-kalsium-v-vitamin-dstyi","16":"product_tag-kisilr-v-qadinlar-ucun","17":"product_tag-maddlr-mubadilsi-dstyi","18":"product_tag-metabolik-dstk","19":"product_tag-mineral-balans-dstyi","20":"product_tag-qan-skri-balansi-dstyi","21":"product_tag-saglam-hyat-trzi","22":"product_tag-sinir-sistemi-dstyi","23":"product_tag-umumi-saglamliq-proqrami","24":"product_tag-yasa-bagli-dyisikliklr","26":"first","27":"instock","28":"taxable","29":"shipping-taxable","30":"purchasable","31":"product-type-simple"},"_links":{"self":[{"href":"https:\/\/tiens.az\/de\/wp-json\/wp\/v2\/product\/10109","targetHints":{"allow":["GET"]}}],"collection":[{"href":"https:\/\/tiens.az\/de\/wp-json\/wp\/v2\/product"}],"about":[{"href":"https:\/\/tiens.az\/de\/wp-json\/wp\/v2\/types\/product"}],"wp:featuredmedia":[{"embeddable":true,"href":"https:\/\/tiens.az\/de\/wp-json\/wp\/v2\/media\/10110"}],"wp:attachment":[{"href":"https:\/\/tiens.az\/de\/wp-json\/wp\/v2\/media?parent=10109"}],"wp:term":[{"taxonomy":"product_cat","embeddable":true,"href":"https:\/\/tiens.az\/de\/wp-json\/wp\/v2\/product_cat?post=10109"},{"taxonomy":"product_tag","embeddable":true,"href":"https:\/\/tiens.az\/de\/wp-json\/wp\/v2\/product_tag?post=10109"}],"curies":[{"name":"wp","href":"https:\/\/api.w.org\/{rel}","templated":true}]}}