{"id":10112,"date":"2025-06-08T18:15:33","date_gmt":"2025-06-08T18:15:33","guid":{"rendered":"https:\/\/tiens.az\/?post_type=product&#038;p=10112"},"modified":"2026-01-05T14:23:38","modified_gmt":"2026-01-05T10:23:38","slug":"tiens-selen-antioksidant-v%c9%99-immunitet-d%c9%99st%c9%99yi-60-kapsul","status":"publish","type":"product","link":"https:\/\/tiens.az\/de\/produkt\/thiens-selen-antioxidans-v\u0259-immunitat-d\u0259st\u0259yi-60-kapseln\/","title":{"rendered":"Tiens Selen \u2013 Antioxidans und Immununterst\u00fctzung, 60 Kapseln"},"content":{"rendered":"<p data-start=\"524\" data-end=\"612\"><strong data-start=\"524\" data-end=\"560\">Tiens Selen \u2013 Antioxidans und Immunbooster | Tiens Selen \u2013 280 mg \u00d7 60 Kapseln<\/strong><br data-start=\"560\" data-end=\"563\" \/>Sch\u00fctze deinen K\u00f6rper, erneuere deine Zellen!<\/p>\n<p data-start=\"614\" data-end=\"917\"><strong data-start=\"614\" data-end=\"634\">\u00dcber das Produkt:<\/strong><br data-start=\"634\" data-end=\"637\" \/>Tiens Selenkapseln sind ein hochwirksames, biologisch aktives Nahrungserg\u00e4nzungsmittel zur Aufrechterhaltung eines normalen Selenspiegels im K\u00f6rper. Selen \u2013 <strong data-start=\"776\" data-end=\"803\">Zink, Kalzium und Kalium<\/strong> zusammen mit lebenswichtigen Mikron\u00e4hrstoffen wie <strong data-start=\"854\" data-end=\"898\">bei der Energieproduktion und dem Hormonhaushalt<\/strong> spielt eine wichtige Rolle.<\/p>\n<p data-start=\"919\" data-end=\"1082\">Dieses Produkt ist an der Aktivit\u00e4t von mehr als 200 Enzymen und Hormonen beteiligt und st\u00e4rkt das Immunsystem. <strong data-start=\"1015\" data-end=\"1042\">verringert das Krebsrisiko<\/strong> Und <strong data-start=\"1046\" data-end=\"1070\">antioxidative Abwehr<\/strong> bietet.<\/p>\n<p data-start=\"1084\" data-end=\"1609\"><strong data-start=\"1084\" data-end=\"1103\">Hauptvorteile:<\/strong><br data-start=\"1103\" data-end=\"1106\" \/>\u2705 Starke antioxidative Wirkung \u2013 bek\u00e4mpft freie Radikale<br data-start=\"1164\" data-end=\"1167\" \/>\u2705 Reguliert die Schilddr\u00fcsenfunktion<br data-start=\"1213\" data-end=\"1216\" \/>\u2705 St\u00e4rkt Haar und N\u00e4gel<br data-start=\"1247\" data-end=\"1250\" \/>\u2705 Verringert das Krebsrisiko und die Nebenwirkungen der Chemotherapie<br data-start=\"1308\" data-end=\"1311\" \/>\u2705 Verlangsamt den Alterungsprozess und h\u00e4lt den K\u00f6rper gesund<br data-start=\"1366\" data-end=\"1369\" \/>\u2705 N\u00fctzlich bei Infektionskrankheiten wie Grippe, Hepatitis und Tuberkulose<br data-start=\"1431\" data-end=\"1434\" \/>\u2705 Empfohlen f\u00fcr Asthmatiker und Allergiker<br data-start=\"1484\" data-end=\"1487\" \/>\u2705 Beschleunigt die Heilung von Wunden und Verbrennungen<br data-start=\"1538\" data-end=\"1541\" \/>\u2705 Unterst\u00fctzt die Produktion von T-Lymphozyten und Antik\u00f6rpern im Immunsystem<\/p>\n<p data-start=\"1611\" data-end=\"1625\"><strong data-start=\"1611\" data-end=\"1623\">Zutaten:<\/strong><\/p>\n<ul data-start=\"1626\" data-end=\"1681\">\n<li data-start=\"1626\" data-end=\"1652\">\n<p data-start=\"1628\" data-end=\"1652\">Selen (Se) \u2013 280 mg<\/p>\n<\/li>\n<li data-start=\"1653\" data-end=\"1681\">\n<p data-start=\"1655\" data-end=\"1681\">Nat\u00fcrliche biologische Komponenten<\/p>\n<\/li>\n<\/ul>\n<p data-start=\"1683\" data-end=\"1802\"><strong data-start=\"1683\" data-end=\"1704\">Gebrauchsanweisung:<\/strong><br data-start=\"1704\" data-end=\"1707\" \/>Nehmen Sie t\u00e4glich 1\u20132 Kapseln nach den Mahlzeiten mit Wasser ein. Regelm\u00e4\u00dfige Einnahme wird empfohlen.<\/p>\n<p data-start=\"1804\" data-end=\"1861\"><strong data-start=\"1804\" data-end=\"1820\">Verpackung:<\/strong><br data-start=\"1820\" data-end=\"1823\" \/>Flasche \u2013 60 Kapseln (je 280 mg)<\/p>\n<p data-start=\"1863\" data-end=\"2118\"><strong data-start=\"1863\" data-end=\"1888\">F\u00fcr wen ist es geeignet?<\/strong><br data-start=\"1888\" data-end=\"1891\" \/>\u2714 Personen mit schwachem Immunsystem<br data-start=\"1916\" data-end=\"1919\" \/>\u2714 Personen, die unter Energiemangel leiden<br data-start=\"1951\" data-end=\"1954\" \/>\u2714 Personen mit Schilddr\u00fcsenerkrankungen<br data-start=\"1991\" data-end=\"1994\" \/>\u2714 F\u00fcr alle, die altersbedingter Zelldegeneration vorbeugen m\u00f6chten<br data-start=\"2062\" data-end=\"2065\" \/>\u2714 F\u00fcr alle, die Unterst\u00fctzung bei der St\u00e4rkung von Haar und N\u00e4geln ben\u00f6tigen<\/p>","protected":false},"excerpt":{"rendered":"<p data-start=\"614\" data-end=\"917\"><strong data-start=\"614\" data-end=\"634\">\u00dcber das Produkt:<\/strong><br data-start=\"634\" data-end=\"637\" \/>Tiens Selenkapseln sind ein hochwirksames, biologisch aktives Nahrungserg\u00e4nzungsmittel zur Aufrechterhaltung eines normalen Selenspiegels im K\u00f6rper. Selen \u2013 <strong data-start=\"776\" data-end=\"803\">Zink, Kalzium und Kalium<\/strong> zusammen mit lebenswichtigen Mikron\u00e4hrstoffen wie <strong data-start=\"854\" data-end=\"898\">bei der Energieproduktion und dem Hormonhaushalt<\/strong> spielt eine wichtige Rolle.<\/p>\n<p data-start=\"919\" data-end=\"1082\">Dieses Produkt ist an der Aktivit\u00e4t von mehr als 200 Enzymen und Hormonen beteiligt und st\u00e4rkt das Immunsystem. <strong data-start=\"1015\" data-end=\"1042\">verringert das Krebsrisiko<\/strong> Und <strong data-start=\"1046\" data-end=\"1070\">antioxidative Abwehr<\/strong> bietet.<\/p>","protected":false},"featured_media":10113,"template":"","meta":[],"product_cat":[76,287,71],"product_tag":[385,347,388,387,322,334,329,337,386,344,384,323,365,341,324],"class_list":{"0":"post-10112","1":"product","2":"type-product","3":"status-publish","4":"has-post-thumbnail","6":"product_cat-sxsi-gigiyena-vasitlri","7":"product_cat-butun-mhsullar-v-cihazlar","8":"product_cat-qida-elaveleri","9":"product_tag-antioksidant-qoruma","10":"product_tag-enerji-v-tonus","11":"product_tag-gundlik-mikroelement-ehtiyaci","12":"product_tag-hormon-balansi-dstyi","13":"product_tag-huceyr-qorunmasi","14":"product_tag-immunitet-guclndirm","15":"product_tag-kisilr-v-qadinlar-ucun","16":"product_tag-maddlr-mubadilsi-dstyi","17":"product_tag-qalxanabnzr-vz-dstyi","18":"product_tag-saglam-hyat-trzi-dstyi","19":"product_tag-selen-dstyi","20":"product_tag-srbst-radikallara-qarsi","21":"product_tag-stress-qarsi-dstk","22":"product_tag-umumi-saglamliq-proqrami","23":"product_tag-yaslanmaya-qarsi-dstk","25":"first","26":"instock","27":"taxable","28":"shipping-taxable","29":"purchasable","30":"product-type-simple"},"_links":{"self":[{"href":"https:\/\/tiens.az\/de\/wp-json\/wp\/v2\/product\/10112","targetHints":{"allow":["GET"]}}],"collection":[{"href":"https:\/\/tiens.az\/de\/wp-json\/wp\/v2\/product"}],"about":[{"href":"https:\/\/tiens.az\/de\/wp-json\/wp\/v2\/types\/product"}],"wp:featuredmedia":[{"embeddable":true,"href":"https:\/\/tiens.az\/de\/wp-json\/wp\/v2\/media\/10113"}],"wp:attachment":[{"href":"https:\/\/tiens.az\/de\/wp-json\/wp\/v2\/media?parent=10112"}],"wp:term":[{"taxonomy":"product_cat","embeddable":true,"href":"https:\/\/tiens.az\/de\/wp-json\/wp\/v2\/product_cat?post=10112"},{"taxonomy":"product_tag","embeddable":true,"href":"https:\/\/tiens.az\/de\/wp-json\/wp\/v2\/product_tag?post=10112"}],"curies":[{"name":"wp","href":"https:\/\/api.w.org\/{rel}","templated":true}]}}