{"id":10116,"date":"2025-06-08T18:24:52","date_gmt":"2025-06-08T18:24:52","guid":{"rendered":"https:\/\/tiens.az\/?post_type=product&#038;p=10116"},"modified":"2026-01-05T14:22:21","modified_gmt":"2026-01-05T10:22:21","slug":"tiens-kalsium-tozu-usaqlar-ucun-inkisaf-10-paket","status":"publish","type":"product","link":"https:\/\/tiens.az\/de\/produkt\/tiens-calciumpulver-fur-die-kindliche-entwicklung-10-packungen\/","title":{"rendered":"Tiens Super-Calciumpulver f\u00fcr Kinder \u2013 F\u00fcr die k\u00f6rperliche und geistige Entwicklung, 10 Packungen"},"content":{"rendered":"<p data-start=\"556\" data-end=\"702\"><strong data-start=\"556\" data-end=\"620\">Tiens Super-Calciumpulver f\u00fcr Kinder \u2013 10 Beutel \u00e0 10 Gramm<\/strong><br data-start=\"620\" data-end=\"623\" \/>Ausgewogene Kalziumversorgung f\u00fcr eine gesunde Entwicklung und ein starkes Immunsystem bei Kindern!<\/p>\n<p data-start=\"704\" data-end=\"1034\"><strong data-start=\"704\" data-end=\"724\">\u00dcber das Produkt:<\/strong><br data-start=\"724\" data-end=\"727\" \/>Tiens Super Calcium Pulver f\u00fcr Kinder ist ein nat\u00fcrliches und biologisch aktives Nahrungserg\u00e4nzungsmittel, das die k\u00f6rperliche und geistige Entwicklung von Kindern w\u00e4hrend ihres Wachstums und ihrer Entwicklung unterst\u00fctzt. <strong data-start=\"911\" data-end=\"949\">modernste Enzymtechnologie<\/strong> Es ist mit Kalzium angereichert, das aus den Wirbelknochen junger K\u00e4lber gewonnen wird.<\/p>\n<p data-start=\"1036\" data-end=\"1447\"><strong data-start=\"1036\" data-end=\"1055\">Hauptvorteile:<\/strong><br data-start=\"1055\" data-end=\"1058\" \/>\u2705 St\u00e4rkt Knochen und Z\u00e4hne<br data-start=\"1104\" data-end=\"1107\" \/>\u2705 Unterst\u00fctzt das L\u00e4ngenwachstum und die k\u00f6rperliche Entwicklung<br data-start=\"1152\" data-end=\"1155\" \/>\u2705 Verbessert die geistige Leistungsf\u00e4higkeit und das Ged\u00e4chtnis<br data-start=\"1198\" data-end=\"1201\" \/>\u2705 St\u00e4rkt das Immunsystem, beugt h\u00e4ufigen Erkrankungen vor<br data-start=\"1263\" data-end=\"1266\" \/>\u2705 Beugt Problemen wie Rachitis, Kyphose und verz\u00f6gertem Zahnen vor.<br data-start=\"1334\" data-end=\"1337\" \/>\u2705 Reduziert Hautprobleme und allergische Reaktionen<br data-start=\"1388\" data-end=\"1391\" \/>\u2705 Beseitigt Schlafst\u00f6rungen und n\u00e4chtliche Schwei\u00dfausbr\u00fcche<\/p>\n<p data-start=\"1449\" data-end=\"1463\"><strong data-start=\"1449\" data-end=\"1461\">Zutaten:<\/strong><\/p>\n<ul data-start=\"1464\" data-end=\"1649\">\n<li data-start=\"1464\" data-end=\"1505\">\n<p data-start=\"1466\" data-end=\"1505\">Enzymatisches nat\u00fcrliches Knochenkalzium<\/p>\n<\/li>\n<li data-start=\"1506\" data-end=\"1529\">\n<p data-start=\"1508\" data-end=\"1529\">Eigelbpulver<\/p>\n<\/li>\n<li data-start=\"1530\" data-end=\"1546\">\n<p data-start=\"1532\" data-end=\"1546\">Vollmilchpulver<\/p>\n<\/li>\n<li data-start=\"1547\" data-end=\"1582\">\n<p data-start=\"1549\" data-end=\"1582\">Lecithin, Taurin, Lipoproteine<\/p>\n<\/li>\n<li data-start=\"1583\" data-end=\"1615\">\n<p data-start=\"1585\" data-end=\"1615\">Vitamine: A, B-Gruppe, D, E<\/p>\n<\/li>\n<li data-start=\"1616\" data-end=\"1649\">\n<p data-start=\"1618\" data-end=\"1649\">Mineralien: Eisen, Zink, Phosphor<\/p>\n<\/li>\n<\/ul>\n<p data-start=\"1651\" data-end=\"1809\"><strong data-start=\"1651\" data-end=\"1672\">Gebrauchsanweisung:<\/strong><br data-start=\"1672\" data-end=\"1675\" \/>Ein Beutel wird in 120 ml warmem Wasser aufgel\u00f6st und einmal t\u00e4glich eingenommen. Die Dosierung kann individuell nach R\u00fccksprache mit einem Arzt oder Kinderarzt angepasst werden.<\/p>\n<p data-start=\"1811\" data-end=\"1855\"><strong data-start=\"1811\" data-end=\"1827\">Verpackung:<\/strong><br data-start=\"1827\" data-end=\"1830\" \/>10 Packungen \u00d7 10 Gramm pro Karton<\/p>\n<p data-start=\"1857\" data-end=\"2086\"><strong data-start=\"1857\" data-end=\"1882\">F\u00fcr wen ist es geeignet?<\/strong><br data-start=\"1882\" data-end=\"1885\" \/>\u2714 Kinder ab 6 Monaten<br data-start=\"1915\" data-end=\"1918\" \/>\u2714 Kinder mit k\u00f6rperlichen und geistigen Entwicklungsverz\u00f6gerungen<br data-start=\"1967\" data-end=\"1970\" \/>\u2714 Kinder mit schwachem Immunsystem und zu Allergien neigender Haut<br data-start=\"2018\" data-end=\"2021\" \/>\u2714 Jugendliche mit Knochenschmerzen, Schlaflosigkeit und M\u00fcdigkeit<\/p>","protected":false},"excerpt":{"rendered":"<p data-start=\"715\" data-end=\"1012\"><strong data-start=\"704\" data-end=\"724\">\u00dcber das Produkt:<\/strong><br data-start=\"724\" data-end=\"727\" \/>Tiens Super Calcium Pulver f\u00fcr Kinder ist ein nat\u00fcrliches und biologisch aktives Nahrungserg\u00e4nzungsmittel, das die k\u00f6rperliche und geistige Entwicklung von Kindern w\u00e4hrend ihres Wachstums und ihrer Entwicklung unterst\u00fctzt. <strong data-start=\"911\" data-end=\"949\">modernste Enzymtechnologie<\/strong> Es ist mit Kalzium angereichert, das aus den Wirbelknochen junger K\u00e4lber gewonnen wird.<\/p>","protected":false},"featured_media":10117,"template":"","meta":[],"product_cat":[74,287,77,71],"product_tag":[376,373,378,374,370,301,380,375,302,377,293,372,369,379,371],"class_list":{"0":"post-10116","1":"product","2":"type-product","3":"status-publish","4":"has-post-thumbnail","6":"product_cat-sumuk-v-oynaqlarin-saglamligi","7":"product_cat-butun-mhsullar-v-cihazlar","8":"product_cat-usaq-saglamligi","9":"product_cat-qida-elaveleri","10":"product_tag-aktiv-usaqlar-ucun","11":"product_tag-boy-artimi-dstyi","12":"product_tag-diqqt-v-konsentrasiya","13":"product_tag-zl-inkisafi","14":"product_tag-fiziki-inkisaf-dstyi","15":"product_tag-gundlik-kalsium-ehtiyaci","16":"product_tag-inkisaf-dovru-dstyi","17":"product_tag-mktb-yasli-usaqlar-ucun","18":"product_tag-mineral-balans-dstyi","19":"product_tag-saglam-boyum-dstyi","20":"product_tag-sinir-sistemi-dstyi","21":"product_tag-sumuk-v-dis-saglamligi","22":"product_tag-usaqlar-ucun-kalsium","23":"product_tag-usaqlarin-umumi-saglamligi","24":"product_tag-zehni-inkisaf-dstyi","26":"first","27":"instock","28":"taxable","29":"shipping-taxable","30":"purchasable","31":"product-type-simple"},"_links":{"self":[{"href":"https:\/\/tiens.az\/de\/wp-json\/wp\/v2\/product\/10116","targetHints":{"allow":["GET"]}}],"collection":[{"href":"https:\/\/tiens.az\/de\/wp-json\/wp\/v2\/product"}],"about":[{"href":"https:\/\/tiens.az\/de\/wp-json\/wp\/v2\/types\/product"}],"wp:featuredmedia":[{"embeddable":true,"href":"https:\/\/tiens.az\/de\/wp-json\/wp\/v2\/media\/10117"}],"wp:attachment":[{"href":"https:\/\/tiens.az\/de\/wp-json\/wp\/v2\/media?parent=10116"}],"wp:term":[{"taxonomy":"product_cat","embeddable":true,"href":"https:\/\/tiens.az\/de\/wp-json\/wp\/v2\/product_cat?post=10116"},{"taxonomy":"product_tag","embeddable":true,"href":"https:\/\/tiens.az\/de\/wp-json\/wp\/v2\/product_tag?post=10116"}],"curies":[{"name":"wp","href":"https:\/\/api.w.org\/{rel}","templated":true}]}}