{"id":10122,"date":"2025-06-08T18:37:31","date_gmt":"2025-06-08T18:37:31","guid":{"rendered":"https:\/\/tiens.az\/?post_type=product&#038;p=10122"},"modified":"2026-01-05T14:19:02","modified_gmt":"2026-01-05T10:19:02","slug":"tiens-spirulina-100kapsul","status":"publish","type":"product","link":"https:\/\/tiens.az\/de\/produkt\/tiens-spirulina-100-kapseln\/","title":{"rendered":"Tiens Spirulina \u2013 100 Kapseln f\u00fcr Immunsystem und allgemeine Gesundheit"},"content":{"rendered":"<p data-start=\"551\" data-end=\"653\"><strong data-start=\"551\" data-end=\"601\">Tiens Spirulina-Kapseln \u2013 0,25 g \u00d7 100 Kapseln<\/strong><br data-start=\"601\" data-end=\"604\" \/>St\u00e4rken Sie Ihren K\u00f6rper mit nat\u00fcrlichen Nahrungsmitteln!<\/p>\n<p data-start=\"655\" data-end=\"953\"><strong data-start=\"655\" data-end=\"675\">\u00dcber das Produkt:<\/strong><br data-start=\"675\" data-end=\"678\" \/>Tiens Spirulina-Kapseln sind ein hochwertiges Nahrungserg\u00e4nzungsmittel aus nat\u00fcrlicher Spirulina-Alge. Spirulina ist reich an Proteinen, Vitaminen, Mineralstoffen und Antioxidantien und dient der St\u00e4rkung des K\u00f6rpers, der Energiegewinnung und der Erhaltung der allgemeinen Gesundheit.<\/p>\n<p data-start=\"955\" data-end=\"1167\">Diese Kapseln <strong data-start=\"968\" data-end=\"1016\">stellt das Vitamin-Mineralstoff-Gleichgewicht im K\u00f6rper wieder her.<\/strong>, <strong data-start=\"1018\" data-end=\"1049\">st\u00e4rkt das Immunsystem<\/strong> Und <strong data-start=\"1053\" data-end=\"1083\">reduziert chronische M\u00fcdigkeit<\/strong>Es handelt sich um ein Produkt, das eine gesunde Ern\u00e4hrung unterst\u00fctzt und den K\u00f6rper auf nat\u00fcrliche Weise n\u00e4hrt.<\/p>\n<p data-start=\"1169\" data-end=\"1453\"><strong data-start=\"1169\" data-end=\"1188\">Hauptvorteile:<\/strong><br data-start=\"1188\" data-end=\"1191\" \/>\u2705 St\u00e4rkt den K\u00f6rper durch hohen Proteingehalt<br data-start=\"1238\" data-end=\"1241\" \/>\u2705 Sch\u00fctzt die Zellen durch seine antioxidative Wirkung<br data-start=\"1292\" data-end=\"1295\" \/>\u2705 Unterst\u00fctzt das Immunsystem<br data-start=\"1328\" data-end=\"1331\" \/>\u2705 Steigert die Energie und reduziert M\u00fcdigkeit<br data-start=\"1371\" data-end=\"1374\" \/>\u2705 Sorgt f\u00fcr ein ausgewogenes Vitamin- und Mineralstoffgleichgewicht<br data-start=\"1415\" data-end=\"1418\" \/>\u2705 Reguliert Verdauung und Stoffwechsel<\/p>\n<p data-start=\"1455\" data-end=\"1469\"><strong data-start=\"1455\" data-end=\"1467\">Zutaten:<\/strong><\/p>\n<ul data-start=\"1470\" data-end=\"1558\">\n<li data-start=\"1470\" data-end=\"1517\">\n<p data-start=\"1472\" data-end=\"1517\">Nat\u00fcrliches Spirulina-Pulver (auf Basis von Mikroalgen)<\/p>\n<\/li>\n<li data-start=\"1518\" data-end=\"1558\">\n<p data-start=\"1520\" data-end=\"1558\">Jede Kapsel: 0,25 g Spirulina-Extrakt<\/p>\n<\/li>\n<\/ul>\n<p data-start=\"1560\" data-end=\"1681\"><strong data-start=\"1560\" data-end=\"1581\">Gebrauchsanweisung:<\/strong><br data-start=\"1581\" data-end=\"1584\" \/>Nehmen Sie 1\u20132 Kapseln 2\u20133 Mal t\u00e4glich nach den Mahlzeiten ein. Es wird empfohlen, viel Wasser zu trinken.<\/p>\n<p data-start=\"1683\" data-end=\"1735\"><strong data-start=\"1683\" data-end=\"1699\">Verpackung:<\/strong><br data-start=\"1699\" data-end=\"1702\" \/>100 Kapseln \u2013 in einem Plastikbeh\u00e4lter<\/p>\n<p data-start=\"1737\" data-end=\"1958\"><strong data-start=\"1737\" data-end=\"1762\">F\u00fcr wen ist es geeignet?<\/strong><br data-start=\"1762\" data-end=\"1765\" \/>\u2714 Personen mit Vitaminmangel<br data-start=\"1795\" data-end=\"1798\" \/>\u2714 Personen, die unter chronischer M\u00fcdigkeit und Schw\u00e4che leiden<br data-start=\"1841\" data-end=\"1844\" \/>\u2714 Menschen, die ihren K\u00f6rper mit nat\u00fcrlichen Lebensmitteln st\u00e4rken m\u00f6chten<br data-start=\"1901\" data-end=\"1904\" \/>\u2714 F\u00fcr alle, die ihr Immunsystem st\u00e4rken und ihre Energie steigern m\u00f6chten.<\/p>","protected":false},"excerpt":{"rendered":"<p data-start=\"655\" data-end=\"953\"><strong data-start=\"655\" data-end=\"675\">\u00dcber das Produkt:<\/strong><br data-start=\"675\" data-end=\"678\" \/>Tiens Spirulina-Kapseln sind ein hochwertiges Nahrungserg\u00e4nzungsmittel aus nat\u00fcrlicher Spirulina-Alge. Spirulina ist reich an Proteinen, Vitaminen, Mineralstoffen und Antioxidantien und dient der St\u00e4rkung des K\u00f6rpers, der Energiegewinnung und der Erhaltung der allgemeinen Gesundheit.<\/p>\n<p data-start=\"955\" data-end=\"1167\">Diese Kapseln <strong data-start=\"968\" data-end=\"1016\">stellt das Vitamin-Mineralstoff-Gleichgewicht im K\u00f6rper wieder her.<\/strong>, <strong data-start=\"1018\" data-end=\"1049\">st\u00e4rkt das Immunsystem<\/strong> Und <strong data-start=\"1053\" data-end=\"1083\">reduziert chronische M\u00fcdigkeit<\/strong>Es handelt sich um ein Produkt, das eine gesunde Ern\u00e4hrung unterst\u00fctzt und den K\u00f6rper auf nat\u00fcrliche Weise n\u00e4hrt.<\/p>","protected":false},"featured_media":10192,"template":"","meta":[],"product_cat":[73,287,78,71],"product_tag":[346,348,353,181,347,351,349,345,329,337,352,354,328,350,336],"class_list":{"0":"post-10122","1":"product","2":"type-product","3":"status-publish","4":"has-post-thumbnail","6":"product_cat-immunitet-v-enerji","7":"product_cat-butun-mhsullar-v-cihazlar","8":"product_cat-qadin-saglamligi-v-gigiyenasi","9":"product_cat-qida-elaveleri","10":"product_tag-antioksidant-mnbyi","11":"product_tag-bagirsaq-saglamligi","12":"product_tag-bdnin-tmizlnmsi","13":"product_tag-detoks-dstyi","14":"product_tag-enerji-v-tonus","15":"product_tag-gundlik-saglamliq-ucun","16":"product_tag-huceyr-brpasi-dstyi","17":"product_tag-immunitet-dstyi","18":"product_tag-kisilr-v-qadinlar-ucun","19":"product_tag-maddlr-mubadilsi-dstyi","20":"product_tag-saglam-hyat-trzi","21":"product_tag-tbii-mikroalg-lavsi","22":"product_tag-umumi-saglamliq-dstyi","23":"product_tag-vitamin-v-mineral-dstyi","24":"product_tag-yorgunluga-qarsi-dstk","26":"first","27":"instock","28":"taxable","29":"shipping-taxable","30":"purchasable","31":"product-type-simple"},"_links":{"self":[{"href":"https:\/\/tiens.az\/de\/wp-json\/wp\/v2\/product\/10122","targetHints":{"allow":["GET"]}}],"collection":[{"href":"https:\/\/tiens.az\/de\/wp-json\/wp\/v2\/product"}],"about":[{"href":"https:\/\/tiens.az\/de\/wp-json\/wp\/v2\/types\/product"}],"wp:featuredmedia":[{"embeddable":true,"href":"https:\/\/tiens.az\/de\/wp-json\/wp\/v2\/media\/10192"}],"wp:attachment":[{"href":"https:\/\/tiens.az\/de\/wp-json\/wp\/v2\/media?parent=10122"}],"wp:term":[{"taxonomy":"product_cat","embeddable":true,"href":"https:\/\/tiens.az\/de\/wp-json\/wp\/v2\/product_cat?post=10122"},{"taxonomy":"product_tag","embeddable":true,"href":"https:\/\/tiens.az\/de\/wp-json\/wp\/v2\/product_tag?post=10122"}],"curies":[{"name":"wp","href":"https:\/\/api.w.org\/{rel}","templated":true}]}}