{"id":10124,"date":"2025-06-08T18:39:27","date_gmt":"2025-06-08T18:39:27","guid":{"rendered":"https:\/\/tiens.az\/?post_type=product&#038;p=10124"},"modified":"2026-01-05T12:28:02","modified_gmt":"2026-01-05T08:28:02","slug":"tiens-vitality-deri-immunitet-enerji-desteyi","status":"publish","type":"product","link":"https:\/\/tiens.az\/de\/produkt\/tiens-vitality-hautimmunitat-energieunterstutzung\/","title":{"rendered":"Tiens Vitality \u2013 30 Weichkapseln f\u00fcr Haut, Immunsystem und Energie"},"content":{"rendered":"<p data-start=\"579\" data-end=\"703\"><strong data-start=\"579\" data-end=\"627\">Tiens Vitality Softgels \u2013 0,89 g \u00d7 30 Kapseln<\/strong><br data-start=\"627\" data-end=\"630\" \/>Eine kraftvolle, nat\u00fcrliche Formel, die die t\u00e4gliche Energie und die Zellgesundheit unterst\u00fctzt!<\/p>\n<p data-start=\"705\" data-end=\"1042\"><strong data-start=\"705\" data-end=\"725\">\u00dcber das Produkt:<\/strong><br data-start=\"725\" data-end=\"728\" \/>Die Tiens Vitality Kapseln sind kaltgepresst <strong data-start=\"776\" data-end=\"800\">Weizenkeim\u00f6l<\/strong> ist ein funktionelles Nahrungserg\u00e4nzungsmittel, angereichert mit: Es enth\u00e4lt <strong data-start=\"864\" data-end=\"915\">Vitamin E, Lecithin, Beta-Carotin, Omega-3 (ALA)<\/strong> Und <strong data-start=\"919\" data-end=\"940\">Linols\u00e4uren<\/strong> Es sch\u00fctzt die Zellen, n\u00e4hrt die Haut, steigert die Energie und st\u00e4rkt die allgemeine Gesundheit.<\/p>\n<p data-start=\"1044\" data-end=\"1433\"><strong data-start=\"1044\" data-end=\"1063\">Hauptvorteile:<\/strong><br data-start=\"1063\" data-end=\"1066\" \/>\u2705 Hilft, Zellen vor oxidativem Stress zu sch\u00fctzen (antioxidative Wirkung)<br data-start=\"1143\" data-end=\"1146\" \/>\u2705 Unterst\u00fctzt ein gesundes Hautbild und verlangsamt die Hautalterung.<br data-start=\"1207\" data-end=\"1210\" \/>\u2705 St\u00e4rkt das Immunsystem und steigert das Energieniveau.<br data-start=\"1261\" data-end=\"1264\" \/>\u2705 Sch\u00fctzt die Funktionen des Nervensystems<br data-start=\"1302\" data-end=\"1305\" \/>\u2705 Unterst\u00fctzt das Herz-Kreislauf-System mit Omega-3- und Omega-6-Fetts\u00e4uren<br data-start=\"1362\" data-end=\"1365\" \/>\u2705 Stimuliert die Gehirnfunktion mit Lecithin und Phosphatidylcholin<\/p>\n<p data-start=\"1435\" data-end=\"1462\"><strong data-start=\"1435\" data-end=\"1460\">Zutaten (in 2 Kapseln):<\/strong><\/p>\n<ul data-start=\"1463\" data-end=\"1692\">\n<li data-start=\"1463\" data-end=\"1497\">\n<p data-start=\"1465\" data-end=\"1497\">Weizenkeim\u00f6l \u2013 1200 mg<\/p>\n<\/li>\n<li data-start=\"1498\" data-end=\"1530\">\n<p data-start=\"1500\" data-end=\"1530\">Linols\u00e4ure (LA) \u2013 640 mg<\/p>\n<\/li>\n<li data-start=\"1531\" data-end=\"1569\">\n<p data-start=\"1533\" data-end=\"1569\">Alpha-Linolens\u00e4ure (ALA) \u2013 96 mg<\/p>\n<\/li>\n<li data-start=\"1570\" data-end=\"1592\">\n<p data-start=\"1572\" data-end=\"1592\">Vitamin E \u2013 9,6 mg<\/p>\n<\/li>\n<li data-start=\"1593\" data-end=\"1613\">\n<p data-start=\"1595\" data-end=\"1613\">Lecithin \u2013 240 mg<\/p>\n<\/li>\n<li data-start=\"1614\" data-end=\"1642\">\n<p data-start=\"1616\" data-end=\"1642\">Phosphatidylcholin \u2013 120 mg<\/p>\n<\/li>\n<li data-start=\"1643\" data-end=\"1692\">\n<p data-start=\"1645\" data-end=\"1692\">Beta-Carotin \u2013 320 \u00b5g (160 \u00b5g RE = Vitamin A)<\/p>\n<\/li>\n<\/ul>\n<p data-start=\"1694\" data-end=\"1845\"><strong data-start=\"1694\" data-end=\"1715\">Gebrauchsanweisung:<\/strong><br data-start=\"1715\" data-end=\"1718\" \/>Nehmen Sie 2- bis 3-mal t\u00e4glich 1 Kapsel nach den Mahlzeiten ein. Es wird empfohlen, viel Wasser zu trinken. Nicht geeignet f\u00fcr Kinder unter 3 Jahren.<\/p>\n<p data-start=\"1847\" data-end=\"1885\"><strong data-start=\"1847\" data-end=\"1863\">Verpackung:<\/strong><br data-start=\"1863\" data-end=\"1866\" \/>30 Kapseln (Weichkapseln)<\/p>\n<p data-start=\"1887\" data-end=\"2170\"><strong data-start=\"1887\" data-end=\"1912\">F\u00fcr wen ist es geeignet?<\/strong><br data-start=\"1912\" data-end=\"1915\" \/>\u2714 F\u00fcr Menschen mit schwacher, trockener und alternder Haut<br data-start=\"1964\" data-end=\"1967\" \/>\u2714 Personen, die unter M\u00fcdigkeit und Energiemangel leiden<br data-start=\"2012\" data-end=\"2015\" \/>\u2714 Personen mit Vitamin-A- und Vitamin-E-Mangel<br data-start=\"2065\" data-end=\"2068\" \/>\u2714 F\u00fcr alle, die ihr Gehirn und Nervensystem st\u00e4rken m\u00f6chten<br data-start=\"2118\" data-end=\"2121\" \/>\u2714 F\u00fcr alle, die allgemeine Gesundheits- und Immununterst\u00fctzung suchen<\/p>","protected":false},"excerpt":{"rendered":"<p data-start=\"655\" data-end=\"953\"><strong data-start=\"705\" data-end=\"725\">\u00dcber das Produkt:<\/strong><br data-start=\"725\" data-end=\"728\" \/>Die Tiens Vitality Kapseln sind kaltgepresst <strong data-start=\"776\" data-end=\"800\">Weizenkeim\u00f6l<\/strong> ist ein funktionelles Nahrungserg\u00e4nzungsmittel, angereichert mit: Es enth\u00e4lt <strong data-start=\"864\" data-end=\"915\">Vitamin E, Lecithin, Beta-Carotin, Omega-3 (ALA)<\/strong> Und <strong data-start=\"919\" data-end=\"940\">Linols\u00e4uren<\/strong> Es sch\u00fctzt die Zellen, n\u00e4hrt die Haut, steigert die Energie und st\u00e4rkt die allgemeine Gesundheit.<\/p>","protected":false},"featured_media":10125,"template":"","meta":[],"product_cat":[71,287,73],"product_tag":[339,318,343,335,333,340,322,334,329,337,342,344,338,341,336],"class_list":{"0":"post-10124","1":"product","2":"type-product","3":"status-publish","4":"has-post-thumbnail","6":"product_cat-qida-elaveleri","7":"product_cat-butun-mhsullar-v-cihazlar","8":"product_cat-immunitet-v-enerji","9":"product_tag-aktiv-hyat-trzi-ucun","10":"product_tag-antioksidant-dstyi","11":"product_tag-brpa-v-canlanma","12":"product_tag-dri-saglamligi","13":"product_tag-enerji-v-tonus-dstyi","14":"product_tag-gundlik-enerji-ehtiyaci","15":"product_tag-huceyr-qorunmasi","16":"product_tag-immunitet-guclndirm","17":"product_tag-kisilr-v-qadinlar-ucun","18":"product_tag-maddlr-mubadilsi-dstyi","19":"product_tag-movsumi-zifliklrd-dstk","20":"product_tag-saglam-hyat-trzi-dstyi","21":"product_tag-stres-qarsi-dstk","22":"product_tag-umumi-saglamliq-proqrami","23":"product_tag-yorgunluga-qarsi-dstk","25":"first","26":"instock","27":"taxable","28":"shipping-taxable","29":"purchasable","30":"product-type-simple"},"_links":{"self":[{"href":"https:\/\/tiens.az\/de\/wp-json\/wp\/v2\/product\/10124","targetHints":{"allow":["GET"]}}],"collection":[{"href":"https:\/\/tiens.az\/de\/wp-json\/wp\/v2\/product"}],"about":[{"href":"https:\/\/tiens.az\/de\/wp-json\/wp\/v2\/types\/product"}],"wp:featuredmedia":[{"embeddable":true,"href":"https:\/\/tiens.az\/de\/wp-json\/wp\/v2\/media\/10125"}],"wp:attachment":[{"href":"https:\/\/tiens.az\/de\/wp-json\/wp\/v2\/media?parent=10124"}],"wp:term":[{"taxonomy":"product_cat","embeddable":true,"href":"https:\/\/tiens.az\/de\/wp-json\/wp\/v2\/product_cat?post=10124"},{"taxonomy":"product_tag","embeddable":true,"href":"https:\/\/tiens.az\/de\/wp-json\/wp\/v2\/product_tag?post=10124"}],"curies":[{"name":"wp","href":"https:\/\/api.w.org\/{rel}","templated":true}]}}