{"id":10132,"date":"2025-06-09T09:43:32","date_gmt":"2025-06-09T09:43:32","guid":{"rendered":"https:\/\/tiens.az\/?post_type=product&#038;p=10132"},"modified":"2026-01-05T11:22:40","modified_gmt":"2026-01-05T07:22:40","slug":"tiens-fruktozan-bagirsag-temizliyi","status":"publish","type":"product","link":"https:\/\/tiens.az\/de\/produkt\/tiens-fruktose-darmreinigung\/","title":{"rendered":"Tiens Fruktosesirup \u2013 Darmreinigung und Unterst\u00fctzung der Darmflora, 6 Packungen \u00e0 10 ml"},"content":{"rendered":"<p data-start=\"614\" data-end=\"736\"><strong data-start=\"614\" data-end=\"659\">Tiens Fructosan-Sirup \u2013 10 ml x 6 Packungen<\/strong><br data-start=\"659\" data-end=\"662\" \/>Nat\u00fcrliche Unterst\u00fctzung f\u00fcr Ihr Verdauungssystem! Ein gesunder Darm bedeutet einen gesunden K\u00f6rper.<\/p>\n<p data-start=\"738\" data-end=\"1008\"><strong data-start=\"738\" data-end=\"758\">\u00dcber das Produkt:<\/strong><br data-start=\"758\" data-end=\"761\" \/>Tiens Fruktosesirup, <strong data-start=\"786\" data-end=\"826\">pflanzliche pr\u00e4biotische Ballaststoffe<\/strong> angereichert mit und <strong data-start=\"852\" data-end=\"891\">Wiederherstellung der Darmflora<\/strong>, <strong data-start=\"893\" data-end=\"923\">Verstopfung lindern<\/strong> Und <strong data-start=\"927\" data-end=\"958\">eine reinigende Wirkung haben<\/strong> Es handelt sich um ein funktionelles Nahrungserg\u00e4nzungsmittel, das speziell f\u00fcr diesen Zweck entwickelt wurde.<\/p>\n<p data-start=\"1010\" data-end=\"1192\">Die aktiven Bestandteile dieses Produkts f\u00f6rdern das Wachstum n\u00fctzlicher Bifido- und Laktobakterien im Darm, erhalten das Gleichgewicht der Darmflora aufrecht und normalisieren die Funktion des Verdauungssystems.<\/p>\n<p data-start=\"1194\" data-end=\"1722\"><strong data-start=\"1194\" data-end=\"1213\">Hauptvorteile:<\/strong><br data-start=\"1213\" data-end=\"1216\" \/>\u2705 Bek\u00e4mpfung von Verstopfung und St\u00e4rkung der Darmperistaltik<br data-start=\"1272\" data-end=\"1275\" \/>\u2705 Normalisierung der Darmflora<br data-start=\"1320\" data-end=\"1323\" \/>\u2705 Unterst\u00fctzung des Immunsystems (70% darmabh\u00e4ngig)<br data-start=\"1386\" data-end=\"1389\" \/>\u2705 Unterst\u00fctzt eine bessere Kalziumaufnahme<br data-start=\"1435\" data-end=\"1438\" \/>\u2705 Reduziert Bl\u00e4hungen, V\u00f6llegef\u00fchl und Schweregef\u00fchl<br data-start=\"1481\" data-end=\"1484\" \/>\u2705 Spielt eine unterst\u00fctzende Rolle beim Gewichtsverlust und der Entgiftung<br data-start=\"1535\" data-end=\"1538\" \/>\u2705 Reduziert die Fett- und Cholesterinaufnahme<br data-start=\"1578\" data-end=\"1581\" \/>\u2705 Hilfreich zur Vorbeugung von Diabetes und Gallenblasenproblemen<br data-start=\"1654\" data-end=\"1657\" \/>\u2705 Kann zur Vorbeugung von Krebserkrankungen beitragen<\/p>\n<p data-start=\"1724\" data-end=\"1883\"><strong data-start=\"1724\" data-end=\"1745\">Gebrauchsanweisung:<\/strong><br data-start=\"1745\" data-end=\"1748\" \/>Pro Tag <strong data-start=\"1754\" data-end=\"1765\">1 Packung<\/strong> Es wird zu den Mahlzeiten eingenommen. Die Wirkung tritt innerhalb von 2\u20134 Stunden ein. Die Behandlungsdauer richtet sich nach der individuellen Situation.<\/p>\n<p data-start=\"1885\" data-end=\"1968\"><strong data-start=\"1885\" data-end=\"1901\">Verpackung:<\/strong><br data-start=\"1901\" data-end=\"1904\" \/>6 Packungen \u00d7 10 ml (praktisches Format f\u00fcr die Einzelportionierung)<\/p>\n<p data-start=\"1970\" data-end=\"2241\"><strong data-start=\"1970\" data-end=\"1995\">F\u00fcr wen ist es geeignet?<\/strong><br data-start=\"1995\" data-end=\"1998\" \/>\u2714 F\u00fcr diejenigen, die unter Verstopfung, Bl\u00e4hungen und V\u00f6llegef\u00fchl leiden<br data-start=\"2043\" data-end=\"2046\" \/>\u2714 Diejenigen, die Entgiftungs- und Darmreinigungsprogramme durchf\u00fchren.<br data-start=\"2093\" data-end=\"2096\" \/>\u2714 F\u00fcr alle, die ihr Immunsystem st\u00e4rken m\u00f6chten<br data-start=\"2134\" data-end=\"2137\" \/>\u2714 F\u00fcr alle, die eine gesunde Darmflora und Unterst\u00fctzung beim Abnehmen suchen.<br data-start=\"2187\" data-end=\"2190\" \/>\u2714 Personen, die an Dysbakteriose und Darmungleichgewicht leiden<\/p>\n<hr data-start=\"2243\" data-end=\"2246\" \/>\n<h3 data-start=\"2248\" data-end=\"2299\">\ud83d\udca1 <strong data-start=\"2255\" data-end=\"2297\">Empfohlen zur Verwendung mit:<\/strong><\/h3>\n<ul data-start=\"2300\" data-end=\"2546\">\n<li data-start=\"2300\" data-end=\"2353\">\n<p data-start=\"2302\" data-end=\"2353\"><strong data-start=\"2302\" data-end=\"2330\">Tiens Chitosan-Kapseln<\/strong> \u2013 entfernt Giftstoffe<\/p>\n<\/li>\n<li data-start=\"2354\" data-end=\"2414\">\n<p data-start=\"2356\" data-end=\"2414\"><strong data-start=\"2356\" data-end=\"2392\">Tiens Cellulose-Kautabletten<\/strong> \u2013 f\u00fcr die Peristaltik<\/p>\n<\/li>\n<li data-start=\"2415\" data-end=\"2476\">\n<p data-start=\"2417\" data-end=\"2476\"><strong data-start=\"2417\" data-end=\"2447\">Tiens Cordyceps-Kapseln<\/strong> \u2013 Unterst\u00fctzung der Atemwege und des Verdauungssystems<\/p>\n<\/li>\n<li data-start=\"2477\" data-end=\"2546\">\n<p data-start=\"2479\" data-end=\"2546\"><strong data-start=\"2479\" data-end=\"2501\">Tiens Calciumpulver<\/strong> \u2013 zur St\u00e4rkung der Darmmuskulatur<\/p>\n<\/li>\n<\/ul>","protected":false},"excerpt":{"rendered":"<p data-start=\"738\" data-end=\"1008\"><strong data-start=\"738\" data-end=\"758\">\u00dcber das Produkt:<\/strong><br data-start=\"758\" data-end=\"761\" \/>Tiens Fruktosesirup, <strong data-start=\"786\" data-end=\"826\">pflanzliche pr\u00e4biotische Ballaststoffe<\/strong> angereichert mit und <strong data-start=\"852\" data-end=\"891\">Wiederherstellung der Darmflora<\/strong>, <strong data-start=\"893\" data-end=\"923\">Verstopfung lindern<\/strong> Und <strong data-start=\"927\" data-end=\"958\">eine reinigende Wirkung haben<\/strong> Es handelt sich um ein funktionelles Nahrungserg\u00e4nzungsmittel, das speziell f\u00fcr diesen Zweck entwickelt wurde.<\/p>\n<p data-start=\"1010\" data-end=\"1192\">Die aktiven Bestandteile dieses Produkts f\u00f6rdern das Wachstum n\u00fctzlicher Bifido- und Laktobakterien im Darm, erhalten das Gleichgewicht der Darmflora aufrecht und normalisieren die Funktion des Verdauungssystems.<\/p>\n<p data-start=\"1194\" data-end=\"1722\">","protected":false},"featured_media":10544,"template":"","meta":[],"product_cat":[75,287,78,71],"product_tag":[184,178,181,175,176,174,187,179,182,177,186,180,188,185,183],"class_list":{"0":"post-10132","1":"product","2":"type-product","3":"status-publish","4":"has-post-thumbnail","6":"product_cat-hzm-v-ariqlama","7":"product_cat-butun-mhsullar-v-cihazlar","8":"product_cat-qadin-saglamligi-v-gigiyenasi","9":"product_cat-qida-elaveleri","10":"product_tag-10-ml-6-paket","11":"product_tag-bagirsaq-mikroflorasi","12":"product_tag-detoks-dstyi","13":"product_tag-fos-sirop","14":"product_tag-fruktooliqosakkarid","15":"product_tag-fruktozan-siropu","16":"product_tag-hssas-md-ucun","17":"product_tag-hzm-ucun-dstk","18":"product_tag-immunitet-ucun-sirop","19":"product_tag-prebiotik-sirop","20":"product_tag-probiotik-prebiotik","21":"product_tag-qbizliy-qarsi","22":"product_tag-tbii-lif-mnbyi","23":"product_tag-tiens-sirop","24":"product_tag-usaq-v-boyuklr-ucun","26":"first","27":"onbackorder","28":"taxable","29":"shipping-taxable","30":"purchasable","31":"product-type-simple"},"_links":{"self":[{"href":"https:\/\/tiens.az\/de\/wp-json\/wp\/v2\/product\/10132","targetHints":{"allow":["GET"]}}],"collection":[{"href":"https:\/\/tiens.az\/de\/wp-json\/wp\/v2\/product"}],"about":[{"href":"https:\/\/tiens.az\/de\/wp-json\/wp\/v2\/types\/product"}],"wp:featuredmedia":[{"embeddable":true,"href":"https:\/\/tiens.az\/de\/wp-json\/wp\/v2\/media\/10544"}],"wp:attachment":[{"href":"https:\/\/tiens.az\/de\/wp-json\/wp\/v2\/media?parent=10132"}],"wp:term":[{"taxonomy":"product_cat","embeddable":true,"href":"https:\/\/tiens.az\/de\/wp-json\/wp\/v2\/product_cat?post=10132"},{"taxonomy":"product_tag","embeddable":true,"href":"https:\/\/tiens.az\/de\/wp-json\/wp\/v2\/product_tag?post=10132"}],"curies":[{"name":"wp","href":"https:\/\/api.w.org\/{rel}","templated":true}]}}