{"id":10611,"date":"2025-12-10T19:31:58","date_gmt":"2025-12-10T15:31:58","guid":{"rendered":"https:\/\/tiens.az\/?post_type=product&#038;p=10611"},"modified":"2026-01-05T11:07:06","modified_gmt":"2026-01-05T07:07:06","slug":"%f0%9f%94%a5-detox-h%c9%99zm-b%c9%99rpa-paketi-30-gunluk-proqram","status":"publish","type":"product","link":"https:\/\/tiens.az\/de\/produkt\/\ud83d\udd25-detox-h\u0259zm-b\u0259rpa-paket-30-tage-programm\/","title":{"rendered":"\ud83d\udd25 Entgiftungs- und Verdauungs-Regenerationspaket \u2013 30-Tage-Programm"},"content":{"rendered":"<h1 data-start=\"231\" data-end=\"285\">\ud83d\udd25 <strong data-start=\"236\" data-end=\"285\">Entgiftungs- und Verdauungsregenerationspaket \u2013 30-Tage-Programm<\/strong><\/h1>\n<h2 data-start=\"287\" data-end=\"327\">\u2705 <strong data-start=\"292\" data-end=\"327\">1) Probleme \u2013 F\u00fcr wen ist es gedacht?<\/strong><\/h2>\n<p data-start=\"328\" data-end=\"375\">Dieses Paket 100% wird in folgenden Situationen ben\u00f6tigt:<\/p>\n<ul data-start=\"377\" data-end=\"648\">\n<li data-start=\"377\" data-end=\"410\">\n<p data-start=\"379\" data-end=\"410\">Bl\u00e4hungen, V\u00f6llegef\u00fchl, Schweregef\u00fchl<\/p>\n<\/li>\n<li data-start=\"411\" data-end=\"443\">\n<p data-start=\"413\" data-end=\"443\">Verstopfung oder unregelm\u00e4\u00dfige Verdauung<\/p>\n<\/li>\n<li data-start=\"444\" data-end=\"475\">\n<p data-start=\"446\" data-end=\"475\">Ansammlung von Toxinen im Darm<\/p>\n<\/li>\n<li data-start=\"476\" data-end=\"517\">\n<p data-start=\"478\" data-end=\"517\">Verdacht auf Helicobacter, Candida und W\u00fcrmer<\/p>\n<\/li>\n<li data-start=\"518\" data-end=\"567\">\n<p data-start=\"520\" data-end=\"567\">St\u00f6rung der Darmflora nach Antibiotikagabe<\/p>\n<\/li>\n<li data-start=\"568\" data-end=\"602\">\n<p data-start=\"570\" data-end=\"602\">Schweregef\u00fchl\/S\u00e4uregef\u00fchl nach dem Essen<\/p>\n<\/li>\n<li data-start=\"603\" data-end=\"648\">\n<p data-start=\"605\" data-end=\"648\">Hautprobleme (Neigung zu Akne, Ekzemen)<\/p>\n<\/li>\n<\/ul>\n<p data-start=\"650\" data-end=\"777\">Dieses Paket <strong data-start=\"659\" data-end=\"693\">um das Verdauungssystem vollst\u00e4ndig wiederherzustellen<\/strong>, <strong data-start=\"695\" data-end=\"719\">zur Darmreinigung<\/strong> Und <strong data-start=\"723\" data-end=\"765\">um die Giftstoffbelastung im K\u00f6rper zu reduzieren<\/strong> vorbereitet.<\/p>\n<hr data-start=\"779\" data-end=\"782\" \/>\n<h1 data-start=\"784\" data-end=\"823\">\u2705 <strong data-start=\"788\" data-end=\"823\">2) Welche Produkte sind in der Verpackung enthalten?<\/strong><\/h1>\n<h3 data-start=\"825\" data-end=\"866\"><strong data-start=\"829\" data-end=\"864\">\u2714 Chitosan (1 Packung \u2013 30 Tage)<\/strong><\/h3>\n<p data-start=\"867\" data-end=\"968\">Es absorbiert Giftstoffe, hemmt die Vermehrung von Parasiten und verst\u00e4rkt die Reinigungswirkung im Darm.<\/p>\n<h3 data-start=\"970\" data-end=\"1019\"><strong data-start=\"974\" data-end=\"1017\">\u2714 FOS (Fructooligosaccharide \u2013 1 Packung)<\/strong><\/h3>\n<p data-start=\"1020\" data-end=\"1117\">Es reinigt den Darm sanft, f\u00f6rdert die Vermehrung probiotischer Bakterien und lindert Verstopfung.<\/p>\n<h3 data-start=\"1119\" data-end=\"1149\"><strong data-start=\"1123\" data-end=\"1147\">\u2714 Spirulina (1 Packung)<\/strong><\/h3>\n<p data-start=\"1150\" data-end=\"1238\">Reduziert Entz\u00fcndungen, regeneriert die Darmwand und erg\u00e4nzt die Wirkung von Chitosan + FOS.<\/p>\n<hr data-start=\"1240\" data-end=\"1243\" \/>\n<h1 data-start=\"1245\" data-end=\"1303\">\u2705 <strong data-start=\"1249\" data-end=\"1303\">3) Verkaufstext \u00fcber das Paket (ideal f\u00fcr die Website)<\/strong><\/h1>\n<p data-start=\"1305\" data-end=\"1567\"><strong data-start=\"1305\" data-end=\"1334\">Entgiftungs- und Verdauungsregenerationspaket<\/strong> \u2014 ist ein 30-t\u00e4giges Komplett-Genesungsprogramm f\u00fcr Menschen mit Bl\u00e4hungen, V\u00f6llegef\u00fchl, Verstopfung und Darmbeschwerden.<br data-start=\"1433\" data-end=\"1436\" \/>Chitosan reinigt den Darm von Giftstoffen, FOS stellt ein probiotisches Gleichgewicht her und Spirulina reduziert Entz\u00fcndungen durch Erleichterung der Verdauung.<\/p>\n<p data-start=\"1569\" data-end=\"1748\">Dieses Paket ergibt <strong data-start=\"1587\" data-end=\"1619\">Ab der ersten Woche sp\u00fcrbar.<\/strong> beginnt:<br data-start=\"1629\" data-end=\"1632\" \/>\u2714 Reduziert Schwellungen<br data-start=\"1650\" data-end=\"1653\" \/>\u2714 Die Verdauung wird leichter<br data-start=\"1671\" data-end=\"1674\" \/>\u2714 Die Darmentleerung normalisiert sich.<br data-start=\"1706\" data-end=\"1709\" \/>\u2714 Der K\u00f6rper wird von Giftstoffen gereinigt<\/p>\n<hr data-start=\"1750\" data-end=\"1753\" \/>\n<h1 data-start=\"1755\" data-end=\"1806\">\u2705 <strong data-start=\"1759\" data-end=\"1806\">4) Abnahmeverfahren (in sehr einfacher Sprache f\u00fcr den Kunden)<\/strong><\/h1>\n<h3 data-start=\"1808\" data-end=\"1821\"><strong data-start=\"1812\" data-end=\"1821\">Morgen<\/strong><\/h3>\n<ul data-start=\"1822\" data-end=\"1871\">\n<li data-start=\"1822\" data-end=\"1871\">\n<p data-start=\"1824\" data-end=\"1871\">30 Minuten vor dem Essen: <strong data-start=\"1850\" data-end=\"1871\">1 Kapsel Chitosan<\/strong><\/p>\n<\/li>\n<\/ul>\n<h3 data-start=\"1873\" data-end=\"1893\"><strong data-start=\"1877\" data-end=\"1893\">Mittags<\/strong><\/h3>\n<ul data-start=\"1894\" data-end=\"1934\">\n<li data-start=\"1894\" data-end=\"1934\">\n<p data-start=\"1896\" data-end=\"1934\">Nach dem Essen: <strong data-start=\"1912\" data-end=\"1934\">2 Tabletten Spirulina<\/strong><\/p>\n<\/li>\n<\/ul>\n<h3 data-start=\"1936\" data-end=\"1949\"><strong data-start=\"1940\" data-end=\"1949\">Abend<\/strong><\/h3>\n<ul data-start=\"1950\" data-end=\"2037\">\n<li data-start=\"1950\" data-end=\"1996\">\n<p data-start=\"1952\" data-end=\"1996\">In 1 Tasse hei\u00dfem Wasser: <strong data-start=\"1972\" data-end=\"1994\">1\u20132 Teel\u00f6ffel FOS<\/strong><\/p>\n<\/li>\n<li data-start=\"1997\" data-end=\"2037\">\n<p data-start=\"1999\" data-end=\"2037\">Nach dem Essen: <strong data-start=\"2015\" data-end=\"2037\">2 Tabletten Spirulina<\/strong><\/p>\n<\/li>\n<\/ul>\n<p data-start=\"2039\" data-end=\"2121\">\ud83d\udccc <em data-start=\"2042\" data-end=\"2080\">Man sollte t\u00e4glich mindestens 1,5 Liter Wasser trinken.<\/em><br data-start=\"2080\" data-end=\"2083\" \/>\ud83d\udccc <em data-start=\"2086\" data-end=\"2121\">Die Einnahme muss 30 Tage lang ununterbrochen erfolgen.<\/em><\/p>","protected":false},"excerpt":{"rendered":"<p data-start=\"1305\" data-end=\"1567\"><strong data-start=\"1305\" data-end=\"1334\">Entgiftungs- und Verdauungsregenerationspaket<\/strong> \u2014 ist ein 30-t\u00e4giges Komplett-Genesungsprogramm f\u00fcr Menschen mit Bl\u00e4hungen, V\u00f6llegef\u00fchl, Verstopfung und Darmbeschwerden.<br data-start=\"1433\" data-end=\"1436\" \/>Chitosan reinigt den Darm von Giftstoffen, FOS stellt ein probiotisches Gleichgewicht her und Spirulina reduziert Entz\u00fcndungen durch Erleichterung der Verdauung.<\/p>\n<p data-start=\"1569\" data-end=\"1748\">Dieses Paket ergibt <strong data-start=\"1587\" data-end=\"1619\">Ab der ersten Woche sp\u00fcrbar.<\/strong> beginnt:<br data-start=\"1629\" data-end=\"1632\" \/>\u2714 Reduziert Schwellungen<br data-start=\"1650\" data-end=\"1653\" \/>\u2714 Die Verdauung wird leichter<br data-start=\"1671\" data-end=\"1674\" \/>\u2714 Die Darmentleerung normalisiert sich.<br data-start=\"1706\" data-end=\"1709\" \/>\u2714 Der K\u00f6rper wird von Giftstoffen gereinigt<\/p>","protected":false},"featured_media":10612,"template":"","meta":[],"product_cat":[189,287,75],"product_tag":[221,225,223,222,224,226,230,220,228,219,218,217,199,227,229],"class_list":{"0":"post-10611","1":"product","2":"type-product","3":"status-publish","4":"has-post-thumbnail","6":"product_cat-saglamliq-paketleri","7":"product_cat-butun-mhsullar-v-cihazlar","8":"product_cat-hzm-v-ariqlama","9":"product_tag-bagirsaq-disbalansi","10":"product_tag-bagirsaq-tmizlm","11":"product_tag-chitosan","12":"product_tag-detox-paketi","13":"product_tag-fos","14":"product_tag-hzm-brpasi","15":"product_tag-hzm-ucun-vitaminlr","16":"product_tag-hzm-zifliyi","17":"product_tag-probiotik-dstk","18":"product_tag-qaz-problemi","19":"product_tag-qbizlik","20":"product_tag-siskinlik","21":"product_tag-spirulina","22":"product_tag-tiens-detox","23":"product_tag-toksin-tmizlm","25":"first","26":"instock","27":"taxable","28":"shipping-taxable","29":"purchasable","30":"product-type-simple"},"_links":{"self":[{"href":"https:\/\/tiens.az\/de\/wp-json\/wp\/v2\/product\/10611","targetHints":{"allow":["GET"]}}],"collection":[{"href":"https:\/\/tiens.az\/de\/wp-json\/wp\/v2\/product"}],"about":[{"href":"https:\/\/tiens.az\/de\/wp-json\/wp\/v2\/types\/product"}],"wp:featuredmedia":[{"embeddable":true,"href":"https:\/\/tiens.az\/de\/wp-json\/wp\/v2\/media\/10612"}],"wp:attachment":[{"href":"https:\/\/tiens.az\/de\/wp-json\/wp\/v2\/media?parent=10611"}],"wp:term":[{"taxonomy":"product_cat","embeddable":true,"href":"https:\/\/tiens.az\/de\/wp-json\/wp\/v2\/product_cat?post=10611"},{"taxonomy":"product_tag","embeddable":true,"href":"https:\/\/tiens.az\/de\/wp-json\/wp\/v2\/product_tag?post=10611"}],"curies":[{"name":"wp","href":"https:\/\/api.w.org\/{rel}","templated":true}]}}