{"id":10617,"date":"2025-12-12T15:37:26","date_gmt":"2025-12-12T11:37:26","guid":{"rendered":"https:\/\/tiens.az\/?post_type=product&#038;p=10617"},"modified":"2026-01-05T14:50:34","modified_gmt":"2026-01-05T10:50:34","slug":"%e2%9d%a4%ef%b8%8f-xolesterin-v%c9%99-t%c9%99zyiq-paketi-30-gunluk-proqram","status":"publish","type":"product","link":"https:\/\/tiens.az\/de\/produkt\/\u2764\ufe0f-cholesterin-v\u0259-t\u0259zyiq-paket-30-tage-programm\/","title":{"rendered":"30-Tage-Programm f\u00fcr Cholesterin und Blutdruck"},"content":{"rendered":"<h1 data-start=\"162\" data-end=\"216\">\u2764\ufe0f Herz-Kreislauf-Paket \u2013 30-Tage-Programm f\u00fcr Cholesterin und Blutdruck T<strong data-start=\"222\" data-end=\"233\">arkib:<\/strong><\/h1>\n<p data-start=\"236\" data-end=\"281\">\u2714 Cordyceps<br data-start=\"247\" data-end=\"250\" \/>\u2714 Antilipid-Tee<br data-start=\"265\" data-end=\"268\" \/>\u2714 Spirulina<\/p>\n<hr data-start=\"283\" data-end=\"286\" \/>\n<h1 data-start=\"288\" data-end=\"327\">\u2705 <strong data-start=\"292\" data-end=\"327\">1) Probleme \u2013 F\u00fcr wen ist es gedacht?<\/strong><\/h1>\n<p data-start=\"329\" data-end=\"372\">Dieses Paket ist in folgenden F\u00e4llen sehr effektiv:<\/p>\n<ul data-start=\"374\" data-end=\"647\">\n<li data-start=\"374\" data-end=\"410\">\n<p data-start=\"376\" data-end=\"410\">Druckproblem (zu hoch\/zu niedrig)<\/p>\n<\/li>\n<li data-start=\"411\" data-end=\"436\">\n<p data-start=\"413\" data-end=\"436\">Hoher Cholesterinspiegel<\/p>\n<\/li>\n<li data-start=\"437\" data-end=\"466\">\n<p data-start=\"439\" data-end=\"466\">Schw\u00e4chung der Blutzirkulation<\/p>\n<\/li>\n<li data-start=\"467\" data-end=\"507\">\n<p data-start=\"469\" data-end=\"507\">Taubheitsgef\u00fchl und K\u00e4lte in H\u00e4nden\/F\u00fc\u00dfen<\/p>\n<\/li>\n<li data-start=\"508\" data-end=\"540\">\n<p data-start=\"510\" data-end=\"540\">Herzrhythmusst\u00f6rungen<\/p>\n<\/li>\n<li data-start=\"541\" data-end=\"584\">\n<p data-start=\"543\" data-end=\"584\">Risiko einer Verstopfung der Arterien (Atherosklerose)<\/p>\n<\/li>\n<li data-start=\"585\" data-end=\"615\">\n<p data-start=\"587\" data-end=\"615\">Schnelle Ersch\u00f6pfung, Kurzatmigkeit<\/p>\n<\/li>\n<li data-start=\"616\" data-end=\"647\">\n<p data-start=\"618\" data-end=\"647\">Stress und Sauerstoffmangel<\/p>\n<\/li>\n<\/ul>\n<p data-start=\"649\" data-end=\"735\">Dieses Set st\u00e4rkt die Venen, normalisiert den Blutfluss und sch\u00fctzt den Herzmuskel.<\/p>\n<hr data-start=\"737\" data-end=\"740\" \/>\n<h1 data-start=\"742\" data-end=\"782\">\ud83c\udf3f <strong data-start=\"747\" data-end=\"782\">2) Welche Produkte sind in der Verpackung enthalten?<\/strong><\/h1>\n<h3 data-start=\"784\" data-end=\"805\">\u2714 <strong data-start=\"790\" data-end=\"803\">Cordyceps<\/strong><\/h3>\n<p data-start=\"806\" data-end=\"889\">Verbessert die Sauerstoffversorgung des Blutes, st\u00e4rkt das Herz-Kreislauf-System und steigert die Energie. (Bei Bluthochdruck)<\/p>\n<h3 data-start=\"891\" data-end=\"916\">\u2714 <strong data-start=\"897\" data-end=\"914\">Antilipid-Tee<\/strong><\/h3>\n<p data-start=\"917\" data-end=\"998\">Gleicht den Cholesterinspiegel aus, reduziert Fettablagerungen in den Arterien und reguliert den Blutdruck. (F\u00fcr Cholesterin und Blutdruck)<\/p>\n<h3 data-start=\"1000\" data-end=\"1021\">\u2714 <strong data-start=\"1006\" data-end=\"1019\">Spirulina<\/strong><\/h3>\n<p data-start=\"1022\" data-end=\"1095\">Es verbessert die Blutqualit\u00e4t und sch\u00fctzt die Blutgef\u00e4\u00dfe durch seine antioxidative Wirkung.<\/p>\n<hr data-start=\"1097\" data-end=\"1100\" \/>\n<h1 data-start=\"1102\" data-end=\"1152\">\ud83d\udcdd <strong data-start=\"1107\" data-end=\"1152\">3) \u00dcber die Verpackung\u00a0<\/strong><\/h1>\n<p data-start=\"1154\" data-end=\"1465\"><strong data-start=\"1154\" data-end=\"1183\">Herz- und Kreislaufpaket<\/strong> Es sch\u00fctzt die Herzgesundheit, normalisiert den Cholesterinspiegel und st\u00e4rkt die Durchblutung. Es handelt sich um ein 30-Tage-Programm zur Bek\u00e4mpfung von Cholesterin- und Blutdruckproblemen.<br data-start=\"1307\" data-end=\"1310\" \/>Cordyceps erh\u00f6ht die Sauerstoffversorgung des Blutes, Antilipid-Tee reinigt die Blutgef\u00e4\u00dfe und Spirulina verbessert die Blutqualit\u00e4t und erh\u00f6ht die Energiebilanz.<\/p>\n<p data-start=\"1467\" data-end=\"1629\">Dieses Paket f\u00fchrt zu Folgendem:<br data-start=\"1490\" data-end=\"1493\" \/>\u2714 Verbessert die Durchblutung<br data-start=\"1522\" data-end=\"1525\" \/>\u2714 Stabilisiert den Blutdruck<br data-start=\"1549\" data-end=\"1552\" \/>\u2714 Reguliert den Cholesterinspiegel<br data-start=\"1577\" data-end=\"1580\" \/>\u2714 Reduziert M\u00fcdigkeit<br data-start=\"1600\" data-end=\"1603\" \/>\u2714 Sch\u00fctzt den Herzmuskel<\/p>\n<hr data-start=\"1631\" data-end=\"1634\" \/>\n<h1 data-start=\"1636\" data-end=\"1680\">\u23f3 <strong data-start=\"1640\" data-end=\"1680\">4) Aufnahmeverfahren \u2013 30-Tage-Programm<\/strong><\/h1>\n<h3 data-start=\"1682\" data-end=\"1695\"><strong data-start=\"1686\" data-end=\"1695\">Morgen<\/strong><\/h3>\n<ul data-start=\"1696\" data-end=\"1736\">\n<li data-start=\"1696\" data-end=\"1736\">\n<p data-start=\"1698\" data-end=\"1736\">Nach dem Essen: <strong data-start=\"1714\" data-end=\"1736\">1 Kapsel Cordyceps<\/strong><\/p>\n<\/li>\n<\/ul>\n<h3 data-start=\"1738\" data-end=\"1753\"><strong data-start=\"1742\" data-end=\"1753\">Nachmittag<\/strong><\/h3>\n<ul data-start=\"1754\" data-end=\"1796\">\n<li data-start=\"1754\" data-end=\"1796\">\n<p data-start=\"1756\" data-end=\"1796\">Mit Essen: <strong data-start=\"1774\" data-end=\"1796\">2 Tabletten Spirulina<\/strong><\/p>\n<\/li>\n<\/ul>\n<h3 data-start=\"1798\" data-end=\"1811\"><strong data-start=\"1802\" data-end=\"1811\">Abend<\/strong><\/h3>\n<ul data-start=\"1812\" data-end=\"1859\">\n<li data-start=\"1812\" data-end=\"1859\">\n<p data-start=\"1814\" data-end=\"1859\">F\u00fcr 1 Tasse hei\u00dfes Wasser: <strong data-start=\"1834\" data-end=\"1859\">1 Packung Antilipid-Tee<\/strong><\/p>\n<\/li>\n<\/ul>\n<p data-start=\"1861\" data-end=\"1976\">\ud83d\udccc Zumindest tags\u00fcber <strong data-start=\"1882\" data-end=\"1897\">1,5 Liter Wasser<\/strong> empfohlen.<br data-start=\"1913\" data-end=\"1916\" \/>\ud83d\udccc F\u00fcr eine stabile Wirkung <strong data-start=\"1937\" data-end=\"1966\">30 Tage ununterbrochene Nutzung<\/strong> notwendig.<\/p>","protected":false},"excerpt":{"rendered":"<p data-start=\"1154\" data-end=\"1465\"><strong data-start=\"1154\" data-end=\"1183\">Herz- und Kreislaufpaket<\/strong> Es sch\u00fctzt die Herzgesundheit, normalisiert den Cholesterinspiegel und st\u00e4rkt die Durchblutung. Es handelt sich um ein 30-Tage-Programm zur Bek\u00e4mpfung von Cholesterin- und Blutdruckproblemen.<br data-start=\"1307\" data-end=\"1310\" \/>Cordyceps erh\u00f6ht die Sauerstoffversorgung des Blutes, Antilipid-Tee reinigt die Blutgef\u00e4\u00dfe und Spirulina verbessert die Blutqualit\u00e4t und erh\u00f6ht die Energiebilanz.<\/p>\n<p data-start=\"1467\" data-end=\"1629\">Dieses Paket f\u00fchrt zu Folgendem:<br data-start=\"1490\" data-end=\"1493\" \/>\u2714 Verbessert die Durchblutung<br data-start=\"1522\" data-end=\"1525\" \/>\u2714 Stabilisiert den Blutdruck<br data-start=\"1549\" data-end=\"1552\" \/>\u2714 Reguliert den Cholesterinspiegel<br data-start=\"1577\" data-end=\"1580\" \/>\u2714 Reduziert M\u00fcdigkeit<br data-start=\"1600\" data-end=\"1603\" \/>\u2714 Sch\u00fctzt den Herzmuskel<\/p>","protected":false},"featured_media":10618,"template":"","meta":[],"product_cat":[189,287],"product_tag":[236,246,248,251,247,252,120,199,250,244,253,249,233,245],"class_list":{"0":"post-10617","1":"product","2":"type-product","3":"status-publish","4":"has-post-thumbnail","6":"product_cat-saglamliq-paketleri","7":"product_cat-butun-mhsullar-v-cihazlar","8":"product_tag-antilipid-cay","9":"product_tag-asagi-tzyiq","10":"product_tag-cordyceps","11":"product_tag-damar-saglamligi","12":"product_tag-damar-tutulmasi","13":"product_tag-enerji-v-qan-oksigeni","14":"product_tag-qan-dovrani","15":"product_tag-spirulina","16":"product_tag-tzyiq-tnzimlm","17":"product_tag-urk-saglamligi","18":"product_tag-urk-ucun-tiens","19":"product_tag-urk-ucun-vitaminlr","20":"product_tag-xolesterin","21":"product_tag-yuksk-tzyiq","23":"first","24":"instock","25":"taxable","26":"shipping-taxable","27":"purchasable","28":"product-type-simple"},"_links":{"self":[{"href":"https:\/\/tiens.az\/de\/wp-json\/wp\/v2\/product\/10617","targetHints":{"allow":["GET"]}}],"collection":[{"href":"https:\/\/tiens.az\/de\/wp-json\/wp\/v2\/product"}],"about":[{"href":"https:\/\/tiens.az\/de\/wp-json\/wp\/v2\/types\/product"}],"wp:featuredmedia":[{"embeddable":true,"href":"https:\/\/tiens.az\/de\/wp-json\/wp\/v2\/media\/10618"}],"wp:attachment":[{"href":"https:\/\/tiens.az\/de\/wp-json\/wp\/v2\/media?parent=10617"}],"wp:term":[{"taxonomy":"product_cat","embeddable":true,"href":"https:\/\/tiens.az\/de\/wp-json\/wp\/v2\/product_cat?post=10617"},{"taxonomy":"product_tag","embeddable":true,"href":"https:\/\/tiens.az\/de\/wp-json\/wp\/v2\/product_tag?post=10617"}],"curies":[{"name":"wp","href":"https:\/\/api.w.org\/{rel}","templated":true}]}}