{"id":10619,"date":"2025-12-12T15:51:31","date_gmt":"2025-12-12T11:51:31","guid":{"rendered":"https:\/\/tiens.az\/?post_type=product&#038;p=10619"},"modified":"2026-01-07T16:58:13","modified_gmt":"2026-01-07T12:58:13","slug":"sac-tokulm%c9%99si-qarsi-paketi-30-gunluk-proqram","status":"publish","type":"product","link":"https:\/\/tiens.az\/de\/produkt\/haarausfall-\u0259si-anti-haarausfall-paket-30-tage-programm\/","title":{"rendered":"\ud83d\udc87\u200d\u2642\ufe0f Anti-Haarausfall-Paket \u2013 30-Tage-Programm"},"content":{"rendered":"<h1 data-start=\"184\" data-end=\"236\">\ud83d\udc87\u200d\u2642\ufe0f <strong data-start=\"192\" data-end=\"236\">Anti-Haarausfall-Paket \u2013 30-Tage-Programm<\/strong><\/h1>\n<h3 data-start=\"238\" data-end=\"255\"><strong data-start=\"242\" data-end=\"253\">Zusammensetzung:<\/strong><\/h3>\n<p data-start=\"256\" data-end=\"300\">\u2714 Zink<br data-start=\"262\" data-end=\"265\" \/>\u2714 Calcium mit Lecithin<br data-start=\"285\" data-end=\"288\" \/>\u2714 Selen<\/p>\n<p data-start=\"302\" data-end=\"409\">Dieses Trio n\u00e4hrt den Haarfollikel, unterst\u00fctzt den Hormonhaushalt und regt das Haarwachstum an.<\/p>\n<hr data-start=\"411\" data-end=\"414\" \/>\n<h1 data-start=\"416\" data-end=\"455\">\u2705 <strong data-start=\"420\" data-end=\"455\">1) Probleme \u2013 F\u00fcr wen ist es gedacht?<\/strong><\/h1>\n<p data-start=\"457\" data-end=\"499\">Dieses Paket 100% wird in folgenden F\u00e4llen ben\u00f6tigt:<\/p>\n<ul data-start=\"501\" data-end=\"759\">\n<li data-start=\"501\" data-end=\"541\">\n<p data-start=\"503\" data-end=\"541\">Haarausfall (akut oder chronisch)<\/p>\n<\/li>\n<li data-start=\"542\" data-end=\"576\">\n<p data-start=\"544\" data-end=\"576\">Haarausd\u00fcnnung, Haarschw\u00e4che<\/p>\n<\/li>\n<li data-start=\"577\" data-end=\"609\">\n<p data-start=\"579\" data-end=\"609\">Haarausfall nach Stress<\/p>\n<\/li>\n<li data-start=\"610\" data-end=\"645\">\n<p data-start=\"612\" data-end=\"645\">Vitamin- und Mineralstoffmangel<\/p>\n<\/li>\n<li data-start=\"646\" data-end=\"697\">\n<p data-start=\"648\" data-end=\"697\">Hormonelles Ungleichgewicht (sowohl bei Frauen als auch bei M\u00e4nnern)<\/p>\n<\/li>\n<li data-start=\"698\" data-end=\"723\">\n<p data-start=\"700\" data-end=\"723\">Verz\u00f6gertes Haarwachstum<\/p>\n<\/li>\n<li data-start=\"724\" data-end=\"759\">\n<p data-start=\"726\" data-end=\"759\">Ausd\u00fcnnung des Scheitels bei M\u00e4nnern<\/p>\n<\/li>\n<\/ul>\n<hr data-start=\"761\" data-end=\"764\" \/>\n<h1 data-start=\"766\" data-end=\"806\">\ud83c\udf3f <strong data-start=\"771\" data-end=\"806\">2) Welche Produkte sind in der Verpackung enthalten?<\/strong><\/h1>\n<h3 data-start=\"808\" data-end=\"824\">\u2714 <strong data-start=\"814\" data-end=\"822\">Zink<\/strong><\/h3>\n<p data-start=\"825\" data-end=\"884\">St\u00e4rkt die Haarwurzeln und regt das Haarwachstum an.<\/p>\n<h3 data-start=\"886\" data-end=\"916\">\u2714 <strong data-start=\"892\" data-end=\"914\">Calcium mit Lecithin<\/strong><\/h3>\n<p data-start=\"917\" data-end=\"977\">Es n\u00e4hrt den Haarfollikel und f\u00f6rdert die Zellregeneration.<\/p>\n<h3 data-start=\"979\" data-end=\"999\">\u2714 <strong data-start=\"985\" data-end=\"997\">Selen<\/strong><\/h3>\n<p data-start=\"1000\" data-end=\"1074\">Dank seiner antioxidativen Wirkung reduziert es Entz\u00fcndungen an der Haarwurzel und stoppt Haarausfall.<\/p>\n<hr data-start=\"1076\" data-end=\"1079\" \/>\n<h1 data-start=\"1081\" data-end=\"1131\">\ud83d\udcdd <strong data-start=\"1086\" data-end=\"1131\">3) \u00dcber die Verpackung<\/strong><\/h1>\n<p data-start=\"1133\" data-end=\"1419\"><strong data-start=\"1133\" data-end=\"1157\">Haarausfall-Paket<\/strong> ist ein 30-t\u00e4giges Intensivprogramm, das die Haarfollikel n\u00e4hrt, Haarausfall reduziert und das Wachstum neuer Haare beschleunigt.<br data-start=\"1289\" data-end=\"1292\" \/>Zink st\u00e4rkt die Haarstruktur, Selen sch\u00fctzt die Haarwurzeln als Antioxidans und Lecithin erh\u00f6ht die N\u00e4hrstoffversorgung an der Haarbasis.<\/p>\n<p data-start=\"1421\" data-end=\"1614\">Dieses Programm f\u00fchrt zu Folgendem:<br data-start=\"1446\" data-end=\"1449\" \/>\u2714 Reduziert Haarausfall in 2\u20134 Wochen<br data-start=\"1486\" data-end=\"1489\" \/>\u2714 St\u00e4rkt die Haarwurzeln<br data-start=\"1519\" data-end=\"1522\" \/>\u2714 Aktiviert neues Haarwachstum<br data-start=\"1555\" data-end=\"1558\" \/>\u2714 L\u00e4sst das Haar dicker und gl\u00e4nzender aussehen<\/p>\n<p data-start=\"1616\" data-end=\"1669\">Es ist ideal f\u00fcr alle, die unter Haarausfall leiden.<\/p>\n<hr data-start=\"1671\" data-end=\"1674\" \/>\n<h1 data-start=\"1676\" data-end=\"1720\">\u23f3 <strong data-start=\"1680\" data-end=\"1720\">4) Aufnahmeverfahren \u2013 30-Tage-Programm<\/strong><\/h1>\n<h3 data-start=\"1722\" data-end=\"1735\"><strong data-start=\"1726\" data-end=\"1735\">Morgen<\/strong><\/h3>\n<ul data-start=\"1736\" data-end=\"1819\">\n<li data-start=\"1736\" data-end=\"1774\">\n<p data-start=\"1738\" data-end=\"1774\">1 Kapsel <strong data-start=\"1747\" data-end=\"1755\">Zink<\/strong> \u2013 nach dem Essen<\/p>\n<\/li>\n<li data-start=\"1775\" data-end=\"1819\">\n<p data-start=\"1777\" data-end=\"1819\">1 Kapsel <strong data-start=\"1786\" data-end=\"1798\">Selen<\/strong> \u2013 mit Essen<\/p>\n<\/li>\n<\/ul>\n<h3 data-start=\"1821\" data-end=\"1834\"><strong data-start=\"1825\" data-end=\"1834\">Abend<\/strong><\/h3>\n<ul data-start=\"1835\" data-end=\"1889\">\n<li data-start=\"1835\" data-end=\"1889\">\n<p data-start=\"1837\" data-end=\"1889\">1 Kapsel <strong data-start=\"1846\" data-end=\"1868\">Calcium mit Lecithin<\/strong> \u2013 mit Essen<\/p>\n<\/li>\n<\/ul>\n<p data-start=\"1891\" data-end=\"2005\">\ud83d\udccc Es wird empfohlen, t\u00e4glich mindestens 1,5 Liter Wasser zu trinken.<br data-start=\"1950\" data-end=\"1953\" \/>\ud83d\udccc Die ersten Ver\u00e4nderungen sind normalerweise <strong data-start=\"1981\" data-end=\"1996\">2\u20133 Wochen<\/strong> So scheint es.<\/p>","protected":false},"excerpt":{"rendered":"<p data-start=\"1133\" data-end=\"1419\"><strong data-start=\"1133\" data-end=\"1157\">Auslaufschutzpaket<\/strong> ist ein 30-t\u00e4giges Intensivprogramm, das die Haarfollikel n\u00e4hrt, Haarausfall reduziert und das Wachstum neuer Haare beschleunigt.<br data-start=\"1289\" data-end=\"1292\" \/>Zink st\u00e4rkt die Haarstruktur, Selen sch\u00fctzt die Haarwurzeln als Antioxidans und Lecithin erh\u00f6ht die N\u00e4hrstoffversorgung an der Haarbasis.<\/p>\n<p data-start=\"1421\" data-end=\"1614\">Dieses Programm f\u00fchrt zu Folgendem:<br data-start=\"1446\" data-end=\"1449\" \/>\u2714 Reduziert den Haarausfall in 2\u20134 Wochen<br data-start=\"1486\" data-end=\"1489\" \/>\u2714 St\u00e4rkt die Haarwurzeln<br data-start=\"1519\" data-end=\"1522\" \/>\u2714 Aktiviert neues Haarwachstum<br data-start=\"1555\" data-end=\"1558\" \/>\u2714 L\u00e4sst das Haar dicker und gl\u00e4nzender aussehen<\/p>\n<p data-start=\"1616\" data-end=\"1669\">Ideal f\u00fcr alle, die Probleme mit Haarausfall haben.<\/p>","protected":false},"featured_media":10620,"template":"","meta":[],"product_cat":[189,287,76],"product_tag":[263,237,260,257,254,259,255,258,256,262,264,261,198],"class_list":{"0":"post-10619","1":"product","2":"type-product","3":"status-publish","4":"has-post-thumbnail","6":"product_cat-saglamliq-paketleri","7":"product_cat-butun-mhsullar-v-cihazlar","8":"product_cat-sxsi-gigiyena-vasitlri","9":"product_tag-hormonal-sac-tokulmsi","10":"product_tag-lecithin","11":"product_tag-sac-brpasi","12":"product_tag-sac-guclndirici","13":"product_tag-sac-tokulmsi","14":"product_tag-sac-ucun-vitaminlr","15":"product_tag-saclarin-ziflmsi","16":"product_tag-selenium","17":"product_tag-seyrlm","18":"product_tag-stresdn-sac-tokulmsi","19":"product_tag-tiens-sac-paketi","20":"product_tag-yeni-sac-cixisi","21":"product_tag-zinc","23":"first","24":"instock","25":"taxable","26":"shipping-taxable","27":"purchasable","28":"product-type-simple"},"_links":{"self":[{"href":"https:\/\/tiens.az\/de\/wp-json\/wp\/v2\/product\/10619","targetHints":{"allow":["GET"]}}],"collection":[{"href":"https:\/\/tiens.az\/de\/wp-json\/wp\/v2\/product"}],"about":[{"href":"https:\/\/tiens.az\/de\/wp-json\/wp\/v2\/types\/product"}],"wp:featuredmedia":[{"embeddable":true,"href":"https:\/\/tiens.az\/de\/wp-json\/wp\/v2\/media\/10620"}],"wp:attachment":[{"href":"https:\/\/tiens.az\/de\/wp-json\/wp\/v2\/media?parent=10619"}],"wp:term":[{"taxonomy":"product_cat","embeddable":true,"href":"https:\/\/tiens.az\/de\/wp-json\/wp\/v2\/product_cat?post=10619"},{"taxonomy":"product_tag","embeddable":true,"href":"https:\/\/tiens.az\/de\/wp-json\/wp\/v2\/product_tag?post=10619"}],"curies":[{"name":"wp","href":"https:\/\/api.w.org\/{rel}","templated":true}]}}