{"id":10621,"date":"2025-12-12T16:15:30","date_gmt":"2025-12-12T12:15:30","guid":{"rendered":"https:\/\/tiens.az\/?post_type=product&#038;p=10621"},"modified":"2026-01-07T16:58:06","modified_gmt":"2026-01-07T12:58:06","slug":"ariqlama-paketi-30-gunluk-ariqlama-proqrami","status":"publish","type":"product","link":"https:\/\/tiens.az\/de\/produkt\/30-tage-abnehmprogramm\/","title":{"rendered":"\ud83d\udd25 Abnehmpaket \u2013 30-Tage-Abnehmprogramm"},"content":{"rendered":"<h1 data-start=\"158\" data-end=\"214\">\ud83d\udd25 <strong data-start=\"163\" data-end=\"214\">Abnehmpaket \u2013 30-Tage-Abnehmprogramm<\/strong><\/h1>\n<h3 data-start=\"216\" data-end=\"233\"><strong data-start=\"220\" data-end=\"231\">Zusammensetzung:<\/strong><\/h3>\n<p data-start=\"234\" data-end=\"278\">\u2714 Chitosan<br data-start=\"244\" data-end=\"247\" \/>\u2714 Zellulose<br data-start=\"258\" data-end=\"261\" \/>\u2714 Antilipid-Tee<\/p>\n<p data-start=\"280\" data-end=\"386\">Dieses Trio ist die wirkungsvollste Kombination, die die Fettverbrennung beschleunigt, ein S\u00e4ttigungsgef\u00fchl erzeugt und die Leber reinigt.<\/p>\n<hr data-start=\"388\" data-end=\"391\" \/>\n<h1 data-start=\"393\" data-end=\"432\">\u2705 <strong data-start=\"397\" data-end=\"432\">1) Probleme \u2013 F\u00fcr wen ist es gedacht?<\/strong><\/h1>\n<p data-start=\"434\" data-end=\"471\">Dieses Paket eignet sich ideal f\u00fcr folgende Situationen:<\/p>\n<ul data-start=\"473\" data-end=\"697\">\n<li data-start=\"473\" data-end=\"499\">\n<p data-start=\"475\" data-end=\"499\">Fettleibigkeit und \u00dcbergewicht<\/p>\n<\/li>\n<li data-start=\"500\" data-end=\"529\">\n<p data-start=\"502\" data-end=\"529\">Fettansammlung im Bauchbereich<\/p>\n<\/li>\n<li data-start=\"530\" data-end=\"579\">\n<p data-start=\"532\" data-end=\"579\">\u00dcberm\u00e4\u00dfiges Essen, unkontrollierter Appetit<\/p>\n<\/li>\n<li data-start=\"580\" data-end=\"618\">\n<p data-start=\"582\" data-end=\"618\">Verlangsamung des Stoffwechsels<\/p>\n<\/li>\n<li data-start=\"619\" data-end=\"648\">\n<p data-start=\"621\" data-end=\"648\">Schwellungen und Wassereinlagerungen<\/p>\n<\/li>\n<li data-start=\"649\" data-end=\"675\">\n<p data-start=\"651\" data-end=\"675\">Bewegungsmangel<\/p>\n<\/li>\n<li data-start=\"676\" data-end=\"697\">\n<p data-start=\"678\" data-end=\"697\">Stoffwechselschw\u00e4che<\/p>\n<\/li>\n<\/ul>\n<p data-start=\"699\" data-end=\"748\">Das Paket eignet sich sowohl f\u00fcr M\u00e4nner als auch f\u00fcr Frauen.<\/p>\n<hr data-start=\"750\" data-end=\"753\" \/>\n<h1 data-start=\"755\" data-end=\"795\">\ud83c\udf3f <strong data-start=\"760\" data-end=\"795\">2) Welche Produkte sind in der Verpackung enthalten?<\/strong><\/h1>\n<h3 data-start=\"797\" data-end=\"817\">\u2714 <strong data-start=\"803\" data-end=\"815\">Chitosan<\/strong><\/h3>\n<p data-start=\"818\" data-end=\"873\">Es absorbiert Fette und scheidet sie aus dem K\u00f6rper aus, wodurch der Appetit reduziert wird.<\/p>\n<h3 data-start=\"875\" data-end=\"896\">\u2714 <strong data-start=\"881\" data-end=\"894\">Zellulose<\/strong><\/h3>\n<p data-start=\"897\" data-end=\"978\">Es reinigt den Darm, erzeugt ein S\u00e4ttigungsgef\u00fchl und hilft, die Kalorienzufuhr zu kontrollieren.<\/p>\n<h3 data-start=\"980\" data-end=\"1005\">\u2714 <strong data-start=\"986\" data-end=\"1003\">Antilipid-Tee<\/strong><\/h3>\n<p data-start=\"1006\" data-end=\"1081\">Es reinigt die Leber, beschleunigt den Fettstoffwechsel und reduziert Schwellungen.<\/p>\n<hr data-start=\"1083\" data-end=\"1086\" \/>\n<h1 data-start=\"1088\" data-end=\"1138\">\ud83d\udcdd <strong data-start=\"1093\" data-end=\"1138\">3) \u00dcber die Verpackung<\/strong><\/h1>\n<p data-start=\"1140\" data-end=\"1421\"><strong data-start=\"1140\" data-end=\"1161\">Abnehmpaket<\/strong> \u2014 ist ein 30-t\u00e4giges Gewichtsabnahmeprogramm, das darauf abzielt, Fett zu verbrennen, den Appetit zu kontrollieren und das Verdauungssystem zu reinigen.<br data-start=\"1281\" data-end=\"1284\" \/>Chitosan bindet Fette, Cellulose erzeugt ein S\u00e4ttigungsgef\u00fchl und Antilipid-Tee aktiviert den Stoffwechsel durch die Reinigung der Leber.<\/p>\n<p data-start=\"1423\" data-end=\"1611\">Dieses Paket f\u00fchrt zu Folgendem:<br data-start=\"1446\" data-end=\"1449\" \/>\u2714 Gewichtsverlust von 2\u20136 kg<br data-start=\"1477\" data-end=\"1480\" \/>\u2714 Reduzierung des Bauchfetts<br data-start=\"1510\" data-end=\"1513\" \/>\u2714 Appetitausgleich<br data-start=\"1538\" data-end=\"1541\" \/>\u2714 Verbesserte Verdauung und Stoffwechsel<br data-start=\"1576\" data-end=\"1579\" \/>\u2714 Ich f\u00fchle mich leichter und energiegeladener.<\/p>\n<hr data-start=\"1613\" data-end=\"1616\" \/>\n<h1 data-start=\"1618\" data-end=\"1662\">\u23f3 <strong data-start=\"1622\" data-end=\"1662\">4) Aufnahmeverfahren \u2013 30-Tage-Programm<\/strong><\/h1>\n<h3 data-start=\"1664\" data-end=\"1677\"><strong data-start=\"1668\" data-end=\"1677\">Morgen<\/strong><\/h3>\n<ul data-start=\"1678\" data-end=\"1727\">\n<li data-start=\"1678\" data-end=\"1727\">\n<p data-start=\"1680\" data-end=\"1727\">30 Minuten vor dem Essen: <strong data-start=\"1706\" data-end=\"1727\">1 Kapsel Chitosan<\/strong><\/p>\n<\/li>\n<\/ul>\n<h3 data-start=\"1729\" data-end=\"1744\"><strong data-start=\"1733\" data-end=\"1744\">Nachmittag<\/strong><\/h3>\n<ul data-start=\"1745\" data-end=\"1787\">\n<li data-start=\"1745\" data-end=\"1787\">\n<p data-start=\"1747\" data-end=\"1787\">Mit Essen: <strong data-start=\"1765\" data-end=\"1787\">1 Kapsel Cellulose<\/strong><\/p>\n<\/li>\n<\/ul>\n<h3 data-start=\"1789\" data-end=\"1802\"><strong data-start=\"1793\" data-end=\"1802\">Abend<\/strong><\/h3>\n<ul data-start=\"1803\" data-end=\"1850\">\n<li data-start=\"1803\" data-end=\"1850\">\n<p data-start=\"1805\" data-end=\"1850\">In 1 Tasse hei\u00dfem Wasser: <strong data-start=\"1825\" data-end=\"1850\">1 Packung Antilipid-Tee<\/strong><\/p>\n<\/li>\n<\/ul>\n<p data-start=\"1852\" data-end=\"1956\">\ud83d\udccc Mindestens tags\u00fcber <strong data-start=\"1875\" data-end=\"1888\">2 Liter Wasser<\/strong> sollte betrunken sein.<br data-start=\"1901\" data-end=\"1904\" \/>\ud83d\udccc In Kombination mit Portionskontrolle erzielt man hervorragende Ergebnisse.<\/p>","protected":false},"excerpt":{"rendered":"<p data-start=\"1140\" data-end=\"1421\"><strong data-start=\"1140\" data-end=\"1161\">Abnehmpaket<\/strong> \u2014 ist ein 30-t\u00e4giges Gewichtsabnahmeprogramm, das darauf abzielt, Fett zu verbrennen, den Appetit zu kontrollieren und das Verdauungssystem zu reinigen.<br data-start=\"1281\" data-end=\"1284\" \/>Chitosan bindet Fette, Cellulose erzeugt ein S\u00e4ttigungsgef\u00fchl und Antilipid-Tee aktiviert den Stoffwechsel durch die Reinigung der Leber.<\/p>","protected":false},"featured_media":10622,"template":"","meta":[],"product_cat":[189,287,75],"product_tag":[236,266,273,223,270,275,269,265,272,268,271,274,267],"class_list":{"0":"post-10621","1":"product","2":"type-product","3":"status-publish","4":"has-post-thumbnail","6":"product_cat-saglamliq-paketleri","7":"product_cat-butun-mhsullar-v-cihazlar","8":"product_cat-hzm-v-ariqlama","9":"product_tag-antilipid-cay","10":"product_tag-ariqlama","11":"product_tag-cki-azaldilmasi","12":"product_tag-chitosan","13":"product_tag-detoks","14":"product_tag-dieta-dstyi","15":"product_tag-istaha-azaldilmasi","16":"product_tag-kilo-verm","17":"product_tag-metabolizm","18":"product_tag-qarin-yaglanmasi","19":"product_tag-sellulosa","20":"product_tag-tiens-kilo-paketi","21":"product_tag-yag-yandirma","23":"first","24":"instock","25":"taxable","26":"shipping-taxable","27":"purchasable","28":"product-type-simple"},"_links":{"self":[{"href":"https:\/\/tiens.az\/de\/wp-json\/wp\/v2\/product\/10621","targetHints":{"allow":["GET"]}}],"collection":[{"href":"https:\/\/tiens.az\/de\/wp-json\/wp\/v2\/product"}],"about":[{"href":"https:\/\/tiens.az\/de\/wp-json\/wp\/v2\/types\/product"}],"wp:featuredmedia":[{"embeddable":true,"href":"https:\/\/tiens.az\/de\/wp-json\/wp\/v2\/media\/10622"}],"wp:attachment":[{"href":"https:\/\/tiens.az\/de\/wp-json\/wp\/v2\/media?parent=10621"}],"wp:term":[{"taxonomy":"product_cat","embeddable":true,"href":"https:\/\/tiens.az\/de\/wp-json\/wp\/v2\/product_cat?post=10621"},{"taxonomy":"product_tag","embeddable":true,"href":"https:\/\/tiens.az\/de\/wp-json\/wp\/v2\/product_tag?post=10621"}],"curies":[{"name":"wp","href":"https:\/\/api.w.org\/{rel}","templated":true}]}}