{"id":10096,"date":"2025-06-08T17:22:07","date_gmt":"2025-06-08T17:22:07","guid":{"rendered":"https:\/\/tiens.az\/?post_type=product&#038;p=10096"},"modified":"2026-01-05T14:28:19","modified_gmt":"2026-01-05T10:28:19","slug":"tiens-zinc-200mg-60kapsul","status":"publish","type":"product","link":"https:\/\/tiens.az\/fr\/produit\/tens-zinc-200-mg-60-gelules\/","title":{"rendered":"Zinc Tiens \u2013 Compl\u00e9ment alimentaire, 200 mg, 60 g\u00e9lules"},"content":{"rendered":"<h3 data-start=\"273\" data-end=\"313\"><strong data-start=\"277\" data-end=\"311\">Zinc Tiens \u2013 200 mg, 60 capsules<\/strong><\/h3>\n<p data-start=\"314\" data-end=\"383\"><strong data-start=\"314\" data-end=\"383\">Un puissant alli\u00e9 pour votre syst\u00e8me immunitaire, un min\u00e9ral essentiel pour une vie saine !<\/strong><\/p>\n<p data-start=\"385\" data-end=\"725\"><strong data-start=\"385\" data-end=\"405\">\u00c0 propos du produit\u00a0:<\/strong><br data-start=\"405\" data-end=\"408\" \/>Tiens Zinc est un compl\u00e9ment alimentaire enrichi en zinc, un min\u00e9ral essentiel au bon fonctionnement de l&#039;organisme. Chaque capsule contient 200 mg de zinc de haute qualit\u00e9, particuli\u00e8rement <strong data-start=\"601\" data-end=\"633\">renforcer le syst\u00e8me immunitaire<\/strong>, <strong data-start=\"635\" data-end=\"668\">soutenir la sant\u00e9 de la peau<\/strong> et <strong data-start=\"672\" data-end=\"703\">augmenter les niveaux d&#039;\u00e9nergie<\/strong> destin\u00e9 \u00e0.<\/p>\n<p data-start=\"727\" data-end=\"1034\"><strong data-start=\"727\" data-end=\"746\">Principaux avantages\u00a0:<\/strong><br data-start=\"746\" data-end=\"749\" \/>\u2705 Renforce le syst\u00e8me immunitaire<br data-start=\"782\" data-end=\"785\" \/>\u2705 Favorise le renouvellement et la division cellulaires<br data-start=\"840\" data-end=\"843\" \/>\u2705 Pr\u00e9serve la sant\u00e9 de la peau et acc\u00e9l\u00e8re la cicatrisation.<br data-start=\"912\" data-end=\"915\" \/>\u2705 R\u00e9gule le m\u00e9tabolisme<br data-start=\"950\" data-end=\"953\" \/>\u2705 Contribue au maintien de l&#039;\u00e9quilibre hormonal<br data-start=\"994\" data-end=\"997\" \/>\u2705 Pr\u00e9vient les carences en zinc<\/p>\n<p data-start=\"1036\" data-end=\"1244\"><strong data-start=\"1036\" data-end=\"1057\">Instructions d&#039;utilisation\u00a0:<\/strong><br data-start=\"1057\" data-end=\"1060\" \/>Prendre 1 \u00e0 2 g\u00e9lules par jour apr\u00e8s les repas, avec un verre d&#039;eau. Une utilisation r\u00e9guli\u00e8re garantit un effet optimal. En cas de grossesse ou de probl\u00e8mes de sant\u00e9 particuliers, un avis m\u00e9dical est recommand\u00e9.<\/p>\n<p data-start=\"1246\" data-end=\"1460\"><strong data-start=\"1246\" data-end=\"1271\">\u00c0 qui convient-il ?<\/strong><br data-start=\"1271\" data-end=\"1274\" \/>\u2714 Ceux qui tombent souvent malades<br data-start=\"1297\" data-end=\"1300\" \/>\u2714 Les personnes qui souffrent de probl\u00e8mes de peau (acn\u00e9, s\u00e9cheresse, etc.)<br data-start=\"1354\" data-end=\"1357\" \/>\u2714 Ceux qui ressentent un manque d&#039;\u00e9nergie et de la fatigue<br data-start=\"1404\" data-end=\"1407\" \/>\u2714 Toute personne souhaitant prendre soin de son corps naturellement<\/p>\n<p data-start=\"1462\" data-end=\"1532\"><strong data-start=\"1462\" data-end=\"1478\">Conditionnement:<\/strong><br data-start=\"1478\" data-end=\"1481\" \/>1 bo\u00eete \u2013 60 capsules (convient pour 1 mois d&#039;utilisation)<\/p>\n<p data-start=\"1534\" data-end=\"1611\"><strong data-start=\"1534\" data-end=\"1555\">Origine du produit :<\/strong><br data-start=\"1555\" data-end=\"1558\" \/>Tiens \u2013 Marque internationale de sant\u00e9 et de biotechnologie<\/p>","protected":false},"excerpt":{"rendered":"<p>Tiens Zinc est un compl\u00e9ment alimentaire enrichi en zinc, un min\u00e9ral essentiel au bon fonctionnement de l&#039;organisme. Chaque capsule contient 200 mg de zinc de haute qualit\u00e9, particuli\u00e8rement <strong data-start=\"601\" data-end=\"633\">renforcer le syst\u00e8me immunitaire<\/strong>, <strong data-start=\"635\" data-end=\"668\">soutenir la sant\u00e9 de la peau<\/strong> et <strong data-start=\"672\" data-end=\"703\">augmenter les niveaux d&#039;\u00e9nergie<\/strong> destin\u00e9 \u00e0.<\/p>","protected":false},"featured_media":10097,"template":"","meta":[],"product_cat":[71,287,73,77],"product_tag":[451,452,388,387,449,334,448,454,394,447,445,446,450,453,341,336],"class_list":{"0":"post-10096","1":"product","2":"type-product","3":"status-publish","4":"has-post-thumbnail","6":"product_cat-qida-elaveleri","7":"product_cat-butun-mhsullar-v-cihazlar","8":"product_cat-immunitet-v-enerji","9":"product_cat-usaq-saglamligi","10":"product_tag-dri-v-sac-saglamligi","11":"product_tag-dirnaq-mohkmlndirm","12":"product_tag-gundlik-mikroelement-ehtiyaci","13":"product_tag-hormon-balansi-dstyi","14":"product_tag-iltihab-leyhin-dstk","15":"product_tag-immunitet-guclndirm","16":"product_tag-kisi-saglamligi","17":"product_tag-kisilr-ucun","18":"product_tag-metabolik-dstk","19":"product_tag-prostat-saglamligi-dstyi","20":"product_tag-sink-dstyi","21":"product_tag-sink-qiymti","22":"product_tag-sperma-keyfiyyti-dstyi","23":"product_tag-stress-altinda-olanlar-ucun","24":"product_tag-umumi-saglamliq-proqrami","25":"product_tag-yorgunluga-qarsi-dstk","27":"first","28":"instock","29":"purchasable","30":"product-type-simple"},"_links":{"self":[{"href":"https:\/\/tiens.az\/fr\/wp-json\/wp\/v2\/product\/10096","targetHints":{"allow":["GET"]}}],"collection":[{"href":"https:\/\/tiens.az\/fr\/wp-json\/wp\/v2\/product"}],"about":[{"href":"https:\/\/tiens.az\/fr\/wp-json\/wp\/v2\/types\/product"}],"wp:featuredmedia":[{"embeddable":true,"href":"https:\/\/tiens.az\/fr\/wp-json\/wp\/v2\/media\/10097"}],"wp:attachment":[{"href":"https:\/\/tiens.az\/fr\/wp-json\/wp\/v2\/media?parent=10096"}],"wp:term":[{"taxonomy":"product_cat","embeddable":true,"href":"https:\/\/tiens.az\/fr\/wp-json\/wp\/v2\/product_cat?post=10096"},{"taxonomy":"product_tag","embeddable":true,"href":"https:\/\/tiens.az\/fr\/wp-json\/wp\/v2\/product_tag?post=10096"}],"curies":[{"name":"wp","href":"https:\/\/api.w.org\/{rel}","templated":true}]}}