{"id":10107,"date":"2025-06-08T17:56:26","date_gmt":"2025-06-08T17:56:26","guid":{"rendered":"https:\/\/tiens.az\/?post_type=product&#038;p=10107"},"modified":"2026-01-05T14:24:37","modified_gmt":"2026-01-05T10:24:37","slug":"tiens-ariqlama-cayi-detoks-c%c9%99ki-azaltmaq","status":"publish","type":"product","link":"https:\/\/tiens.az\/fr\/produit\/the-minceur-detox-tiens-c\u0259ki-reduire\/","title":{"rendered":"Tisane minceur Tiens \u2013 M\u00e9lange naturel de plantes pour la d\u00e9tox et la perte de poids, 40 sachets"},"content":{"rendered":"<p data-start=\"548\" data-end=\"703\"><strong data-start=\"548\" data-end=\"590\">Th\u00e9 minceur Tiens \u2013 1,5 g \u00d7 40 sachets<\/strong><br data-start=\"590\" data-end=\"593\" \/>Tisane naturelle aux herbes, \u00e9labor\u00e9e selon d&#039;anciennes recettes chinoises pour la d\u00e9toxification, le soutien contre l&#039;ob\u00e9sit\u00e9 et le bien-\u00eatre g\u00e9n\u00e9ral.<\/p>\n<p data-start=\"705\" data-end=\"986\"><strong data-start=\"705\" data-end=\"725\">\u00c0 propos du produit\u00a0:<\/strong><br data-start=\"725\" data-end=\"728\" \/>Le th\u00e9 minceur Tiens est une infusion de haute qualit\u00e9, riche en actifs biologiques, \u00e9labor\u00e9e \u00e0 partir d&#039;une synth\u00e8se de plantes m\u00e9dicinales s\u00e9lectionn\u00e9es et transform\u00e9e gr\u00e2ce \u00e0 la biotechnologie allemande. Il r\u00e9gule le syst\u00e8me digestif, \u00e9limine les toxines de l&#039;organisme et favorise la perte de poids.<\/p>\n<p data-start=\"988\" data-end=\"1467\"><strong data-start=\"988\" data-end=\"1007\">Principaux avantages\u00a0:<\/strong><br data-start=\"1007\" data-end=\"1010\" \/>\u2705 Am\u00e9liore le syst\u00e8me digestif et \u00e9limine les ballonnements<br data-start=\"1064\" data-end=\"1067\" \/>\u2705 Contribue \u00e0 la r\u00e9duction du poids et \u00e0 la d\u00e9gradation des tissus adipeux<br data-start=\"1137\" data-end=\"1140\" \/>\u2705 R\u00e9gule le fonctionnement du foie, de la v\u00e9sicule biliaire et du pancr\u00e9as<br data-start=\"1205\" data-end=\"1208\" \/>\u2705 Poss\u00e8de un effet anti-inflammatoire et anti-\u0153d\u00e9mateux<br data-start=\"1252\" data-end=\"1255\" \/>\u2705 Redonne \u00e0 la peau un aspect sain, att\u00e9nue les taches pigmentaires et les poches sous les yeux<br data-start=\"1342\" data-end=\"1345\" \/>\u2705 Stimule la circulation sanguine et am\u00e9liore le tonus g\u00e9n\u00e9ral<br data-start=\"1399\" data-end=\"1402\" \/>\u2705 Agit comme agent antimicrobien et anti-inflammatoire naturel<\/p>\n<p data-start=\"1469\" data-end=\"1506\"><strong data-start=\"1469\" data-end=\"1504\">Ingr\u00e9dients actifs contenus :<\/strong><\/p>\n<ul data-start=\"1507\" data-end=\"1799\">\n<li data-start=\"1507\" data-end=\"1543\">\n<p data-start=\"1509\" data-end=\"1543\">Th\u00e9 du dragon noir (br\u00fbleur de graisse)<\/p>\n<\/li>\n<li data-start=\"1544\" data-end=\"1589\">\n<p data-start=\"1546\" data-end=\"1589\">Th\u00e9 Kudin (anti-inflammatoire et antipyr\u00e9tique)<\/p>\n<\/li>\n<li data-start=\"1590\" data-end=\"1641\">\n<p data-start=\"1592\" data-end=\"1641\">Feuilles de lotus (effet sur la circulation sanguine et la pression art\u00e9rielle)<\/p>\n<\/li>\n<li data-start=\"1642\" data-end=\"1686\">\n<p data-start=\"1644\" data-end=\"1686\">Chastukha (d\u00e9sint\u00e9gration de la graisse sous-cutan\u00e9e)<\/p>\n<\/li>\n<li data-start=\"1687\" data-end=\"1740\">\n<p data-start=\"1689\" data-end=\"1740\">Complexe vitaminique riche : E, D, C, K, PP, groupe B<\/p>\n<\/li>\n<li data-start=\"1741\" data-end=\"1799\">\n<p data-start=\"1743\" data-end=\"1799\">Min\u00e9raux : calcium, fer, magn\u00e9sium, zinc, s\u00e9l\u00e9nium, etc.<\/p>\n<\/li>\n<\/ul>\n<p data-start=\"1801\" data-end=\"2035\"><strong data-start=\"1801\" data-end=\"1822\">Instructions d&#039;utilisation\u00a0:<\/strong><br data-start=\"1822\" data-end=\"1825\" \/>Laissez infuser un sachet dans 1 \u00e0 2 litres d&#039;eau chaude (dans un thermos ou un r\u00e9cipient ferm\u00e9) pendant 30 minutes. Il est conseill\u00e9 de boire cette infusion chaude tout au long de la journ\u00e9e, en famille. Vous pouvez y ajouter des herbes aromatiques comme du gingembre, du thym, de la cannelle, etc., selon votre go\u00fbt.<\/p>\n<p data-start=\"2037\" data-end=\"2085\"><strong data-start=\"2037\" data-end=\"2059\">Formulaire de d\u00e9charge :<\/strong><br data-start=\"2059\" data-end=\"2062\" \/>40 sachets \u00d7 1,5 g par bo\u00eete<\/p>\n<p data-start=\"2087\" data-end=\"2358\"><strong data-start=\"2087\" data-end=\"2112\">\u00c0 qui convient-il ?<\/strong><br data-start=\"2112\" data-end=\"2115\" \/>\u2714 Les personnes en surpoids<br data-start=\"2147\" data-end=\"2150\" \/>\u2714 Ceux qui souhaitent d\u00e9toxifier et purifier leur corps<br data-start=\"2200\" data-end=\"2203\" \/>\u2714 Les personnes souffrant de probl\u00e8mes h\u00e9patiques et digestifs<br data-start=\"2245\" data-end=\"2248\" \/>\u2714 Ceux qui recherchent \u00e9nergie et sant\u00e9 par des moyens naturels<br data-start=\"2295\" data-end=\"2298\" \/>\u2714 Les athl\u00e8tes et les personnes souhaitant contr\u00f4ler leur poids avant une comp\u00e9tition<\/p>","protected":false},"excerpt":{"rendered":"<p data-start=\"608\" data-end=\"902\"><strong data-start=\"705\" data-end=\"725\">\u00c0 propos du produit\u00a0:<\/strong><br data-start=\"725\" data-end=\"728\" \/>Le th\u00e9 minceur Tiens est une infusion de haute qualit\u00e9, riche en actifs biologiques, \u00e9labor\u00e9e \u00e0 partir d&#039;une synth\u00e8se de plantes m\u00e9dicinales s\u00e9lectionn\u00e9es et transform\u00e9e gr\u00e2ce \u00e0 la biotechnologie allemande. Il r\u00e9gule le syst\u00e8me digestif, \u00e9limine les toxines de l&#039;organisme et favorise la perte de poids.<\/p>","protected":false},"featured_media":10108,"template":"","meta":[],"product_cat":[75,287,78,71],"product_tag":[396,400,353,407,398,397,404,405,402,337,403,406,352,399,401],"class_list":{"0":"post-10107","1":"product","2":"type-product","3":"status-publish","4":"has-post-thumbnail","6":"product_cat-hzm-v-ariqlama","7":"product_cat-butun-mhsullar-v-cihazlar","8":"product_cat-qadin-saglamligi-v-gigiyenasi","9":"product_cat-qida-elaveleri","10":"product_tag-ariqlama-dstyi","11":"product_tag-bagirsaq-faliyyti-dstyi","12":"product_tag-bdnin-tmizlnmsi","13":"product_tag-cki-azaldan-proqramlar","14":"product_tag-cki-nzarti","15":"product_tag-detoks-cayi","16":"product_tag-enerji-v-yungulluk-hissi","17":"product_tag-gundlik-detoks-proqrami","18":"product_tag-istah-nzarti-dstyi","19":"product_tag-maddlr-mubadilsi-dstyi","20":"product_tag-maye-balansi-dstyi","21":"product_tag-qadinlar-v-kisilr-ucun","22":"product_tag-saglam-hyat-trzi","23":"product_tag-siskinliyin-azalmasi","24":"product_tag-tbii-bitki-qarisigi","26":"first","27":"instock","28":"taxable","29":"shipping-taxable","30":"purchasable","31":"product-type-simple"},"_links":{"self":[{"href":"https:\/\/tiens.az\/fr\/wp-json\/wp\/v2\/product\/10107","targetHints":{"allow":["GET"]}}],"collection":[{"href":"https:\/\/tiens.az\/fr\/wp-json\/wp\/v2\/product"}],"about":[{"href":"https:\/\/tiens.az\/fr\/wp-json\/wp\/v2\/types\/product"}],"wp:featuredmedia":[{"embeddable":true,"href":"https:\/\/tiens.az\/fr\/wp-json\/wp\/v2\/media\/10108"}],"wp:attachment":[{"href":"https:\/\/tiens.az\/fr\/wp-json\/wp\/v2\/media?parent=10107"}],"wp:term":[{"taxonomy":"product_cat","embeddable":true,"href":"https:\/\/tiens.az\/fr\/wp-json\/wp\/v2\/product_cat?post=10107"},{"taxonomy":"product_tag","embeddable":true,"href":"https:\/\/tiens.az\/fr\/wp-json\/wp\/v2\/product_tag?post=10107"}],"curies":[{"name":"wp","href":"https:\/\/api.w.org\/{rel}","templated":true}]}}