{"id":10112,"date":"2025-06-08T18:15:33","date_gmt":"2025-06-08T18:15:33","guid":{"rendered":"https:\/\/tiens.az\/?post_type=product&#038;p=10112"},"modified":"2026-01-05T14:23:38","modified_gmt":"2026-01-05T10:23:38","slug":"tiens-selen-antioksidant-v%c9%99-immunitet-d%c9%99st%c9%99yi-60-kapsul","status":"publish","type":"product","link":"https:\/\/tiens.az\/fr\/produit\/thiens-selenium-antioxydant-v\u0259-immunite-d\u0259st\u0259yi-60-capsules\/","title":{"rendered":"Tiens Selenium \u2013 Antioxydant et soutien immunitaire, 60 capsules"},"content":{"rendered":"<p data-start=\"524\" data-end=\"612\"><strong data-start=\"524\" data-end=\"560\">Tiens S\u00e9l\u00e9nium \u2013 Antioxydant et stimulant immunitaire | Tiens S\u00e9l\u00e9nium \u2013 280 mg \u00d7 60 capsules<\/strong><br data-start=\"560\" data-end=\"563\" \/>Prot\u00e9gez votre corps, renouvelez vos cellules !<\/p>\n<p data-start=\"614\" data-end=\"917\"><strong data-start=\"614\" data-end=\"634\">\u00c0 propos du produit\u00a0:<\/strong><br data-start=\"634\" data-end=\"637\" \/>Les capsules de s\u00e9l\u00e9nium Tiens sont un compl\u00e9ment alimentaire bioactif puissant con\u00e7u pour maintenir des niveaux normaux de s\u00e9l\u00e9nium dans l&#039;organisme. <strong data-start=\"776\" data-end=\"803\">zinc, calcium et potassium<\/strong> ainsi que des micronutriments essentiels tels que <strong data-start=\"854\" data-end=\"898\">en mati\u00e8re de production d&#039;\u00e9nergie et d&#039;\u00e9quilibre hormonal<\/strong> joue un r\u00f4le important.<\/p>\n<p data-start=\"919\" data-end=\"1082\">Ce produit participe \u00e0 l&#039;activit\u00e9 de plus de 200 enzymes et hormones, renforce l&#039;immunit\u00e9, <strong data-start=\"1015\" data-end=\"1042\">r\u00e9duit le risque de cancer<\/strong> et <strong data-start=\"1046\" data-end=\"1070\">d\u00e9fense antioxydante<\/strong> fournit.<\/p>\n<p data-start=\"1084\" data-end=\"1609\"><strong data-start=\"1084\" data-end=\"1103\">Principaux avantages\u00a0:<\/strong><br data-start=\"1103\" data-end=\"1106\" \/>\u2705 Puissant effet antioxydant \u2013 lutte contre les radicaux libres<br data-start=\"1164\" data-end=\"1167\" \/>\u2705 R\u00e9gule la fonction thyro\u00efdienne<br data-start=\"1213\" data-end=\"1216\" \/>\u2705 Renforce les cheveux et les ongles<br data-start=\"1247\" data-end=\"1250\" \/>\u2705 R\u00e9duit le risque de cancer et les effets secondaires de la chimioth\u00e9rapie<br data-start=\"1308\" data-end=\"1311\" \/>\u2705 Ralentit le processus de vieillissement et maintient le corps en bonne sant\u00e9<br data-start=\"1366\" data-end=\"1369\" \/>\u2705 Utile dans les maladies infectieuses telles que la grippe, l&#039;h\u00e9patite et la tuberculose<br data-start=\"1431\" data-end=\"1434\" \/>\u2705 Recommand\u00e9 aux personnes souffrant d&#039;asthme et d&#039;allergies<br data-start=\"1484\" data-end=\"1487\" \/>\u2705 Acc\u00e9l\u00e8re la cicatrisation des plaies et des br\u00fblures<br data-start=\"1538\" data-end=\"1541\" \/>\u2705 Favorise la production de lymphocytes T et d&#039;anticorps dans le syst\u00e8me immunitaire<\/p>\n<p data-start=\"1611\" data-end=\"1625\"><strong data-start=\"1611\" data-end=\"1623\">Ingr\u00e9dients:<\/strong><\/p>\n<ul data-start=\"1626\" data-end=\"1681\">\n<li data-start=\"1626\" data-end=\"1652\">\n<p data-start=\"1628\" data-end=\"1652\">S\u00e9l\u00e9nium (Se) \u2013 280 mg<\/p>\n<\/li>\n<li data-start=\"1653\" data-end=\"1681\">\n<p data-start=\"1655\" data-end=\"1681\">composants biologiques naturels<\/p>\n<\/li>\n<\/ul>\n<p data-start=\"1683\" data-end=\"1802\"><strong data-start=\"1683\" data-end=\"1704\">Instructions d&#039;utilisation\u00a0:<\/strong><br data-start=\"1704\" data-end=\"1707\" \/>Prendre 1 \u00e0 2 capsules par jour avec de l&#039;eau apr\u00e8s les repas. Une utilisation r\u00e9guli\u00e8re est recommand\u00e9e.<\/p>\n<p data-start=\"1804\" data-end=\"1861\"><strong data-start=\"1804\" data-end=\"1820\">Conditionnement:<\/strong><br data-start=\"1820\" data-end=\"1823\" \/>Flacon \u2013 60 capsules (280 mg chacune)<\/p>\n<p data-start=\"1863\" data-end=\"2118\"><strong data-start=\"1863\" data-end=\"1888\">\u00c0 qui convient-il ?<\/strong><br data-start=\"1888\" data-end=\"1891\" \/>\u2714 Les personnes dont le syst\u00e8me immunitaire est faible<br data-start=\"1916\" data-end=\"1919\" \/>\u2714 Ceux qui souffrent de d\u00e9ficit \u00e9nerg\u00e9tique<br data-start=\"1951\" data-end=\"1954\" \/>\u2714 Les personnes atteintes d&#039;une maladie thyro\u00efdienne<br data-start=\"1991\" data-end=\"1994\" \/>\u2714 Pour ceux qui souhaitent pr\u00e9venir la d\u00e9g\u00e9n\u00e9rescence cellulaire li\u00e9e \u00e0 l&#039;\u00e2ge<br data-start=\"2062\" data-end=\"2065\" \/>\u2714 Pour celles et ceux qui ont besoin d&#039;un soutien pour renforcer leurs cheveux et leurs ongles<\/p>","protected":false},"excerpt":{"rendered":"<p data-start=\"614\" data-end=\"917\"><strong data-start=\"614\" data-end=\"634\">\u00c0 propos du produit\u00a0:<\/strong><br data-start=\"634\" data-end=\"637\" \/>Les capsules de s\u00e9l\u00e9nium Tiens sont un compl\u00e9ment alimentaire bioactif puissant con\u00e7u pour maintenir des niveaux normaux de s\u00e9l\u00e9nium dans l&#039;organisme. <strong data-start=\"776\" data-end=\"803\">zinc, calcium et potassium<\/strong> ainsi que des micronutriments essentiels tels que <strong data-start=\"854\" data-end=\"898\">en mati\u00e8re de production d&#039;\u00e9nergie et d&#039;\u00e9quilibre hormonal<\/strong> joue un r\u00f4le important.<\/p>\n<p data-start=\"919\" data-end=\"1082\">Ce produit participe \u00e0 l&#039;activit\u00e9 de plus de 200 enzymes et hormones, renforce l&#039;immunit\u00e9, <strong data-start=\"1015\" data-end=\"1042\">r\u00e9duit le risque de cancer<\/strong> et <strong data-start=\"1046\" data-end=\"1070\">d\u00e9fense antioxydante<\/strong> fournit.<\/p>","protected":false},"featured_media":10113,"template":"","meta":[],"product_cat":[76,287,71],"product_tag":[385,347,388,387,322,334,329,337,386,344,384,323,365,341,324],"class_list":{"0":"post-10112","1":"product","2":"type-product","3":"status-publish","4":"has-post-thumbnail","6":"product_cat-sxsi-gigiyena-vasitlri","7":"product_cat-butun-mhsullar-v-cihazlar","8":"product_cat-qida-elaveleri","9":"product_tag-antioksidant-qoruma","10":"product_tag-enerji-v-tonus","11":"product_tag-gundlik-mikroelement-ehtiyaci","12":"product_tag-hormon-balansi-dstyi","13":"product_tag-huceyr-qorunmasi","14":"product_tag-immunitet-guclndirm","15":"product_tag-kisilr-v-qadinlar-ucun","16":"product_tag-maddlr-mubadilsi-dstyi","17":"product_tag-qalxanabnzr-vz-dstyi","18":"product_tag-saglam-hyat-trzi-dstyi","19":"product_tag-selen-dstyi","20":"product_tag-srbst-radikallara-qarsi","21":"product_tag-stress-qarsi-dstk","22":"product_tag-umumi-saglamliq-proqrami","23":"product_tag-yaslanmaya-qarsi-dstk","25":"first","26":"instock","27":"taxable","28":"shipping-taxable","29":"purchasable","30":"product-type-simple"},"_links":{"self":[{"href":"https:\/\/tiens.az\/fr\/wp-json\/wp\/v2\/product\/10112","targetHints":{"allow":["GET"]}}],"collection":[{"href":"https:\/\/tiens.az\/fr\/wp-json\/wp\/v2\/product"}],"about":[{"href":"https:\/\/tiens.az\/fr\/wp-json\/wp\/v2\/types\/product"}],"wp:featuredmedia":[{"embeddable":true,"href":"https:\/\/tiens.az\/fr\/wp-json\/wp\/v2\/media\/10113"}],"wp:attachment":[{"href":"https:\/\/tiens.az\/fr\/wp-json\/wp\/v2\/media?parent=10112"}],"wp:term":[{"taxonomy":"product_cat","embeddable":true,"href":"https:\/\/tiens.az\/fr\/wp-json\/wp\/v2\/product_cat?post=10112"},{"taxonomy":"product_tag","embeddable":true,"href":"https:\/\/tiens.az\/fr\/wp-json\/wp\/v2\/product_tag?post=10112"}],"curies":[{"name":"wp","href":"https:\/\/api.w.org\/{rel}","templated":true}]}}