{"id":10118,"date":"2025-06-08T18:27:17","date_gmt":"2025-06-08T18:27:17","guid":{"rendered":"https:\/\/tiens.az\/?post_type=product&#038;p=10118"},"modified":"2026-01-05T14:21:28","modified_gmt":"2026-01-05T10:21:28","slug":"tiens-lecithin-kalsium-enerji-sinir-desteyi","status":"publish","type":"product","link":"https:\/\/tiens.az\/fr\/produit\/tens-lecithine-calcium-energie-soutien-nerveux\/","title":{"rendered":"L\u00e9cithine Tiens + Calcium \u2013 30 capsules pour le soutien du syst\u00e8me nerveux et de l&#039;\u00e9nergie"},"content":{"rendered":"<p data-start=\"539\" data-end=\"662\"><strong data-start=\"539\" data-end=\"587\">L\u00e9cithine de Tiens + Calcium \u2013 0,4 g \u00d7 30 g\u00e9lules<\/strong><br data-start=\"587\" data-end=\"590\" \/>Un soutien \u00e9quilibr\u00e9 pour les performances mentales, la fonction musculaire et les d\u00e9fenses immunitaires !<\/p>\n<p data-start=\"664\" data-end=\"1029\"><strong data-start=\"664\" data-end=\"684\">\u00c0 propos du produit\u00a0:<\/strong><br data-start=\"684\" data-end=\"687\" \/>Les g\u00e9lules Tiens L\u00e9cithine + Calcium sont un compl\u00e9ment alimentaire fonctionnel con\u00e7u pour soutenir le syst\u00e8me nerveux, l&#039;\u00e9quilibre psychologique et le m\u00e9tabolisme \u00e9nerg\u00e9tique au quotidien. <strong data-start=\"866\" data-end=\"904\">complexe de calcium et de vitamine B<\/strong>, r\u00e9gule la fonction musculaire et les activit\u00e9s mentales, <strong data-start=\"961\" data-end=\"972\">l\u00e9cithine<\/strong> joue un r\u00f4le important dans la protection des cellules nerveuses.<\/p>\n<p data-start=\"1031\" data-end=\"1371\"><strong data-start=\"1031\" data-end=\"1050\">Principaux avantages\u00a0:<\/strong><br data-start=\"1050\" data-end=\"1053\" \/>\u2705 Favorise le bon fonctionnement du syst\u00e8me nerveux<br data-start=\"1101\" data-end=\"1104\" \/>\u2705 Maintient l&#039;\u00e9quilibre psychologique et augmente la r\u00e9sistance au stress<br data-start=\"1166\" data-end=\"1169\" \/>\u2705 Soutient la fonction musculaire<br data-start=\"1217\" data-end=\"1220\" \/>\u2705 Contribue \u00e0 r\u00e9duire la fatigue et l&#039;\u00e9puisement<br data-start=\"1270\" data-end=\"1273\" \/>\u2705 Active le syst\u00e8me immunitaire<br data-start=\"1308\" data-end=\"1311\" \/>\u2705 Am\u00e9liore le m\u00e9tabolisme \u00e9nerg\u00e9tique et le m\u00e9tabolisme cellulaire<\/p>\n<p data-start=\"1373\" data-end=\"1387\"><strong data-start=\"1373\" data-end=\"1385\">Ingr\u00e9dients:<\/strong><\/p>\n<ul data-start=\"1388\" data-end=\"1471\">\n<li data-start=\"1388\" data-end=\"1399\">\n<p data-start=\"1390\" data-end=\"1399\">Calcium<\/p>\n<\/li>\n<li data-start=\"1400\" data-end=\"1412\">\n<p data-start=\"1402\" data-end=\"1412\">L\u00e9cithine<\/p>\n<\/li>\n<li data-start=\"1413\" data-end=\"1426\">\n<p data-start=\"1415\" data-end=\"1426\">Vitamine C<\/p>\n<\/li>\n<li data-start=\"1427\" data-end=\"1441\">\n<p data-start=\"1429\" data-end=\"1441\">Vitamine B1<\/p>\n<\/li>\n<li data-start=\"1442\" data-end=\"1457\">\n<p data-start=\"1444\" data-end=\"1457\">Vitamine B12<\/p>\n<\/li>\n<li data-start=\"1458\" data-end=\"1471\">\n<p data-start=\"1460\" data-end=\"1471\">acide folique<\/p>\n<\/li>\n<\/ul>\n<p data-start=\"1473\" data-end=\"1622\"><strong data-start=\"1473\" data-end=\"1494\">Instructions d&#039;utilisation\u00a0:<\/strong><br data-start=\"1494\" data-end=\"1497\" \/>Prendre 3 g\u00e9lules par jour. Chaque g\u00e9lule doit \u00eatre prise apr\u00e8s les repas avec un grand verre d&#039;eau. Ne pas d\u00e9passer la dose journali\u00e8re recommand\u00e9e.<\/p>\n<p data-start=\"1624\" data-end=\"1660\"><strong data-start=\"1624\" data-end=\"1640\">Conditionnement:<\/strong><br data-start=\"1640\" data-end=\"1643\" \/>30 capsules (0,4 g)<\/p>\n<p data-start=\"1662\" data-end=\"1905\"><strong data-start=\"1662\" data-end=\"1687\">\u00c0 qui convient-il ?<\/strong><br data-start=\"1687\" data-end=\"1690\" \/>\u2714 Ceux qui travaillent sous une forte pression mentale et psychologique<br data-start=\"1745\" data-end=\"1748\" \/>\u2714 Les personnes qui se sentent fatigu\u00e9es, faibles et dont le syst\u00e8me immunitaire est affaibli<br data-start=\"1806\" data-end=\"1809\" \/>\u2714 Ceux qui souffrent de faiblesse musculaire et nerveuse<br data-start=\"1853\" data-end=\"1856\" \/>\u2714 Pour ceux qui souhaitent am\u00e9liorer leur concentration et leur m\u00e9moire<\/p>","protected":false},"excerpt":{"rendered":"<p data-start=\"715\" data-end=\"1012\"><strong data-start=\"664\" data-end=\"684\">\u00c0 propos du produit\u00a0:<\/strong><br data-start=\"684\" data-end=\"687\" \/>Les g\u00e9lules Tiens L\u00e9cithine + Calcium sont un compl\u00e9ment alimentaire fonctionnel con\u00e7u pour soutenir le syst\u00e8me nerveux, l&#039;\u00e9quilibre psychologique et le m\u00e9tabolisme \u00e9nerg\u00e9tique au quotidien. <strong data-start=\"866\" data-end=\"904\">complexe de calcium et de vitamine B<\/strong>, r\u00e9gule la fonction musculaire et les activit\u00e9s mentales, <strong data-start=\"961\" data-end=\"972\">l\u00e9cithine<\/strong> joue un r\u00f4le important dans la protection des cellules nerveuses.<\/p>","protected":false},"featured_media":10119,"template":"","meta":[],"product_cat":[74,287,78,71],"product_tag":[339,364,343,347,366,340,367,329,337,302,293,365,341,368,336],"class_list":{"0":"post-10118","1":"product","2":"type-product","3":"status-publish","4":"has-post-thumbnail","6":"product_cat-sumuk-v-oynaqlarin-saglamligi","7":"product_cat-butun-mhsullar-v-cihazlar","8":"product_cat-qadin-saglamligi-v-gigiyenasi","9":"product_cat-qida-elaveleri","10":"product_tag-aktiv-hyat-trzi-ucun","11":"product_tag-beyin-faliyyti-dstyi","12":"product_tag-brpa-v-canlanma","13":"product_tag-enerji-v-tonus","14":"product_tag-zl-v-sinir-funksiyasi","15":"product_tag-gundlik-enerji-ehtiyaci","16":"product_tag-kalsium-dstyi","17":"product_tag-kisilr-v-qadinlar-ucun","18":"product_tag-maddlr-mubadilsi-dstyi","19":"product_tag-mineral-balans-dstyi","20":"product_tag-sinir-sistemi-dstyi","21":"product_tag-stress-qarsi-dstk","22":"product_tag-umumi-saglamliq-proqrami","23":"product_tag-yaddas-v-diqqt","24":"product_tag-yorgunluga-qarsi-dstk","26":"first","27":"instock","28":"taxable","29":"shipping-taxable","30":"purchasable","31":"product-type-simple"},"_links":{"self":[{"href":"https:\/\/tiens.az\/fr\/wp-json\/wp\/v2\/product\/10118","targetHints":{"allow":["GET"]}}],"collection":[{"href":"https:\/\/tiens.az\/fr\/wp-json\/wp\/v2\/product"}],"about":[{"href":"https:\/\/tiens.az\/fr\/wp-json\/wp\/v2\/types\/product"}],"wp:featuredmedia":[{"embeddable":true,"href":"https:\/\/tiens.az\/fr\/wp-json\/wp\/v2\/media\/10119"}],"wp:attachment":[{"href":"https:\/\/tiens.az\/fr\/wp-json\/wp\/v2\/media?parent=10118"}],"wp:term":[{"taxonomy":"product_cat","embeddable":true,"href":"https:\/\/tiens.az\/fr\/wp-json\/wp\/v2\/product_cat?post=10118"},{"taxonomy":"product_tag","embeddable":true,"href":"https:\/\/tiens.az\/fr\/wp-json\/wp\/v2\/product_tag?post=10118"}],"curies":[{"name":"wp","href":"https:\/\/api.w.org\/{rel}","templated":true}]}}