{"id":10122,"date":"2025-06-08T18:37:31","date_gmt":"2025-06-08T18:37:31","guid":{"rendered":"https:\/\/tiens.az\/?post_type=product&#038;p=10122"},"modified":"2026-01-05T14:19:02","modified_gmt":"2026-01-05T10:19:02","slug":"tiens-spirulina-100kapsul","status":"publish","type":"product","link":"https:\/\/tiens.az\/fr\/produit\/tiens-spiruline-100-capsules\/","title":{"rendered":"Spiruline Tiens \u2013 100 capsules pour l&#039;immunit\u00e9 et la sant\u00e9 globale"},"content":{"rendered":"<p data-start=\"551\" data-end=\"653\"><strong data-start=\"551\" data-end=\"601\">G\u00e9lules de spiruline Tiens \u2013 0,25 g \u00d7 100 g\u00e9lules<\/strong><br data-start=\"601\" data-end=\"604\" \/>Renforcez votre corps gr\u00e2ce \u00e0 des aliments naturels !<\/p>\n<p data-start=\"655\" data-end=\"953\"><strong data-start=\"655\" data-end=\"675\">\u00c0 propos du produit\u00a0:<\/strong><br data-start=\"675\" data-end=\"678\" \/>Les g\u00e9lules de spiruline Tiens sont un compl\u00e9ment alimentaire de haute qualit\u00e9, \u00e9labor\u00e9 \u00e0 partir d&#039;algues spiruline naturelles. La spiruline est une riche source de prot\u00e9ines, de vitamines, de min\u00e9raux et d&#039;antioxydants. Elle contribue \u00e0 renforcer l&#039;organisme, \u00e0 fournir de l&#039;\u00e9nergie et \u00e0 maintenir une bonne sant\u00e9 g\u00e9n\u00e9rale.<\/p>\n<p data-start=\"955\" data-end=\"1167\">Ces capsules <strong data-start=\"968\" data-end=\"1016\">r\u00e9tablit l&#039;\u00e9quilibre vitaminique et min\u00e9ral du corps<\/strong>, <strong data-start=\"1018\" data-end=\"1049\">renforce le syst\u00e8me immunitaire<\/strong> et <strong data-start=\"1053\" data-end=\"1083\">r\u00e9duit la fatigue chronique<\/strong>C&#039;est un produit qui favorise une alimentation saine et nourrit le corps naturellement.<\/p>\n<p data-start=\"1169\" data-end=\"1453\"><strong data-start=\"1169\" data-end=\"1188\">Principaux avantages\u00a0:<\/strong><br data-start=\"1188\" data-end=\"1191\" \/>\u2705 Renforce le corps gr\u00e2ce \u00e0 sa haute teneur en prot\u00e9ines<br data-start=\"1238\" data-end=\"1241\" \/>\u2705 Prot\u00e8ge les cellules gr\u00e2ce \u00e0 son effet antioxydant<br data-start=\"1292\" data-end=\"1295\" \/>\u2705 Soutient le syst\u00e8me immunitaire<br data-start=\"1328\" data-end=\"1331\" \/>\u2705 Augmente l&#039;\u00e9nergie et r\u00e9duit la fatigue<br data-start=\"1371\" data-end=\"1374\" \/>\u2705 Assure un \u00e9quilibre en vitamines et min\u00e9raux<br data-start=\"1415\" data-end=\"1418\" \/>\u2705 R\u00e9gule la digestion et le m\u00e9tabolisme<\/p>\n<p data-start=\"1455\" data-end=\"1469\"><strong data-start=\"1455\" data-end=\"1467\">Ingr\u00e9dients:<\/strong><\/p>\n<ul data-start=\"1470\" data-end=\"1558\">\n<li data-start=\"1470\" data-end=\"1517\">\n<p data-start=\"1472\" data-end=\"1517\">Poudre de spiruline naturelle (\u00e0 base de microalgues)<\/p>\n<\/li>\n<li data-start=\"1518\" data-end=\"1558\">\n<p data-start=\"1520\" data-end=\"1558\">Chaque capsule : 0,25 g d&#039;extrait de spiruline<\/p>\n<\/li>\n<\/ul>\n<p data-start=\"1560\" data-end=\"1681\"><strong data-start=\"1560\" data-end=\"1581\">Instructions d&#039;utilisation\u00a0:<\/strong><br data-start=\"1581\" data-end=\"1584\" \/>Prendre 1 \u00e0 2 g\u00e9lules 2 \u00e0 3 fois par jour apr\u00e8s les repas. Il est recommand\u00e9 de boire beaucoup d&#039;eau.<\/p>\n<p data-start=\"1683\" data-end=\"1735\"><strong data-start=\"1683\" data-end=\"1699\">Conditionnement:<\/strong><br data-start=\"1699\" data-end=\"1702\" \/>100 capsules \u2013 dans un pot en plastique<\/p>\n<p data-start=\"1737\" data-end=\"1958\"><strong data-start=\"1737\" data-end=\"1762\">\u00c0 qui convient-il ?<\/strong><br data-start=\"1762\" data-end=\"1765\" \/>\u2714 Les personnes pr\u00e9sentant des carences en vitamines<br data-start=\"1795\" data-end=\"1798\" \/>\u2714 Ceux qui ressentent une fatigue et une faiblesse chroniques<br data-start=\"1841\" data-end=\"1844\" \/>\u2714 Les personnes qui souhaitent renforcer leur corps gr\u00e2ce \u00e0 une alimentation naturelle<br data-start=\"1901\" data-end=\"1904\" \/>\u2714 Pour toute personne souhaitant renforcer son syst\u00e8me immunitaire et b\u00e9n\u00e9ficier d&#039;un regain d&#039;\u00e9nergie.<\/p>","protected":false},"excerpt":{"rendered":"<p data-start=\"655\" data-end=\"953\"><strong data-start=\"655\" data-end=\"675\">\u00c0 propos du produit\u00a0:<\/strong><br data-start=\"675\" data-end=\"678\" \/>Les g\u00e9lules de spiruline Tiens sont un compl\u00e9ment alimentaire de haute qualit\u00e9, \u00e9labor\u00e9 \u00e0 partir d&#039;algues spiruline naturelles. La spiruline est une riche source de prot\u00e9ines, de vitamines, de min\u00e9raux et d&#039;antioxydants. Elle contribue \u00e0 renforcer l&#039;organisme, \u00e0 fournir de l&#039;\u00e9nergie et \u00e0 maintenir une bonne sant\u00e9 g\u00e9n\u00e9rale.<\/p>\n<p data-start=\"955\" data-end=\"1167\">Ces capsules <strong data-start=\"968\" data-end=\"1016\">r\u00e9tablit l&#039;\u00e9quilibre vitaminique et min\u00e9ral du corps<\/strong>, <strong data-start=\"1018\" data-end=\"1049\">renforce le syst\u00e8me immunitaire<\/strong> et <strong data-start=\"1053\" data-end=\"1083\">r\u00e9duit la fatigue chronique<\/strong>C&#039;est un produit qui favorise une alimentation saine et nourrit le corps naturellement.<\/p>","protected":false},"featured_media":10192,"template":"","meta":[],"product_cat":[73,287,78,71],"product_tag":[346,348,353,181,347,351,349,345,329,337,352,354,328,350,336],"class_list":{"0":"post-10122","1":"product","2":"type-product","3":"status-publish","4":"has-post-thumbnail","6":"product_cat-immunitet-v-enerji","7":"product_cat-butun-mhsullar-v-cihazlar","8":"product_cat-qadin-saglamligi-v-gigiyenasi","9":"product_cat-qida-elaveleri","10":"product_tag-antioksidant-mnbyi","11":"product_tag-bagirsaq-saglamligi","12":"product_tag-bdnin-tmizlnmsi","13":"product_tag-detoks-dstyi","14":"product_tag-enerji-v-tonus","15":"product_tag-gundlik-saglamliq-ucun","16":"product_tag-huceyr-brpasi-dstyi","17":"product_tag-immunitet-dstyi","18":"product_tag-kisilr-v-qadinlar-ucun","19":"product_tag-maddlr-mubadilsi-dstyi","20":"product_tag-saglam-hyat-trzi","21":"product_tag-tbii-mikroalg-lavsi","22":"product_tag-umumi-saglamliq-dstyi","23":"product_tag-vitamin-v-mineral-dstyi","24":"product_tag-yorgunluga-qarsi-dstk","26":"first","27":"instock","28":"taxable","29":"shipping-taxable","30":"purchasable","31":"product-type-simple"},"_links":{"self":[{"href":"https:\/\/tiens.az\/fr\/wp-json\/wp\/v2\/product\/10122","targetHints":{"allow":["GET"]}}],"collection":[{"href":"https:\/\/tiens.az\/fr\/wp-json\/wp\/v2\/product"}],"about":[{"href":"https:\/\/tiens.az\/fr\/wp-json\/wp\/v2\/types\/product"}],"wp:featuredmedia":[{"embeddable":true,"href":"https:\/\/tiens.az\/fr\/wp-json\/wp\/v2\/media\/10192"}],"wp:attachment":[{"href":"https:\/\/tiens.az\/fr\/wp-json\/wp\/v2\/media?parent=10122"}],"wp:term":[{"taxonomy":"product_cat","embeddable":true,"href":"https:\/\/tiens.az\/fr\/wp-json\/wp\/v2\/product_cat?post=10122"},{"taxonomy":"product_tag","embeddable":true,"href":"https:\/\/tiens.az\/fr\/wp-json\/wp\/v2\/product_tag?post=10122"}],"curies":[{"name":"wp","href":"https:\/\/api.w.org\/{rel}","templated":true}]}}