{"id":10124,"date":"2025-06-08T18:39:27","date_gmt":"2025-06-08T18:39:27","guid":{"rendered":"https:\/\/tiens.az\/?post_type=product&#038;p=10124"},"modified":"2026-01-05T12:28:02","modified_gmt":"2026-01-05T08:28:02","slug":"tiens-vitality-deri-immunitet-enerji-desteyi","status":"publish","type":"product","link":"https:\/\/tiens.az\/fr\/produit\/tiens-vitalite-soutien-de-limmunite-cutanee-et-de-lenergie\/","title":{"rendered":"Tiens Vitality \u2013 30 capsules molles pour la peau, l&#039;immunit\u00e9 et le soutien \u00e9nerg\u00e9tique"},"content":{"rendered":"<p data-start=\"579\" data-end=\"703\"><strong data-start=\"579\" data-end=\"627\">G\u00e9lules Tiens Vitality \u2013 0,89 g \u00d7 30 g\u00e9lules<\/strong><br data-start=\"627\" data-end=\"630\" \/>Une formule naturelle puissante qui favorise l&#039;\u00e9nergie quotidienne et la sant\u00e9 cellulaire !<\/p>\n<p data-start=\"705\" data-end=\"1042\"><strong data-start=\"705\" data-end=\"725\">\u00c0 propos du produit\u00a0:<\/strong><br data-start=\"725\" data-end=\"728\" \/>Les capsules Tiens Vitality sont press\u00e9es \u00e0 froid. <strong data-start=\"776\" data-end=\"800\">huile de germe de bl\u00e9<\/strong> est un compl\u00e9ment alimentaire fonctionnel enrichi en. Il contient <strong data-start=\"864\" data-end=\"915\">vitamine E, l\u00e9cithine, b\u00eata-carot\u00e8ne, om\u00e9ga-3 (ALA)<\/strong> et <strong data-start=\"919\" data-end=\"940\">acides linol\u00e9iques<\/strong> Elle prot\u00e8ge les cellules, nourrit la peau, augmente l&#039;\u00e9nergie et renforce la sant\u00e9 globale.<\/p>\n<p data-start=\"1044\" data-end=\"1433\"><strong data-start=\"1044\" data-end=\"1063\">Principaux avantages\u00a0:<\/strong><br data-start=\"1063\" data-end=\"1066\" \/>\u2705 Contribue \u00e0 prot\u00e9ger les cellules du stress oxydatif (effet antioxydant)<br data-start=\"1143\" data-end=\"1146\" \/>\u2705 Favorise une peau d&#039;apparence saine et ralentit le vieillissement<br data-start=\"1207\" data-end=\"1210\" \/>\u2705 Renforce le syst\u00e8me immunitaire et augmente le niveau d&#039;\u00e9nergie<br data-start=\"1261\" data-end=\"1264\" \/>\u2705 Prot\u00e8ge les fonctions du syst\u00e8me nerveux<br data-start=\"1302\" data-end=\"1305\" \/>\u2705 Soutient le syst\u00e8me cardiovasculaire gr\u00e2ce aux om\u00e9ga-3 et aux om\u00e9ga-6<br data-start=\"1362\" data-end=\"1365\" \/>\u2705 Stimule les fonctions c\u00e9r\u00e9brales gr\u00e2ce \u00e0 la l\u00e9cithine et \u00e0 la phosphatidylcholine<\/p>\n<p data-start=\"1435\" data-end=\"1462\"><strong data-start=\"1435\" data-end=\"1460\">Ingr\u00e9dients (dans 2 capsules) :<\/strong><\/p>\n<ul data-start=\"1463\" data-end=\"1692\">\n<li data-start=\"1463\" data-end=\"1497\">\n<p data-start=\"1465\" data-end=\"1497\">Huile de germe de bl\u00e9 \u2013 1200 mg<\/p>\n<\/li>\n<li data-start=\"1498\" data-end=\"1530\">\n<p data-start=\"1500\" data-end=\"1530\">Acide linol\u00e9ique (AL) \u2013 640 mg<\/p>\n<\/li>\n<li data-start=\"1531\" data-end=\"1569\">\n<p data-start=\"1533\" data-end=\"1569\">Acide alpha-linol\u00e9nique (ALA) \u2013 96 mg<\/p>\n<\/li>\n<li data-start=\"1570\" data-end=\"1592\">\n<p data-start=\"1572\" data-end=\"1592\">Vitamine E \u2013 9,6 mg<\/p>\n<\/li>\n<li data-start=\"1593\" data-end=\"1613\">\n<p data-start=\"1595\" data-end=\"1613\">L\u00e9cithine \u2013 240 mg<\/p>\n<\/li>\n<li data-start=\"1614\" data-end=\"1642\">\n<p data-start=\"1616\" data-end=\"1642\">Phosphatidylcholine \u2013 120 mg<\/p>\n<\/li>\n<li data-start=\"1643\" data-end=\"1692\">\n<p data-start=\"1645\" data-end=\"1692\">B\u00eata-carot\u00e8ne \u2013 320 mcg (160 mcg ER = Vitamine A)<\/p>\n<\/li>\n<\/ul>\n<p data-start=\"1694\" data-end=\"1845\"><strong data-start=\"1694\" data-end=\"1715\">Instructions d&#039;utilisation\u00a0:<\/strong><br data-start=\"1715\" data-end=\"1718\" \/>Prendre 1 g\u00e9lule 2 \u00e0 3 fois par jour, apr\u00e8s les repas. Il est recommand\u00e9 de boire beaucoup d&#039;eau. Ne convient pas aux enfants de moins de 3 ans.<\/p>\n<p data-start=\"1847\" data-end=\"1885\"><strong data-start=\"1847\" data-end=\"1863\">Conditionnement:<\/strong><br data-start=\"1863\" data-end=\"1866\" \/>30 capsules (g\u00e9lules molles)<\/p>\n<p data-start=\"1887\" data-end=\"2170\"><strong data-start=\"1887\" data-end=\"1912\">\u00c0 qui convient-il ?<\/strong><br data-start=\"1912\" data-end=\"1915\" \/>\u2714 Pour les personnes ayant la peau fragile, s\u00e8che et mature<br data-start=\"1964\" data-end=\"1967\" \/>\u2714 Ceux qui souffrent de fatigue et de manque d&#039;\u00e9nergie<br data-start=\"2012\" data-end=\"2015\" \/>\u2714 Les personnes souffrant de carences en vitamines A et E<br data-start=\"2065\" data-end=\"2068\" \/>\u2714 Pour ceux qui souhaitent renforcer leur cerveau et leur syst\u00e8me nerveux<br data-start=\"2118\" data-end=\"2121\" \/>\u2714 Pour celles et ceux qui recherchent un soutien g\u00e9n\u00e9ral en mati\u00e8re de sant\u00e9 et d&#039;immunit\u00e9<\/p>","protected":false},"excerpt":{"rendered":"<p data-start=\"655\" data-end=\"953\"><strong data-start=\"705\" data-end=\"725\">\u00c0 propos du produit\u00a0:<\/strong><br data-start=\"725\" data-end=\"728\" \/>Les capsules Tiens Vitality sont press\u00e9es \u00e0 froid. <strong data-start=\"776\" data-end=\"800\">huile de germe de bl\u00e9<\/strong> est un compl\u00e9ment alimentaire fonctionnel enrichi en. Il contient <strong data-start=\"864\" data-end=\"915\">vitamine E, l\u00e9cithine, b\u00eata-carot\u00e8ne, om\u00e9ga-3 (ALA)<\/strong> et <strong data-start=\"919\" data-end=\"940\">acides linol\u00e9iques<\/strong> Elle prot\u00e8ge les cellules, nourrit la peau, augmente l&#039;\u00e9nergie et renforce la sant\u00e9 globale.<\/p>","protected":false},"featured_media":10125,"template":"","meta":[],"product_cat":[71,287,73],"product_tag":[339,318,343,335,333,340,322,334,329,337,342,344,338,341,336],"class_list":{"0":"post-10124","1":"product","2":"type-product","3":"status-publish","4":"has-post-thumbnail","6":"product_cat-qida-elaveleri","7":"product_cat-butun-mhsullar-v-cihazlar","8":"product_cat-immunitet-v-enerji","9":"product_tag-aktiv-hyat-trzi-ucun","10":"product_tag-antioksidant-dstyi","11":"product_tag-brpa-v-canlanma","12":"product_tag-dri-saglamligi","13":"product_tag-enerji-v-tonus-dstyi","14":"product_tag-gundlik-enerji-ehtiyaci","15":"product_tag-huceyr-qorunmasi","16":"product_tag-immunitet-guclndirm","17":"product_tag-kisilr-v-qadinlar-ucun","18":"product_tag-maddlr-mubadilsi-dstyi","19":"product_tag-movsumi-zifliklrd-dstk","20":"product_tag-saglam-hyat-trzi-dstyi","21":"product_tag-stres-qarsi-dstk","22":"product_tag-umumi-saglamliq-proqrami","23":"product_tag-yorgunluga-qarsi-dstk","25":"first","26":"instock","27":"taxable","28":"shipping-taxable","29":"purchasable","30":"product-type-simple"},"_links":{"self":[{"href":"https:\/\/tiens.az\/fr\/wp-json\/wp\/v2\/product\/10124","targetHints":{"allow":["GET"]}}],"collection":[{"href":"https:\/\/tiens.az\/fr\/wp-json\/wp\/v2\/product"}],"about":[{"href":"https:\/\/tiens.az\/fr\/wp-json\/wp\/v2\/types\/product"}],"wp:featuredmedia":[{"embeddable":true,"href":"https:\/\/tiens.az\/fr\/wp-json\/wp\/v2\/media\/10125"}],"wp:attachment":[{"href":"https:\/\/tiens.az\/fr\/wp-json\/wp\/v2\/media?parent=10124"}],"wp:term":[{"taxonomy":"product_cat","embeddable":true,"href":"https:\/\/tiens.az\/fr\/wp-json\/wp\/v2\/product_cat?post=10124"},{"taxonomy":"product_tag","embeddable":true,"href":"https:\/\/tiens.az\/fr\/wp-json\/wp\/v2\/product_tag?post=10124"}],"curies":[{"name":"wp","href":"https:\/\/api.w.org\/{rel}","templated":true}]}}