{"id":10128,"date":"2025-06-09T09:39:16","date_gmt":"2025-06-09T09:39:16","guid":{"rendered":"https:\/\/tiens.az\/?post_type=product&#038;p=10128"},"modified":"2026-01-05T12:19:14","modified_gmt":"2026-01-05T08:19:14","slug":"tiens-ozon-anion-bez-desti-qadinlar-ucun","status":"publish","type":"product","link":"https:\/\/tiens.az\/fr\/produit\/couches-anioniques-tiens-ozone-pour-femmes\/","title":{"rendered":"Serviettes hygi\u00e9niques Tiens Ozone Anion \u2013 8 couches de protection et de confort, 98 pi\u00e8ces"},"content":{"rendered":"<p data-start=\"603\" data-end=\"745\"><strong data-start=\"603\" data-end=\"673\">Lot de 6 paquets de serviettes hygi\u00e9niques lavables Tiens Ozone Anion, 98 pi\u00e8ces<\/strong><br data-start=\"673\" data-end=\"676\" \/>Technologie \u00e0 8 couches pour une hygi\u00e8ne s\u00fbre, confortable et antibact\u00e9rienne !<\/p>\n<p data-start=\"747\" data-end=\"1020\"><strong data-start=\"747\" data-end=\"767\">\u00c0 propos du produit\u00a0:<\/strong><br data-start=\"767\" data-end=\"770\" \/>Ensemble de serviettes hygi\u00e9niques Tiens Ozone-Anion pour femmes <strong data-start=\"838\" data-end=\"907\">ultra-mince, respirant et enrichi en technologie ionique<\/strong> Compos\u00e9e de protections hygi\u00e9niques, sa forme, adapt\u00e9e \u00e0 l&#039;anatomie f\u00e9minine, procure une sensation de confort et de confiance tout au long de la journ\u00e9e.<\/p>\n<p data-start=\"1022\" data-end=\"1041\"><strong data-start=\"1022\" data-end=\"1039\">Contenu du kit :<\/strong><\/p>\n<ul data-start=\"1042\" data-end=\"1174\">\n<li data-start=\"1042\" data-end=\"1074\">\n<p data-start=\"1044\" data-end=\"1074\">2 paquets par jour (30 pi\u00e8ces)<\/p>\n<\/li>\n<li data-start=\"1075\" data-end=\"1122\">\n<p data-start=\"1077\" data-end=\"1122\">3 paquets pour une utilisation l&#039;apr\u00e8s-midi (10 pi\u00e8ces)<\/p>\n<\/li>\n<li data-start=\"1123\" data-end=\"1174\">\n<p data-start=\"1125\" data-end=\"1174\">1 paquet pour la nuit (8 pi\u00e8ces)<br data-start=\"1153\" data-end=\"1156\" \/><strong data-start=\"1156\" data-end=\"1174\">Total : 98 pi\u00e8ces<\/strong><\/p>\n<\/li>\n<\/ul>\n<p data-start=\"1176\" data-end=\"1604\"><strong data-start=\"1176\" data-end=\"1210\">Technologies cl\u00e9s et avantages :<\/strong><br data-start=\"1210\" data-end=\"1213\" \/>\ud83d\udd39 <strong data-start=\"1216\" data-end=\"1247\">Technologie de l&#039;ozone et des anions<\/strong> \u2013 propri\u00e9t\u00e9s antibact\u00e9riennes, anti-inflammatoires et respirantes<br data-start=\"1310\" data-end=\"1313\" \/>\ud83d\udd39 <strong data-start=\"1316\" data-end=\"1357\">Protection maximale contre les fuites et les odeurs<\/strong><br data-start=\"1357\" data-end=\"1360\" \/>\ud83d\udd39 <strong data-start=\"1363\" data-end=\"1401\">Structure hypoallerg\u00e9nique et respirante<\/strong><br data-start=\"1401\" data-end=\"1404\" \/>\ud83d\udd39 <strong data-start=\"1407\" data-end=\"1475\">Pr\u00e9vient l&#039;inflammation, am\u00e9liore le m\u00e9tabolisme<\/strong><br data-start=\"1475\" data-end=\"1478\" \/>\ud83d\udd39 <strong data-start=\"1481\" data-end=\"1526\">Favorise la sant\u00e9 sexuelle et procure du confort<\/strong><br data-start=\"1526\" data-end=\"1529\" \/>\ud83d\udd39 <strong data-start=\"1532\" data-end=\"1604\">3 types d&#039;utilisation : protection journali\u00e8re, menstruelle et nocturne<\/strong><\/p>\n<p data-start=\"1606\" data-end=\"1957\"><strong data-start=\"1606\" data-end=\"1634\">Syst\u00e8me de d\u00e9fense \u00e0 8 couches\u00a0:<\/strong><br data-start=\"1634\" data-end=\"1637\" \/>1\ufe0f\u20e3 Couche de coton \u00e0 la texture soyeuse et hautement absorbante<br data-start=\"1693\" data-end=\"1696\" \/>2\ufe0f\u20e3 Couche \u00e9cologique qui bloque les bact\u00e9ries<br data-start=\"1735\" data-end=\"1738\" \/>3\ufe0f\u20e3 Couche de coton hygi\u00e9nique<br data-start=\"1762\" data-end=\"1765\" \/>4\ufe0f\u20e3 Couche respirante qui \u00e9vacue l&#039;humidit\u00e9 et emp\u00eache les fuites<br data-start=\"1809\" data-end=\"1812\" \/>5\ufe0f\u20e3 Couche absorbante \u00e0 haut poids mol\u00e9culaire (technologie AiRiZ)<br data-start=\"1864\" data-end=\"1867\" \/>6\ufe0f\u20e3 Couche de protection suppl\u00e9mentaire en coton<br data-start=\"1895\" data-end=\"1898\" \/>7\ufe0f\u20e3 Sous-couche respirante<br data-start=\"1922\" data-end=\"1925\" \/>8\ufe0f\u20e3 Couche adh\u00e9sive confortable et \u00e9tanche<\/p>\n<p data-start=\"1959\" data-end=\"2183\"><strong data-start=\"1959\" data-end=\"1984\">\u00c0 qui convient-il ?<\/strong><br data-start=\"1984\" data-end=\"1987\" \/>\u2714 Femmes ayant un mode de vie actif<br data-start=\"2023\" data-end=\"2026\" \/>\u2714 Celles qui souhaitent une protection et un confort maximum pendant leurs r\u00e8gles<br data-start=\"2080\" data-end=\"2083\" \/>\u2714 Femmes \u00e0 la peau sensible<br data-start=\"2118\" data-end=\"2121\" \/>\u2714 Pour les personnes souffrant d&#039;inflammation, d&#039;odeurs et de probl\u00e8mes d&#039;hygi\u00e8ne<\/p>","protected":false},"excerpt":{"rendered":"<p data-start=\"655\" data-end=\"953\"><strong data-start=\"747\" data-end=\"767\">\u00c0 propos du produit\u00a0:<\/strong><br data-start=\"767\" data-end=\"770\" \/>Ensemble de serviettes hygi\u00e9niques Tiens Ozone-Anion pour femmes <strong data-start=\"838\" data-end=\"907\">ultra-mince, respirant et enrichi en technologie ionique<\/strong> Compos\u00e9e de protections hygi\u00e9niques, sa forme, adapt\u00e9e \u00e0 l&#039;anatomie f\u00e9minine, procure une sensation de confort et de confiance tout au long de la journ\u00e9e.<\/p>","protected":false},"featured_media":10129,"template":"","meta":[],"product_cat":[76,287,78,71],"product_tag":[307,314,305,310,315,304,313,317,316,312,306,303,309,308,311],"class_list":{"0":"post-10128","1":"product","2":"type-product","3":"status-publish","4":"has-post-thumbnail","6":"product_cat-sxsi-gigiyena-vasitlri","7":"product_cat-butun-mhsullar-v-cihazlar","8":"product_cat-qadin-saglamligi-v-gigiyenasi","9":"product_cat-qida-elaveleri","10":"product_tag-8-qatli-qoruma","11":"product_tag-aktiv-qadinlar-ucun","12":"product_tag-anion-texnologiyasi","13":"product_tag-drini-qiciqlandirmayan","14":"product_tag-gigiyena-dstyi","15":"product_tag-gundlik-gigiyenik-bez","16":"product_tag-gundlik-istifad-ucun","17":"product_tag-hssas-dri-ucun","18":"product_tag-komfort-v-thluksizlik","19":"product_tag-menstruasiya-dovru","20":"product_tag-ozonlu-qoruma","21":"product_tag-qadin-gigiyenasi","22":"product_tag-qoxuya-qarsi-dstk","23":"product_tag-rahat-v-nfsalan","24":"product_tag-uzunmuddtli-rahatliq","26":"first","27":"instock","28":"taxable","29":"shipping-taxable","30":"purchasable","31":"product-type-simple"},"_links":{"self":[{"href":"https:\/\/tiens.az\/fr\/wp-json\/wp\/v2\/product\/10128","targetHints":{"allow":["GET"]}}],"collection":[{"href":"https:\/\/tiens.az\/fr\/wp-json\/wp\/v2\/product"}],"about":[{"href":"https:\/\/tiens.az\/fr\/wp-json\/wp\/v2\/types\/product"}],"wp:featuredmedia":[{"embeddable":true,"href":"https:\/\/tiens.az\/fr\/wp-json\/wp\/v2\/media\/10129"}],"wp:attachment":[{"href":"https:\/\/tiens.az\/fr\/wp-json\/wp\/v2\/media?parent=10128"}],"wp:term":[{"taxonomy":"product_cat","embeddable":true,"href":"https:\/\/tiens.az\/fr\/wp-json\/wp\/v2\/product_cat?post=10128"},{"taxonomy":"product_tag","embeddable":true,"href":"https:\/\/tiens.az\/fr\/wp-json\/wp\/v2\/product_tag?post=10128"}],"curies":[{"name":"wp","href":"https:\/\/api.w.org\/{rel}","templated":true}]}}