{"id":10130,"date":"2025-06-09T09:41:16","date_gmt":"2025-06-09T09:41:16","guid":{"rendered":"https:\/\/tiens.az\/?post_type=product&#038;p=10130"},"modified":"2026-01-05T12:18:08","modified_gmt":"2026-01-05T08:18:08","slug":"tiens-kalsium-tozu-sumuk-dis-desteyi","status":"publish","type":"product","link":"https:\/\/tiens.az\/fr\/produit\/poudre-de-calcium-tiens-sumuk-pour-soutien-dentaire\/","title":{"rendered":"Poudre de calcium Tiens Super Calcium \u2013 10 sachets de poudre de calcium pour des os et des dents solides"},"content":{"rendered":"<p data-start=\"571\" data-end=\"720\"><strong data-start=\"571\" data-end=\"619\">Poudre de super calcium Tiens \u2013 10 g \u00d7 10 sachets<\/strong><br data-start=\"619\" data-end=\"622\" \/>Le choix id\u00e9al pour couvrir vos besoins quotidiens en calcium gr\u00e2ce \u00e0 une poudre hautement assimilable !<\/p>\n<p data-start=\"722\" data-end=\"1057\"><strong data-start=\"722\" data-end=\"742\">\u00c0 propos du produit\u00a0:<\/strong><br data-start=\"742\" data-end=\"745\" \/>Poudre de super calcium Tiens, <strong data-start=\"773\" data-end=\"799\">carence en calcium<\/strong> pour \u00e9liminer et <strong data-start=\"820\" data-end=\"854\">soutenir la sant\u00e9 osseuse<\/strong> est un compl\u00e9ment alimentaire en poudre hautement bioactif con\u00e7u \u00e0 cet effet. Il contient <strong data-start=\"932\" data-end=\"956\">compos\u00e9s de calcium<\/strong>, <strong data-start=\"958\" data-end=\"971\">magn\u00e9sium<\/strong>, et le probable <strong data-start=\"991\" data-end=\"1005\">Vitamine D<\/strong> facilite l&#039;absorption du calcium par l&#039;organisme.<\/p>\n<p data-start=\"1059\" data-end=\"1265\">Calcium \u2014 sain <strong data-start=\"1076\" data-end=\"1088\">os<\/strong>, <strong data-start=\"1090\" data-end=\"1100\">dents<\/strong>, <strong data-start=\"1102\" data-end=\"1114\">muscles<\/strong> et <strong data-start=\"1118\" data-end=\"1135\">syst\u00e8me nerveux<\/strong> est vital pour son fonctionnement. Ce produit <strong data-start=\"1190\" data-end=\"1220\">des enfants aux adultes<\/strong> Convient \u00e0 un usage quotidien pour tous.<\/p>\n<p data-start=\"1267\" data-end=\"1653\"><strong data-start=\"1267\" data-end=\"1286\">Principaux avantages\u00a0:<\/strong><br data-start=\"1286\" data-end=\"1289\" \/>\u2705 Renforce les os et les dents<br data-start=\"1335\" data-end=\"1338\" \/>\u2705 Pr\u00e9vient l&#039;ost\u00e9oporose et la perte osseuse<br data-start=\"1385\" data-end=\"1388\" \/>\u2705 Favorise la fonction musculaire et la circulation \u00e9nerg\u00e9tique<br data-start=\"1445\" data-end=\"1448\" \/>\u2705 Augmente l&#039;absorption du calcium gr\u00e2ce \u00e0 la vitamine D et au magn\u00e9sium<br data-start=\"1519\" data-end=\"1522\" \/>\u2705 Apporte un soutien important au processus de croissance des enfants et des adolescents<br data-start=\"1588\" data-end=\"1591\" \/>\u2705 Augmente la r\u00e9sistance au stress en maintenant l&#039;\u00e9quilibre calcique<\/p>\n<p data-start=\"1655\" data-end=\"1785\"><strong data-start=\"1655\" data-end=\"1676\">Instructions d&#039;utilisation\u00a0:<\/strong><br data-start=\"1676\" data-end=\"1679\" \/>Prendre un sachet de poudre par jour, dissous dans un verre d&#039;eau ti\u00e8de, apr\u00e8s les repas. Convient \u00e0 un usage r\u00e9gulier.<\/p>\n<p data-start=\"1787\" data-end=\"1839\"><strong data-start=\"1787\" data-end=\"1803\">Conditionnement:<\/strong><br data-start=\"1803\" data-end=\"1806\" \/>10 sachets \u00d7 10 grammes \u2013 en poudre<\/p>\n<p data-start=\"1841\" data-end=\"2098\"><strong data-start=\"1841\" data-end=\"1866\">\u00c0 qui convient-il ?<\/strong><br data-start=\"1866\" data-end=\"1869\" \/>\u2714 Enfants, adolescents et personnes \u00e2g\u00e9es<br data-start=\"1910\" data-end=\"1913\" \/>\u2714 Les personnes souffrant d&#039;une carence en calcium<br data-start=\"1946\" data-end=\"1949\" \/>\u2714 Les personnes qui se trouvent en p\u00e9riode de r\u00e9g\u00e9n\u00e9ration osseuse apr\u00e8s une fracture<br data-start=\"1995\" data-end=\"1998\" \/>\u2714 Les personnes souffrant d&#039;ost\u00e9oporose ou de probl\u00e8mes dentaires<br data-start=\"2045\" data-end=\"2048\" \/>\u2714 Femmes allaitantes et femmes m\u00e9nopaus\u00e9es<\/p>","protected":false},"excerpt":{"rendered":"<p data-start=\"722\" data-end=\"1057\"><strong data-start=\"722\" data-end=\"742\">\u00c0 propos du produit\u00a0:<\/strong><br data-start=\"742\" data-end=\"745\" \/>Poudre de super calcium Tiens, <strong data-start=\"773\" data-end=\"799\">carence en calcium<\/strong> pour \u00e9liminer et <strong data-start=\"820\" data-end=\"854\">soutenir la sant\u00e9 osseuse<\/strong> est un compl\u00e9ment alimentaire en poudre hautement bioactif con\u00e7u \u00e0 cet effet. Il contient <strong data-start=\"932\" data-end=\"956\">compos\u00e9s de calcium<\/strong>, <strong data-start=\"958\" data-end=\"971\">magn\u00e9sium<\/strong>, et le probable <strong data-start=\"991\" data-end=\"1005\">Vitamine D<\/strong> facilite l&#039;absorption du calcium par l&#039;organisme.<\/p>\n<p data-start=\"1059\" data-end=\"1265\">Calcium \u2014 sain <strong data-start=\"1076\" data-end=\"1088\">os<\/strong>, <strong data-start=\"1090\" data-end=\"1100\">dents<\/strong>, <strong data-start=\"1102\" data-end=\"1114\">muscles<\/strong> et <strong data-start=\"1118\" data-end=\"1135\">syst\u00e8me nerveux<\/strong> est vital pour son fonctionnement. Ce produit <strong data-start=\"1190\" data-end=\"1220\">des enfants aux adultes<\/strong> Convient \u00e0 un usage quotidien pour tous.<\/p>","protected":false},"featured_media":10131,"template":"","meta":[],"product_cat":[74,287,71],"product_tag":[300,290,292,301,288,297,302,298,291,296,293,289,299,295,294],"class_list":{"0":"post-10130","1":"product","2":"type-product","3":"status-publish","4":"has-post-thumbnail","6":"product_cat-sumuk-v-oynaqlarin-saglamligi","7":"product_cat-butun-mhsullar-v-cihazlar","8":"product_cat-qida-elaveleri","9":"product_tag-dis-minasinin-qorunmasi","10":"product_tag-dis-mohkmlndirm","11":"product_tag-zl-funksiyasi","12":"product_tag-gundlik-kalsium-ehtiyaci","13":"product_tag-kalsium-catismazligi","14":"product_tag-menopauza-dovru","15":"product_tag-mineral-balans-dstyi","16":"product_tag-osteoporoz-riski","17":"product_tag-oynaqlar-ucun-dstk","18":"product_tag-qadinlar-ucun","19":"product_tag-sinir-sistemi-dstyi","20":"product_tag-sumuk-saglamligi","21":"product_tag-sumuk-sixligi-dstyi","22":"product_tag-usaqlar-ucun","23":"product_tag-yaslilar-ucun","25":"first","26":"instock","27":"taxable","28":"shipping-taxable","29":"purchasable","30":"product-type-simple"},"_links":{"self":[{"href":"https:\/\/tiens.az\/fr\/wp-json\/wp\/v2\/product\/10130","targetHints":{"allow":["GET"]}}],"collection":[{"href":"https:\/\/tiens.az\/fr\/wp-json\/wp\/v2\/product"}],"about":[{"href":"https:\/\/tiens.az\/fr\/wp-json\/wp\/v2\/types\/product"}],"wp:featuredmedia":[{"embeddable":true,"href":"https:\/\/tiens.az\/fr\/wp-json\/wp\/v2\/media\/10131"}],"wp:attachment":[{"href":"https:\/\/tiens.az\/fr\/wp-json\/wp\/v2\/media?parent=10130"}],"wp:term":[{"taxonomy":"product_cat","embeddable":true,"href":"https:\/\/tiens.az\/fr\/wp-json\/wp\/v2\/product_cat?post=10130"},{"taxonomy":"product_tag","embeddable":true,"href":"https:\/\/tiens.az\/fr\/wp-json\/wp\/v2\/product_tag?post=10130"}],"curies":[{"name":"wp","href":"https:\/\/api.w.org\/{rel}","templated":true}]}}