{"id":10527,"date":"2025-11-12T10:20:33","date_gmt":"2025-11-12T06:20:33","guid":{"rendered":"https:\/\/tiens.az\/?post_type=product&#038;p=10527"},"modified":"2026-01-05T11:22:15","modified_gmt":"2026-01-05T07:22:15","slug":"isoukan-bioenerji-tezyiq-aparati","status":"publish","type":"product","link":"https:\/\/tiens.az\/fr\/produit\/appareil-de-pression-bioenergetique-isoukan\/","title":{"rendered":"ISHOUKAN TIENS \u2013 Appareils de bio\u00e9nergie et de pression"},"content":{"rendered":"<h3 data-start=\"732\" data-end=\"780\">\u2699\ufe0f <strong data-start=\"739\" data-end=\"780\">Principales caract\u00e9ristiques de l&#039;appareil I\u015eOUKAN<\/strong><\/h3>\n<ul data-start=\"781\" data-end=\"1377\">\n<li data-start=\"781\" data-end=\"947\">\n<p data-start=\"783\" data-end=\"947\"><strong data-start=\"783\" data-end=\"819\">Il combine 5 fonctions :<\/strong><br data-start=\"819\" data-end=\"822\" \/>\u2705 Th\u00e9rapie par bioimpulsion<br data-start=\"846\" data-end=\"849\" \/>\u2705 Vibromassage<br data-start=\"864\" data-end=\"867\" \/>\u2705 Faisceau laser th\u00e9rapeutique<br data-start=\"892\" data-end=\"895\" \/>\u2705 R\u00e9flexologie<br data-start=\"915\" data-end=\"918\" \/>\u2705 R\u00e9tablissement du flux \u00e9nerg\u00e9tique<\/p>\n<\/li>\n<li data-start=\"948\" data-end=\"1008\">\n<p data-start=\"950\" data-end=\"1008\"><strong data-start=\"950\" data-end=\"1006\">R\u00e9gule la pression art\u00e9rielle sans m\u00e9dicaments ni intervention chimique<\/strong><\/p>\n<\/li>\n<li data-start=\"1009\" data-end=\"1071\">\n<p data-start=\"1011\" data-end=\"1071\"><strong data-start=\"1011\" data-end=\"1042\">Pour les douleurs \u00e0 la t\u00eate, au dos et aux articulations<\/strong> cr\u00e9e du confort et de la r\u00e9duction<\/p>\n<\/li>\n<li data-start=\"1072\" data-end=\"1141\">\n<p data-start=\"1074\" data-end=\"1141\"><strong data-start=\"1074\" data-end=\"1107\">Salage, fatigue et stress<\/strong> calme le corps dans certains cas<\/p>\n<\/li>\n<li data-start=\"1142\" data-end=\"1211\">\n<p data-start=\"1144\" data-end=\"1211\"><strong data-start=\"1144\" data-end=\"1191\">Syst\u00e8me cardiovasculaire et circulation c\u00e9r\u00e9brale<\/strong> a un effet positif<\/p>\n<\/li>\n<li data-start=\"1212\" data-end=\"1273\">\n<p data-start=\"1214\" data-end=\"1273\"><strong data-start=\"1214\" data-end=\"1244\">R\u00e9duit la fatigue chronique<\/strong>augmente l&#039;\u00e9nergie quotidienne<\/p>\n<\/li>\n<li data-start=\"1274\" data-end=\"1377\">\n<p data-start=\"1276\" data-end=\"1377\"><strong data-start=\"1276\" data-end=\"1302\">Calvitie et s\u00e9borrh\u00e9e<\/strong> Elle a un effet b\u00e9n\u00e9fique sur les probl\u00e8mes capillaires, notamment en renfor\u00e7ant la circulation sanguine.<\/p>\n<\/li>\n<\/ul>\n<hr data-start=\"1379\" data-end=\"1382\" \/>\n<h3 data-start=\"1384\" data-end=\"1413\">\ud83d\udca1 <strong data-start=\"1391\" data-end=\"1413\">Pourquoi ISHOUKAN ?<\/strong><\/h3>\n<ul data-start=\"1414\" data-end=\"1796\">\n<li data-start=\"1414\" data-end=\"1483\">\n<p data-start=\"1416\" data-end=\"1483\"><strong data-start=\"1416\" data-end=\"1446\">Conception compacte mesurant 10 cm<\/strong> \u2013 peut \u00eatre facilement transport\u00e9 partout<\/p>\n<\/li>\n<li data-start=\"1484\" data-end=\"1565\">\n<p data-start=\"1486\" data-end=\"1565\"><strong data-start=\"1486\" data-end=\"1521\">Aucune source d&#039;alimentation n\u00e9cessaire<\/strong> \u2013 peut \u00eatre utilis\u00e9 dans toutes les conditions<\/p>\n<\/li>\n<li data-start=\"1566\" data-end=\"1634\">\n<p data-start=\"1568\" data-end=\"1634\"><strong data-start=\"1568\" data-end=\"1590\">Simple et s\u00fbr<\/strong> \u2013 convient aux jeunes comme aux adultes<\/p>\n<\/li>\n<li data-start=\"1635\" data-end=\"1704\">\n<p data-start=\"1637\" data-end=\"1704\"><strong data-start=\"1637\" data-end=\"1666\">Agit en 3 minutes<\/strong> \u2013 r\u00e9duit la pression art\u00e9rielle de 10 \u00e0 30 unit\u00e9s<\/p>\n<\/li>\n<li data-start=\"1705\" data-end=\"1796\">\n<p data-start=\"1707\" data-end=\"1796\"><strong data-start=\"1707\" data-end=\"1734\">Lors d&#039;une utilisation continue<\/strong> (15 \u00e0 20 jours) la pression se stabilise et le corps retrouve son \u00e9quilibre<\/p>\n<\/li>\n<\/ul>\n<hr data-start=\"1798\" data-end=\"1801\" \/>\n<h3 data-start=\"1803\" data-end=\"1830\">\ud83d\udd52 <strong data-start=\"1810\" data-end=\"1830\">Instructions d&#039;utilisation<\/strong><\/h3>\n<p data-start=\"1831\" data-end=\"2106\">1\ufe0f\u20e3 Mesurez la pression avant d\u2019utiliser l\u2019appareil.<br data-start=\"1880\" data-end=\"1883\" \/>2\ufe0f\u20e3 Appliquez l\u2019appareil sur la zone d\u00e9sign\u00e9e (t\u00eate, cou, dos, etc.) pendant 3 \u00e0 5 minutes.<br data-start=\"1971\" data-end=\"1974\" \/>3\ufe0f\u20e3 Apr\u00e8s la s\u00e9ance, reposez-vous pendant 10 minutes et mesurez \u00e0 nouveau votre tension art\u00e9rielle.<br data-start=\"2043\" data-end=\"2046\" \/>4\ufe0f\u20e3 Il est recommand\u00e9 de l\u2019utiliser 2 fois par jour (matin et soir).<\/p>\n<hr data-start=\"2108\" data-end=\"2111\" \/>\n<h3 data-start=\"2113\" data-end=\"2146\">\u26a0\ufe0f <strong data-start=\"2120\" data-end=\"2146\">\u00c0 qui cela est-il utile ?<\/strong><\/h3>\n<ul data-start=\"2147\" data-end=\"2408\">\n<li data-start=\"2147\" data-end=\"2196\">\n<p data-start=\"2149\" data-end=\"2196\">Ceux qui souffrent de probl\u00e8mes de tension art\u00e9rielle \u00e9lev\u00e9e ou basse<\/p>\n<\/li>\n<li data-start=\"2197\" data-end=\"2246\">\n<p data-start=\"2199\" data-end=\"2246\">Ceux qui souffrent de douleurs \u00e0 la t\u00eate, au dos et aux articulations<\/p>\n<\/li>\n<li data-start=\"2247\" data-end=\"2302\">\n<p data-start=\"2249\" data-end=\"2302\">Ceux qui se plaignent de fatigue, de stress et d&#039;insomnie<\/p>\n<\/li>\n<li data-start=\"2303\" data-end=\"2361\">\n<p data-start=\"2305\" data-end=\"2361\">Les personnes souffrant de probl\u00e8mes de circulation cardiovasculaire et c\u00e9r\u00e9brale<\/p>\n<\/li>\n<li data-start=\"2362\" data-end=\"2408\">\n<p data-start=\"2364\" data-end=\"2408\">Les personnes souffrant de troubles de la m\u00e9moire et de l&#039;attention<\/p>\n<\/li>\n<\/ul>\n<hr data-start=\"2410\" data-end=\"2413\" \/>\n<h3 data-start=\"2415\" data-end=\"2441\">\ud83c\udfc5 <strong data-start=\"2422\" data-end=\"2441\">Informations techniques<\/strong><\/h3>\n<ul data-start=\"2442\" data-end=\"2658\">\n<li data-start=\"2442\" data-end=\"2473\">\n<p data-start=\"2444\" data-end=\"2473\">Diam\u00e8tre de l&#039;appareil : <strong data-start=\"2462\" data-end=\"2471\">10 cm<\/strong><\/p>\n<\/li>\n<li data-start=\"2474\" data-end=\"2541\">\n<p data-start=\"2476\" data-end=\"2541\">M\u00e9canismes d&#039;action : <strong data-start=\"2496\" data-end=\"2539\">4 fonctions principales + 1 module d&#039;alimentation suppl\u00e9mentaire<\/strong><\/p>\n<\/li>\n<li data-start=\"2542\" data-end=\"2595\">\n<p data-start=\"2544\" data-end=\"2595\">Mat\u00e9riau : mat\u00e9riau m\u00e9dical hypoallerg\u00e9nique et s\u00fbr<\/p>\n<\/li>\n<li data-start=\"2596\" data-end=\"2636\">\n<p data-start=\"2598\" data-end=\"2636\">Fabricant: <strong data-start=\"2610\" data-end=\"2634\">TIENS (Tianjin, Chine)<\/strong><\/p>\n<\/li>\n<\/ul>","protected":false},"excerpt":{"rendered":"<h3 data-start=\"371\" data-end=\"416\">\ud83c\udf3f <strong data-start=\"378\" data-end=\"416\">Une vie saine gr\u00e2ce \u00e0 l&#039;\u00e9nergie de la nature<\/strong><\/h3>\n<p data-start=\"417\" data-end=\"725\">ISHOUKAN est un dispositif m\u00e9dical multifonctionnel d\u00e9velopp\u00e9 avec la technologie bio\u00e9nerg\u00e9tique la plus r\u00e9cente de Tiens et r\u00e9compens\u00e9 par 8 prix internationaux d&#039;or.<br data-start=\"564\" data-end=\"567\" \/>Cet appareil est devenu partie int\u00e9grante de la vie quotidienne, \u00e9quilibrant l&#039;\u00e9nergie du corps, normalisant la circulation sanguine et r\u00e9gulant naturellement la pression art\u00e9rielle.<\/p>","protected":false},"featured_media":10529,"template":"","meta":[],"product_cat":[73,287,231,78,74],"product_tag":[121,122,117,123,129,115,120,127,125,116,119,118,126,128,124],"class_list":{"0":"post-10527","1":"product","2":"type-product","3":"status-publish","4":"has-post-thumbnail","6":"product_cat-immunitet-v-enerji","7":"product_cat-butun-mhsullar-v-cihazlar","8":"product_cat-cihazlar","9":"product_cat-qadin-saglamligi-v-gigiyenasi","10":"product_cat-sumuk-v-oynaqlarin-saglamligi","11":"product_tag-bas-agrisi","12":"product_tag-bel-agrisi","13":"product_tag-bioenerji-cihazi","14":"product_tag-duzlasma","15":"product_tag-enerji-balansi","16":"product_tag-isoukan","17":"product_tag-qan-dovrani","18":"product_tag-refleksoterapiya","19":"product_tag-tbii-mualic","20":"product_tag-tzyiq-aparati","21":"product_tag-tzyiq-ucun-aparat","22":"product_tag-tiens-isoukan","23":"product_tag-urk-damar-sistemi","24":"product_tag-vibromassaj","25":"product_tag-yorgunluq","27":"first","28":"instock","29":"taxable","30":"shipping-taxable","31":"purchasable","32":"product-type-simple"},"_links":{"self":[{"href":"https:\/\/tiens.az\/fr\/wp-json\/wp\/v2\/product\/10527","targetHints":{"allow":["GET"]}}],"collection":[{"href":"https:\/\/tiens.az\/fr\/wp-json\/wp\/v2\/product"}],"about":[{"href":"https:\/\/tiens.az\/fr\/wp-json\/wp\/v2\/types\/product"}],"wp:featuredmedia":[{"embeddable":true,"href":"https:\/\/tiens.az\/fr\/wp-json\/wp\/v2\/media\/10529"}],"wp:attachment":[{"href":"https:\/\/tiens.az\/fr\/wp-json\/wp\/v2\/media?parent=10527"}],"wp:term":[{"taxonomy":"product_cat","embeddable":true,"href":"https:\/\/tiens.az\/fr\/wp-json\/wp\/v2\/product_cat?post=10527"},{"taxonomy":"product_tag","embeddable":true,"href":"https:\/\/tiens.az\/fr\/wp-json\/wp\/v2\/product_tag?post=10527"}],"curies":[{"name":"wp","href":"https:\/\/api.w.org\/{rel}","templated":true}]}}