{"id":10531,"date":"2025-11-12T11:37:12","date_gmt":"2025-11-12T07:37:12","guid":{"rendered":"https:\/\/tiens.az\/?post_type=product&#038;p=10531"},"modified":"2026-03-31T17:14:57","modified_gmt":"2026-03-31T13:14:57","slug":"tiens-qeds-qan-enerji-dovrani-aparati","status":"publish","type":"product","link":"https:\/\/tiens.az\/fr\/produit\/appareil-de-circulation-de-lenergie-sanguine-tiens-qeds\/","title":{"rendered":"QEDS TIENS \u2013 Un appareil qui stimule la circulation sanguine et \u00e9nerg\u00e9tique"},"content":{"rendered":"<h3 data-start=\"406\" data-end=\"459\">\ud83c\udf3f <strong data-start=\"413\" data-end=\"459\">R\u00e9veillez l&#039;\u00e9nergie de votre corps et revitalisez votre sant\u00e9<\/strong><\/h3>\n<p data-start=\"460\" data-end=\"844\">QEDS \u2014 cr\u00e9\u00e9 avec une technologie innovante de Tiens <strong data-start=\"523\" data-end=\"573\">Il s&#039;agit d&#039;un appareil qui active l&#039;\u00e9nergie et la circulation sanguine.<\/strong>.<br data-start=\"574\" data-end=\"577\" \/>L&#039;appareil r\u00e9veille le flux \u00e9nerg\u00e9tique interne du corps, r\u00e9tablit la circulation sanguine et stimule le m\u00e9canisme d&#039;auto-gu\u00e9rison du corps.<br data-start=\"705\" data-end=\"708\" \/>De nos jours, le corps perd de l&#039;\u00e9nergie \u00e0 cause d&#039;un mode de vie s\u00e9dentaire, du stress et de l&#039;inactivit\u00e9 \u2014 QEDS restaure cette \u00e9nergie naturellement.<\/p>\n<hr data-start=\"846\" data-end=\"849\" \/>\n<h3 data-start=\"851\" data-end=\"896\">\u2699\ufe0f <strong data-start=\"858\" data-end=\"896\">Principales caract\u00e9ristiques du dispositif QEDS<\/strong><\/h3>\n<ul data-start=\"897\" data-end=\"1466\">\n<li data-start=\"897\" data-end=\"987\">\n<p data-start=\"899\" data-end=\"987\">\ud83e\ude78 Am\u00e9liore la circulation sanguine et l&#039;oxyg\u00e9nation des tissus <strong data-start=\"952\" data-end=\"985\">s&#039;am\u00e9liore en profondeur<\/strong><\/p>\n<\/li>\n<li data-start=\"988\" data-end=\"1070\">\n<p data-start=\"990\" data-end=\"1070\">\u26a1\ufe0f Production d&#039;\u00e9nergie au niveau cellulaire <strong data-start=\"1033\" data-end=\"1068\">active et \u00e9quilibre<\/strong><\/p>\n<\/li>\n<li data-start=\"1071\" data-end=\"1140\">\n<p data-start=\"1073\" data-end=\"1140\">\ud83d\udcaa Syst\u00e8me musculo-squelettique <strong data-start=\"1104\" data-end=\"1138\">r\u00e9duit la douleur et la tension<\/strong><\/p>\n<\/li>\n<li data-start=\"1141\" data-end=\"1241\">\n<p data-start=\"1143\" data-end=\"1241\">\ud83e\udde0 Cerveau et syst\u00e8me nerveux <strong data-start=\"1174\" data-end=\"1206\">stimule la circulation sanguine<\/strong>am\u00e9liore la m\u00e9moire et le sommeil<\/p>\n<\/li>\n<li data-start=\"1242\" data-end=\"1316\">\n<p data-start=\"1244\" data-end=\"1316\">\ud83c\udf19 <strong data-start=\"1247\" data-end=\"1282\">Insomnie et fatigue chronique<\/strong> calme le corps dans certains cas<\/p>\n<\/li>\n<li data-start=\"1317\" data-end=\"1399\">\n<p data-start=\"1319\" data-end=\"1399\">\ud83d\udd04 <strong data-start=\"1322\" data-end=\"1347\">Processus d&#039;\u00e9change<\/strong> acc\u00e9l\u00e8re (le m\u00e9tabolisme), active le corps<\/p>\n<\/li>\n<li data-start=\"1400\" data-end=\"1466\">\n<p data-start=\"1402\" data-end=\"1466\">\ud83c\udfc3\u200d\u2642\ufe0f 15 minutes d&#039;utilisation = impact physique \u00e9quivalent \u00e0 une marche de 5 km<\/p>\n<\/li>\n<\/ul>\n<hr data-start=\"1468\" data-end=\"1471\" \/>\n<h3 data-start=\"1473\" data-end=\"1517\">\ud83e\ude7a <strong data-start=\"1480\" data-end=\"1517\">Recommand\u00e9 dans les cas suivants<\/strong><\/h3>\n<ul data-start=\"1518\" data-end=\"1905\">\n<li data-start=\"1518\" data-end=\"1547\">\n<p data-start=\"1520\" data-end=\"1547\">Troubles circulatoires<\/p>\n<\/li>\n<li data-start=\"1548\" data-end=\"1579\">\n<p data-start=\"1550\" data-end=\"1579\">Hypertension (pression art\u00e9rielle \u00e9lev\u00e9e)<\/p>\n<\/li>\n<li data-start=\"1580\" data-end=\"1629\">\n<p data-start=\"1582\" data-end=\"1629\">Ob\u00e9sit\u00e9 et m\u00e9tabolisme alt\u00e9r\u00e9<\/p>\n<\/li>\n<li data-start=\"1630\" data-end=\"1671\">\n<p data-start=\"1632\" data-end=\"1671\">Constipation et stagnation digestive<\/p>\n<\/li>\n<li data-start=\"1672\" data-end=\"1711\">\n<p data-start=\"1674\" data-end=\"1711\">Douleurs au dos, \u00e0 la nuque, aux \u00e9paules et aux articulations<\/p>\n<\/li>\n<li data-start=\"1712\" data-end=\"1753\">\n<p data-start=\"1714\" data-end=\"1753\">Insomnie, stress et tension nerveuse<\/p>\n<\/li>\n<li data-start=\"1754\" data-end=\"1804\">\n<p data-start=\"1756\" data-end=\"1804\">P\u00e9riode de r\u00e9adaptation apr\u00e8s un AVC et une paralysie<\/p>\n<\/li>\n<li data-start=\"1805\" data-end=\"1848\">\n<p data-start=\"1807\" data-end=\"1848\">Diab\u00e8te et st\u00e9atose h\u00e9patique<\/p>\n<\/li>\n<li data-start=\"1849\" data-end=\"1905\">\n<p data-start=\"1851\" data-end=\"1905\">Pour les personnes ayant un mode de vie s\u00e9dentaire<\/p>\n<\/li>\n<\/ul>\n<hr data-start=\"1907\" data-end=\"1910\" \/>\n<h3 data-start=\"1912\" data-end=\"1938\">\ud83d\udca1 <strong data-start=\"1919\" data-end=\"1938\">Pourquoi QEDS ?<\/strong><\/h3>\n<ul data-start=\"1939\" data-end=\"2224\">\n<li data-start=\"1939\" data-end=\"2013\">\n<p data-start=\"1941\" data-end=\"2013\">Agit en harmonie avec le flux bio\u00e9nerg\u00e9tique naturel, sans m\u00e9dicaments ni produits chimiques.<\/p>\n<\/li>\n<li data-start=\"2014\" data-end=\"2082\">\n<p data-start=\"2016\" data-end=\"2082\">Active la circulation sanguine et lymphatique par vibrations et micro-impulsions<\/p>\n<\/li>\n<li data-start=\"2083\" data-end=\"2123\">\n<p data-start=\"2085\" data-end=\"2123\">Enrichit les cellules en oxyg\u00e8ne<\/p>\n<\/li>\n<li data-start=\"2124\" data-end=\"2172\">\n<p data-start=\"2126\" data-end=\"2172\">Stimule le pouvoir r\u00e9g\u00e9n\u00e9rateur naturel du corps<\/p>\n<\/li>\n<li data-start=\"2173\" data-end=\"2224\">\n<p data-start=\"2175\" data-end=\"2224\">Facile \u00e0 utiliser, 15 minutes par jour suffisent<\/p>\n<\/li>\n<\/ul>\n<hr data-start=\"2226\" data-end=\"2229\" \/>\n<h3 data-start=\"2231\" data-end=\"2261\">\ud83e\uddd8\u200d\u2640\ufe0f <strong data-start=\"2241\" data-end=\"2261\">Instructions d&#039;utilisation<\/strong><\/h3>\n<p data-start=\"2262\" data-end=\"2486\">1\ufe0f\u20e3 Placez l\u2019appareil sur une surface plane.<br data-start=\"2301\" data-end=\"2304\" \/>2\ufe0f\u20e3 Marchez pieds nus ou en chaussettes fines.<br data-start=\"2352\" data-end=\"2355\" \/>3\ufe0f\u20e3 Faites une s\u00e9ance de 10 \u00e0 15 minutes en mode vibration.<br data-start=\"2411\" data-end=\"2414\" \/>4\ufe0f\u20e3 Il est recommand\u00e9 de r\u00e9p\u00e9ter la p\u00e9riode d\u2019application 1 \u00e0 2 fois par jour.<\/p>\n<blockquote data-start=\"2488\" data-end=\"2611\">\n<p data-start=\"2490\" data-end=\"2611\">\u26a0\ufe0f Apr\u00e8s avoir utilis\u00e9 l&#039;appareil, vous ressentirez une sensation de chaleur et de l\u00e9g\u00e8ret\u00e9 dans votre corps - cela signifie que la circulation sanguine est activ\u00e9e.<\/p>\n<\/blockquote>\n<hr data-start=\"2613\" data-end=\"2616\" \/>\n<h3 data-start=\"2618\" data-end=\"2650\">\ud83c\udfc5 <strong data-start=\"2625\" data-end=\"2650\">Sp\u00e9cifications techniques<\/strong><\/h3>\n<ul data-start=\"2651\" data-end=\"2840\">\n<li data-start=\"2651\" data-end=\"2703\">\n<p data-start=\"2653\" data-end=\"2703\">Fonction : Stimuler la circulation sanguine et \u00e9nerg\u00e9tique<\/p>\n<\/li>\n<li data-start=\"2704\" data-end=\"2735\">\n<p data-start=\"2706\" data-end=\"2735\">Dur\u00e9e de la s\u00e9ance\u00a0: 10 \u00e0 20 minutes<\/p>\n<\/li>\n<li data-start=\"2736\" data-end=\"2762\">\n<p data-start=\"2738\" data-end=\"2762\">Tension : 220 V \/ 50 Hz<\/p>\n<\/li>\n<li data-start=\"2763\" data-end=\"2781\">\n<p data-start=\"2765\" data-end=\"2781\">Dimensions : 45 \u00d7 35 cm<\/p>\n<\/li>\n<li data-start=\"2782\" data-end=\"2799\">Fabricant: <strong data-start=\"2814\" data-end=\"2838\">TIENS (Tianjin, Chine)<\/strong><\/li>\n<\/ul>","protected":false},"excerpt":{"rendered":"<p data-start=\"2880\" data-end=\"3190\">QEDS n&#039;est pas qu&#039;un simple appareil \u2014 <strong data-start=\"2911\" data-end=\"2983\">Il s&#039;agit d&#039;un appareil de r\u00e9\u00e9quilibrage bio\u00e9nerg\u00e9tique qui r\u00e9veille l&#039;\u00e9nergie interne du corps.<\/strong><br data-start=\"2983\" data-end=\"2986\" \/>Une utilisation r\u00e9guli\u00e8re soulage les tensions corporelles, normalise la circulation sanguine et augmente le niveau d&#039;\u00e9nergie.<br data-start=\"3094\" data-end=\"3097\" \/>C&#039;est un choix id\u00e9al pour toute personne menant une vie s\u00e9dentaire et souffrant de fatigue et de probl\u00e8mes de pression.<\/p>","protected":false},"featured_media":10532,"template":"","meta":[],"product_cat":[73,287,231,78,74],"product_tag":[142,141,117,140,133,137,132,135,130,139,134,143,131,136,138],"class_list":{"0":"post-10531","1":"product","2":"type-product","3":"status-publish","4":"has-post-thumbnail","6":"product_cat-immunitet-v-enerji","7":"product_cat-butun-mhsullar-v-cihazlar","8":"product_cat-cihazlar","9":"product_cat-qadin-saglamligi-v-gigiyenasi","10":"product_cat-sumuk-v-oynaqlarin-saglamligi","11":"product_tag-ayaq-masaj-aparati","12":"product_tag-beyin-qan-dovrani","13":"product_tag-bioenerji-cihazi","14":"product_tag-detoks-aparat","15":"product_tag-enerji-dovrani-cihazi","16":"product_tag-oturaq-hyat-ucun-cihaz","17":"product_tag-qan-dovrani-aparati","18":"product_tag-qan-stimullasdiran-cihaz","19":"product_tag-qeds","20":"product_tag-tzyiq-ucun-cihaz","21":"product_tag-tiens-aparat","22":"product_tag-tiens-enerji-aparati","23":"product_tag-tiens-qeds","24":"product_tag-vibrasiya-masaj-aparati","25":"product_tag-yorgunluga-qarsi-aparat","27":"first","28":"onbackorder","29":"sale","30":"taxable","31":"shipping-taxable","32":"purchasable","33":"product-type-simple"},"_links":{"self":[{"href":"https:\/\/tiens.az\/fr\/wp-json\/wp\/v2\/product\/10531","targetHints":{"allow":["GET"]}}],"collection":[{"href":"https:\/\/tiens.az\/fr\/wp-json\/wp\/v2\/product"}],"about":[{"href":"https:\/\/tiens.az\/fr\/wp-json\/wp\/v2\/types\/product"}],"wp:featuredmedia":[{"embeddable":true,"href":"https:\/\/tiens.az\/fr\/wp-json\/wp\/v2\/media\/10532"}],"wp:attachment":[{"href":"https:\/\/tiens.az\/fr\/wp-json\/wp\/v2\/media?parent=10531"}],"wp:term":[{"taxonomy":"product_cat","embeddable":true,"href":"https:\/\/tiens.az\/fr\/wp-json\/wp\/v2\/product_cat?post=10531"},{"taxonomy":"product_tag","embeddable":true,"href":"https:\/\/tiens.az\/fr\/wp-json\/wp\/v2\/product_tag?post=10531"}],"curies":[{"name":"wp","href":"https:\/\/api.w.org\/{rel}","templated":true}]}}