{"id":10541,"date":"2025-11-12T13:03:14","date_gmt":"2025-11-12T09:03:14","guid":{"rendered":"https:\/\/tiens.az\/?post_type=product&#038;p=10541"},"modified":"2026-02-11T04:50:35","modified_gmt":"2026-02-11T00:50:35","slug":"tiens-cilvaris-kosmetik-cihaz","status":"publish","type":"product","link":"https:\/\/tiens.az\/fr\/produit\/appareil-cosmetique-tiens-cilvaris\/","title":{"rendered":"Cilvaris \u2013 Un appareil cosm\u00e9tique intelligent qui restaure la beaut\u00e9"},"content":{"rendered":"<h3 data-start=\"372\" data-end=\"422\"><strong data-start=\"378\" data-end=\"422\">Une nouvelle fa\u00e7on de pr\u00e9server la jeunesse de la peau<\/strong><\/h3>\n<p data-start=\"423\" data-end=\"726\">Cilvaris \u2014 toujours avec toi <strong data-start=\"457\" data-end=\"482\">est une esth\u00e9ticienne personnelle<\/strong>.<br data-start=\"483\" data-end=\"486\" \/>Cet appareil innovant de Tiens est con\u00e7u pour le visage, le cou et le d\u00e9collet\u00e9. <strong data-start=\"545\" data-end=\"561\">soins profonds<\/strong> Elle revitalise la peau, lui redonnant jeunesse et \u00e9clat. Plus besoin de soins co\u00fbteux en institut. <strong data-start=\"682\" data-end=\"716\">Les secrets de beaut\u00e9 dans un seul appareil<\/strong> concentr\u00e9!<\/p>\n<hr data-start=\"728\" data-end=\"731\" \/>\n<h3 data-start=\"733\" data-end=\"753\">\ud83d\udc8e <strong data-start=\"740\" data-end=\"753\">Avantages<\/strong><\/h3>\n<p data-start=\"754\" data-end=\"1077\">\u2705 Att\u00e9nue les rides et ridules<br data-start=\"790\" data-end=\"793\" \/>\u2705 Am\u00e9liore l&#039;\u00e9lasticit\u00e9 et la tonicit\u00e9 de la peau<br data-start=\"840\" data-end=\"843\" \/>\u2705 Active la circulation sanguine et le m\u00e9tabolisme au niveau cellulaire<br data-start=\"918\" data-end=\"921\" \/>\u2705 Hydrate et nourrit la peau<br data-start=\"957\" data-end=\"960\" \/>\u2705 R\u00e9duit la tension autour des yeux et des l\u00e8vres<br data-start=\"1013\" data-end=\"1016\" \/>\u2705 Lisse le grain de peau et lui donne un aspect \u00e9clatant<\/p>\n<hr data-start=\"1079\" data-end=\"1082\" \/>\n<h3 data-start=\"1084\" data-end=\"1114\">\ud83c\udf38 <strong data-start=\"1091\" data-end=\"1114\">Pourquoi Cilvaris ?<\/strong><\/h3>\n<ul data-start=\"1115\" data-end=\"1517\">\n<li data-start=\"1115\" data-end=\"1235\">\n<p data-start=\"1117\" data-end=\"1235\">Fabriqu\u00e9 avec la technologie Tiens <strong data-start=\"1153\" data-end=\"1187\">syst\u00e8me de micropulsation et de chauffage<\/strong> gr\u00e2ce \u00e0 quoi elle agit sur les couches profondes de la peau ;<\/p>\n<\/li>\n<li data-start=\"1236\" data-end=\"1329\">\n<p data-start=\"1238\" data-end=\"1329\">Sur la peau <strong data-start=\"1245\" data-end=\"1283\">stimule la production de collag\u00e8ne<\/strong>, ce qui est \u00e9galement important pour la jeunesse et l&#039;\u00e9lasticit\u00e9 ;<\/p>\n<\/li>\n<li data-start=\"1330\" data-end=\"1429\">\n<p data-start=\"1332\" data-end=\"1429\"><strong data-start=\"1332\" data-end=\"1363\">Conception compacte et portable<\/strong> Adapt\u00e9 \u00e0 une utilisation partout \u2013 \u00e0 la maison, en d\u00e9placement ou au travail ;<\/p>\n<\/li>\n<li data-start=\"1430\" data-end=\"1517\">\n<p data-start=\"1432\" data-end=\"1517\"><strong data-start=\"1432\" data-end=\"1456\">effet de soin permanent<\/strong> \u2013 des r\u00e9sultats visibles en seulement 5 \u00e0 10 minutes d&#039;utilisation par jour.<\/p>\n<\/li>\n<\/ul>\n<hr data-start=\"1519\" data-end=\"1522\" \/>\n<h3 data-start=\"1524\" data-end=\"1551\">\ud83d\udcab <strong data-start=\"1531\" data-end=\"1551\">Instructions d&#039;utilisation<\/strong><\/h3>\n<ol data-start=\"1552\" data-end=\"1830\">\n<li data-start=\"1552\" data-end=\"1596\">\n<p data-start=\"1555\" data-end=\"1596\">Nettoyez votre visage et votre cou ;<\/p>\n<\/li>\n<li data-start=\"1597\" data-end=\"1660\">\n<p data-start=\"1600\" data-end=\"1660\">Appliquez la cr\u00e8me cosm\u00e9tique ou le s\u00e9rum hydratant Tiens ;<\/p>\n<\/li>\n<li data-start=\"1661\" data-end=\"1745\">\n<p data-start=\"1664\" data-end=\"1745\">Utilisez l\u2019appareil Cilvaris en effectuant de lents mouvements circulaires pendant 5 \u00e0 10 minutes\u00a0;<\/p>\n<\/li>\n<li data-start=\"1746\" data-end=\"1830\">\n<p data-start=\"1749\" data-end=\"1830\">Apr\u00e8s la s\u00e9ance, vous ressentirez un soulagement et une diminution des tensions cutan\u00e9es.<\/p>\n<\/li>\n<\/ol>\n<hr data-start=\"1832\" data-end=\"1835\" \/>\n<h3 data-start=\"1837\" data-end=\"1869\">\ud83c\udf3f <strong data-start=\"1844\" data-end=\"1869\">Sp\u00e9cifications techniques<\/strong><\/h3>\n<div class=\"_tableContainer_1rjym_1\">\n<div class=\"group _tableWrapper_1rjym_13 flex w-fit flex-col-reverse\" tabindex=\"-1\">\n<table class=\"w-fit min-w-(--thread-content-width)\" style=\"height: 255px;\" width=\"572\" data-start=\"1870\" data-end=\"2199\">\n<thead data-start=\"1870\" data-end=\"1893\">\n<tr data-start=\"1870\" data-end=\"1893\">\n<th data-start=\"1870\" data-end=\"1883\" data-col-size=\"sm\">Fonctionnalit\u00e9<\/th>\n<th data-start=\"1883\" data-end=\"1893\" data-col-size=\"sm\">Description<\/th>\n<\/tr>\n<\/thead>\n<tbody data-start=\"1920\" data-end=\"2199\">\n<tr data-start=\"1920\" data-end=\"1973\">\n<td data-start=\"1920\" data-end=\"1937\" data-col-size=\"sm\">Syst\u00e8me \u00e9nerg\u00e9tique<\/td>\n<td data-col-size=\"sm\" data-start=\"1937\" data-end=\"1973\">Micropulse + th\u00e9rapie par la chaleur<\/td>\n<\/tr>\n<tr data-start=\"1974\" data-end=\"2012\">\n<td data-start=\"1974\" data-end=\"1990\" data-col-size=\"sm\">Zone d&#039;effet<\/td>\n<td data-col-size=\"sm\" data-start=\"1990\" data-end=\"2012\">Visage, cou, d\u00e9collet\u00e9<\/td>\n<\/tr>\n<tr data-start=\"2013\" data-end=\"2062\">\n<td data-start=\"2013\" data-end=\"2022\" data-col-size=\"sm\">Effet<\/td>\n<td data-start=\"2022\" data-end=\"2062\" data-col-size=\"sm\">R\u00e9duction des rides, r\u00e9g\u00e9n\u00e9ration cutan\u00e9e<\/td>\n<\/tr>\n<tr data-start=\"2063\" data-end=\"2113\">\n<td data-start=\"2063\" data-end=\"2074\" data-col-size=\"sm\">Mat\u00e9riel<\/td>\n<td data-col-size=\"sm\" data-start=\"2074\" data-end=\"2113\">Construction hypoallerg\u00e9nique et l\u00e9g\u00e8re<\/td>\n<\/tr>\n<tr data-start=\"2114\" data-end=\"2157\">\n<td data-start=\"2114\" data-end=\"2133\" data-col-size=\"sm\">Date d&#039;expiration<\/td>\n<td data-col-size=\"sm\" data-start=\"2133\" data-end=\"2157\">5 \u00e0 10 minutes par jour<\/td>\n<\/tr>\n<tr data-start=\"2158\" data-end=\"2199\">\n<td data-start=\"2158\" data-end=\"2168\" data-col-size=\"sm\">Garantie<\/td>\n<td data-col-size=\"sm\" data-start=\"2168\" data-end=\"2199\">Produit original Tiens 100%<\/td>\n<\/tr>\n<\/tbody>\n<\/table>\n<\/div>\n<\/div>","protected":false},"excerpt":{"rendered":"<p data-start=\"2880\" data-end=\"3190\">Cilvaris \u2014 toujours avec toi <strong data-start=\"457\" data-end=\"482\">est une esth\u00e9ticienne personnelle<\/strong>.<br data-start=\"483\" data-end=\"486\" \/>Cet appareil innovant de Tiens est con\u00e7u pour le visage, le cou et le d\u00e9collet\u00e9. <strong data-start=\"545\" data-end=\"561\">soins profonds<\/strong> Elle revitalise la peau, lui redonnant jeunesse et \u00e9clat. Plus besoin de soins co\u00fbteux en institut. <strong data-start=\"682\" data-end=\"716\">Les secrets de beaut\u00e9 dans un seul appareil<\/strong> concentr\u00e9!<\/p>","protected":false},"featured_media":10542,"template":"","meta":[],"product_cat":[287,231,78],"product_tag":[166,163,168,170,167,160,165,169,171,162,173,159,164,172,161],"class_list":{"0":"post-10541","1":"product","2":"type-product","3":"status-publish","4":"has-post-thumbnail","6":"product_cat-butun-mhsullar-v-cihazlar","7":"product_cat-cihazlar","8":"product_cat-qadin-saglamligi-v-gigiyenasi","9":"product_tag-dri-baximi-ucun-cihaz","10":"product_tag-dri-cavanlasdirici-cihaz","11":"product_tag-dri-elastikliyi","12":"product_tag-evd-kosmetoloji-aparat","13":"product_tag-gnclik-ucun-cihaz","14":"product_tag-kosmetik-cihaz","15":"product_tag-mikroimpuls-cihaz","16":"product_tag-nmlndirici-cihaz","17":"product_tag-qadinlar-ucun-cihaz","18":"product_tag-qirislara-qarsi-aparat","19":"product_tag-tianshi-cilvaris","20":"product_tag-tiens-cilvaris","21":"product_tag-tiens-gozllik-aparati","22":"product_tag-uz-drisi-ucun-cihaz","23":"product_tag-uz-ucun-cihaz","25":"first","26":"instock","27":"taxable","28":"shipping-taxable","29":"purchasable","30":"product-type-simple"},"_links":{"self":[{"href":"https:\/\/tiens.az\/fr\/wp-json\/wp\/v2\/product\/10541","targetHints":{"allow":["GET"]}}],"collection":[{"href":"https:\/\/tiens.az\/fr\/wp-json\/wp\/v2\/product"}],"about":[{"href":"https:\/\/tiens.az\/fr\/wp-json\/wp\/v2\/types\/product"}],"wp:featuredmedia":[{"embeddable":true,"href":"https:\/\/tiens.az\/fr\/wp-json\/wp\/v2\/media\/10542"}],"wp:attachment":[{"href":"https:\/\/tiens.az\/fr\/wp-json\/wp\/v2\/media?parent=10541"}],"wp:term":[{"taxonomy":"product_cat","embeddable":true,"href":"https:\/\/tiens.az\/fr\/wp-json\/wp\/v2\/product_cat?post=10541"},{"taxonomy":"product_tag","embeddable":true,"href":"https:\/\/tiens.az\/fr\/wp-json\/wp\/v2\/product_tag?post=10541"}],"curies":[{"name":"wp","href":"https:\/\/api.w.org\/{rel}","templated":true}]}}