{"id":10608,"date":"2025-12-10T18:01:53","date_gmt":"2025-12-10T14:01:53","guid":{"rendered":"https:\/\/tiens.az\/?post_type=product&#038;p=10608"},"modified":"2026-01-05T11:07:27","modified_gmt":"2026-01-05T07:07:27","slug":"immunitet-paketi-30-gunluk-proqram","status":"publish","type":"product","link":"https:\/\/tiens.az\/fr\/produit\/programme-dimmunite-de-30-jours\/","title":{"rendered":"Pack Immunit\u00e9 \u2013 Programme de 30 jours"},"content":{"rendered":"<h1 data-start=\"128\" data-end=\"172\">\u2705 <strong data-start=\"132\" data-end=\"172\">Pack Immunit\u00e9 \u2013 Programme de 30 jours<\/strong><\/h1>\n<h3 data-start=\"174\" data-end=\"213\"><strong data-start=\"178\" data-end=\"213\">1) Probl\u00e8mes \u2013 \u00c0 qui cela s&#039;adresse-t-il ?<\/strong><\/h3>\n<p data-start=\"214\" data-end=\"256\">Ce kit convient au mod\u00e8le 100% dans les cas suivants\u00a0:<\/p>\n<ul data-start=\"258\" data-end=\"536\">\n<li data-start=\"258\" data-end=\"325\">\n<p data-start=\"260\" data-end=\"325\">Les personnes qui tombent souvent malades sont sujettes aux rhumes et aux infections.<\/p>\n<\/li>\n<li data-start=\"326\" data-end=\"377\">\n<p data-start=\"328\" data-end=\"377\">Les personnes qui souffrent d&#039;une immunit\u00e9 affaiblie, de faiblesse et de fatigue<\/p>\n<\/li>\n<li data-start=\"378\" data-end=\"441\">\n<p data-start=\"380\" data-end=\"441\">Les personnes dont le syst\u00e8me immunitaire est affaibli par le stress et le manque de sommeil<\/p>\n<\/li>\n<li data-start=\"442\" data-end=\"488\">\n<p data-start=\"444\" data-end=\"488\">Les familles avec des enfants qui contractent souvent le virus<\/p>\n<\/li>\n<li data-start=\"489\" data-end=\"536\">\n<p data-start=\"491\" data-end=\"536\">Ceux qui ont besoin de se r\u00e9tablir apr\u00e8s avoir pris des antibiotiques<\/p>\n<\/li>\n<\/ul>\n<hr data-start=\"538\" data-end=\"541\" \/>\n<h1 data-start=\"543\" data-end=\"582\">\u2705 <strong data-start=\"547\" data-end=\"582\">2) Quels produits contiennent l&#039;emballage ?<\/strong><\/h1>\n<p data-start=\"583\" data-end=\"695\"><strong data-start=\"583\" data-end=\"619\">\u2714 Spiruline (1 bo\u00eete \u2013 30 jours)<\/strong><br data-start=\"619\" data-end=\"622\" \/>Puissant antioxydant, il stimule le renouvellement cellulaire et active le syst\u00e8me immunitaire.<\/p>\n<p data-start=\"697\" data-end=\"795\"><strong data-start=\"697\" data-end=\"728\">\u2714 Zinc (1 bo\u00eete \u2013 30 jours)<\/strong><br data-start=\"728\" data-end=\"731\" \/>Elle renforce les d\u00e9fenses contre les virus et favorise l&#039;\u00e9quilibre hormonal.<\/p>\n<p data-start=\"797\" data-end=\"900\"><strong data-start=\"797\" data-end=\"832\">\u2714 Vitalit\u00e9 (1 bo\u00eete \u2013 30 jours)<\/strong><br data-start=\"832\" data-end=\"835\" \/>Elle augmente l&#039;\u00e9nergie, la r\u00e9sistance, la force globale et la tol\u00e9rance au stress.<\/p>\n<hr data-start=\"902\" data-end=\"905\" \/>\n<h1 data-start=\"907\" data-end=\"985\">\u2705 <strong data-start=\"911\" data-end=\"985\">3) \u00c0 propos du colis<\/strong><\/h1>\n<p data-start=\"987\" data-end=\"1274\">Le Pack Immunit\u00e9 Tiens est un programme complet con\u00e7u pour renforcer les d\u00e9fenses de l&#039;organisme pendant 30 jours. La spiruline r\u00e9g\u00e9n\u00e8re les cellules, le zinc stimule la r\u00e9ponse immunitaire et Vitality apporte de l&#039;\u00e9nergie au corps, augmentant ainsi sa r\u00e9sistance aux virus et aux bact\u00e9ries.<\/p>\n<p data-start=\"1276\" data-end=\"1377\">Ce programme convient aussi bien aux adultes qu&#039;aux jeunes et minimise les risques de rhumes saisonniers.<\/p>\n<hr data-start=\"1379\" data-end=\"1382\" \/>\n<h1 data-start=\"1384\" data-end=\"1435\">\u2705 <strong data-start=\"1388\" data-end=\"1435\">4) Proc\u00e9dure d&#039;admission<\/strong><\/h1>\n<p data-start=\"1437\" data-end=\"1447\"><strong data-start=\"1437\" data-end=\"1447\">Matin:<\/strong><\/p>\n<ul data-start=\"1448\" data-end=\"1529\">\n<li data-start=\"1448\" data-end=\"1486\">\n<p data-start=\"1450\" data-end=\"1486\">1 capsule <strong data-start=\"1459\" data-end=\"1467\">Zinc<\/strong> \u2013 apr\u00e8s avoir mang\u00e9<\/p>\n<\/li>\n<li data-start=\"1487\" data-end=\"1529\">\n<p data-start=\"1489\" data-end=\"1529\">1 capsule <strong data-start=\"1498\" data-end=\"1510\">Vitalit\u00e9<\/strong> \u2013 apr\u00e8s avoir mang\u00e9<\/p>\n<\/li>\n<\/ul>\n<p data-start=\"1531\" data-end=\"1543\"><strong data-start=\"1531\" data-end=\"1543\">Apr\u00e8s-midi:<\/strong><\/p>\n<ul data-start=\"1544\" data-end=\"1589\">\n<li data-start=\"1544\" data-end=\"1589\">\n<p data-start=\"1546\" data-end=\"1589\">2 capsules <strong data-start=\"1555\" data-end=\"1568\">Spiruline<\/strong> \u2013 avec de la nourriture<\/p>\n<\/li>\n<\/ul>\n<p data-start=\"1591\" data-end=\"1601\"><strong data-start=\"1591\" data-end=\"1601\">Soir\u00e9e:<\/strong><\/p>\n<ul data-start=\"1602\" data-end=\"1647\">\n<li data-start=\"1602\" data-end=\"1647\">\n<p data-start=\"1604\" data-end=\"1647\">2 capsules <strong data-start=\"1613\" data-end=\"1626\">Spiruline<\/strong> \u2013 avec de la nourriture<\/p>\n<\/li>\n<\/ul>\n<p data-start=\"1649\" data-end=\"1743\">\ud83d\udca7 <strong data-start=\"1652\" data-end=\"1692\">Il convient de boire au moins 1,5 litre d&#039;eau par jour.<\/strong><br data-start=\"1692\" data-end=\"1695\" \/>\u23f3 <strong data-start=\"1697\" data-end=\"1743\">Pour des r\u00e9sultats optimaux \u2014 30 jours d&#039;utilisation continue.<\/strong><\/p>","protected":false},"excerpt":{"rendered":"<p data-start=\"987\" data-end=\"1274\">Le Pack Immunit\u00e9 Tiens est un programme complet con\u00e7u pour renforcer les d\u00e9fenses de l&#039;organisme pendant 30 jours. La spiruline r\u00e9g\u00e9n\u00e8re les cellules, le zinc stimule la r\u00e9ponse immunitaire et Vitality apporte de l&#039;\u00e9nergie au corps, augmentant ainsi sa r\u00e9sistance aux virus et aux bact\u00e9ries.<\/p>\n<p data-start=\"1276\" data-end=\"1377\">Ce programme convient aussi bien aux adultes qu&#039;aux jeunes et minimise les risques de rhumes saisonniers.<\/p>","protected":false},"featured_media":10609,"template":"","meta":[],"product_cat":[189,287,73],"product_tag":[214,215,211,206,204,210,216,199,207,212,213,208,209,205,198],"class_list":{"0":"post-10608","1":"product","2":"type-product","3":"status-publish","4":"has-post-thumbnail","6":"product_cat-saglamliq-paketleri","7":"product_cat-butun-mhsullar-v-cihazlar","8":"product_cat-immunitet-v-enerji","9":"product_tag-boyuklr-ucun-immunitet","10":"product_tag-enerji-artiran-vitaminlr","11":"product_tag-immunitet-artiran-qida-lavlri","12":"product_tag-immunitet-catismazligi","13":"product_tag-immunitet-guclndirilmsi","14":"product_tag-immunitet-ucun-vitaminlr","15":"product_tag-soyuqdym-leyhin","16":"product_tag-spirulina","17":"product_tag-tez-tez-xstlnm","18":"product_tag-tiens-immunitet-paketi","19":"product_tag-usaqlar-ucun-immunitet-dstyi","20":"product_tag-viruslardan-qorunma","21":"product_tag-vitality","22":"product_tag-zif-immunitet","23":"product_tag-zinc","25":"first","26":"instock","27":"taxable","28":"shipping-taxable","29":"purchasable","30":"product-type-simple"},"_links":{"self":[{"href":"https:\/\/tiens.az\/fr\/wp-json\/wp\/v2\/product\/10608","targetHints":{"allow":["GET"]}}],"collection":[{"href":"https:\/\/tiens.az\/fr\/wp-json\/wp\/v2\/product"}],"about":[{"href":"https:\/\/tiens.az\/fr\/wp-json\/wp\/v2\/types\/product"}],"wp:featuredmedia":[{"embeddable":true,"href":"https:\/\/tiens.az\/fr\/wp-json\/wp\/v2\/media\/10609"}],"wp:attachment":[{"href":"https:\/\/tiens.az\/fr\/wp-json\/wp\/v2\/media?parent=10608"}],"wp:term":[{"taxonomy":"product_cat","embeddable":true,"href":"https:\/\/tiens.az\/fr\/wp-json\/wp\/v2\/product_cat?post=10608"},{"taxonomy":"product_tag","embeddable":true,"href":"https:\/\/tiens.az\/fr\/wp-json\/wp\/v2\/product_tag?post=10608"}],"curies":[{"name":"wp","href":"https:\/\/api.w.org\/{rel}","templated":true}]}}