{"id":10615,"date":"2025-12-12T14:55:54","date_gmt":"2025-12-12T10:55:54","guid":{"rendered":"https:\/\/tiens.az\/?post_type=product&#038;p=10615"},"modified":"2026-01-05T11:06:39","modified_gmt":"2026-01-05T07:06:39","slug":"qaraciy%c9%99r-berpa-paketi","status":"publish","type":"product","link":"https:\/\/tiens.az\/fr\/produit\/paquet-karaciy\u0259r-berpa\/","title":{"rendered":"Pack Foie \u2013 Programme de 30 jours"},"content":{"rendered":"<h1 data-start=\"338\" data-end=\"383\">\ud83d\udd25 <strong data-start=\"343\" data-end=\"383\">Pack Foie \u2013 Programme de 30 jours<\/strong><\/h1>\n<p data-start=\"385\" data-end=\"452\"><strong data-start=\"385\" data-end=\"396\">Composition:<\/strong><br data-start=\"396\" data-end=\"399\" \/>\u2714 Th\u00e9 antilipidique<br data-start=\"414\" data-end=\"417\" \/>\u2714 Chitosane<br data-start=\"427\" data-end=\"430\" \/>\u2714 Calcium avec l\u00e9cithine<\/p>\n<hr data-start=\"454\" data-end=\"457\" \/>\n<h1 data-start=\"459\" data-end=\"498\">\u2705 <strong data-start=\"463\" data-end=\"498\">1) Probl\u00e8mes \u2013 \u00c0 qui cela s&#039;adresse-t-il ?<\/strong><\/h1>\n<p data-start=\"500\" data-end=\"542\">Ce kit convient au mod\u00e8le 100% dans les cas suivants\u00a0:<\/p>\n<ul data-start=\"544\" data-end=\"883\">\n<li data-start=\"544\" data-end=\"586\">\n<p data-start=\"546\" data-end=\"586\">st\u00e9atose h\u00e9patique (h\u00e9patost\u00e9atose)<\/p>\n<\/li>\n<li data-start=\"587\" data-end=\"612\">\n<p data-start=\"589\" data-end=\"612\">Cholest\u00e9rol \u00e9lev\u00e9<\/p>\n<\/li>\n<li data-start=\"613\" data-end=\"657\">\n<p data-start=\"615\" data-end=\"657\">Prise de poids apr\u00e8s une alimentation d\u00e9s\u00e9quilibr\u00e9e<\/p>\n<\/li>\n<li data-start=\"658\" data-end=\"688\">\n<p data-start=\"660\" data-end=\"688\">Douleur\/lourdeur du c\u00f4t\u00e9 droit<\/p>\n<\/li>\n<li data-start=\"689\" data-end=\"725\">\n<p data-start=\"691\" data-end=\"725\">Ballonnements et inconfort apr\u00e8s les repas<\/p>\n<\/li>\n<li data-start=\"726\" data-end=\"746\">\n<p data-start=\"728\" data-end=\"746\">Accumulation de toxines<\/p>\n<\/li>\n<li data-start=\"747\" data-end=\"807\">\n<p data-start=\"749\" data-end=\"807\">\u00c9ruptions cutan\u00e9es, acn\u00e9<\/p>\n<\/li>\n<li data-start=\"808\" data-end=\"845\">\n<p data-start=\"810\" data-end=\"845\">charge h\u00e9patique post-antibiotique<\/p>\n<\/li>\n<li data-start=\"846\" data-end=\"883\">\n<p data-start=\"848\" data-end=\"883\">R\u00e9cup\u00e9ration apr\u00e8s une consommation excessive de bi\u00e8re\/d&#039;alcool<\/p>\n<\/li>\n<\/ul>\n<hr data-start=\"885\" data-end=\"888\" \/>\n<h1 data-start=\"890\" data-end=\"929\">\u2705 <strong data-start=\"894\" data-end=\"929\">2) Quels produits contiennent l&#039;emballage ?<\/strong><\/h1>\n<h3 data-start=\"931\" data-end=\"956\">\u2714 <strong data-start=\"937\" data-end=\"954\">Th\u00e9 antilipidique<\/strong><\/h3>\n<p data-start=\"957\" data-end=\"1018\">Il purifie l&#039;organisme, abaisse le cholest\u00e9rol et r\u00e9duit la graisse.<\/p>\n<h3 data-start=\"1020\" data-end=\"1040\">\u2714 <strong data-start=\"1026\" data-end=\"1038\">Chitosane<\/strong><\/h3>\n<p data-start=\"1041\" data-end=\"1106\">Il r\u00e9duit la charge de travail du foie, fixe les toxines et les \u00e9limine de l&#039;organisme.<\/p>\n<h3 data-start=\"1108\" data-end=\"1138\">\u2714 <strong data-start=\"1114\" data-end=\"1136\">Calcium avec l\u00e9cithine<\/strong><\/h3>\n<p data-start=\"1139\" data-end=\"1208\">Elle r\u00e9g\u00e9n\u00e8re les cellules h\u00e9patiques et normalise le m\u00e9tabolisme des graisses.<\/p>\n<hr data-start=\"1210\" data-end=\"1213\" \/>\n<h1 data-start=\"1215\" data-end=\"1265\">\ud83d\udd25 <strong data-start=\"1220\" data-end=\"1265\">3) \u00c0 propos du colis\u00a0<\/strong><\/h1>\n<p data-start=\"1267\" data-end=\"1542\"><strong data-start=\"1267\" data-end=\"1293\">Programme de r\u00e9cup\u00e9ration<\/strong> \u2013 un programme de 30 jours con\u00e7u pour les personnes souffrant d&#039;ob\u00e9sit\u00e9, d&#039;hypercholest\u00e9rol\u00e9mie et d&#039;une sensation de lourdeur.<br data-start=\"1406\" data-end=\"1409\" \/>Le th\u00e9 antilipidique acc\u00e9l\u00e8re le m\u00e9tabolisme des graisses, le chitosane \u00e9limine les toxines du corps et la l\u00e9cithine r\u00e9g\u00e9n\u00e8re ses cellules.<\/p>\n<p data-start=\"1544\" data-end=\"1734\">Ce forfait offre pr\u00e9cis\u00e9ment les r\u00e9sultats suivants\u00a0:<br data-start=\"1589\" data-end=\"1592\" \/>\u2714 R\u00e9duction de la masse grasse<br data-start=\"1614\" data-end=\"1617\" \/>\u2714 \u00c9limination de la sensation de lourdeur et des gonflements<br data-start=\"1657\" data-end=\"1660\" \/>\u2714 Am\u00e9lioration de l&#039;\u00e9quilibre du cholest\u00e9rol<br data-start=\"1696\" data-end=\"1699\" \/>\u2714 \u00c9nergie g\u00e9n\u00e9rale et sensation de l\u00e9g\u00e8ret\u00e9<\/p>\n<hr data-start=\"1736\" data-end=\"1739\" \/>\n<h1 data-start=\"1741\" data-end=\"1783\">\ud83d\udd25 <strong data-start=\"1746\" data-end=\"1783\">4) Proc\u00e9dure d&#039;admission\u00a0<\/strong><\/h1>\n<h3 data-start=\"1785\" data-end=\"1798\"><strong data-start=\"1789\" data-end=\"1798\">Matin<\/strong><\/h3>\n<ul data-start=\"1799\" data-end=\"1850\">\n<li data-start=\"1799\" data-end=\"1850\">\n<p data-start=\"1801\" data-end=\"1850\">Avec de la nourriture : <strong data-start=\"1819\" data-end=\"1850\">1 capsule de calcium avec l\u00e9cithine<\/strong><\/p>\n<\/li>\n<\/ul>\n<h3 data-start=\"1852\" data-end=\"1867\"><strong data-start=\"1856\" data-end=\"1867\">Apr\u00e8s-midi<\/strong><\/h3>\n<ul data-start=\"1868\" data-end=\"1909\">\n<li data-start=\"1868\" data-end=\"1909\">\n<p data-start=\"1870\" data-end=\"1909\">Avec de la nourriture : <strong data-start=\"1888\" data-end=\"1909\">1 capsule de chitosane<\/strong><\/p>\n<\/li>\n<\/ul>\n<h3 data-start=\"1911\" data-end=\"1924\"><strong data-start=\"1915\" data-end=\"1924\">Soir\u00e9e<\/strong><\/h3>\n<ul data-start=\"1925\" data-end=\"1972\">\n<li data-start=\"1925\" data-end=\"1972\">\n<p data-start=\"1927\" data-end=\"1972\">Pour 1 tasse d&#039;eau chaude : <strong data-start=\"1947\" data-end=\"1972\">1 sachet de th\u00e9 antilipidique<\/strong><\/p>\n<\/li>\n<\/ul>\n<p data-start=\"1974\" data-end=\"2080\">\ud83d\udccc Minimum pendant la journ\u00e9e <strong data-start=\"1997\" data-end=\"2014\">1,5 \u00e0 2 litres d&#039;eau<\/strong> devrait \u00eatre ivre.<br data-start=\"2027\" data-end=\"2030\" \/>\ud83d\udccc <strong data-start=\"2033\" data-end=\"2062\">30 jours d&#039;utilisation continue<\/strong> recommand\u00e9.<\/p>","protected":false},"excerpt":{"rendered":"<p data-start=\"1267\" data-end=\"1542\"><strong data-start=\"1267\" data-end=\"1293\">Programme de r\u00e9cup\u00e9ration<\/strong> \u2013 un programme de 30 jours con\u00e7u pour les personnes souffrant de st\u00e9atose h\u00e9patique, d&#039;hypercholest\u00e9rol\u00e9mie et d&#039;une sensation de lourdeur.<br data-start=\"1406\" data-end=\"1409\" \/>Le th\u00e9 antilipidique acc\u00e9l\u00e8re le m\u00e9tabolisme des graisses, le chitosane \u00e9limine les toxines du corps et la l\u00e9cithine r\u00e9g\u00e9n\u00e8re ses cellules.<\/p>\n<p data-start=\"1544\" data-end=\"1734\">Ce forfait offre pr\u00e9cis\u00e9ment les r\u00e9sultats suivants\u00a0:<br data-start=\"1589\" data-end=\"1592\" \/>\u2714 R\u00e9duction de la masse grasse<br data-start=\"1614\" data-end=\"1617\" \/>\u2714 \u00c9limination de la sensation de lourdeur et des gonflements<br data-start=\"1657\" data-end=\"1660\" \/>\u2714 Am\u00e9lioration de l&#039;\u00e9quilibre du cholest\u00e9rol<br data-start=\"1696\" data-end=\"1699\" \/>\u2714 \u00c9nergie g\u00e9n\u00e9rale et sensation de l\u00e9g\u00e8ret\u00e9<\/p>","protected":false},"featured_media":10616,"template":"","meta":[],"product_cat":[189,287,75],"product_tag":[236,223,238,237,242,234,240,235,241,239,232,229,233,243],"class_list":{"0":"post-10615","1":"product","2":"type-product","3":"status-publish","4":"has-post-thumbnail","6":"product_cat-saglamliq-paketleri","7":"product_cat-butun-mhsullar-v-cihazlar","8":"product_cat-hzm-v-ariqlama","9":"product_tag-antilipid-cay","10":"product_tag-chitosan","11":"product_tag-detox-qaraciyr","12":"product_tag-lecithin","13":"product_tag-qaraciyr-agrisi","14":"product_tag-qaraciyr-brpasi","15":"product_tag-qaraciyr-detoksu","16":"product_tag-qaraciyr-tmizlnmsi","17":"product_tag-qaraciyr-ucun-tiens","18":"product_tag-qaraciyr-ucun-vitaminlr","19":"product_tag-qaraciyr-yaglanmasi","20":"product_tag-toksin-tmizlm","21":"product_tag-xolesterin","22":"product_tag-yag-metabolizmi","24":"first","25":"instock","26":"taxable","27":"shipping-taxable","28":"purchasable","29":"product-type-simple"},"_links":{"self":[{"href":"https:\/\/tiens.az\/fr\/wp-json\/wp\/v2\/product\/10615","targetHints":{"allow":["GET"]}}],"collection":[{"href":"https:\/\/tiens.az\/fr\/wp-json\/wp\/v2\/product"}],"about":[{"href":"https:\/\/tiens.az\/fr\/wp-json\/wp\/v2\/types\/product"}],"wp:featuredmedia":[{"embeddable":true,"href":"https:\/\/tiens.az\/fr\/wp-json\/wp\/v2\/media\/10616"}],"wp:attachment":[{"href":"https:\/\/tiens.az\/fr\/wp-json\/wp\/v2\/media?parent=10615"}],"wp:term":[{"taxonomy":"product_cat","embeddable":true,"href":"https:\/\/tiens.az\/fr\/wp-json\/wp\/v2\/product_cat?post=10615"},{"taxonomy":"product_tag","embeddable":true,"href":"https:\/\/tiens.az\/fr\/wp-json\/wp\/v2\/product_tag?post=10615"}],"curies":[{"name":"wp","href":"https:\/\/api.w.org\/{rel}","templated":true}]}}