{"id":10617,"date":"2025-12-12T15:37:26","date_gmt":"2025-12-12T11:37:26","guid":{"rendered":"https:\/\/tiens.az\/?post_type=product&#038;p=10617"},"modified":"2026-01-05T14:50:34","modified_gmt":"2026-01-05T10:50:34","slug":"%e2%9d%a4%ef%b8%8f-xolesterin-v%c9%99-t%c9%99zyiq-paketi-30-gunluk-proqram","status":"publish","type":"product","link":"https:\/\/tiens.az\/fr\/produit\/\u2764\ufe0f-cholesterol-v\u0259-t\u0259zyiq-package-programme-de-30-jours\/","title":{"rendered":"Programme de 30 jours pour le cholest\u00e9rol et la tension art\u00e9rielle"},"content":{"rendered":"<h1 data-start=\"162\" data-end=\"216\">\u2764\ufe0f Programme C\u0153ur et Circulation \u2013 30 jours pour le cholest\u00e9rol et la tension art\u00e9rielle<strong data-start=\"222\" data-end=\"233\">arkib :<\/strong><\/h1>\n<p data-start=\"236\" data-end=\"281\">\u2714 Cordyceps<br data-start=\"247\" data-end=\"250\" \/>\u2714 Th\u00e9 antilipidique<br data-start=\"265\" data-end=\"268\" \/>\u2714 Spiruline<\/p>\n<hr data-start=\"283\" data-end=\"286\" \/>\n<h1 data-start=\"288\" data-end=\"327\">\u2705 <strong data-start=\"292\" data-end=\"327\">1) Probl\u00e8mes \u2013 \u00c0 qui cela s&#039;adresse-t-il ?<\/strong><\/h1>\n<p data-start=\"329\" data-end=\"372\">Ce produit est tr\u00e8s efficace dans les cas suivants\u00a0:<\/p>\n<ul data-start=\"374\" data-end=\"647\">\n<li data-start=\"374\" data-end=\"410\">\n<p data-start=\"376\" data-end=\"410\">Probl\u00e8me de pression (haute\/basse)<\/p>\n<\/li>\n<li data-start=\"411\" data-end=\"436\">\n<p data-start=\"413\" data-end=\"436\">Cholest\u00e9rol \u00e9lev\u00e9<\/p>\n<\/li>\n<li data-start=\"437\" data-end=\"466\">\n<p data-start=\"439\" data-end=\"466\">Faiblesse de la circulation sanguine<\/p>\n<\/li>\n<li data-start=\"467\" data-end=\"507\">\n<p data-start=\"469\" data-end=\"507\">Engourdissement et sensation de froid dans les mains\/pieds<\/p>\n<\/li>\n<li data-start=\"508\" data-end=\"540\">\n<p data-start=\"510\" data-end=\"540\">Troubles du rythme cardiaque<\/p>\n<\/li>\n<li data-start=\"541\" data-end=\"584\">\n<p data-start=\"543\" data-end=\"584\">Risque d&#039;obstruction des art\u00e8res (ath\u00e9roscl\u00e9rose)<\/p>\n<\/li>\n<li data-start=\"585\" data-end=\"615\">\n<p data-start=\"587\" data-end=\"615\">Fatigue rapide, essoufflement<\/p>\n<\/li>\n<li data-start=\"616\" data-end=\"647\">\n<p data-start=\"618\" data-end=\"647\">Stress et mauvaise oxyg\u00e9nation<\/p>\n<\/li>\n<\/ul>\n<p data-start=\"649\" data-end=\"735\">Ce kit renforce les veines, normalise la circulation sanguine et prot\u00e8ge le muscle cardiaque.<\/p>\n<hr data-start=\"737\" data-end=\"740\" \/>\n<h1 data-start=\"742\" data-end=\"782\">\ud83c\udf3f <strong data-start=\"747\" data-end=\"782\">2) Quels produits contiennent l&#039;emballage ?<\/strong><\/h1>\n<h3 data-start=\"784\" data-end=\"805\">\u2714 <strong data-start=\"790\" data-end=\"803\">Cordyceps<\/strong><\/h3>\n<p data-start=\"806\" data-end=\"889\">Augmente l&#039;oxyg\u00e9nation du sang, renforce le syst\u00e8me cardiovasculaire et accro\u00eet l&#039;\u00e9nergie. (Pour la tension art\u00e9rielle)<\/p>\n<h3 data-start=\"891\" data-end=\"916\">\u2714 <strong data-start=\"897\" data-end=\"914\">Th\u00e9 antilipidique<\/strong><\/h3>\n<p data-start=\"917\" data-end=\"998\">\u00c9quilibre le cholest\u00e9rol, r\u00e9duit les d\u00e9p\u00f4ts de graisse dans les art\u00e8res, r\u00e9gule la tension art\u00e9rielle. (Pour le cholest\u00e9rol et la tension art\u00e9rielle)<\/p>\n<h3 data-start=\"1000\" data-end=\"1021\">\u2714 <strong data-start=\"1006\" data-end=\"1019\">Spiruline<\/strong><\/h3>\n<p data-start=\"1022\" data-end=\"1095\">Gr\u00e2ce \u00e0 son effet antioxydant, elle am\u00e9liore la qualit\u00e9 du sang et prot\u00e8ge les vaisseaux sanguins.<\/p>\n<hr data-start=\"1097\" data-end=\"1100\" \/>\n<h1 data-start=\"1102\" data-end=\"1152\">\ud83d\udcdd <strong data-start=\"1107\" data-end=\"1152\">3) \u00c0 propos du colis\u00a0<\/strong><\/h1>\n<p data-start=\"1154\" data-end=\"1465\"><strong data-start=\"1154\" data-end=\"1183\">Forfait C\u0153ur et Circulation<\/strong> Ce programme de 30 jours prot\u00e8ge la sant\u00e9 cardiaque, normalise le cholest\u00e9rol et am\u00e9liore la circulation sanguine. Il est con\u00e7u pour lutter contre les probl\u00e8mes de cholest\u00e9rol et d&#039;hypertension.<br data-start=\"1307\" data-end=\"1310\" \/>Le cordyceps augmente l&#039;oxyg\u00e9nation du sang, le th\u00e9 antilipidique purifie les vaisseaux sanguins et la spiruline am\u00e9liore la qualit\u00e9 du sang et augmente l&#039;\u00e9quilibre \u00e9nerg\u00e9tique.<\/p>\n<p data-start=\"1467\" data-end=\"1629\">Ce paquet entra\u00eene\u00a0:<br data-start=\"1490\" data-end=\"1493\" \/>\u2714 Am\u00e9liore la circulation sanguine<br data-start=\"1522\" data-end=\"1525\" \/>\u2714 Stabilise la pression art\u00e9rielle<br data-start=\"1549\" data-end=\"1552\" \/>\u2714 R\u00e9gule le cholest\u00e9rol<br data-start=\"1577\" data-end=\"1580\" \/>\u2714 R\u00e9duit la fatigue<br data-start=\"1600\" data-end=\"1603\" \/>\u2714 Prot\u00e8ge le muscle cardiaque<\/p>\n<hr data-start=\"1631\" data-end=\"1634\" \/>\n<h1 data-start=\"1636\" data-end=\"1680\">\u23f3 <strong data-start=\"1640\" data-end=\"1680\">4) Proc\u00e9dure d&#039;admission \u2013 Programme de 30 jours<\/strong><\/h1>\n<h3 data-start=\"1682\" data-end=\"1695\"><strong data-start=\"1686\" data-end=\"1695\">Matin<\/strong><\/h3>\n<ul data-start=\"1696\" data-end=\"1736\">\n<li data-start=\"1696\" data-end=\"1736\">\n<p data-start=\"1698\" data-end=\"1736\">Apr\u00e8s avoir mang\u00e9 : <strong data-start=\"1714\" data-end=\"1736\">1 capsule de Cordyceps<\/strong><\/p>\n<\/li>\n<\/ul>\n<h3 data-start=\"1738\" data-end=\"1753\"><strong data-start=\"1742\" data-end=\"1753\">Apr\u00e8s-midi<\/strong><\/h3>\n<ul data-start=\"1754\" data-end=\"1796\">\n<li data-start=\"1754\" data-end=\"1796\">\n<p data-start=\"1756\" data-end=\"1796\">Avec de la nourriture : <strong data-start=\"1774\" data-end=\"1796\">2 comprim\u00e9s de spiruline<\/strong><\/p>\n<\/li>\n<\/ul>\n<h3 data-start=\"1798\" data-end=\"1811\"><strong data-start=\"1802\" data-end=\"1811\">Soir\u00e9e<\/strong><\/h3>\n<ul data-start=\"1812\" data-end=\"1859\">\n<li data-start=\"1812\" data-end=\"1859\">\n<p data-start=\"1814\" data-end=\"1859\">Pour 1 tasse d&#039;eau chaude : <strong data-start=\"1834\" data-end=\"1859\">1 sachet de th\u00e9 antilipidique<\/strong><\/p>\n<\/li>\n<\/ul>\n<p data-start=\"1861\" data-end=\"1976\">\ud83d\udccc Au moins pendant la journ\u00e9e <strong data-start=\"1882\" data-end=\"1897\">1,5 litres d&#039;eau<\/strong> recommand\u00e9.<br data-start=\"1913\" data-end=\"1916\" \/>\ud83d\udccc Pour un effet stable <strong data-start=\"1937\" data-end=\"1966\">30 jours d&#039;utilisation continue<\/strong> n\u00e9cessaire.<\/p>","protected":false},"excerpt":{"rendered":"<p data-start=\"1154\" data-end=\"1465\"><strong data-start=\"1154\" data-end=\"1183\">Forfait C\u0153ur et Circulation<\/strong> Ce programme de 30 jours prot\u00e8ge la sant\u00e9 cardiaque, normalise le cholest\u00e9rol et am\u00e9liore la circulation sanguine. Il est con\u00e7u pour lutter contre les probl\u00e8mes de cholest\u00e9rol et d&#039;hypertension.<br data-start=\"1307\" data-end=\"1310\" \/>Le cordyceps augmente l&#039;oxyg\u00e9nation du sang, le th\u00e9 antilipidique purifie les vaisseaux sanguins et la spiruline am\u00e9liore la qualit\u00e9 du sang et augmente l&#039;\u00e9quilibre \u00e9nerg\u00e9tique.<\/p>\n<p data-start=\"1467\" data-end=\"1629\">Ce paquet entra\u00eene\u00a0:<br data-start=\"1490\" data-end=\"1493\" \/>\u2714 Am\u00e9liore la circulation sanguine<br data-start=\"1522\" data-end=\"1525\" \/>\u2714 Stabilise la pression art\u00e9rielle<br data-start=\"1549\" data-end=\"1552\" \/>\u2714 R\u00e9gule le cholest\u00e9rol<br data-start=\"1577\" data-end=\"1580\" \/>\u2714 R\u00e9duit la fatigue<br data-start=\"1600\" data-end=\"1603\" \/>\u2714 Prot\u00e8ge le muscle cardiaque<\/p>","protected":false},"featured_media":10618,"template":"","meta":[],"product_cat":[189,287],"product_tag":[236,246,248,251,247,252,120,199,250,244,253,249,233,245],"class_list":{"0":"post-10617","1":"product","2":"type-product","3":"status-publish","4":"has-post-thumbnail","6":"product_cat-saglamliq-paketleri","7":"product_cat-butun-mhsullar-v-cihazlar","8":"product_tag-antilipid-cay","9":"product_tag-asagi-tzyiq","10":"product_tag-cordyceps","11":"product_tag-damar-saglamligi","12":"product_tag-damar-tutulmasi","13":"product_tag-enerji-v-qan-oksigeni","14":"product_tag-qan-dovrani","15":"product_tag-spirulina","16":"product_tag-tzyiq-tnzimlm","17":"product_tag-urk-saglamligi","18":"product_tag-urk-ucun-tiens","19":"product_tag-urk-ucun-vitaminlr","20":"product_tag-xolesterin","21":"product_tag-yuksk-tzyiq","23":"first","24":"instock","25":"taxable","26":"shipping-taxable","27":"purchasable","28":"product-type-simple"},"_links":{"self":[{"href":"https:\/\/tiens.az\/fr\/wp-json\/wp\/v2\/product\/10617","targetHints":{"allow":["GET"]}}],"collection":[{"href":"https:\/\/tiens.az\/fr\/wp-json\/wp\/v2\/product"}],"about":[{"href":"https:\/\/tiens.az\/fr\/wp-json\/wp\/v2\/types\/product"}],"wp:featuredmedia":[{"embeddable":true,"href":"https:\/\/tiens.az\/fr\/wp-json\/wp\/v2\/media\/10618"}],"wp:attachment":[{"href":"https:\/\/tiens.az\/fr\/wp-json\/wp\/v2\/media?parent=10617"}],"wp:term":[{"taxonomy":"product_cat","embeddable":true,"href":"https:\/\/tiens.az\/fr\/wp-json\/wp\/v2\/product_cat?post=10617"},{"taxonomy":"product_tag","embeddable":true,"href":"https:\/\/tiens.az\/fr\/wp-json\/wp\/v2\/product_tag?post=10617"}],"curies":[{"name":"wp","href":"https:\/\/api.w.org\/{rel}","templated":true}]}}