{"id":10624,"date":"2025-12-12T16:49:37","date_gmt":"2025-12-12T12:49:37","guid":{"rendered":"https:\/\/tiens.az\/?post_type=product&#038;p=10624"},"modified":"2026-03-11T19:49:43","modified_gmt":"2026-03-11T15:49:43","slug":"stress-v%c9%99-yuxu-paketi-30-gunluk-proqram","status":"publish","type":"product","link":"https:\/\/tiens.az\/fr\/produit\/programme-de-sommeil-stress-v\u0259-de-30-jours\/","title":{"rendered":"Programme de 30 jours \u00ab\u00a0Stress et sommeil\u00a0\u00bb"},"content":{"rendered":"<h1 data-start=\"275\" data-end=\"324\">\ud83c\udf19 <strong data-start=\"280\" data-end=\"324\">Programme de 30 jours \u00ab\u00a0Stress et sommeil\u00a0\u00bb<\/strong><\/h1>\n<p data-start=\"325\" data-end=\"338\"><strong data-start=\"325\" data-end=\"336\">Composition:<\/strong><\/p>\n<ul data-start=\"339\" data-end=\"437\">\n<li data-start=\"339\" data-end=\"367\">\n<p data-start=\"341\" data-end=\"367\"><strong data-start=\"341\" data-end=\"365\">Poudre de calcium Tiens<\/strong><\/p>\n<\/li>\n<li data-start=\"368\" data-end=\"409\">\n<p data-start=\"370\" data-end=\"409\"><strong data-start=\"370\" data-end=\"407\">Capsules de calcium Tiens avec l\u00e9cithine<\/strong><\/p>\n<\/li>\n<li data-start=\"410\" data-end=\"437\">\n<p data-start=\"412\" data-end=\"437\"><strong data-start=\"412\" data-end=\"435\">Capsules de zinc Tiens<\/strong><\/p>\n<\/li>\n<\/ul>\n<hr data-start=\"439\" data-end=\"442\" \/>\n<h1 data-start=\"444\" data-end=\"490\">\ud83d\udd0d <strong data-start=\"449\" data-end=\"490\">\u00c0 qui est destin\u00e9 ce colis\u00a0? (Probl\u00e8mes)<\/strong><\/h1>\n<p data-start=\"491\" data-end=\"533\">Ce kit convient au mod\u00e8le 100% dans les cas suivants\u00a0:<\/p>\n<ul data-start=\"535\" data-end=\"842\">\n<li data-start=\"535\" data-end=\"563\">\n<p data-start=\"537\" data-end=\"563\">Difficult\u00e9s \u00e0 s&#039;endormir<\/p>\n<\/li>\n<li data-start=\"564\" data-end=\"588\">\n<p data-start=\"566\" data-end=\"588\">Se r\u00e9veiller fr\u00e9quemment la nuit<\/p>\n<\/li>\n<li data-start=\"589\" data-end=\"630\">\n<p data-start=\"591\" data-end=\"630\">Fatigue c\u00e9r\u00e9brale, manque d&#039;attention<\/p>\n<\/li>\n<li data-start=\"631\" data-end=\"662\">\n<p data-start=\"633\" data-end=\"662\">Stress, tension, irritabilit\u00e9<\/p>\n<\/li>\n<li data-start=\"663\" data-end=\"694\">\n<p data-start=\"665\" data-end=\"694\">Affaiblissement du syst\u00e8me nerveux<\/p>\n<\/li>\n<li data-start=\"695\" data-end=\"752\">\n<p data-start=\"697\" data-end=\"752\">Troubles du sommeil dus \u00e0 un d\u00e9s\u00e9quilibre hormonal<\/p>\n<\/li>\n<li data-start=\"753\" data-end=\"788\">\n<p data-start=\"755\" data-end=\"788\">Carence en calcium et en l\u00e9cithine<\/p>\n<\/li>\n<li data-start=\"789\" data-end=\"842\">\n<p data-start=\"791\" data-end=\"842\">Panique, anxi\u00e9t\u00e9, acc\u00e9l\u00e9ration du rythme cardiaque<\/p>\n<\/li>\n<\/ul>\n<hr data-start=\"844\" data-end=\"847\" \/>\n<h1 data-start=\"849\" data-end=\"893\">\ud83d\udc8a <strong data-start=\"854\" data-end=\"893\">Quels produits contient le colis ?<\/strong><\/h1>\n<h3 data-start=\"894\" data-end=\"920\"><strong data-start=\"898\" data-end=\"920\">1\ufe0f\u20e3 Poudre de calcium<\/strong><\/h3>\n<ul data-start=\"921\" data-end=\"1053\">\n<li data-start=\"921\" data-end=\"954\">\n<p data-start=\"923\" data-end=\"954\">Calme le syst\u00e8me nerveux<\/p>\n<\/li>\n<li data-start=\"955\" data-end=\"986\">\n<p data-start=\"957\" data-end=\"986\">Facilite l&#039;endormissement<\/p>\n<\/li>\n<li data-start=\"987\" data-end=\"1017\">\n<p data-start=\"989\" data-end=\"1017\">R\u00e9duit la tension musculaire<\/p>\n<\/li>\n<li data-start=\"1018\" data-end=\"1053\">\n<p data-start=\"1020\" data-end=\"1053\">\u00c9quilibre les hormones du stress<\/p>\n<\/li>\n<\/ul>\n<h3 data-start=\"1055\" data-end=\"1094\"><strong data-start=\"1059\" data-end=\"1094\">2\ufe0f\u20e3 Capsules de calcium avec l\u00e9cithine<\/strong><\/h3>\n<ul data-start=\"1095\" data-end=\"1278\">\n<li data-start=\"1095\" data-end=\"1131\">\n<p data-start=\"1097\" data-end=\"1131\">Nourriture pour le cerveau et le syst\u00e8me nerveux<\/p>\n<\/li>\n<li data-start=\"1132\" data-end=\"1159\">\n<p data-start=\"1134\" data-end=\"1159\">R\u00e9duit le stress chronique<\/p>\n<\/li>\n<li data-start=\"1160\" data-end=\"1197\">\n<p data-start=\"1162\" data-end=\"1197\">Contribue \u00e0 un sommeil plus profond<\/p>\n<\/li>\n<li data-start=\"1198\" data-end=\"1235\">\n<p data-start=\"1200\" data-end=\"1235\">Normalise le rythme cardiaque<\/p>\n<\/li>\n<li data-start=\"1236\" data-end=\"1278\">\n<p data-start=\"1238\" data-end=\"1278\">Am\u00e9liore la concentration et la m\u00e9moire<\/p>\n<\/li>\n<\/ul>\n<h3 data-start=\"1280\" data-end=\"1305\"><strong data-start=\"1284\" data-end=\"1305\">3\ufe0f\u20e3 Capsules de zinc<\/strong><\/h3>\n<ul data-start=\"1306\" data-end=\"1447\">\n<li data-start=\"1306\" data-end=\"1338\">\n<p data-start=\"1308\" data-end=\"1338\">R\u00e9gule l&#039;\u00e9quilibre hormonal<\/p>\n<\/li>\n<li data-start=\"1339\" data-end=\"1368\">\n<p data-start=\"1341\" data-end=\"1368\">R\u00e9duit les r\u00e9veils nocturnes<\/p>\n<\/li>\n<li data-start=\"1369\" data-end=\"1413\">\n<p data-start=\"1371\" data-end=\"1413\">Acc\u00e9l\u00e8re la r\u00e9cup\u00e9ration du syst\u00e8me nerveux<\/p>\n<\/li>\n<li data-start=\"1414\" data-end=\"1447\">\n<p data-start=\"1416\" data-end=\"1447\">Renforce le syst\u00e8me de d\u00e9fense<\/p>\n<\/li>\n<\/ul>\n<hr data-start=\"1449\" data-end=\"1452\" \/>\n<h1 data-start=\"1454\" data-end=\"1513\">\ud83e\uddd8\u200d\u2642\ufe0f <strong data-start=\"1462\" data-end=\"1513\">Br\u00e8ve explication du contenu de l&#039;emballage<\/strong><\/h1>\n<p data-start=\"1514\" data-end=\"1637\">Ce programme de 30 jours est con\u00e7u pour g\u00e9rer le stress et am\u00e9liorer le sommeil. Il vise \u00e0 r\u00e9tablir un rythme de sommeil r\u00e9gulier, r\u00e9duire le stress et renforcer le syst\u00e8me nerveux.<\/p>\n<p data-start=\"1639\" data-end=\"1872\"><strong data-start=\"1639\" data-end=\"1657\">Poudre de calcium<\/strong> \u2013 calme les nerfs et favorise un sommeil profond.<br data-start=\"1711\" data-end=\"1714\" \/><strong data-start=\"1714\" data-end=\"1736\">Calcium avec l\u00e9cithine<\/strong> \u2013 nourrit le cerveau, r\u00e9duit les hormones du stress et procure un sentiment de calme.<br data-start=\"1804\" data-end=\"1807\" \/><strong data-start=\"1807\" data-end=\"1815\">Zinc<\/strong> \u2013 \u00e9quilibre les hormones et am\u00e9liore la qualit\u00e9 du sommeil.<\/p>\n<p data-start=\"1874\" data-end=\"1966\"><strong data-start=\"1874\" data-end=\"1885\">Conclusion:<\/strong><br data-start=\"1885\" data-end=\"1888\" \/>\u2714 Un sommeil plus r\u00e9parateur<br data-start=\"1905\" data-end=\"1908\" \/>\u2714 Syst\u00e8me nerveux apais\u00e9<br data-start=\"1934\" data-end=\"1937\" \/>\u2714 Plus d&#039;\u00e9nergie et d&#039;\u00e9quilibre<\/p>\n<hr data-start=\"1968\" data-end=\"1971\" \/>\n<h1 data-start=\"1973\" data-end=\"2015\">\ud83d\udd52 <strong data-start=\"1978\" data-end=\"2015\">Proc\u00e9dure d&#039;admission (programme de 30 jours)<\/strong><\/h1>\n<h3 data-start=\"2017\" data-end=\"2033\"><strong data-start=\"2021\" data-end=\"2033\">\ud83d\udd38 Matin<\/strong><\/h3>\n<ul data-start=\"2034\" data-end=\"2072\">\n<li data-start=\"2034\" data-end=\"2072\">\n<p data-start=\"2036\" data-end=\"2072\"><strong data-start=\"2036\" data-end=\"2055\">Zinc \u2013 1 capsule<\/strong> (apr\u00e8s avoir mang\u00e9)<\/p>\n<\/li>\n<\/ul>\n<h3 data-start=\"2074\" data-end=\"2090\"><strong data-start=\"2078\" data-end=\"2090\">\ud83d\udd38 Soir\u00e9e<\/strong><\/h3>\n<ul data-start=\"2091\" data-end=\"2143\">\n<li data-start=\"2091\" data-end=\"2143\">\n<p data-start=\"2093\" data-end=\"2143\"><strong data-start=\"2093\" data-end=\"2126\">Calcium avec l\u00e9cithine \u2013 1 capsule<\/strong> (apr\u00e8s avoir mang\u00e9)<\/p>\n<\/li>\n<\/ul>\n<h3 data-start=\"2145\" data-end=\"2181\"><strong data-start=\"2149\" data-end=\"2181\">\ud83d\udd38 30 minutes avant le coucher<\/strong><\/h3>\n<ul data-start=\"2182\" data-end=\"2237\">\n<li data-start=\"2182\" data-end=\"2237\">\n<p data-start=\"2184\" data-end=\"2237\"><strong data-start=\"2184\" data-end=\"2212\">Poudre de calcium \u2013 1 sachet<\/strong> (dissoudre dans de l&#039;eau chaude et boire)<\/p>\n<\/li>\n<\/ul>\n<hr data-start=\"2239\" data-end=\"2242\" \/>\n<h1 data-start=\"2244\" data-end=\"2286\">\ud83d\udccc <strong data-start=\"2249\" data-end=\"2286\">Au bout de combien de jours les effets du produit apparaissent-ils\u00a0?<\/strong><\/h1>\n<ul data-start=\"2287\" data-end=\"2420\">\n<li data-start=\"2287\" data-end=\"2327\">\n<p data-start=\"2289\" data-end=\"2327\"><strong data-start=\"2289\" data-end=\"2301\">3 \u00e0 5 jours :<\/strong> Il devient plus facile de s&#039;endormir.<\/p>\n<\/li>\n<li data-start=\"2328\" data-end=\"2376\">\n<p data-start=\"2330\" data-end=\"2376\"><strong data-start=\"2330\" data-end=\"2344\">10 \u00e0 14 jours :<\/strong> Le stress diminue, le calme augmente<\/p>\n<\/li>\n<li data-start=\"2377\" data-end=\"2420\">\n<p data-start=\"2379\" data-end=\"2420\"><strong data-start=\"2379\" data-end=\"2390\">30 jours :<\/strong> Le rythme de sommeil complet est r\u00e9tabli.<\/p>\n<\/li>\n<\/ul>","protected":false},"excerpt":{"rendered":"<p data-start=\"1514\" data-end=\"1637\">Ce programme de 30 jours est con\u00e7u pour g\u00e9rer le stress et am\u00e9liorer le sommeil. Il vise \u00e0 r\u00e9tablir un rythme de sommeil r\u00e9gulier, r\u00e9duire le stress et renforcer le syst\u00e8me nerveux.<\/p>\n<p data-start=\"1639\" data-end=\"1872\"><strong data-start=\"1639\" data-end=\"1657\">Poudre de calcium<\/strong> \u2013 calme les nerfs et favorise un sommeil profond.<br data-start=\"1711\" data-end=\"1714\" \/><strong data-start=\"1714\" data-end=\"1736\">Calcium avec l\u00e9cithine<\/strong> \u2013 nourrit le cerveau, r\u00e9duit les hormones du stress et procure un sentiment de calme.<br data-start=\"1804\" data-end=\"1807\" \/><strong data-start=\"1807\" data-end=\"1815\">Zinc<\/strong> \u2013 \u00e9quilibre les hormones et am\u00e9liore la qualit\u00e9 du sommeil.<\/p>","protected":false},"featured_media":10625,"template":"","meta":[],"product_cat":[189,287],"product_tag":[197,285,280,279,281,286,282,278,276,283,284,277,198],"class_list":{"0":"post-10624","1":"product","2":"type-product","3":"status-publish","4":"has-post-thumbnail","6":"product_cat-saglamliq-paketleri","7":"product_cat-butun-mhsullar-v-cihazlar","8":"product_tag-calcium-powder","9":"product_tag-drin-yuxu","10":"product_tag-sb-sakitlsdirici","11":"product_tag-insomnia","12":"product_tag-lesitinli-kalsium","13":"product_tag-melatonin-alternativi","14":"product_tag-rahat-yuxu","15":"product_tag-sinir-sistemi","16":"product_tag-stress","17":"product_tag-stress-paketi","18":"product_tag-tiens-stress","19":"product_tag-yuxu-problemi","20":"product_tag-zinc","22":"first","23":"instock","24":"sale","25":"taxable","26":"shipping-taxable","27":"purchasable","28":"product-type-simple"},"_links":{"self":[{"href":"https:\/\/tiens.az\/fr\/wp-json\/wp\/v2\/product\/10624","targetHints":{"allow":["GET"]}}],"collection":[{"href":"https:\/\/tiens.az\/fr\/wp-json\/wp\/v2\/product"}],"about":[{"href":"https:\/\/tiens.az\/fr\/wp-json\/wp\/v2\/types\/product"}],"wp:featuredmedia":[{"embeddable":true,"href":"https:\/\/tiens.az\/fr\/wp-json\/wp\/v2\/media\/10625"}],"wp:attachment":[{"href":"https:\/\/tiens.az\/fr\/wp-json\/wp\/v2\/media?parent=10624"}],"wp:term":[{"taxonomy":"product_cat","embeddable":true,"href":"https:\/\/tiens.az\/fr\/wp-json\/wp\/v2\/product_cat?post=10624"},{"taxonomy":"product_tag","embeddable":true,"href":"https:\/\/tiens.az\/fr\/wp-json\/wp\/v2\/product_tag?post=10624"}],"curies":[{"name":"wp","href":"https:\/\/api.w.org\/{rel}","templated":true}]}}