{"id":10050,"date":"2025-01-22T21:19:18","date_gmt":"2025-01-22T21:19:18","guid":{"rendered":"https:\/\/tiens.az\/?post_type=product&#038;p=10050"},"modified":"2026-03-11T17:38:51","modified_gmt":"2026-03-11T13:38:51","slug":"antilipid-cay-imperator","status":"publish","type":"product","link":"https:\/\/tiens.az\/pl\/produkt\/cesarz-herbaty-antylipidowej\/","title":{"rendered":"Herbata antylipidowa (imperialna)"},"content":{"rendered":"<p><strong>KORZY\u015aCI Z HERBATY:<\/strong><\/p>\n<ul>\n<li><span style=\"font-size: 17px;\">Poprawia kr\u0105\u017cenie krwi poprzez usuwanie kamienia kot\u0142owego ze \u015bcian t\u0119tnic.<\/span><\/li>\n<li><span style=\"font-size: 17px;\">Poprawia nastr\u00f3j i funkcjonowanie uk\u0142adu nerwowego w warunkach du\u017cego stresu psychicznego i fizycznego oraz przewlek\u0142ego zm\u0119czenia.<\/span><\/li>\n<li><span style=\"font-size: 17px;\">W przypadku chor\u00f3b zaka\u017anych szybko usuwa z organizmu pozosta\u0142o\u015bci drobnoustroj\u00f3w i toksyny.<\/span><\/li>\n<li><span style=\"font-size: 17px;\">Oczyszcza organizm w przypadku zatrucia i alkoholizmu.<\/span><\/li>\n<li><span style=\"font-size: 17px;\">Poprawia trawienie, usuwa pian\u0119. Jest skuteczny w st\u0142uszczeniu w\u0105troby, marsko\u015bci w\u0105troby i problemach z trzustk\u0105.<\/span><\/li>\n<li><span style=\"font-size: 17px;\">Ubezpiecza od chor\u00f3b nowotworowych.<\/span><\/li>\n<li><span style=\"font-size: 17px;\">Szybko \u0142agodzi b\u00f3l i zm\u0119czenie u sportowc\u00f3w po wysi\u0142ku fizycznym.<\/span><\/li>\n<li><span style=\"font-size: 17px;\">Poprawia ci\u015bnienie \u015br\u00f3dczaszkowe u dziecka.<\/span><\/li>\n<li><span style=\"font-size: 17px;\">Mo\u017ce zapobiega\u0107 tworzeniu si\u0119 kamieni i osad\u00f3w w nerkach, p\u0119cherzyku \u017c\u00f3\u0142ciowym i p\u0119cherzu moczowym.<\/span><\/li>\n<li><span style=\"font-size: 17px;\">Likwiduje stany zapalne uk\u0142adu moczowo-p\u0142ciowego.<\/span><\/li>\n<li><span style=\"font-size: 17px;\">Jest skuteczny w leczeniu chor\u00f3b neuropsychiatrycznych i neurologicznych (zapalenie nerw\u00f3w, udar m\u00f3zgu, padaczka, stwardnienie rozsiane, choroba Parkinsona).<\/span><\/li>\n<li><span style=\"font-size: 17px;\">W przypadku cukrzycy chroni organizm przed powik\u0142aniami choroby.<\/span><\/li>\n<li><span style=\"font-size: 17px;\">Normalizuje ci\u015bnienie krwi (nale\u017cy pi\u0107 ciep\u0142\u0105 wod\u0119 w przypadku wysokiego ci\u015bnienia, letni\u0105 w przypadku niskiego ci\u015bnienia).<\/span><\/li>\n<li><span style=\"font-size: 17px;\">Usuwa pozosta\u0142o\u015bci lek\u00f3w z organizmu.<\/span><\/li>\n<\/ul>","protected":false},"excerpt":{"rendered":"<p>Herbata antylipidowa poprawia kr\u0105\u017cenie krwi, oczyszcza organizm z toksyn, wspomaga trawienie i uk\u0142ad nerwowy. Jest pomocna w problemach z w\u0105trob\u0105, nerkami, nadci\u015bnieniem i cukrzyc\u0105.<\/p>","protected":false},"featured_media":10051,"template":"","meta":[],"product_cat":[71,287],"product_tag":[455,460,461,251,181,459,337,406,321,352,399,458,456,325,457],"class_list":{"0":"post-10050","1":"product","2":"type-product","3":"status-publish","4":"has-post-thumbnail","6":"product_cat-qida-elaveleri","7":"product_cat-butun-mhsullar-v-cihazlar","8":"product_tag-antilipid-cayi","9":"product_tag-cki-nzarti-dstyi","10":"product_tag-damar-dstk-proqrami","11":"product_tag-damar-saglamligi","12":"product_tag-detoks-dstyi","13":"product_tag-gundlik-saglamliq-cayi","14":"product_tag-maddlr-mubadilsi-dstyi","15":"product_tag-qadinlar-v-kisilr-ucun","16":"product_tag-qan-dovrani-dstyi","17":"product_tag-saglam-hyat-trzi","18":"product_tag-siskinliyin-azalmasi","19":"product_tag-tbii-bitki-cayi","20":"product_tag-urk-damar-dstyi","21":"product_tag-xolesterin-balansi-dstyi","22":"product_tag-yag-mubadilsi-dstyi","24":"first","25":"instock","26":"taxable","27":"shipping-taxable","28":"purchasable","29":"product-type-simple"},"_links":{"self":[{"href":"https:\/\/tiens.az\/pl\/wp-json\/wp\/v2\/product\/10050","targetHints":{"allow":["GET"]}}],"collection":[{"href":"https:\/\/tiens.az\/pl\/wp-json\/wp\/v2\/product"}],"about":[{"href":"https:\/\/tiens.az\/pl\/wp-json\/wp\/v2\/types\/product"}],"wp:featuredmedia":[{"embeddable":true,"href":"https:\/\/tiens.az\/pl\/wp-json\/wp\/v2\/media\/10051"}],"wp:attachment":[{"href":"https:\/\/tiens.az\/pl\/wp-json\/wp\/v2\/media?parent=10050"}],"wp:term":[{"taxonomy":"product_cat","embeddable":true,"href":"https:\/\/tiens.az\/pl\/wp-json\/wp\/v2\/product_cat?post=10050"},{"taxonomy":"product_tag","embeddable":true,"href":"https:\/\/tiens.az\/pl\/wp-json\/wp\/v2\/product_tag?post=10050"}],"curies":[{"name":"wp","href":"https:\/\/api.w.org\/{rel}","templated":true}]}}