{"id":10096,"date":"2025-06-08T17:22:07","date_gmt":"2025-06-08T17:22:07","guid":{"rendered":"https:\/\/tiens.az\/?post_type=product&#038;p=10096"},"modified":"2026-01-05T14:28:19","modified_gmt":"2026-01-05T10:28:19","slug":"tiens-zinc-200mg-60kapsul","status":"publish","type":"product","link":"https:\/\/tiens.az\/pl\/produkt\/tiens-cynk-200-mg-60-kapsulek\/","title":{"rendered":"Tiens Cynk \u2013 Suplement diety, 200 mg, 60 kapsu\u0142ek"},"content":{"rendered":"<h3 data-start=\"273\" data-end=\"313\"><strong data-start=\"277\" data-end=\"311\">Tiens Cynk \u2013 200 mg, 60 kapsu\u0142ek<\/strong><\/h3>\n<p data-start=\"314\" data-end=\"383\"><strong data-start=\"314\" data-end=\"383\">Pot\u0119\u017cne wsparcie dla Twojej odporno\u015bci, niezb\u0119dny minera\u0142 dla zdrowego \u017cycia!<\/strong><\/p>\n<p data-start=\"385\" data-end=\"725\"><strong data-start=\"385\" data-end=\"405\">O produkcie:<\/strong><br data-start=\"405\" data-end=\"408\" \/>Tiens Cynk to suplement diety wzbogacony cynkiem, minera\u0142em niezb\u0119dnym do prawid\u0142owego funkcjonowania organizmu. Ka\u017cda kapsu\u0142ka zawiera 200 mg wysokiej jako\u015bci cynku, kt\u00f3ry jest szczeg\u00f3lnie\u2026 <strong data-start=\"601\" data-end=\"633\">wzmocni\u0107 uk\u0142ad odporno\u015bciowy<\/strong>, <strong data-start=\"635\" data-end=\"668\">wspieranie zdrowia sk\u00f3ry<\/strong> I <strong data-start=\"672\" data-end=\"703\">zwi\u0119kszy\u0107 poziom energii<\/strong> przeznaczone dla.<\/p>\n<p data-start=\"727\" data-end=\"1034\"><strong data-start=\"727\" data-end=\"746\">G\u0142\u00f3wne korzy\u015bci:<\/strong><br data-start=\"746\" data-end=\"749\" \/>\u2705 Wzmacnia uk\u0142ad odporno\u015bciowy<br data-start=\"782\" data-end=\"785\" \/>\u2705 Wspomaga odnow\u0119 i podzia\u0142 kom\u00f3rek<br data-start=\"840\" data-end=\"843\" \/>\u2705 Utrzymuje zdrowie sk\u00f3ry i przyspiesza gojenie si\u0119 ran<br data-start=\"912\" data-end=\"915\" \/>\u2705 Reguluje metabolizm<br data-start=\"950\" data-end=\"953\" \/>\u2705 Pomaga utrzyma\u0107 r\u00f3wnowag\u0119 hormonaln\u0105<br data-start=\"994\" data-end=\"997\" \/>\u2705 Zapobiega niedoborom cynku<\/p>\n<p data-start=\"1036\" data-end=\"1244\"><strong data-start=\"1036\" data-end=\"1057\">Instrukcja u\u017cycia:<\/strong><br data-start=\"1057\" data-end=\"1060\" \/>Przyjmowa\u0107 1-2 kapsu\u0142ki dziennie po posi\u0142ku, popijaj\u0105c szklank\u0105 wody. Regularne stosowanie zapewnia maksymalny efekt. W przypadku ci\u0105\u017cy i innych schorze\u0144 zaleca si\u0119 konsultacj\u0119 lekarsk\u0105.<\/p>\n<p data-start=\"1246\" data-end=\"1460\"><strong data-start=\"1246\" data-end=\"1271\">Dla kogo jest to odpowiednie?<\/strong><br data-start=\"1271\" data-end=\"1274\" \/>\u2714 Osoby, kt\u00f3re cz\u0119sto choruj\u0105<br data-start=\"1297\" data-end=\"1300\" \/>\u2714 Osoby zmagaj\u0105ce si\u0119 z problemami sk\u00f3rnymi (tr\u0105dzikiem, sucho\u015bci\u0105 itp.)<br data-start=\"1354\" data-end=\"1357\" \/>\u2714 Osoby odczuwaj\u0105ce brak energii i zm\u0119czenie<br data-start=\"1404\" data-end=\"1407\" \/>\u2714 Ka\u017cdy, kto chce w naturalny spos\u00f3b wspiera\u0107 swoje cia\u0142o<\/p>\n<p data-start=\"1462\" data-end=\"1532\"><strong data-start=\"1462\" data-end=\"1478\">Opakowanie:<\/strong><br data-start=\"1478\" data-end=\"1481\" \/>1 opakowanie \u2013 60 kapsu\u0142ek (wystarcza na 1 miesi\u0105c stosowania)<\/p>\n<p data-start=\"1534\" data-end=\"1611\"><strong data-start=\"1534\" data-end=\"1555\">Pochodzenie produktu:<\/strong><br data-start=\"1555\" data-end=\"1558\" \/>Tiens \u2013 Mi\u0119dzynarodowa marka zajmuj\u0105ca si\u0119 zdrowiem i biotechnologi\u0105<\/p>","protected":false},"excerpt":{"rendered":"<p>Tiens Cynk to suplement diety wzbogacony cynkiem, minera\u0142em niezb\u0119dnym do prawid\u0142owego funkcjonowania organizmu. Ka\u017cda kapsu\u0142ka zawiera 200 mg wysokiej jako\u015bci cynku, kt\u00f3ry jest szczeg\u00f3lnie\u2026 <strong data-start=\"601\" data-end=\"633\">wzmocni\u0107 uk\u0142ad odporno\u015bciowy<\/strong>, <strong data-start=\"635\" data-end=\"668\">wspieranie zdrowia sk\u00f3ry<\/strong> I <strong data-start=\"672\" data-end=\"703\">zwi\u0119kszy\u0107 poziom energii<\/strong> przeznaczone dla.<\/p>","protected":false},"featured_media":10097,"template":"","meta":[],"product_cat":[71,287,73,77],"product_tag":[451,452,388,387,449,334,448,454,394,447,445,446,450,453,341,336],"class_list":{"0":"post-10096","1":"product","2":"type-product","3":"status-publish","4":"has-post-thumbnail","6":"product_cat-qida-elaveleri","7":"product_cat-butun-mhsullar-v-cihazlar","8":"product_cat-immunitet-v-enerji","9":"product_cat-usaq-saglamligi","10":"product_tag-dri-v-sac-saglamligi","11":"product_tag-dirnaq-mohkmlndirm","12":"product_tag-gundlik-mikroelement-ehtiyaci","13":"product_tag-hormon-balansi-dstyi","14":"product_tag-iltihab-leyhin-dstk","15":"product_tag-immunitet-guclndirm","16":"product_tag-kisi-saglamligi","17":"product_tag-kisilr-ucun","18":"product_tag-metabolik-dstk","19":"product_tag-prostat-saglamligi-dstyi","20":"product_tag-sink-dstyi","21":"product_tag-sink-qiymti","22":"product_tag-sperma-keyfiyyti-dstyi","23":"product_tag-stress-altinda-olanlar-ucun","24":"product_tag-umumi-saglamliq-proqrami","25":"product_tag-yorgunluga-qarsi-dstk","27":"first","28":"instock","29":"purchasable","30":"product-type-simple"},"_links":{"self":[{"href":"https:\/\/tiens.az\/pl\/wp-json\/wp\/v2\/product\/10096","targetHints":{"allow":["GET"]}}],"collection":[{"href":"https:\/\/tiens.az\/pl\/wp-json\/wp\/v2\/product"}],"about":[{"href":"https:\/\/tiens.az\/pl\/wp-json\/wp\/v2\/types\/product"}],"wp:featuredmedia":[{"embeddable":true,"href":"https:\/\/tiens.az\/pl\/wp-json\/wp\/v2\/media\/10097"}],"wp:attachment":[{"href":"https:\/\/tiens.az\/pl\/wp-json\/wp\/v2\/media?parent=10096"}],"wp:term":[{"taxonomy":"product_cat","embeddable":true,"href":"https:\/\/tiens.az\/pl\/wp-json\/wp\/v2\/product_cat?post=10096"},{"taxonomy":"product_tag","embeddable":true,"href":"https:\/\/tiens.az\/pl\/wp-json\/wp\/v2\/product_tag?post=10096"}],"curies":[{"name":"wp","href":"https:\/\/api.w.org\/{rel}","templated":true}]}}