{"id":10101,"date":"2025-06-08T17:46:00","date_gmt":"2025-06-08T17:46:00","guid":{"rendered":"https:\/\/tiens.az\/?post_type=product&#038;p=10101"},"modified":"2026-01-05T14:26:49","modified_gmt":"2026-01-05T10:26:49","slug":"tiens-qlukozamin-oynaqlar-ucun-400mq-kapsul","status":"publish","type":"product","link":"https:\/\/tiens.az\/pl\/produkt\/tiens-glucosamine-joint-support-400-mg-kapsulki\/","title":{"rendered":"Tiens Glucosamine \u2013 dla zdrowia staw\u00f3w 400 mg 60 kapsu\u0142ek"},"content":{"rendered":"<p data-start=\"594\" data-end=\"695\"><strong data-start=\"594\" data-end=\"634\">Tiens Glucosamine \u2013 400 mg, 60 kapsu\u0142ek<\/strong><br data-start=\"634\" data-end=\"637\" \/>Pot\u0119\u017cne, naturalne wsparcie dla staw\u00f3w i uk\u0142adu mi\u0119\u015bniowo-szkieletowego!<\/p>\n<p data-start=\"697\" data-end=\"1002\"><strong data-start=\"697\" data-end=\"717\">O produkcie:<\/strong><br data-start=\"717\" data-end=\"720\" \/>Kapsu\u0142ki Tiens Glucosamine to biologicznie aktywny suplement diety opracowany specjalnie w celu utrzymania zdrowia staw\u00f3w i przyspieszenia ich regeneracji. Dzi\u0119ki bogatemu sk\u0142adowi <strong data-start=\"912\" data-end=\"948\">poprawia p\u0142yn wewn\u0105trzstawowy<\/strong>, jak r\u00f3wnie\u017c <strong data-start=\"957\" data-end=\"1001\">chroni i odnawia tkank\u0119 chrz\u0119stn\u0105<\/strong>.<\/p>\n<p data-start=\"1004\" data-end=\"1285\"><strong data-start=\"1004\" data-end=\"1023\">G\u0142\u00f3wne korzy\u015bci:<\/strong><br data-start=\"1023\" data-end=\"1026\" \/>\u2705 Skraca czas gojenia si\u0119 uraz\u00f3w staw\u00f3w<br data-start=\"1073\" data-end=\"1076\" \/>\u2705 Przyspiesza regeneracj\u0119 chrz\u0105stki i wi\u0119zade\u0142<br data-start=\"1127\" data-end=\"1130\" \/>\u2705 Spowalnia proces starzenia<br data-start=\"1158\" data-end=\"1161\" \/>\u2705 Wspomaga kompleksowe leczenie chor\u00f3b uk\u0142adu mi\u0119\u015bniowo-szkieletowego<br data-start=\"1231\" data-end=\"1234\" \/>\u2705 Zapobiega wyp\u0142ukiwaniu wapnia z ko\u015bci<\/p>\n<p data-start=\"1287\" data-end=\"1314\"><strong data-start=\"1287\" data-end=\"1312\">Sk\u0142adniki (w 1 kapsu\u0142ce):<\/strong><\/p>\n<ul data-start=\"1315\" data-end=\"1570\">\n<li data-start=\"1315\" data-end=\"1350\">\n<p data-start=\"1317\" data-end=\"1350\">Chlorowodorek glukozaminy \u2013 130 mg<\/p>\n<\/li>\n<li data-start=\"1351\" data-end=\"1381\">\n<p data-start=\"1353\" data-end=\"1381\">Siarczan chondroityny \u2013 100 mg<\/p>\n<\/li>\n<li data-start=\"1382\" data-end=\"1411\">\n<p data-start=\"1384\" data-end=\"1411\">W\u0119glan wapnia \u2013 100 mg<\/p>\n<\/li>\n<li data-start=\"1412\" data-end=\"1461\">\n<p data-start=\"1414\" data-end=\"1461\">Kolagen, magnez, fosfor, krzemionka<\/p>\n<\/li>\n<li data-start=\"1462\" data-end=\"1482\">\n<p data-start=\"1464\" data-end=\"1482\">Witaminy B2 i D3<\/p>\n<\/li>\n<li data-start=\"1483\" data-end=\"1514\">\n<p data-start=\"1485\" data-end=\"1514\">Bor, fruktoza, beta-karoten<\/p>\n<\/li>\n<li data-start=\"1515\" data-end=\"1570\">\n<p data-start=\"1517\" data-end=\"1570\">Kwas cytrynowy, sukraloza i inne sk\u0142adniki wspomagaj\u0105ce<\/p>\n<\/li>\n<\/ul>\n<p data-start=\"1572\" data-end=\"1700\"><strong data-start=\"1572\" data-end=\"1593\">Instrukcja u\u017cycia:<\/strong><br data-start=\"1593\" data-end=\"1596\" \/>Przyjmuje si\u0119 1-2 razy dziennie po posi\u0142kach, popijaj\u0105c du\u017c\u0105 ilo\u015bci\u0105 wody. Zaleca si\u0119 d\u0142ugotrwa\u0142e i ci\u0105g\u0142e stosowanie.<\/p>\n<p data-start=\"1702\" data-end=\"1788\"><strong data-start=\"1702\" data-end=\"1718\">Opakowanie:<\/strong><br data-start=\"1718\" data-end=\"1721\" \/>1 fiolka \u2013 400 mg \u00d7 60 kapsu\u0142ek (wystarcza na kuracj\u0119 trwaj\u0105c\u0105 oko\u0142o 1 miesi\u0105c)<\/p>\n<p data-start=\"1790\" data-end=\"2004\"><strong data-start=\"1790\" data-end=\"1815\">Dla kogo jest to odpowiednie?<\/strong><br data-start=\"1815\" data-end=\"1818\" \/>\u2714 Osoby cierpi\u0105ce na b\u00f3le staw\u00f3w i plec\u00f3w<br data-start=\"1850\" data-end=\"1853\" \/>\u2714 Osoby aktywne fizycznie i sportowcy<br data-start=\"1889\" data-end=\"1892\" \/>\u2714 Osoby z sztywno\u015bci\u0105 i os\u0142abieniem staw\u00f3w zwi\u0105zanym z wiekiem<br data-start=\"1940\" data-end=\"1943\" \/>\u2714 Ka\u017cdy, kto chce naturalnie chroni\u0107 sw\u00f3j uk\u0142ad mi\u0119\u015bniowo-szkieletowy<\/p>","protected":false},"excerpt":{"rendered":"<p data-start=\"697\" data-end=\"1002\">Kapsu\u0142ki Tiens Glucosamine to biologicznie aktywny suplement diety opracowany specjalnie w celu utrzymania zdrowia staw\u00f3w i przyspieszenia ich regeneracji. Dzi\u0119ki bogatemu sk\u0142adowi <strong data-start=\"912\" data-end=\"948\">poprawia p\u0142yn wewn\u0105trzstawowy<\/strong>, jak r\u00f3wnie\u017c <strong data-start=\"957\" data-end=\"1001\">chroni i odnawia tkank\u0119 chrz\u0119stn\u0105<\/strong>.<\/p>\n<p data-start=\"1004\" data-end=\"1285\">","protected":false},"featured_media":10102,"template":"","meta":[],"product_cat":[74,287,71],"product_tag":[428,339,424,427,429,421,426,423,329,430,422,418,420,419,425],"class_list":{"0":"post-10101","1":"product","2":"type-product","3":"status-publish","4":"has-post-thumbnail","6":"product_cat-sumuk-v-oynaqlarin-saglamligi","7":"product_cat-butun-mhsullar-v-cihazlar","8":"product_cat-qida-elaveleri","9":"product_tag-agri-v-diskomfort-dstyi","10":"product_tag-aktiv-hyat-trzi-ucun","11":"product_tag-diz-v-bel-oynaqlari","12":"product_tag-zl-v-skelet-sistemi","13":"product_tag-gundlik-oynaq-baximi","14":"product_tag-hrkt-rahatligi","15":"product_tag-idman-ednlr-ucun","16":"product_tag-iltihab-dstyi","17":"product_tag-kisilr-v-qadinlar-ucun","18":"product_tag-oynaq-dstk-proqrami","19":"product_tag-oynaq-elastikliyi","20":"product_tag-oynaq-saglamligi","21":"product_tag-qigirdaq-toxumasi-dstyi","22":"product_tag-qlukozamin-dstyi","23":"product_tag-yasa-bagli-oynaq-ziflmsi","25":"first","26":"instock","27":"taxable","28":"shipping-taxable","29":"purchasable","30":"product-type-simple"},"_links":{"self":[{"href":"https:\/\/tiens.az\/pl\/wp-json\/wp\/v2\/product\/10101","targetHints":{"allow":["GET"]}}],"collection":[{"href":"https:\/\/tiens.az\/pl\/wp-json\/wp\/v2\/product"}],"about":[{"href":"https:\/\/tiens.az\/pl\/wp-json\/wp\/v2\/types\/product"}],"wp:featuredmedia":[{"embeddable":true,"href":"https:\/\/tiens.az\/pl\/wp-json\/wp\/v2\/media\/10102"}],"wp:attachment":[{"href":"https:\/\/tiens.az\/pl\/wp-json\/wp\/v2\/media?parent=10101"}],"wp:term":[{"taxonomy":"product_cat","embeddable":true,"href":"https:\/\/tiens.az\/pl\/wp-json\/wp\/v2\/product_cat?post=10101"},{"taxonomy":"product_tag","embeddable":true,"href":"https:\/\/tiens.az\/pl\/wp-json\/wp\/v2\/product_tag?post=10101"}],"curies":[{"name":"wp","href":"https:\/\/api.w.org\/{rel}","templated":true}]}}