{"id":10105,"date":"2025-06-08T17:54:37","date_gmt":"2025-06-08T17:54:37","guid":{"rendered":"https:\/\/tiens.az\/?post_type=product&#038;p=10105"},"modified":"2026-01-05T14:25:15","modified_gmt":"2026-01-05T10:25:15","slug":"tiens-chitosan-detox-t%c9%99bii-sorbent-100-kapsul","status":"publish","type":"product","link":"https:\/\/tiens.az\/pl\/produkt\/thiens-chitosan-detox-t\u0259bii-sorbent-100-kapsulek\/","title":{"rendered":"Tiens Chitosan \u2013 Naturalny sorbent i wsparcie detoksykacji, 100 kapsu\u0142ek"},"content":{"rendered":"<p data-start=\"508\" data-end=\"606\"><strong data-start=\"508\" data-end=\"548\">Tiens Chitosan \u2013 100 kapsu\u0142ek (0,15 g)<\/strong><br data-start=\"548\" data-end=\"551\" \/>Biologicznie aktywny suplement diety o naturalnej mocy oczyszczaj\u0105cej<\/p>\n<p data-start=\"608\" data-end=\"902\"><strong data-start=\"608\" data-end=\"628\">O produkcie:<\/strong><br data-start=\"628\" data-end=\"631\" \/>Tiens Chitosan to naturalny polimer pochodzenia zwierz\u0119cego, otrzymywany z chityny. Ma silne w\u0142a\u015bciwo\u015bci sorpcyjne i pomaga oczy\u015bci\u0107 organizm ze szkodliwych substancji. <strong data-start=\"801\" data-end=\"810\">detoks<\/strong>, <strong data-start=\"812\" data-end=\"828\">zarz\u0105dzanie wag\u0105<\/strong>, I <strong data-start=\"833\" data-end=\"863\">wspomaganie metabolizmu<\/strong> jest skutecznie wykorzystywany do.<\/p>\n<p data-start=\"904\" data-end=\"1144\">Chitozan absorbuje r\u00f3wnie\u017c wod\u0119 i organizm <strong data-start=\"939\" data-end=\"956\">metale ci\u0119\u017ckie<\/strong>, <strong data-start=\"958\" data-end=\"971\">toksyny<\/strong>, <strong data-start=\"973\" data-end=\"998\">zanieczyszczenia organiczne<\/strong> I <strong data-start=\"1002\" data-end=\"1021\">z bakterii<\/strong> Charakteryzuje si\u0119 w\u0142a\u015bciwo\u015bciami oczyszczaj\u0105cymi. Jest idealnym wyborem dla naturalnego zr\u00f3wnowa\u017cenia organizmu i wsparcia og\u00f3lnego zdrowia.<\/p>\n<p data-start=\"1146\" data-end=\"1427\"><strong data-start=\"1146\" data-end=\"1165\">G\u0142\u00f3wne korzy\u015bci:<\/strong><br data-start=\"1165\" data-end=\"1168\" \/>\u2705 Oczyszcza organizm z toksyn i metali ci\u0119\u017ckich<br data-start=\"1223\" data-end=\"1226\" \/>\u2705 Wspomaga procesy detoksykacji i odchudzania<br data-start=\"1270\" data-end=\"1273\" \/>\u2705 Reguluje prac\u0119 jelit i \u017co\u0142\u0105dka<br data-start=\"1316\" data-end=\"1319\" \/>\u2705 Pomaga wzmocni\u0107 odporno\u015b\u0107<br data-start=\"1356\" data-end=\"1359\" \/>\u2705 Wspomaga r\u00f3wnowag\u0119 cholesterolu i cukru<\/p>\n<p data-start=\"1429\" data-end=\"1443\"><strong data-start=\"1429\" data-end=\"1441\">Sk\u0142adniki:<\/strong><\/p>\n<ul data-start=\"1444\" data-end=\"1568\">\n<li data-start=\"1444\" data-end=\"1486\">\n<p data-start=\"1446\" data-end=\"1486\">Chitozan (polimer chityny) pochodzenia naturalnego<\/p>\n<\/li>\n<li data-start=\"1487\" data-end=\"1536\">\n<p data-start=\"1489\" data-end=\"1536\">W\u0142\u00f3kno zwierz\u0119ce (pochodz\u0105ce z ryb)<\/p>\n<\/li>\n<li data-start=\"1537\" data-end=\"1568\">\n<p data-start=\"1539\" data-end=\"1568\">Otoczka kapsu\u0142ki: celulozowa<\/p>\n<\/li>\n<\/ul>\n<p data-start=\"1570\" data-end=\"1712\"><strong data-start=\"1570\" data-end=\"1591\">Instrukcja u\u017cycia:<\/strong><br data-start=\"1591\" data-end=\"1594\" \/>Przyjmowa\u0107 2 kapsu\u0142ki dwa razy dziennie, popijaj\u0105c szklank\u0105 wody, po posi\u0142ku. Nie nale\u017cy przekracza\u0107 zalecanej dziennej dawki.<\/p>\n<p data-start=\"1714\" data-end=\"1769\"><strong data-start=\"1714\" data-end=\"1730\">Opakowanie:<\/strong><br data-start=\"1730\" data-end=\"1733\" \/>100 kapsu\u0142ek (kuracja na oko\u0142o 25 dni)<\/p>\n<p data-start=\"1771\" data-end=\"2021\"><strong data-start=\"1771\" data-end=\"1796\">Dla kogo jest to odpowiednie?<\/strong><br data-start=\"1796\" data-end=\"1799\" \/>\u2714 Osoby, kt\u00f3re chc\u0105 odtru\u0107 i oczy\u015bci\u0107 organizm<br data-start=\"1844\" data-end=\"1847\" \/>\u2714 Dla os\u00f3b chc\u0105cych wspom\u00f3c proces odchudzania<br data-start=\"1890\" data-end=\"1893\" \/>\u2714 Osoby chc\u0105ce chroni\u0107 si\u0119 przed toksynami z po\u017cywienia i \u015brodowiska<br data-start=\"1960\" data-end=\"1963\" \/>\u2714 Ka\u017cdy, kto szuka zdrowego stylu \u017cycia i r\u00f3wnowagi metabolicznej<\/p>","protected":false},"excerpt":{"rendered":"<p data-start=\"608\" data-end=\"902\"><strong data-start=\"608\" data-end=\"628\">O produkcie:<\/strong><br data-start=\"628\" data-end=\"631\" \/>Tiens Chitosan to naturalny polimer pochodzenia zwierz\u0119cego, otrzymywany z chityny. Ma silne w\u0142a\u015bciwo\u015bci sorpcyjne i pomaga oczy\u015bci\u0107 organizm ze szkodliwych substancji. <strong data-start=\"801\" data-end=\"810\">detoks<\/strong>, <strong data-start=\"812\" data-end=\"828\">zarz\u0105dzanie wag\u0105<\/strong>, I <strong data-start=\"833\" data-end=\"863\">wspomaganie metabolizmu<\/strong> jest skutecznie wykorzystywany do.<\/p>\n<p data-start=\"904\" data-end=\"1144\">Chitozan absorbuje r\u00f3wnie\u017c wod\u0119 i organizm <strong data-start=\"939\" data-end=\"956\">metale ci\u0119\u017ckie<\/strong>, <strong data-start=\"958\" data-end=\"971\">toksyny<\/strong>, <strong data-start=\"973\" data-end=\"998\">zanieczyszczenia organiczne<\/strong> I <strong data-start=\"1002\" data-end=\"1021\">z bakterii<\/strong> Charakteryzuje si\u0119 w\u0142a\u015bciwo\u015bciami oczyszczaj\u0105cymi. Jest idealnym wyborem dla naturalnego zr\u00f3wnowa\u017cenia organizmu i wsparcia og\u00f3lnego zdrowia.<\/p>","protected":false},"featured_media":10106,"template":"","meta":[],"product_cat":[71],"product_tag":[412,410,353,398,181,414,413,337,406,352,399,408,411,325,409],"class_list":{"0":"post-10105","1":"product","2":"type-product","3":"status-publish","4":"has-post-thumbnail","6":"product_cat-qida-elaveleri","7":"product_tag-ariqlama-proqrami","8":"product_tag-bagirsaq-tmizlnmsi","9":"product_tag-bdnin-tmizlnmsi","10":"product_tag-cki-nzarti","11":"product_tag-detoks-dstyi","12":"product_tag-detoks-proqrami","13":"product_tag-hzm-sistemi-dstyi","14":"product_tag-maddlr-mubadilsi-dstyi","15":"product_tag-qadinlar-v-kisilr-ucun","16":"product_tag-saglam-hyat-trzi","17":"product_tag-siskinliyin-azalmasi","18":"product_tag-tbii-sorbent","19":"product_tag-toksinlrin-atilmasi","20":"product_tag-xolesterin-balansi-dstyi","21":"product_tag-yag-baglama-dstyi","23":"first","24":"instock","25":"taxable","26":"shipping-taxable","27":"purchasable","28":"product-type-simple"},"_links":{"self":[{"href":"https:\/\/tiens.az\/pl\/wp-json\/wp\/v2\/product\/10105","targetHints":{"allow":["GET"]}}],"collection":[{"href":"https:\/\/tiens.az\/pl\/wp-json\/wp\/v2\/product"}],"about":[{"href":"https:\/\/tiens.az\/pl\/wp-json\/wp\/v2\/types\/product"}],"wp:featuredmedia":[{"embeddable":true,"href":"https:\/\/tiens.az\/pl\/wp-json\/wp\/v2\/media\/10106"}],"wp:attachment":[{"href":"https:\/\/tiens.az\/pl\/wp-json\/wp\/v2\/media?parent=10105"}],"wp:term":[{"taxonomy":"product_cat","embeddable":true,"href":"https:\/\/tiens.az\/pl\/wp-json\/wp\/v2\/product_cat?post=10105"},{"taxonomy":"product_tag","embeddable":true,"href":"https:\/\/tiens.az\/pl\/wp-json\/wp\/v2\/product_tag?post=10105"}],"curies":[{"name":"wp","href":"https:\/\/api.w.org\/{rel}","templated":true}]}}