{"id":10107,"date":"2025-06-08T17:56:26","date_gmt":"2025-06-08T17:56:26","guid":{"rendered":"https:\/\/tiens.az\/?post_type=product&#038;p=10107"},"modified":"2026-01-05T14:24:37","modified_gmt":"2026-01-05T10:24:37","slug":"tiens-ariqlama-cayi-detoks-c%c9%99ki-azaltmaq","status":"publish","type":"product","link":"https:\/\/tiens.az\/pl\/produkt\/herbata-odchudzajaca-tiens-detox-c\u0259ki-redukujaca\/","title":{"rendered":"Herbata odchudzaj\u0105ca Tiens \u2013 naturalna mieszanka zio\u0142owa na detoks i utrat\u0119 wagi, 40 saszetek"},"content":{"rendered":"<p data-start=\"548\" data-end=\"703\"><strong data-start=\"548\" data-end=\"590\">Herbata odchudzaj\u0105ca Tiens \u2013 1,5 g \u00d7 40 saszetek<\/strong><br data-start=\"590\" data-end=\"593\" \/>Naturalna herbata zio\u0142owa przygotowana na bazie staro\u017cytnych chi\u0144skich receptur, kt\u00f3ra pomaga w detoksykacji, walce z oty\u0142o\u015bci\u0105 i poprawia og\u00f3lne zdrowie.<\/p>\n<p data-start=\"705\" data-end=\"986\"><strong data-start=\"705\" data-end=\"725\">O produkcie:<\/strong><br data-start=\"725\" data-end=\"728\" \/>Herbata odchudzaj\u0105ca Tiens to wysokiej jako\u015bci, biologicznie aktywna herbata, produkowana z syntezy wyselekcjonowanych ro\u015blin leczniczych, przetworzonych przy u\u017cyciu niemieckiej biotechnologii. Reguluje uk\u0142ad trawienny, oczyszcza organizm z toksyn i skutecznie wspomaga kontrol\u0119 wagi.<\/p>\n<p data-start=\"988\" data-end=\"1467\"><strong data-start=\"988\" data-end=\"1007\">G\u0142\u00f3wne korzy\u015bci:<\/strong><br data-start=\"1007\" data-end=\"1010\" \/>\u2705 Poprawia prac\u0119 uk\u0142adu trawiennego i eliminuje wzd\u0119cia<br data-start=\"1064\" data-end=\"1067\" \/>\u2705 Pomaga zredukowa\u0107 wag\u0119 i rozbi\u0107 tkank\u0119 t\u0142uszczow\u0105<br data-start=\"1137\" data-end=\"1140\" \/>\u2705 Reguluje prac\u0119 w\u0105troby, p\u0119cherzyka \u017c\u00f3\u0142ciowego i trzustki<br data-start=\"1205\" data-end=\"1208\" \/>\u2705 Dzia\u0142a przeciwzapalnie i przeciwobrz\u0119kowo<br data-start=\"1252\" data-end=\"1255\" \/>\u2705 Przywraca zdrowy wygl\u0105d sk\u00f3ry, redukuje plamy pigmentacyjne i opuchlizn\u0119 pod oczami<br data-start=\"1342\" data-end=\"1345\" \/>\u2705 Pobudza kr\u0105\u017cenie krwi i poprawia og\u00f3lny tonus<br data-start=\"1399\" data-end=\"1402\" \/>\u2705 Dzia\u0142a jako naturalny \u015brodek przeciwbakteryjny i przeciwzapalny<\/p>\n<p data-start=\"1469\" data-end=\"1506\"><strong data-start=\"1469\" data-end=\"1504\">Zawarto\u015b\u0107 sk\u0142adnik\u00f3w aktywnych:<\/strong><\/p>\n<ul data-start=\"1507\" data-end=\"1799\">\n<li data-start=\"1507\" data-end=\"1543\">\n<p data-start=\"1509\" data-end=\"1543\">Herbata z czarnego smoka (spalacz t\u0142uszczu)<\/p>\n<\/li>\n<li data-start=\"1544\" data-end=\"1589\">\n<p data-start=\"1546\" data-end=\"1589\">Herbata Kudin (przeciwzapalna i przeciwgor\u0105czkowa)<\/p>\n<\/li>\n<li data-start=\"1590\" data-end=\"1641\">\n<p data-start=\"1592\" data-end=\"1641\">Li\u015bcie lotosu (wp\u0142yw na kr\u0105\u017cenie krwi i ci\u015bnienie krwi)<\/p>\n<\/li>\n<li data-start=\"1642\" data-end=\"1686\">\n<p data-start=\"1644\" data-end=\"1686\">Chastukha (rozpad t\u0142uszczu podsk\u00f3rnego)<\/p>\n<\/li>\n<li data-start=\"1687\" data-end=\"1740\">\n<p data-start=\"1689\" data-end=\"1740\">Bogaty kompleks witamin: E, D, C, K, PP, grupa B<\/p>\n<\/li>\n<li data-start=\"1741\" data-end=\"1799\">\n<p data-start=\"1743\" data-end=\"1799\">Minera\u0142y: wap\u0144, \u017celazo, magnez, cynk, selen, itp.<\/p>\n<\/li>\n<\/ul>\n<p data-start=\"1801\" data-end=\"2035\"><strong data-start=\"1801\" data-end=\"1822\">Instrukcja u\u017cycia:<\/strong><br data-start=\"1822\" data-end=\"1825\" \/>Zaparza\u0107 1 saszetk\u0119 w 1-2 litrach gor\u0105cej wody (w termosie lub zamkni\u0119tym pojemniku) przez 30 minut. Zaleca si\u0119 picie ciep\u0142ej herbaty w ci\u0105gu dnia, ca\u0142\u0105 rodzin\u0105. Mo\u017cna doda\u0107 zio\u0142a, takie jak imbir, tymianek, cynamon itp. do smaku.<\/p>\n<p data-start=\"2037\" data-end=\"2085\"><strong data-start=\"2037\" data-end=\"2059\">Formularz zwolnienia:<\/strong><br data-start=\"2059\" data-end=\"2062\" \/>40 saszetek po 1,5 g w pude\u0142ku<\/p>\n<p data-start=\"2087\" data-end=\"2358\"><strong data-start=\"2087\" data-end=\"2112\">Dla kogo jest to odpowiednie?<\/strong><br data-start=\"2112\" data-end=\"2115\" \/>\u2714 Osoby z nadwag\u0105<br data-start=\"2147\" data-end=\"2150\" \/>\u2714 Osoby, kt\u00f3re chc\u0105 odtru\u0107 i oczy\u015bci\u0107 organizm<br data-start=\"2200\" data-end=\"2203\" \/>\u2714 Osoby z problemami w\u0105troby i uk\u0142adu trawiennego<br data-start=\"2245\" data-end=\"2248\" \/>\u2714 Dla os\u00f3b poszukuj\u0105cych energii i zdrowia naturalnymi sposobami<br data-start=\"2295\" data-end=\"2298\" \/>\u2714 Sportowcy i osoby chc\u0105ce kontrolowa\u0107 swoj\u0105 wag\u0119 przed zawodami<\/p>","protected":false},"excerpt":{"rendered":"<p data-start=\"608\" data-end=\"902\"><strong data-start=\"705\" data-end=\"725\">O produkcie:<\/strong><br data-start=\"725\" data-end=\"728\" \/>Herbata odchudzaj\u0105ca Tiens to wysokiej jako\u015bci, biologicznie aktywna herbata, produkowana z syntezy wyselekcjonowanych ro\u015blin leczniczych, przetworzonych przy u\u017cyciu niemieckiej biotechnologii. Reguluje uk\u0142ad trawienny, oczyszcza organizm z toksyn i skutecznie wspomaga kontrol\u0119 wagi.<\/p>","protected":false},"featured_media":10108,"template":"","meta":[],"product_cat":[75,287,78,71],"product_tag":[396,400,353,407,398,397,404,405,402,337,403,406,352,399,401],"class_list":{"0":"post-10107","1":"product","2":"type-product","3":"status-publish","4":"has-post-thumbnail","6":"product_cat-hzm-v-ariqlama","7":"product_cat-butun-mhsullar-v-cihazlar","8":"product_cat-qadin-saglamligi-v-gigiyenasi","9":"product_cat-qida-elaveleri","10":"product_tag-ariqlama-dstyi","11":"product_tag-bagirsaq-faliyyti-dstyi","12":"product_tag-bdnin-tmizlnmsi","13":"product_tag-cki-azaldan-proqramlar","14":"product_tag-cki-nzarti","15":"product_tag-detoks-cayi","16":"product_tag-enerji-v-yungulluk-hissi","17":"product_tag-gundlik-detoks-proqrami","18":"product_tag-istah-nzarti-dstyi","19":"product_tag-maddlr-mubadilsi-dstyi","20":"product_tag-maye-balansi-dstyi","21":"product_tag-qadinlar-v-kisilr-ucun","22":"product_tag-saglam-hyat-trzi","23":"product_tag-siskinliyin-azalmasi","24":"product_tag-tbii-bitki-qarisigi","26":"first","27":"instock","28":"taxable","29":"shipping-taxable","30":"purchasable","31":"product-type-simple"},"_links":{"self":[{"href":"https:\/\/tiens.az\/pl\/wp-json\/wp\/v2\/product\/10107","targetHints":{"allow":["GET"]}}],"collection":[{"href":"https:\/\/tiens.az\/pl\/wp-json\/wp\/v2\/product"}],"about":[{"href":"https:\/\/tiens.az\/pl\/wp-json\/wp\/v2\/types\/product"}],"wp:featuredmedia":[{"embeddable":true,"href":"https:\/\/tiens.az\/pl\/wp-json\/wp\/v2\/media\/10108"}],"wp:attachment":[{"href":"https:\/\/tiens.az\/pl\/wp-json\/wp\/v2\/media?parent=10107"}],"wp:term":[{"taxonomy":"product_cat","embeddable":true,"href":"https:\/\/tiens.az\/pl\/wp-json\/wp\/v2\/product_cat?post=10107"},{"taxonomy":"product_tag","embeddable":true,"href":"https:\/\/tiens.az\/pl\/wp-json\/wp\/v2\/product_tag?post=10107"}],"curies":[{"name":"wp","href":"https:\/\/api.w.org\/{rel}","templated":true}]}}