{"id":10112,"date":"2025-06-08T18:15:33","date_gmt":"2025-06-08T18:15:33","guid":{"rendered":"https:\/\/tiens.az\/?post_type=product&#038;p=10112"},"modified":"2026-01-05T14:23:38","modified_gmt":"2026-01-05T10:23:38","slug":"tiens-selen-antioksidant-v%c9%99-immunitet-d%c9%99st%c9%99yi-60-kapsul","status":"publish","type":"product","link":"https:\/\/tiens.az\/pl\/produkt\/thiens-selenium-antidotum-v\u0259-immunity-d\u0259st\u0259yi-60-kapsulek\/","title":{"rendered":"Tiens Selenium \u2013 Antyoksydant i wsparcie odporno\u015bci, 60 kapsu\u0142ek"},"content":{"rendered":"<p data-start=\"524\" data-end=\"612\"><strong data-start=\"524\" data-end=\"560\">Tiens Selen \u2013 Antyoksydant i wzmacniacz odporno\u015bci | TiensTiens Selen \u2013 280 mg \u00d7 60 kapsu\u0142ek<\/strong><br data-start=\"560\" data-end=\"563\" \/>Chro\u0144 swoje cia\u0142o, odn\u00f3w swoje kom\u00f3rki!<\/p>\n<p data-start=\"614\" data-end=\"917\"><strong data-start=\"614\" data-end=\"634\">O produkcie:<\/strong><br data-start=\"634\" data-end=\"637\" \/>Kapsu\u0142ki Tiens Selenium to silny biologicznie aktywny suplement diety, opracowany w celu utrzymania prawid\u0142owego poziomu selenu w organizmie. Selen \u2013 <strong data-start=\"776\" data-end=\"803\">cynk, wap\u0144 i potas<\/strong> wraz z niezb\u0119dnymi mikrosk\u0142adnikami od\u017cywczymi, takimi jak <strong data-start=\"854\" data-end=\"898\">w produkcji energii i r\u00f3wnowadze hormonalnej<\/strong> odgrywa wa\u017cn\u0105 rol\u0119.<\/p>\n<p data-start=\"919\" data-end=\"1082\">Produkt ten uczestniczy w dzia\u0142aniu ponad 200 enzym\u00f3w i hormon\u00f3w, wzmacnia odporno\u015b\u0107, <strong data-start=\"1015\" data-end=\"1042\">zmniejsza ryzyko zachorowania na raka<\/strong> I <strong data-start=\"1046\" data-end=\"1070\">obrona antyoksydacyjna<\/strong> zapewnia.<\/p>\n<p data-start=\"1084\" data-end=\"1609\"><strong data-start=\"1084\" data-end=\"1103\">G\u0142\u00f3wne korzy\u015bci:<\/strong><br data-start=\"1103\" data-end=\"1106\" \/>\u2705 Silne dzia\u0142anie antyoksydacyjne \u2013 zwalcza wolne rodniki<br data-start=\"1164\" data-end=\"1167\" \/>\u2705 Reguluje prac\u0119 tarczycy<br data-start=\"1213\" data-end=\"1216\" \/>\u2705 Wzmacnia w\u0142osy i paznokcie<br data-start=\"1247\" data-end=\"1250\" \/>\u2705 Zmniejsza ryzyko zachorowania na raka i skutk\u00f3w ubocznych chemioterapii<br data-start=\"1308\" data-end=\"1311\" \/>\u2705 Spowalnia proces starzenia i utrzymuje organizm w zdrowiu<br data-start=\"1366\" data-end=\"1369\" \/>\u2705 Przydatny w leczeniu chor\u00f3b zaka\u017anych, takich jak grypa, zapalenie w\u0105troby i gru\u017alica<br data-start=\"1431\" data-end=\"1434\" \/>\u2705 Polecany osobom cierpi\u0105cym na astm\u0119 i alergie<br data-start=\"1484\" data-end=\"1487\" \/>\u2705 Przyspiesza gojenie si\u0119 ran i oparze\u0144<br data-start=\"1538\" data-end=\"1541\" \/>\u2705 Wspomaga produkcj\u0119 limfocyt\u00f3w T i przeciwcia\u0142 w uk\u0142adzie odporno\u015bciowym<\/p>\n<p data-start=\"1611\" data-end=\"1625\"><strong data-start=\"1611\" data-end=\"1623\">Sk\u0142adniki:<\/strong><\/p>\n<ul data-start=\"1626\" data-end=\"1681\">\n<li data-start=\"1626\" data-end=\"1652\">\n<p data-start=\"1628\" data-end=\"1652\">Selen (Se) \u2013 280 mg<\/p>\n<\/li>\n<li data-start=\"1653\" data-end=\"1681\">\n<p data-start=\"1655\" data-end=\"1681\">Naturalne sk\u0142adniki biologiczne<\/p>\n<\/li>\n<\/ul>\n<p data-start=\"1683\" data-end=\"1802\"><strong data-start=\"1683\" data-end=\"1704\">Instrukcja u\u017cycia:<\/strong><br data-start=\"1704\" data-end=\"1707\" \/>Przyjmowa\u0107 1\u20132 kapsu\u0142ki dziennie, po posi\u0142ku, popijaj\u0105c wod\u0105. Zaleca si\u0119 regularne i regularne stosowanie.<\/p>\n<p data-start=\"1804\" data-end=\"1861\"><strong data-start=\"1804\" data-end=\"1820\">Opakowanie:<\/strong><br data-start=\"1820\" data-end=\"1823\" \/>Butelka \u2013 60 kapsu\u0142ek (po 280 mg)<\/p>\n<p data-start=\"1863\" data-end=\"2118\"><strong data-start=\"1863\" data-end=\"1888\">Dla kogo jest to odpowiednie?<\/strong><br data-start=\"1888\" data-end=\"1891\" \/>\u2714 Osoby o s\u0142abej odporno\u015bci<br data-start=\"1916\" data-end=\"1919\" \/>\u2714 Osoby do\u015bwiadczaj\u0105ce niedoboru energii<br data-start=\"1951\" data-end=\"1954\" \/>\u2714 Osoby z chorob\u0105 tarczycy<br data-start=\"1991\" data-end=\"1994\" \/>\u2714 Osoby chc\u0105ce zapobiec degeneracji kom\u00f3rek zwi\u0105zanej z wiekiem<br data-start=\"2062\" data-end=\"2065\" \/>\u2714 Dla os\u00f3b potrzebuj\u0105cych wsparcia w zakresie wzmocnienia w\u0142os\u00f3w i paznokci<\/p>","protected":false},"excerpt":{"rendered":"<p data-start=\"614\" data-end=\"917\"><strong data-start=\"614\" data-end=\"634\">O produkcie:<\/strong><br data-start=\"634\" data-end=\"637\" \/>Kapsu\u0142ki Tiens Selenium to silny biologicznie aktywny suplement diety, opracowany w celu utrzymania prawid\u0142owego poziomu selenu w organizmie. Selen \u2013 <strong data-start=\"776\" data-end=\"803\">cynk, wap\u0144 i potas<\/strong> wraz z niezb\u0119dnymi mikrosk\u0142adnikami od\u017cywczymi, takimi jak <strong data-start=\"854\" data-end=\"898\">w produkcji energii i r\u00f3wnowadze hormonalnej<\/strong> odgrywa wa\u017cn\u0105 rol\u0119.<\/p>\n<p data-start=\"919\" data-end=\"1082\">Produkt ten uczestniczy w dzia\u0142aniu ponad 200 enzym\u00f3w i hormon\u00f3w, wzmacnia odporno\u015b\u0107, <strong data-start=\"1015\" data-end=\"1042\">zmniejsza ryzyko zachorowania na raka<\/strong> I <strong data-start=\"1046\" data-end=\"1070\">obrona antyoksydacyjna<\/strong> zapewnia.<\/p>","protected":false},"featured_media":10113,"template":"","meta":[],"product_cat":[76,287,71],"product_tag":[385,347,388,387,322,334,329,337,386,344,384,323,365,341,324],"class_list":{"0":"post-10112","1":"product","2":"type-product","3":"status-publish","4":"has-post-thumbnail","6":"product_cat-sxsi-gigiyena-vasitlri","7":"product_cat-butun-mhsullar-v-cihazlar","8":"product_cat-qida-elaveleri","9":"product_tag-antioksidant-qoruma","10":"product_tag-enerji-v-tonus","11":"product_tag-gundlik-mikroelement-ehtiyaci","12":"product_tag-hormon-balansi-dstyi","13":"product_tag-huceyr-qorunmasi","14":"product_tag-immunitet-guclndirm","15":"product_tag-kisilr-v-qadinlar-ucun","16":"product_tag-maddlr-mubadilsi-dstyi","17":"product_tag-qalxanabnzr-vz-dstyi","18":"product_tag-saglam-hyat-trzi-dstyi","19":"product_tag-selen-dstyi","20":"product_tag-srbst-radikallara-qarsi","21":"product_tag-stress-qarsi-dstk","22":"product_tag-umumi-saglamliq-proqrami","23":"product_tag-yaslanmaya-qarsi-dstk","25":"first","26":"instock","27":"taxable","28":"shipping-taxable","29":"purchasable","30":"product-type-simple"},"_links":{"self":[{"href":"https:\/\/tiens.az\/pl\/wp-json\/wp\/v2\/product\/10112","targetHints":{"allow":["GET"]}}],"collection":[{"href":"https:\/\/tiens.az\/pl\/wp-json\/wp\/v2\/product"}],"about":[{"href":"https:\/\/tiens.az\/pl\/wp-json\/wp\/v2\/types\/product"}],"wp:featuredmedia":[{"embeddable":true,"href":"https:\/\/tiens.az\/pl\/wp-json\/wp\/v2\/media\/10113"}],"wp:attachment":[{"href":"https:\/\/tiens.az\/pl\/wp-json\/wp\/v2\/media?parent=10112"}],"wp:term":[{"taxonomy":"product_cat","embeddable":true,"href":"https:\/\/tiens.az\/pl\/wp-json\/wp\/v2\/product_cat?post=10112"},{"taxonomy":"product_tag","embeddable":true,"href":"https:\/\/tiens.az\/pl\/wp-json\/wp\/v2\/product_tag?post=10112"}],"curies":[{"name":"wp","href":"https:\/\/api.w.org\/{rel}","templated":true}]}}