{"id":10114,"date":"2025-06-08T18:20:15","date_gmt":"2025-06-08T18:20:15","guid":{"rendered":"https:\/\/tiens.az\/?post_type=product&#038;p=10114"},"modified":"2026-01-05T14:23:23","modified_gmt":"2026-01-05T10:23:23","slug":"tiens-cell-rejuvenation-huceyre-mudafie","status":"publish","type":"product","link":"https:\/\/tiens.az\/pl\/produkt\/odmladzanie-komorek-tiens-ochrona-komorek\/","title":{"rendered":"Tiens Cell Rejuvenation \u2013 150 kapsu\u0142ek do odnowy i ochrony kom\u00f3rek"},"content":{"rendered":"<p data-start=\"558\" data-end=\"713\"><strong data-start=\"558\" data-end=\"606\">Tiens Cell Rejuvenation \u2013 0,3 g \u00d7 150 kapsu\u0142ek<\/strong><br data-start=\"606\" data-end=\"609\" \/>Pot\u0119\u017cne wsparcie odnowy kom\u00f3rkowej, wzmocnienia uk\u0142adu odporno\u015bciowego i zapobiegania nowotworom!<\/p>\n<p data-start=\"715\" data-end=\"1012\"><strong data-start=\"715\" data-end=\"735\">O produkcie:<\/strong><br data-start=\"735\" data-end=\"738\" \/>Kapsu\u0142ki Tiens Cell Rejuvenation to z\u0142o\u017cony suplement diety wzbogacony saponinami i silnymi przeciwutleniaczami z ro\u015bliny Gynostemma. <strong data-start=\"888\" data-end=\"932\">przyspiesza odnow\u0119 kom\u00f3rek<\/strong>, <strong data-start=\"934\" data-end=\"973\">aktywuje metabolizm<\/strong> I <strong data-start=\"977\" data-end=\"1011\">oczyszcza organizm z toksyn<\/strong>.<\/p>\n<p data-start=\"1014\" data-end=\"1156\">Ten produkt pomaga zapobiega\u0107 rozprzestrzenianiu si\u0119 kom\u00f3rek nowotworowych, wzmacnia uk\u0142ad odporno\u015bciowy i normalizuje r\u00f3wnowag\u0119 hormonaln\u0105.<\/p>\n<p data-start=\"1158\" data-end=\"1684\"><strong data-start=\"1158\" data-end=\"1177\">G\u0142\u00f3wne korzy\u015bci:<\/strong><br data-start=\"1177\" data-end=\"1180\" \/>\u2705 Przywracanie i odnowa na poziomie kom\u00f3rkowym<br data-start=\"1221\" data-end=\"1224\" \/>\u2705 Reguluje poziom cukru i lipid\u00f3w we krwi<br data-start=\"1273\" data-end=\"1276\" \/>\u2705 Przyspiesza regeneracj\u0119 kom\u00f3rek w\u0105troby<br data-start=\"1333\" data-end=\"1336\" \/>\u2705 Zapobiega rozwojowi raka i regeneruje organizm po chemioterapii<br data-start=\"1417\" data-end=\"1420\" \/>\u2705 Poprawia stan psychiczny, normalizuje sen<br data-start=\"1478\" data-end=\"1481\" \/>\u2705 Zwi\u0119ksza odporno\u015b\u0107 i wytrzyma\u0142o\u015b\u0107<br data-start=\"1516\" data-end=\"1519\" \/>\u2705 Wsparcie uk\u0142adu naczyniowego i serca<br data-start=\"1552\" data-end=\"1555\" \/>\u2705 Chroni z\u0119by i zdrowie jamy ustnej<br data-start=\"1589\" data-end=\"1592\" \/>\u2705 Wspiera programy odchudzania<br data-start=\"1630\" data-end=\"1633\" \/>\u2705 \u0141agodzi skutki zatru\u0107 pokarmowych i lekowych<\/p>\n<p data-start=\"1686\" data-end=\"1700\"><strong data-start=\"1686\" data-end=\"1698\">Sk\u0142adniki:<\/strong><\/p>\n<ul data-start=\"1701\" data-end=\"1839\">\n<li data-start=\"1701\" data-end=\"1740\">\n<p data-start=\"1703\" data-end=\"1740\">Saponiny Gynostemma pentaphyllium<\/p>\n<\/li>\n<li data-start=\"1741\" data-end=\"1757\">\n<p data-start=\"1743\" data-end=\"1757\">Beta-karoten<\/p>\n<\/li>\n<li data-start=\"1758\" data-end=\"1778\">\n<p data-start=\"1760\" data-end=\"1778\">Kwas askorbinowy<\/p>\n<\/li>\n<li data-start=\"1779\" data-end=\"1798\">\n<p data-start=\"1781\" data-end=\"1798\">Mikroelementy<\/p>\n<\/li>\n<li data-start=\"1799\" data-end=\"1839\">\n<p data-start=\"1801\" data-end=\"1839\">Teopolifenole i adaptogeny ro\u015blinne<\/p>\n<\/li>\n<\/ul>\n<p data-start=\"1841\" data-end=\"2051\"><strong data-start=\"1841\" data-end=\"1862\">Instrukcja u\u017cycia:<\/strong><br data-start=\"1862\" data-end=\"1865\" \/>Tydzie\u0144 1: 1 kapsu\u0142ka 1\u20132 razy dziennie.<br data-start=\"1901\" data-end=\"1904\" \/>P\u00f3\u017aniej: mo\u017cna zwi\u0119kszy\u0107 dawk\u0119 do 2 kapsu\u0142ek 3 razy dziennie, w zale\u017cno\u015bci od indywidualnej tolerancji.<br data-start=\"1993\" data-end=\"1996\" \/>Za\u017cywa\u0107 popijaj\u0105c ciep\u0142\u0105 wod\u0105, mi\u0119dzy posi\u0142kami. Kuracja: 1\u20133 miesi\u0105ce.<\/p>\n<p data-start=\"2053\" data-end=\"2103\"><strong data-start=\"2053\" data-end=\"2069\">Opakowanie:<\/strong><br data-start=\"2069\" data-end=\"2072\" \/>150 kapsu\u0142ek (0,3 grama) w pude\u0142ku<\/p>\n<p data-start=\"2105\" data-end=\"2438\"><strong data-start=\"2105\" data-end=\"2130\">Dla kogo jest to odpowiednie?<\/strong><br data-start=\"2130\" data-end=\"2133\" \/>\u2714 Osoby w okresie rekonwalescencji po profilaktyce lub leczeniu raka<br data-start=\"2203\" data-end=\"2206\" \/>\u2714 Dla os\u00f3b, kt\u00f3re chc\u0105 zachowa\u0107 zdrowie na poziomie kom\u00f3rkowym<br data-start=\"2260\" data-end=\"2263\" \/>\u2714 Osoby cierpi\u0105ce na przewlek\u0142y stres, problemy ze snem, depresj\u0119<br data-start=\"2317\" data-end=\"2320\" \/>\u2714 Dla wszystkich, kt\u00f3rzy chc\u0105 wzmocni\u0107 swoj\u0105 odporno\u015b\u0107 i spowolni\u0107 proces starzenia<br data-start=\"2389\" data-end=\"2392\" \/>\u2714 Osoby poszukuj\u0105ce utraty wagi i r\u00f3wnowagi metabolicznej<\/p>","protected":false},"excerpt":{"rendered":"<p data-start=\"715\" data-end=\"1012\"><strong data-start=\"715\" data-end=\"735\">O produkcie:<\/strong><br data-start=\"735\" data-end=\"738\" \/>Kapsu\u0142ki Tiens Cell Rejuvenation to z\u0142o\u017cony suplement diety wzbogacony saponinami i silnymi przeciwutleniaczami z ro\u015bliny Gynostemma. <strong data-start=\"888\" data-end=\"932\">przyspiesza odnow\u0119 kom\u00f3rek<\/strong>, <strong data-start=\"934\" data-end=\"973\">aktywuje metabolizm<\/strong> I <strong data-start=\"977\" data-end=\"1011\">oczyszcza organizm z toksyn<\/strong>.<\/p>\n<p data-start=\"1014\" data-end=\"1156\">Ten produkt pomaga zapobiega\u0107 rozprzestrzenianiu si\u0119 kom\u00f3rek nowotworowych, wzmacnia uk\u0142ad odporno\u015bciowy i normalizuje r\u00f3wnowag\u0119 hormonaln\u0105.<\/p>","protected":false},"featured_media":10115,"template":"","meta":[],"product_cat":[76,287,71],"product_tag":[318,382,181,347,322,381,334,329,337,352,323,338,341,383,324],"class_list":{"0":"post-10114","1":"product","2":"type-product","3":"status-publish","4":"has-post-thumbnail","6":"product_cat-sxsi-gigiyena-vasitlri","7":"product_cat-butun-mhsullar-v-cihazlar","8":"product_cat-qida-elaveleri","9":"product_tag-antioksidant-dstyi","10":"product_tag-brpa-v-regenerasiya","11":"product_tag-detoks-dstyi","12":"product_tag-enerji-v-tonus","13":"product_tag-huceyr-qorunmasi","14":"product_tag-huceyr-yenilnmsi-dstyi","15":"product_tag-immunitet-guclndirm","16":"product_tag-kisilr-v-qadinlar-ucun","17":"product_tag-maddlr-mubadilsi-dstyi","18":"product_tag-saglam-hyat-trzi","19":"product_tag-srbst-radikallara-qarsi","20":"product_tag-stres-qarsi-dstk","21":"product_tag-umumi-saglamliq-proqrami","22":"product_tag-uzunmuddtli-qoruma","23":"product_tag-yaslanmaya-qarsi-dstk","25":"first","26":"instock","27":"taxable","28":"shipping-taxable","29":"purchasable","30":"product-type-simple"},"_links":{"self":[{"href":"https:\/\/tiens.az\/pl\/wp-json\/wp\/v2\/product\/10114","targetHints":{"allow":["GET"]}}],"collection":[{"href":"https:\/\/tiens.az\/pl\/wp-json\/wp\/v2\/product"}],"about":[{"href":"https:\/\/tiens.az\/pl\/wp-json\/wp\/v2\/types\/product"}],"wp:featuredmedia":[{"embeddable":true,"href":"https:\/\/tiens.az\/pl\/wp-json\/wp\/v2\/media\/10115"}],"wp:attachment":[{"href":"https:\/\/tiens.az\/pl\/wp-json\/wp\/v2\/media?parent=10114"}],"wp:term":[{"taxonomy":"product_cat","embeddable":true,"href":"https:\/\/tiens.az\/pl\/wp-json\/wp\/v2\/product_cat?post=10114"},{"taxonomy":"product_tag","embeddable":true,"href":"https:\/\/tiens.az\/pl\/wp-json\/wp\/v2\/product_tag?post=10114"}],"curies":[{"name":"wp","href":"https:\/\/api.w.org\/{rel}","templated":true}]}}