{"id":10122,"date":"2025-06-08T18:37:31","date_gmt":"2025-06-08T18:37:31","guid":{"rendered":"https:\/\/tiens.az\/?post_type=product&#038;p=10122"},"modified":"2026-01-05T14:19:02","modified_gmt":"2026-01-05T10:19:02","slug":"tiens-spirulina-100kapsul","status":"publish","type":"product","link":"https:\/\/tiens.az\/pl\/produkt\/tiens-spirulina-100-kapsulek\/","title":{"rendered":"Tiens Spirulina \u2013 100 kapsu\u0142ek dla odporno\u015bci i og\u00f3lnego zdrowia"},"content":{"rendered":"<p data-start=\"551\" data-end=\"653\"><strong data-start=\"551\" data-end=\"601\">Tiens Spirulina Capsules \u2013 0,25 g \u00d7 100 kapsu\u0142ek<\/strong><br data-start=\"601\" data-end=\"604\" \/>Wzmocnij swoje cia\u0142o naturalnymi \u017ar\u00f3d\u0142ami po\u017cywienia!<\/p>\n<p data-start=\"655\" data-end=\"953\"><strong data-start=\"655\" data-end=\"675\">O produkcie:<\/strong><br data-start=\"675\" data-end=\"678\" \/>Kapsu\u0142ki Tiens Spirulina to wysokiej jako\u015bci suplement diety wytwarzany z naturalnej algi spiruliny. Spirulina jest bogatym \u017ar\u00f3d\u0142em bia\u0142ka, witamin, minera\u0142\u00f3w i przeciwutleniaczy, a jej stosowanie wzmacnia organizm, dodaje energii i utrzymuje og\u00f3lny stan zdrowia.<\/p>\n<p data-start=\"955\" data-end=\"1167\">Te kapsu\u0142ki <strong data-start=\"968\" data-end=\"1016\">przywraca r\u00f3wnowag\u0119 witaminowo-mineraln\u0105 w organizmie<\/strong>, <strong data-start=\"1018\" data-end=\"1049\">wzmacnia uk\u0142ad odporno\u015bciowy<\/strong> I <strong data-start=\"1053\" data-end=\"1083\">zmniejsza przewlek\u0142e zm\u0119czenie<\/strong>Jest to produkt wspomagaj\u0105cy zdrowe od\u017cywianie i naturalnie od\u017cywiaj\u0105cy organizm.<\/p>\n<p data-start=\"1169\" data-end=\"1453\"><strong data-start=\"1169\" data-end=\"1188\">G\u0142\u00f3wne korzy\u015bci:<\/strong><br data-start=\"1188\" data-end=\"1191\" \/>\u2705 Wzmacnia organizm dzi\u0119ki wysokiej zawarto\u015bci bia\u0142ka<br data-start=\"1238\" data-end=\"1241\" \/>\u2705 Chroni kom\u00f3rki, dzia\u0142aj\u0105c antyoksydacyjnie<br data-start=\"1292\" data-end=\"1295\" \/>\u2705 Wspomaga uk\u0142ad odporno\u015bciowy<br data-start=\"1328\" data-end=\"1331\" \/>\u2705 Zwi\u0119ksza energi\u0119 i zmniejsza zm\u0119czenie<br data-start=\"1371\" data-end=\"1374\" \/>\u2705 Zapewnia r\u00f3wnowag\u0119 witamin i minera\u0142\u00f3w<br data-start=\"1415\" data-end=\"1418\" \/>\u2705 Reguluje trawienie i metabolizm<\/p>\n<p data-start=\"1455\" data-end=\"1469\"><strong data-start=\"1455\" data-end=\"1467\">Sk\u0142adniki:<\/strong><\/p>\n<ul data-start=\"1470\" data-end=\"1558\">\n<li data-start=\"1470\" data-end=\"1517\">\n<p data-start=\"1472\" data-end=\"1517\">Naturalny proszek spiruliny (na bazie mikroalg)<\/p>\n<\/li>\n<li data-start=\"1518\" data-end=\"1558\">\n<p data-start=\"1520\" data-end=\"1558\">Ka\u017cda kapsu\u0142ka: 0,25 g ekstraktu ze spiruliny<\/p>\n<\/li>\n<\/ul>\n<p data-start=\"1560\" data-end=\"1681\"><strong data-start=\"1560\" data-end=\"1581\">Instrukcja u\u017cycia:<\/strong><br data-start=\"1581\" data-end=\"1584\" \/>Przyjmowa\u0107 1-2 kapsu\u0142ki 2-3 razy dziennie po posi\u0142ku. Zaleca si\u0119 popija\u0107 du\u017c\u0105 ilo\u015bci\u0105 wody.<\/p>\n<p data-start=\"1683\" data-end=\"1735\"><strong data-start=\"1683\" data-end=\"1699\">Opakowanie:<\/strong><br data-start=\"1699\" data-end=\"1702\" \/>100 kapsu\u0142ek \u2013 w plastikowym s\u0142oiku<\/p>\n<p data-start=\"1737\" data-end=\"1958\"><strong data-start=\"1737\" data-end=\"1762\">Dla kogo jest to odpowiednie?<\/strong><br data-start=\"1762\" data-end=\"1765\" \/>\u2714 Osoby z niedoborami witamin<br data-start=\"1795\" data-end=\"1798\" \/>\u2714 Osoby odczuwaj\u0105ce przewlek\u0142e zm\u0119czenie i os\u0142abienie<br data-start=\"1841\" data-end=\"1844\" \/>\u2714 Osoby chc\u0105ce wzmocni\u0107 sw\u00f3j organizm naturalnym po\u017cywieniem<br data-start=\"1901\" data-end=\"1904\" \/>\u2714 Ka\u017cdy, kto chce wzmocni\u0107 odporno\u015b\u0107 i zwi\u0119kszy\u0107 energi\u0119<\/p>","protected":false},"excerpt":{"rendered":"<p data-start=\"655\" data-end=\"953\"><strong data-start=\"655\" data-end=\"675\">O produkcie:<\/strong><br data-start=\"675\" data-end=\"678\" \/>Kapsu\u0142ki Tiens Spirulina to wysokiej jako\u015bci suplement diety wytwarzany z naturalnej algi spiruliny. Spirulina jest bogatym \u017ar\u00f3d\u0142em bia\u0142ka, witamin, minera\u0142\u00f3w i przeciwutleniaczy, a jej stosowanie wzmacnia organizm, dodaje energii i utrzymuje og\u00f3lny stan zdrowia.<\/p>\n<p data-start=\"955\" data-end=\"1167\">Te kapsu\u0142ki <strong data-start=\"968\" data-end=\"1016\">przywraca r\u00f3wnowag\u0119 witaminowo-mineraln\u0105 w organizmie<\/strong>, <strong data-start=\"1018\" data-end=\"1049\">wzmacnia uk\u0142ad odporno\u015bciowy<\/strong> I <strong data-start=\"1053\" data-end=\"1083\">zmniejsza przewlek\u0142e zm\u0119czenie<\/strong>Jest to produkt wspomagaj\u0105cy zdrowe od\u017cywianie i naturalnie od\u017cywiaj\u0105cy organizm.<\/p>","protected":false},"featured_media":10192,"template":"","meta":[],"product_cat":[73,287,78,71],"product_tag":[346,348,353,181,347,351,349,345,329,337,352,354,328,350,336],"class_list":{"0":"post-10122","1":"product","2":"type-product","3":"status-publish","4":"has-post-thumbnail","6":"product_cat-immunitet-v-enerji","7":"product_cat-butun-mhsullar-v-cihazlar","8":"product_cat-qadin-saglamligi-v-gigiyenasi","9":"product_cat-qida-elaveleri","10":"product_tag-antioksidant-mnbyi","11":"product_tag-bagirsaq-saglamligi","12":"product_tag-bdnin-tmizlnmsi","13":"product_tag-detoks-dstyi","14":"product_tag-enerji-v-tonus","15":"product_tag-gundlik-saglamliq-ucun","16":"product_tag-huceyr-brpasi-dstyi","17":"product_tag-immunitet-dstyi","18":"product_tag-kisilr-v-qadinlar-ucun","19":"product_tag-maddlr-mubadilsi-dstyi","20":"product_tag-saglam-hyat-trzi","21":"product_tag-tbii-mikroalg-lavsi","22":"product_tag-umumi-saglamliq-dstyi","23":"product_tag-vitamin-v-mineral-dstyi","24":"product_tag-yorgunluga-qarsi-dstk","26":"first","27":"instock","28":"taxable","29":"shipping-taxable","30":"purchasable","31":"product-type-simple"},"_links":{"self":[{"href":"https:\/\/tiens.az\/pl\/wp-json\/wp\/v2\/product\/10122","targetHints":{"allow":["GET"]}}],"collection":[{"href":"https:\/\/tiens.az\/pl\/wp-json\/wp\/v2\/product"}],"about":[{"href":"https:\/\/tiens.az\/pl\/wp-json\/wp\/v2\/types\/product"}],"wp:featuredmedia":[{"embeddable":true,"href":"https:\/\/tiens.az\/pl\/wp-json\/wp\/v2\/media\/10192"}],"wp:attachment":[{"href":"https:\/\/tiens.az\/pl\/wp-json\/wp\/v2\/media?parent=10122"}],"wp:term":[{"taxonomy":"product_cat","embeddable":true,"href":"https:\/\/tiens.az\/pl\/wp-json\/wp\/v2\/product_cat?post=10122"},{"taxonomy":"product_tag","embeddable":true,"href":"https:\/\/tiens.az\/pl\/wp-json\/wp\/v2\/product_tag?post=10122"}],"curies":[{"name":"wp","href":"https:\/\/api.w.org\/{rel}","templated":true}]}}