{"id":10124,"date":"2025-06-08T18:39:27","date_gmt":"2025-06-08T18:39:27","guid":{"rendered":"https:\/\/tiens.az\/?post_type=product&#038;p=10124"},"modified":"2026-01-05T12:28:02","modified_gmt":"2026-01-05T08:28:02","slug":"tiens-vitality-deri-immunitet-enerji-desteyi","status":"publish","type":"product","link":"https:\/\/tiens.az\/pl\/produkt\/tiens-vitality-skin-resistance-energy-support\/","title":{"rendered":"Tiens Vitality \u2013 30 kapsu\u0142ek mi\u0119kkich dla sk\u00f3ry, odporno\u015bci i wsparcia energii"},"content":{"rendered":"<p data-start=\"579\" data-end=\"703\"><strong data-start=\"579\" data-end=\"627\">Tiens Vitality Softgels \u2013 0,89 g \u00d7 30 kapsu\u0142ek<\/strong><br data-start=\"627\" data-end=\"630\" \/>Skuteczna naturalna formu\u0142a wspomagaj\u0105ca codzienn\u0105 energi\u0119 i zdrowie kom\u00f3rek!<\/p>\n<p data-start=\"705\" data-end=\"1042\"><strong data-start=\"705\" data-end=\"725\">O produkcie:<\/strong><br data-start=\"725\" data-end=\"728\" \/>Kapsu\u0142ki Tiens Vitality s\u0105 t\u0142oczone na zimno <strong data-start=\"776\" data-end=\"800\">olej z kie\u0142k\u00f3w pszenicy<\/strong> jest funkcjonalnym suplementem diety wzbogaconym w. Zawiera <strong data-start=\"864\" data-end=\"915\">witamina E, lecytyna, beta-karoten, omega-3 (ALA)<\/strong> I <strong data-start=\"919\" data-end=\"940\">kwasy linolowe<\/strong> Chroni kom\u00f3rki, od\u017cywia sk\u00f3r\u0119, zwi\u0119ksza energi\u0119 i wzmacnia og\u00f3lny stan zdrowia.<\/p>\n<p data-start=\"1044\" data-end=\"1433\"><strong data-start=\"1044\" data-end=\"1063\">G\u0142\u00f3wne korzy\u015bci:<\/strong><br data-start=\"1063\" data-end=\"1066\" \/>\u2705 Pomaga chroni\u0107 kom\u00f3rki przed stresem oksydacyjnym (dzia\u0142anie antyoksydacyjne)<br data-start=\"1143\" data-end=\"1146\" \/>\u2705 Wspiera zdrowy wygl\u0105d sk\u00f3ry i spowalnia proces starzenia<br data-start=\"1207\" data-end=\"1210\" \/>\u2705 Wzmacnia uk\u0142ad odporno\u015bciowy i poziom energii<br data-start=\"1261\" data-end=\"1264\" \/>\u2705 Chroni funkcje uk\u0142adu nerwowego<br data-start=\"1302\" data-end=\"1305\" \/>\u2705 Wspiera uk\u0142ad sercowo-naczyniowy dzi\u0119ki kwasom Omega-3 i Omega-6<br data-start=\"1362\" data-end=\"1365\" \/>\u2705 Stymuluje prac\u0119 m\u00f3zgu dzi\u0119ki lecytynie i fosfatydylocholinie<\/p>\n<p data-start=\"1435\" data-end=\"1462\"><strong data-start=\"1435\" data-end=\"1460\">Sk\u0142adniki (w 2 kapsu\u0142kach):<\/strong><\/p>\n<ul data-start=\"1463\" data-end=\"1692\">\n<li data-start=\"1463\" data-end=\"1497\">\n<p data-start=\"1465\" data-end=\"1497\">Olej z kie\u0142k\u00f3w pszenicy \u2013 1200 mg<\/p>\n<\/li>\n<li data-start=\"1498\" data-end=\"1530\">\n<p data-start=\"1500\" data-end=\"1530\">Kwas linolowy (LA) \u2013 640 mg<\/p>\n<\/li>\n<li data-start=\"1531\" data-end=\"1569\">\n<p data-start=\"1533\" data-end=\"1569\">Kwas alfa-linolenowy (ALA) \u2013 96 mg<\/p>\n<\/li>\n<li data-start=\"1570\" data-end=\"1592\">\n<p data-start=\"1572\" data-end=\"1592\">Witamina E \u2013 9,6 mg<\/p>\n<\/li>\n<li data-start=\"1593\" data-end=\"1613\">\n<p data-start=\"1595\" data-end=\"1613\">Lecytyna \u2013 240 mg<\/p>\n<\/li>\n<li data-start=\"1614\" data-end=\"1642\">\n<p data-start=\"1616\" data-end=\"1642\">Fosfatydylocholina \u2013 120 mg<\/p>\n<\/li>\n<li data-start=\"1643\" data-end=\"1692\">\n<p data-start=\"1645\" data-end=\"1692\">Beta-karoten \u2013 320 mcg (160 mcg RE = witamina A)<\/p>\n<\/li>\n<\/ul>\n<p data-start=\"1694\" data-end=\"1845\"><strong data-start=\"1694\" data-end=\"1715\">Instrukcja u\u017cycia:<\/strong><br data-start=\"1715\" data-end=\"1718\" \/>Przyjmowa\u0107 1 kapsu\u0142k\u0119 2\u20133 razy dziennie, po posi\u0142ku. Zaleca si\u0119 popija\u0107 du\u017c\u0105 ilo\u015bci\u0105 wody. Nieodpowiednie dla dzieci poni\u017cej 3 lat.<\/p>\n<p data-start=\"1847\" data-end=\"1885\"><strong data-start=\"1847\" data-end=\"1863\">Opakowanie:<\/strong><br data-start=\"1863\" data-end=\"1866\" \/>30 kapsu\u0142ek (mi\u0119kkich)<\/p>\n<p data-start=\"1887\" data-end=\"2170\"><strong data-start=\"1887\" data-end=\"1912\">Dla kogo jest to odpowiednie?<\/strong><br data-start=\"1912\" data-end=\"1915\" \/>\u2714 Osoby ze s\u0142ab\u0105, such\u0105 i starzej\u0105c\u0105 si\u0119 sk\u00f3r\u0105<br data-start=\"1964\" data-end=\"1967\" \/>\u2714 Osoby odczuwaj\u0105ce zm\u0119czenie i brak energii<br data-start=\"2012\" data-end=\"2015\" \/>\u2714 Osoby cierpi\u0105ce na niedob\u00f3r witaminy A i E<br data-start=\"2065\" data-end=\"2068\" \/>\u2714 Dla os\u00f3b chc\u0105cych wzmocni\u0107 m\u00f3zg i uk\u0142ad nerwowy<br data-start=\"2118\" data-end=\"2121\" \/>\u2714 Osoby poszukuj\u0105ce og\u00f3lnego wsparcia zdrowia i odporno\u015bci<\/p>","protected":false},"excerpt":{"rendered":"<p data-start=\"655\" data-end=\"953\"><strong data-start=\"705\" data-end=\"725\">O produkcie:<\/strong><br data-start=\"725\" data-end=\"728\" \/>Kapsu\u0142ki Tiens Vitality s\u0105 t\u0142oczone na zimno <strong data-start=\"776\" data-end=\"800\">olej z kie\u0142k\u00f3w pszenicy<\/strong> jest funkcjonalnym suplementem diety wzbogaconym w. Zawiera <strong data-start=\"864\" data-end=\"915\">witamina E, lecytyna, beta-karoten, omega-3 (ALA)<\/strong> I <strong data-start=\"919\" data-end=\"940\">kwasy linolowe<\/strong> Chroni kom\u00f3rki, od\u017cywia sk\u00f3r\u0119, zwi\u0119ksza energi\u0119 i wzmacnia og\u00f3lny stan zdrowia.<\/p>","protected":false},"featured_media":10125,"template":"","meta":[],"product_cat":[71,287,73],"product_tag":[339,318,343,335,333,340,322,334,329,337,342,344,338,341,336],"class_list":{"0":"post-10124","1":"product","2":"type-product","3":"status-publish","4":"has-post-thumbnail","6":"product_cat-qida-elaveleri","7":"product_cat-butun-mhsullar-v-cihazlar","8":"product_cat-immunitet-v-enerji","9":"product_tag-aktiv-hyat-trzi-ucun","10":"product_tag-antioksidant-dstyi","11":"product_tag-brpa-v-canlanma","12":"product_tag-dri-saglamligi","13":"product_tag-enerji-v-tonus-dstyi","14":"product_tag-gundlik-enerji-ehtiyaci","15":"product_tag-huceyr-qorunmasi","16":"product_tag-immunitet-guclndirm","17":"product_tag-kisilr-v-qadinlar-ucun","18":"product_tag-maddlr-mubadilsi-dstyi","19":"product_tag-movsumi-zifliklrd-dstk","20":"product_tag-saglam-hyat-trzi-dstyi","21":"product_tag-stres-qarsi-dstk","22":"product_tag-umumi-saglamliq-proqrami","23":"product_tag-yorgunluga-qarsi-dstk","25":"first","26":"instock","27":"taxable","28":"shipping-taxable","29":"purchasable","30":"product-type-simple"},"_links":{"self":[{"href":"https:\/\/tiens.az\/pl\/wp-json\/wp\/v2\/product\/10124","targetHints":{"allow":["GET"]}}],"collection":[{"href":"https:\/\/tiens.az\/pl\/wp-json\/wp\/v2\/product"}],"about":[{"href":"https:\/\/tiens.az\/pl\/wp-json\/wp\/v2\/types\/product"}],"wp:featuredmedia":[{"embeddable":true,"href":"https:\/\/tiens.az\/pl\/wp-json\/wp\/v2\/media\/10125"}],"wp:attachment":[{"href":"https:\/\/tiens.az\/pl\/wp-json\/wp\/v2\/media?parent=10124"}],"wp:term":[{"taxonomy":"product_cat","embeddable":true,"href":"https:\/\/tiens.az\/pl\/wp-json\/wp\/v2\/product_cat?post=10124"},{"taxonomy":"product_tag","embeddable":true,"href":"https:\/\/tiens.az\/pl\/wp-json\/wp\/v2\/product_tag?post=10124"}],"curies":[{"name":"wp","href":"https:\/\/api.w.org\/{rel}","templated":true}]}}