{"id":10128,"date":"2025-06-09T09:39:16","date_gmt":"2025-06-09T09:39:16","guid":{"rendered":"https:\/\/tiens.az\/?post_type=product&#038;p=10128"},"modified":"2026-01-05T12:19:14","modified_gmt":"2026-01-05T08:19:14","slug":"tiens-ozon-anion-bez-desti-qadinlar-ucun","status":"publish","type":"product","link":"https:\/\/tiens.az\/pl\/produkt\/zestaw-pieluszek-tiens-ozone-anion-dla-kobiet\/","title":{"rendered":"Zestaw podpasek higienicznych Tiens Ozone Anion \u2013 8 warstw ochrony i komfortu, 98 sztuk"},"content":{"rendered":"<p data-start=\"603\" data-end=\"745\"><strong data-start=\"603\" data-end=\"673\">Zestaw podpasek higienicznych Tiens Ozone Anion Cloth \u2013 6 opakowa\u0144, 98 sztuk<\/strong><br data-start=\"673\" data-end=\"676\" \/>Technologia 8-warstwowa zapewniaj\u0105ca bezpiecze\u0144stwo, komfort i higien\u0119 antybakteryjn\u0105!<\/p>\n<p data-start=\"747\" data-end=\"1020\"><strong data-start=\"747\" data-end=\"767\">O produkcie:<\/strong><br data-start=\"767\" data-end=\"770\" \/>Zestaw podpasek higienicznych Tiens Ozone-Anion dla kobiet <strong data-start=\"838\" data-end=\"907\">ultracienkie, oddychaj\u0105ce i wzbogacone technologi\u0105 jonow\u0105<\/strong> Sk\u0142ada si\u0119 z wk\u0142adek. Ich kszta\u0142t, dopasowany do anatomicznej budowy kobiety, zapewnia poczucie komfortu i pewno\u015bci siebie przez ca\u0142y dzie\u0144.<\/p>\n<p data-start=\"1022\" data-end=\"1041\"><strong data-start=\"1022\" data-end=\"1039\">Zawarto\u015b\u0107 zestawu:<\/strong><\/p>\n<ul data-start=\"1042\" data-end=\"1174\">\n<li data-start=\"1042\" data-end=\"1074\">\n<p data-start=\"1044\" data-end=\"1074\">2 opakowania dziennie (30 sztuk)<\/p>\n<\/li>\n<li data-start=\"1075\" data-end=\"1122\">\n<p data-start=\"1077\" data-end=\"1122\">3 opakowania do stosowania popo\u0142udniowego (10 sztuk)<\/p>\n<\/li>\n<li data-start=\"1123\" data-end=\"1174\">\n<p data-start=\"1125\" data-end=\"1174\">1 opakowanie na noc (8 sztuk)<br data-start=\"1153\" data-end=\"1156\" \/><strong data-start=\"1156\" data-end=\"1174\">Razem: 98 sztuk<\/strong><\/p>\n<\/li>\n<\/ul>\n<p data-start=\"1176\" data-end=\"1604\"><strong data-start=\"1176\" data-end=\"1210\">Kluczowe technologie i korzy\u015bci:<\/strong><br data-start=\"1210\" data-end=\"1213\" \/>\ud83d\udd39 <strong data-start=\"1216\" data-end=\"1247\">Technologia ozonu i anion\u00f3w<\/strong> \u2013 w\u0142a\u015bciwo\u015bci antybakteryjne, przeciwzapalne i oddychaj\u0105ce<br data-start=\"1310\" data-end=\"1313\" \/>\ud83d\udd39 <strong data-start=\"1316\" data-end=\"1357\">Maksymalna ochrona przed wyciekami i nieprzyjemnym zapachem<\/strong><br data-start=\"1357\" data-end=\"1360\" \/>\ud83d\udd39 <strong data-start=\"1363\" data-end=\"1401\">Hipoalergiczna i oddychaj\u0105ca struktura<\/strong><br data-start=\"1401\" data-end=\"1404\" \/>\ud83d\udd39 <strong data-start=\"1407\" data-end=\"1475\">Zapobiega stanom zapalnym, poprawia metabolizm<\/strong><br data-start=\"1475\" data-end=\"1478\" \/>\ud83d\udd39 <strong data-start=\"1481\" data-end=\"1526\">Wspiera zdrowie seksualne i zapewnia komfort<\/strong><br data-start=\"1526\" data-end=\"1529\" \/>\ud83d\udd39 <strong data-start=\"1532\" data-end=\"1604\">3 rodzaje do stosowania: do codziennego stosowania, do stosowania w okresie menstruacji i do ochrony na noc<\/strong><\/p>\n<p data-start=\"1606\" data-end=\"1957\"><strong data-start=\"1606\" data-end=\"1634\">8-warstwowy system obronny:<\/strong><br data-start=\"1634\" data-end=\"1637\" \/>1\ufe0f\u20e3 Jedwabista, bardzo ch\u0142onna warstwa bawe\u0142ny<br data-start=\"1693\" data-end=\"1696\" \/>2\ufe0f\u20e3 Warstwa ekologiczna blokuj\u0105ca bakterie<br data-start=\"1735\" data-end=\"1738\" \/>3\ufe0f\u20e3 Higieniczna warstwa bawe\u0142ny<br data-start=\"1762\" data-end=\"1765\" \/>4\ufe0f\u20e3 Warstwa odprowadzaj\u0105ca wilgo\u0107, kt\u00f3ra zapobiega przeciekaniu<br data-start=\"1809\" data-end=\"1812\" \/>5\ufe0f\u20e3 Warstwa absorbuj\u0105ca o du\u017cej masie cz\u0105steczkowej (technologia AiRiZ)<br data-start=\"1864\" data-end=\"1867\" \/>6\ufe0f\u20e3 Dodatkowa warstwa ochronna z bawe\u0142ny<br data-start=\"1895\" data-end=\"1898\" \/>7\ufe0f\u20e3 Oddychaj\u0105ca warstwa spodnia<br data-start=\"1922\" data-end=\"1925\" \/>8\ufe0f\u20e3 Nieprzeciekaj\u0105ca, wygodna warstwa klej\u0105ca<\/p>\n<p data-start=\"1959\" data-end=\"2183\"><strong data-start=\"1959\" data-end=\"1984\">Dla kogo jest to odpowiednie?<\/strong><br data-start=\"1984\" data-end=\"1987\" \/>\u2714 Kobiety prowadz\u0105ce aktywny tryb \u017cycia<br data-start=\"2023\" data-end=\"2026\" \/>\u2714 Dla os\u00f3b, kt\u00f3re chc\u0105 zapewni\u0107 sobie maksymaln\u0105 ochron\u0119 i komfort podczas menstruacji<br data-start=\"2080\" data-end=\"2083\" \/>\u2714 Kobiety o wra\u017cliwej sk\u00f3rze<br data-start=\"2118\" data-end=\"2121\" \/>\u2714 Osoby cierpi\u0105ce na stany zapalne, nieprzyjemny zapach i problemy higieniczne<\/p>","protected":false},"excerpt":{"rendered":"<p data-start=\"655\" data-end=\"953\"><strong data-start=\"747\" data-end=\"767\">O produkcie:<\/strong><br data-start=\"767\" data-end=\"770\" \/>Zestaw podpasek higienicznych Tiens Ozone-Anion dla kobiet <strong data-start=\"838\" data-end=\"907\">ultracienkie, oddychaj\u0105ce i wzbogacone technologi\u0105 jonow\u0105<\/strong> Sk\u0142ada si\u0119 z wk\u0142adek. Ich kszta\u0142t, dopasowany do anatomicznej budowy kobiety, zapewnia poczucie komfortu i pewno\u015bci siebie przez ca\u0142y dzie\u0144.<\/p>","protected":false},"featured_media":10129,"template":"","meta":[],"product_cat":[76,287,78,71],"product_tag":[307,314,305,310,315,304,313,317,316,312,306,303,309,308,311],"class_list":{"0":"post-10128","1":"product","2":"type-product","3":"status-publish","4":"has-post-thumbnail","6":"product_cat-sxsi-gigiyena-vasitlri","7":"product_cat-butun-mhsullar-v-cihazlar","8":"product_cat-qadin-saglamligi-v-gigiyenasi","9":"product_cat-qida-elaveleri","10":"product_tag-8-qatli-qoruma","11":"product_tag-aktiv-qadinlar-ucun","12":"product_tag-anion-texnologiyasi","13":"product_tag-drini-qiciqlandirmayan","14":"product_tag-gigiyena-dstyi","15":"product_tag-gundlik-gigiyenik-bez","16":"product_tag-gundlik-istifad-ucun","17":"product_tag-hssas-dri-ucun","18":"product_tag-komfort-v-thluksizlik","19":"product_tag-menstruasiya-dovru","20":"product_tag-ozonlu-qoruma","21":"product_tag-qadin-gigiyenasi","22":"product_tag-qoxuya-qarsi-dstk","23":"product_tag-rahat-v-nfsalan","24":"product_tag-uzunmuddtli-rahatliq","26":"first","27":"instock","28":"taxable","29":"shipping-taxable","30":"purchasable","31":"product-type-simple"},"_links":{"self":[{"href":"https:\/\/tiens.az\/pl\/wp-json\/wp\/v2\/product\/10128","targetHints":{"allow":["GET"]}}],"collection":[{"href":"https:\/\/tiens.az\/pl\/wp-json\/wp\/v2\/product"}],"about":[{"href":"https:\/\/tiens.az\/pl\/wp-json\/wp\/v2\/types\/product"}],"wp:featuredmedia":[{"embeddable":true,"href":"https:\/\/tiens.az\/pl\/wp-json\/wp\/v2\/media\/10129"}],"wp:attachment":[{"href":"https:\/\/tiens.az\/pl\/wp-json\/wp\/v2\/media?parent=10128"}],"wp:term":[{"taxonomy":"product_cat","embeddable":true,"href":"https:\/\/tiens.az\/pl\/wp-json\/wp\/v2\/product_cat?post=10128"},{"taxonomy":"product_tag","embeddable":true,"href":"https:\/\/tiens.az\/pl\/wp-json\/wp\/v2\/product_tag?post=10128"}],"curies":[{"name":"wp","href":"https:\/\/api.w.org\/{rel}","templated":true}]}}