{"id":10132,"date":"2025-06-09T09:43:32","date_gmt":"2025-06-09T09:43:32","guid":{"rendered":"https:\/\/tiens.az\/?post_type=product&#038;p=10132"},"modified":"2026-01-05T11:22:40","modified_gmt":"2026-01-05T07:22:40","slug":"tiens-fruktozan-bagirsag-temizliyi","status":"publish","type":"product","link":"https:\/\/tiens.az\/pl\/produkt\/tiens-fruktoza-oczyszczanie-jelita-grubego\/","title":{"rendered":"Syrop fruktozowy Tiens \u2013 Oczyszczanie jelit i wsparcie mikrobiomu, 6 opakowa\u0144 x 10 ml"},"content":{"rendered":"<p data-start=\"614\" data-end=\"736\"><strong data-start=\"614\" data-end=\"659\">Syrop Fructosan Tiens \u2013 10 ml x 6 opakowa\u0144<\/strong><br data-start=\"659\" data-end=\"662\" \/>Naturalne wsparcie dla Twojego uk\u0142adu trawiennego! Zdrowe jelita to zdrowe cia\u0142o.<\/p>\n<p data-start=\"738\" data-end=\"1008\"><strong data-start=\"738\" data-end=\"758\">O produkcie:<\/strong><br data-start=\"758\" data-end=\"761\" \/>Syrop fruktozowy Tiens, <strong data-start=\"786\" data-end=\"826\">ro\u015blinne prebiotyczne w\u0142\u00f3kna dietetyczne<\/strong> wzbogacony i <strong data-start=\"852\" data-end=\"891\">przywr\u00f3ci\u0107 mikroflor\u0119 jelitow\u0105<\/strong>, <strong data-start=\"893\" data-end=\"923\">\u0142agodzi zaparcia<\/strong> I <strong data-start=\"927\" data-end=\"958\">mie\u0107 dzia\u0142anie oczyszczaj\u0105ce<\/strong> Jest to funkcjonalny suplement diety opracowany w\u0142a\u015bnie w tym celu.<\/p>\n<p data-start=\"1010\" data-end=\"1192\">Aktywne sk\u0142adniki tego produktu wspomagaj\u0105 rozw\u00f3j po\u017cytecznych bifidobakterii i bakterii kwasu mlekowego w jelitach, utrzymuj\u0105 r\u00f3wnowag\u0119 mikrobiomu i normalizuj\u0105 funkcjonowanie uk\u0142adu trawiennego.<\/p>\n<p data-start=\"1194\" data-end=\"1722\"><strong data-start=\"1194\" data-end=\"1213\">G\u0142\u00f3wne korzy\u015bci:<\/strong><br data-start=\"1213\" data-end=\"1216\" \/>\u2705 Zwalczanie zapar\u0107 i wzmacnianie perystaltyki<br data-start=\"1272\" data-end=\"1275\" \/>\u2705 Normalizacja mikroflory jelitowej<br data-start=\"1320\" data-end=\"1323\" \/>\u2705 Wsparcie uk\u0142adu odporno\u015bciowego (zale\u017cne od jelit 70%)<br data-start=\"1386\" data-end=\"1389\" \/>\u2705 Wspiera lepsze wch\u0142anianie wapnia<br data-start=\"1435\" data-end=\"1438\" \/>\u2705 Zmniejsza gazy, wzd\u0119cia i uczucie ci\u0119\u017cko\u015bci<br data-start=\"1481\" data-end=\"1484\" \/>\u2705 Pe\u0142ni rol\u0119 pomocnicz\u0105 w procesie odchudzania i detoksykacji<br data-start=\"1535\" data-end=\"1538\" \/>\u2705 Zmniejsza wch\u0142anianie t\u0142uszczu i cholesterolu<br data-start=\"1578\" data-end=\"1581\" \/>\u2705 Przydatny w profilaktyce cukrzycy i problem\u00f3w z p\u0119cherzykiem \u017c\u00f3\u0142ciowym<br data-start=\"1654\" data-end=\"1657\" \/>\u2705 Mo\u017ce pom\u00f3c zapobiega\u0107 chorobom onkologicznym<\/p>\n<p data-start=\"1724\" data-end=\"1883\"><strong data-start=\"1724\" data-end=\"1745\">Instrukcja u\u017cycia:<\/strong><br data-start=\"1745\" data-end=\"1748\" \/>Za dzie\u0144 <strong data-start=\"1754\" data-end=\"1765\">1 opakowanie<\/strong> Przyjmuje si\u0119 go w trakcie posi\u0142ku. Dzia\u0142anie jest odczuwalne w ci\u0105gu 2\u20134 godzin. Przebieg leczenia mo\u017cna ustali\u0107 indywidualnie w zale\u017cno\u015bci od sytuacji.<\/p>\n<p data-start=\"1885\" data-end=\"1968\"><strong data-start=\"1885\" data-end=\"1901\">Opakowanie:<\/strong><br data-start=\"1901\" data-end=\"1904\" \/>6 opakowa\u0144 po 10 ml (wygodny format do stosowania w pojedynczych porcjach)<\/p>\n<p data-start=\"1970\" data-end=\"2241\"><strong data-start=\"1970\" data-end=\"1995\">Dla kogo jest to odpowiednie?<\/strong><br data-start=\"1995\" data-end=\"1998\" \/>\u2714 Osoby cierpi\u0105ce na zaparcia, wzd\u0119cia i wzd\u0119cia<br data-start=\"2043\" data-end=\"2046\" \/>\u2714 Osoby stosuj\u0105ce programy detoksykacji i oczyszczania jelit<br data-start=\"2093\" data-end=\"2096\" \/>\u2714 Dla os\u00f3b chc\u0105cych wzmocni\u0107 swoj\u0105 odporno\u015b\u0107<br data-start=\"2134\" data-end=\"2137\" \/>\u2714 Osoby poszukuj\u0105ce zdrowej mikroflory i wsparcia w odchudzaniu<br data-start=\"2187\" data-end=\"2190\" \/>\u2714 Osoby cierpi\u0105ce na dysbakterioz\u0119 i zaburzenia r\u00f3wnowagi jelitowej<\/p>\n<hr data-start=\"2243\" data-end=\"2246\" \/>\n<h3 data-start=\"2248\" data-end=\"2299\">\ud83d\udca1 <strong data-start=\"2255\" data-end=\"2297\">Zalecane do stosowania w po\u0142\u0105czeniu z:<\/strong><\/h3>\n<ul data-start=\"2300\" data-end=\"2546\">\n<li data-start=\"2300\" data-end=\"2353\">\n<p data-start=\"2302\" data-end=\"2353\"><strong data-start=\"2302\" data-end=\"2330\">Kapsu\u0142ki chitozanowe Tiens<\/strong> \u2013 usuwa toksyny<\/p>\n<\/li>\n<li data-start=\"2354\" data-end=\"2414\">\n<p data-start=\"2356\" data-end=\"2414\"><strong data-start=\"2356\" data-end=\"2392\">Tabletki celulozowe Tiens do \u017cucia<\/strong> \u2013 dla perystaltyki<\/p>\n<\/li>\n<li data-start=\"2415\" data-end=\"2476\">\n<p data-start=\"2417\" data-end=\"2476\"><strong data-start=\"2417\" data-end=\"2447\">Kapsu\u0142ki Tiens Cordyceps<\/strong> \u2013 wsparcie uk\u0142adu oddechowego i trawiennego<\/p>\n<\/li>\n<li data-start=\"2477\" data-end=\"2546\">\n<p data-start=\"2479\" data-end=\"2546\"><strong data-start=\"2479\" data-end=\"2501\">Proszek wapniowy Tiens<\/strong> \u2013 w celu wzmocnienia mi\u0119\u015bni jelitowych<\/p>\n<\/li>\n<\/ul>","protected":false},"excerpt":{"rendered":"<p data-start=\"738\" data-end=\"1008\"><strong data-start=\"738\" data-end=\"758\">O produkcie:<\/strong><br data-start=\"758\" data-end=\"761\" \/>Syrop fruktozowy Tiens, <strong data-start=\"786\" data-end=\"826\">ro\u015blinne prebiotyczne w\u0142\u00f3kna dietetyczne<\/strong> wzbogacony i <strong data-start=\"852\" data-end=\"891\">przywr\u00f3ci\u0107 mikroflor\u0119 jelitow\u0105<\/strong>, <strong data-start=\"893\" data-end=\"923\">\u0142agodzi zaparcia<\/strong> I <strong data-start=\"927\" data-end=\"958\">mie\u0107 dzia\u0142anie oczyszczaj\u0105ce<\/strong> Jest to funkcjonalny suplement diety opracowany w\u0142a\u015bnie w tym celu.<\/p>\n<p data-start=\"1010\" data-end=\"1192\">Aktywne sk\u0142adniki tego produktu wspomagaj\u0105 rozw\u00f3j po\u017cytecznych bifidobakterii i bakterii kwasu mlekowego w jelitach, utrzymuj\u0105 r\u00f3wnowag\u0119 mikrobiomu i normalizuj\u0105 funkcjonowanie uk\u0142adu trawiennego.<\/p>\n<p data-start=\"1194\" data-end=\"1722\">","protected":false},"featured_media":10544,"template":"","meta":[],"product_cat":[75,287,78,71],"product_tag":[184,178,181,175,176,174,187,179,182,177,186,180,188,185,183],"class_list":{"0":"post-10132","1":"product","2":"type-product","3":"status-publish","4":"has-post-thumbnail","6":"product_cat-hzm-v-ariqlama","7":"product_cat-butun-mhsullar-v-cihazlar","8":"product_cat-qadin-saglamligi-v-gigiyenasi","9":"product_cat-qida-elaveleri","10":"product_tag-10-ml-6-paket","11":"product_tag-bagirsaq-mikroflorasi","12":"product_tag-detoks-dstyi","13":"product_tag-fos-sirop","14":"product_tag-fruktooliqosakkarid","15":"product_tag-fruktozan-siropu","16":"product_tag-hssas-md-ucun","17":"product_tag-hzm-ucun-dstk","18":"product_tag-immunitet-ucun-sirop","19":"product_tag-prebiotik-sirop","20":"product_tag-probiotik-prebiotik","21":"product_tag-qbizliy-qarsi","22":"product_tag-tbii-lif-mnbyi","23":"product_tag-tiens-sirop","24":"product_tag-usaq-v-boyuklr-ucun","26":"first","27":"onbackorder","28":"taxable","29":"shipping-taxable","30":"purchasable","31":"product-type-simple"},"_links":{"self":[{"href":"https:\/\/tiens.az\/pl\/wp-json\/wp\/v2\/product\/10132","targetHints":{"allow":["GET"]}}],"collection":[{"href":"https:\/\/tiens.az\/pl\/wp-json\/wp\/v2\/product"}],"about":[{"href":"https:\/\/tiens.az\/pl\/wp-json\/wp\/v2\/types\/product"}],"wp:featuredmedia":[{"embeddable":true,"href":"https:\/\/tiens.az\/pl\/wp-json\/wp\/v2\/media\/10544"}],"wp:attachment":[{"href":"https:\/\/tiens.az\/pl\/wp-json\/wp\/v2\/media?parent=10132"}],"wp:term":[{"taxonomy":"product_cat","embeddable":true,"href":"https:\/\/tiens.az\/pl\/wp-json\/wp\/v2\/product_cat?post=10132"},{"taxonomy":"product_tag","embeddable":true,"href":"https:\/\/tiens.az\/pl\/wp-json\/wp\/v2\/product_tag?post=10132"}],"curies":[{"name":"wp","href":"https:\/\/api.w.org\/{rel}","templated":true}]}}