{"id":10527,"date":"2025-11-12T10:20:33","date_gmt":"2025-11-12T06:20:33","guid":{"rendered":"https:\/\/tiens.az\/?post_type=product&#038;p=10527"},"modified":"2026-01-05T11:22:15","modified_gmt":"2026-01-05T07:22:15","slug":"isoukan-bioenerji-tezyiq-aparati","status":"publish","type":"product","link":"https:\/\/tiens.az\/pl\/produkt\/aparat-cisnieniowy-bioenergetyczny-isoukan\/","title":{"rendered":"ISHOUKAN TIENS \u2013 Aparatura bioenergetyczna i ci\u015bnieniowa"},"content":{"rendered":"<h3 data-start=\"732\" data-end=\"780\">\u2699\ufe0f <strong data-start=\"739\" data-end=\"780\">G\u0142\u00f3wne cechy urz\u0105dzenia I\u015eOUKAN<\/strong><\/h3>\n<ul data-start=\"781\" data-end=\"1377\">\n<li data-start=\"781\" data-end=\"947\">\n<p data-start=\"783\" data-end=\"947\"><strong data-start=\"783\" data-end=\"819\">\u0141\u0105czy w sobie 5 funkcji:<\/strong><br data-start=\"819\" data-end=\"822\" \/>\u2705 Terapia bioimpulsowa<br data-start=\"846\" data-end=\"849\" \/>\u2705 Masa\u017c wibracyjny<br data-start=\"864\" data-end=\"867\" \/>\u2705 Terapeutyczna wi\u0105zka laserowa<br data-start=\"892\" data-end=\"895\" \/>\u2705 Refleksologia<br data-start=\"915\" data-end=\"918\" \/>\u2705 Przywr\u00f3cenie przep\u0142ywu energii<\/p>\n<\/li>\n<li data-start=\"948\" data-end=\"1008\">\n<p data-start=\"950\" data-end=\"1008\"><strong data-start=\"950\" data-end=\"1006\">Reguluje ci\u015bnienie krwi bez lek\u00f3w i interwencji chemicznej<\/strong><\/p>\n<\/li>\n<li data-start=\"1009\" data-end=\"1071\">\n<p data-start=\"1011\" data-end=\"1071\"><strong data-start=\"1011\" data-end=\"1042\">Na b\u00f3l g\u0142owy, plec\u00f3w i staw\u00f3w<\/strong> tworzy komfort i redukcj\u0119<\/p>\n<\/li>\n<li data-start=\"1072\" data-end=\"1141\">\n<p data-start=\"1074\" data-end=\"1141\"><strong data-start=\"1074\" data-end=\"1107\">Zasolenie, zm\u0119czenie i stres<\/strong> uspokaja cia\u0142o w przypadkach<\/p>\n<\/li>\n<li data-start=\"1142\" data-end=\"1211\">\n<p data-start=\"1144\" data-end=\"1211\"><strong data-start=\"1144\" data-end=\"1191\">Uk\u0142ad sercowo-naczyniowy i kr\u0105\u017cenie m\u00f3zgowe<\/strong> ma pozytywny wp\u0142yw<\/p>\n<\/li>\n<li data-start=\"1212\" data-end=\"1273\">\n<p data-start=\"1214\" data-end=\"1273\"><strong data-start=\"1214\" data-end=\"1244\">Zmniejsza przewlek\u0142e zm\u0119czenie<\/strong>, zwi\u0119ksza dzienn\u0105 energi\u0119<\/p>\n<\/li>\n<li data-start=\"1274\" data-end=\"1377\">\n<p data-start=\"1276\" data-end=\"1377\"><strong data-start=\"1276\" data-end=\"1302\">\u0141ysienie i \u0142ojotok<\/strong> Ma korzystny wp\u0142yw na problemy z w\u0142osami, np. poprzez wzmocnienie przep\u0142ywu krwi<\/p>\n<\/li>\n<\/ul>\n<hr data-start=\"1379\" data-end=\"1382\" \/>\n<h3 data-start=\"1384\" data-end=\"1413\">\ud83d\udca1 <strong data-start=\"1391\" data-end=\"1413\">Dlaczego ISHOUKAN?<\/strong><\/h3>\n<ul data-start=\"1414\" data-end=\"1796\">\n<li data-start=\"1414\" data-end=\"1483\">\n<p data-start=\"1416\" data-end=\"1483\"><strong data-start=\"1416\" data-end=\"1446\">Kompaktowa konstrukcja o wymiarach 10 cm<\/strong> \u2013 mo\u017cna go \u0142atwo wsz\u0119dzie zabra\u0107<\/p>\n<\/li>\n<li data-start=\"1484\" data-end=\"1565\">\n<p data-start=\"1486\" data-end=\"1565\"><strong data-start=\"1486\" data-end=\"1521\">Nie potrzeba \u017ar\u00f3d\u0142a zasilania<\/strong> \u2013 mo\u017cna stosowa\u0107 w ka\u017cdych warunkach<\/p>\n<\/li>\n<li data-start=\"1566\" data-end=\"1634\">\n<p data-start=\"1568\" data-end=\"1634\"><strong data-start=\"1568\" data-end=\"1590\">Proste i bezpieczne<\/strong> \u2013 odpowiednie zar\u00f3wno dla m\u0142odych, jak i starszych<\/p>\n<\/li>\n<li data-start=\"1635\" data-end=\"1704\">\n<p data-start=\"1637\" data-end=\"1704\"><strong data-start=\"1637\" data-end=\"1666\">Zaczyna dzia\u0142a\u0107 po 3 minutach<\/strong> \u2013 obni\u017ca ci\u015bnienie krwi o 10\u201330 jednostek<\/p>\n<\/li>\n<li data-start=\"1705\" data-end=\"1796\">\n<p data-start=\"1707\" data-end=\"1796\"><strong data-start=\"1707\" data-end=\"1734\">Podczas ci\u0105g\u0142ego u\u017cytkowania<\/strong> (15\u201320 dni) ci\u015bnienie si\u0119 stabilizuje, a organizm powraca do r\u00f3wnowagi<\/p>\n<\/li>\n<\/ul>\n<hr data-start=\"1798\" data-end=\"1801\" \/>\n<h3 data-start=\"1803\" data-end=\"1830\">\ud83d\udd52 <strong data-start=\"1810\" data-end=\"1830\">Instrukcja u\u017cytkowania<\/strong><\/h3>\n<p data-start=\"1831\" data-end=\"2106\">1\ufe0f\u20e3 Przed u\u017cyciem urz\u0105dzenia nale\u017cy zmierzy\u0107 ci\u015bnienie.<br data-start=\"1880\" data-end=\"1883\" \/>2\ufe0f\u20e3 Przy\u0142\u00f3\u017c urz\u0105dzenie do wyznaczonego obszaru (g\u0142owa, szyja, plecy itp.) na 3\u20135 minut.<br data-start=\"1971\" data-end=\"1974\" \/>3\ufe0f\u20e3 Po sesji odpocznij przez 10 minut i ponownie zmierz ci\u015bnienie krwi.<br data-start=\"2043\" data-end=\"2046\" \/>4\ufe0f\u20e3 Zaleca si\u0119 stosowanie 2 razy dziennie (rano i wieczorem).<\/p>\n<hr data-start=\"2108\" data-end=\"2111\" \/>\n<h3 data-start=\"2113\" data-end=\"2146\">\u26a0\ufe0f <strong data-start=\"2120\" data-end=\"2146\">Dla kogo jest to przydatne?<\/strong><\/h3>\n<ul data-start=\"2147\" data-end=\"2408\">\n<li data-start=\"2147\" data-end=\"2196\">\n<p data-start=\"2149\" data-end=\"2196\">Osoby cierpi\u0105ce na problemy z wysokim lub niskim ci\u015bnieniem krwi<\/p>\n<\/li>\n<li data-start=\"2197\" data-end=\"2246\">\n<p data-start=\"2199\" data-end=\"2246\">Osoby cierpi\u0105ce na b\u00f3le g\u0142owy, plec\u00f3w i staw\u00f3w<\/p>\n<\/li>\n<li data-start=\"2247\" data-end=\"2302\">\n<p data-start=\"2249\" data-end=\"2302\">Osoby skar\u017c\u0105ce si\u0119 na zm\u0119czenie, stres i bezsenno\u015b\u0107<\/p>\n<\/li>\n<li data-start=\"2303\" data-end=\"2361\">\n<p data-start=\"2305\" data-end=\"2361\">Osoby cierpi\u0105ce na problemy z kr\u0105\u017ceniem krwi i m\u00f3zgu<\/p>\n<\/li>\n<li data-start=\"2362\" data-end=\"2408\">\n<p data-start=\"2364\" data-end=\"2408\">Osoby ze s\u0142ab\u0105 pami\u0119ci\u0105 i deficytem uwagi<\/p>\n<\/li>\n<\/ul>\n<hr data-start=\"2410\" data-end=\"2413\" \/>\n<h3 data-start=\"2415\" data-end=\"2441\">\ud83c\udfc5 <strong data-start=\"2422\" data-end=\"2441\">Informacje techniczne<\/strong><\/h3>\n<ul data-start=\"2442\" data-end=\"2658\">\n<li data-start=\"2442\" data-end=\"2473\">\n<p data-start=\"2444\" data-end=\"2473\">\u015arednica urz\u0105dzenia: <strong data-start=\"2462\" data-end=\"2471\">10 cm<\/strong><\/p>\n<\/li>\n<li data-start=\"2474\" data-end=\"2541\">\n<p data-start=\"2476\" data-end=\"2541\">Mechanizmy dzia\u0142ania: <strong data-start=\"2496\" data-end=\"2539\">4 g\u0142\u00f3wne funkcje + 1 dodatkowy modu\u0142 zasilania<\/strong><\/p>\n<\/li>\n<li data-start=\"2542\" data-end=\"2595\">\n<p data-start=\"2544\" data-end=\"2595\">Materia\u0142: hipoalergiczny, bezpieczny materia\u0142 medyczny<\/p>\n<\/li>\n<li data-start=\"2596\" data-end=\"2636\">\n<p data-start=\"2598\" data-end=\"2636\">Producent: <strong data-start=\"2610\" data-end=\"2634\">TIENS (Tianjin, Chiny)<\/strong><\/p>\n<\/li>\n<\/ul>","protected":false},"excerpt":{"rendered":"<h3 data-start=\"371\" data-end=\"416\">\ud83c\udf3f <strong data-start=\"378\" data-end=\"416\">Zdrowe \u017cycie z energi\u0105 natury<\/strong><\/h3>\n<p data-start=\"417\" data-end=\"725\">ISHOUKAN to wielofunkcyjny wyr\u00f3b medyczny opracowany w oparciu o najnowsz\u0105 technologi\u0119 bioenergetyczn\u0105 firmy Tiens, nagrodzony 8 z\u0142otymi nagrodami mi\u0119dzynarodowymi.<br data-start=\"564\" data-end=\"567\" \/>Urz\u0105dzenie to sta\u0142o si\u0119 nieod\u0142\u0105czn\u0105 cz\u0119\u015bci\u0105 codziennego \u017cycia, gdy\u017c wyr\u00f3wnuje energi\u0119 cia\u0142a, normalizuje kr\u0105\u017cenie krwi i naturalnie reguluje ci\u015bnienie krwi.<\/p>","protected":false},"featured_media":10529,"template":"","meta":[],"product_cat":[73,287,231,78,74],"product_tag":[121,122,117,123,129,115,120,127,125,116,119,118,126,128,124],"class_list":{"0":"post-10527","1":"product","2":"type-product","3":"status-publish","4":"has-post-thumbnail","6":"product_cat-immunitet-v-enerji","7":"product_cat-butun-mhsullar-v-cihazlar","8":"product_cat-cihazlar","9":"product_cat-qadin-saglamligi-v-gigiyenasi","10":"product_cat-sumuk-v-oynaqlarin-saglamligi","11":"product_tag-bas-agrisi","12":"product_tag-bel-agrisi","13":"product_tag-bioenerji-cihazi","14":"product_tag-duzlasma","15":"product_tag-enerji-balansi","16":"product_tag-isoukan","17":"product_tag-qan-dovrani","18":"product_tag-refleksoterapiya","19":"product_tag-tbii-mualic","20":"product_tag-tzyiq-aparati","21":"product_tag-tzyiq-ucun-aparat","22":"product_tag-tiens-isoukan","23":"product_tag-urk-damar-sistemi","24":"product_tag-vibromassaj","25":"product_tag-yorgunluq","27":"first","28":"instock","29":"taxable","30":"shipping-taxable","31":"purchasable","32":"product-type-simple"},"_links":{"self":[{"href":"https:\/\/tiens.az\/pl\/wp-json\/wp\/v2\/product\/10527","targetHints":{"allow":["GET"]}}],"collection":[{"href":"https:\/\/tiens.az\/pl\/wp-json\/wp\/v2\/product"}],"about":[{"href":"https:\/\/tiens.az\/pl\/wp-json\/wp\/v2\/types\/product"}],"wp:featuredmedia":[{"embeddable":true,"href":"https:\/\/tiens.az\/pl\/wp-json\/wp\/v2\/media\/10529"}],"wp:attachment":[{"href":"https:\/\/tiens.az\/pl\/wp-json\/wp\/v2\/media?parent=10527"}],"wp:term":[{"taxonomy":"product_cat","embeddable":true,"href":"https:\/\/tiens.az\/pl\/wp-json\/wp\/v2\/product_cat?post=10527"},{"taxonomy":"product_tag","embeddable":true,"href":"https:\/\/tiens.az\/pl\/wp-json\/wp\/v2\/product_tag?post=10527"}],"curies":[{"name":"wp","href":"https:\/\/api.w.org\/{rel}","templated":true}]}}