{"id":10533,"date":"2025-11-12T11:55:53","date_gmt":"2025-11-12T07:55:53","guid":{"rendered":"https:\/\/tiens.az\/?post_type=product&#038;p=10533"},"modified":"2026-01-05T11:09:41","modified_gmt":"2026-01-05T07:09:41","slug":"tiens-titan-maqnit-qolbaq","status":"publish","type":"product","link":"https:\/\/tiens.az\/pl\/produkt\/bransoletka-magnetyczna-tiens-titanium\/","title":{"rendered":"Bransoletka magnetyczna Tiens Titanium \u2013 elegancja i zdrowie w jednym"},"content":{"rendered":"<h3 data-start=\"379\" data-end=\"434\">\ud83c\udf3f <strong data-start=\"386\" data-end=\"434\">Energia, r\u00f3wnowaga i ochrona \u2013 poczuj to w swoim ciele<\/strong><\/h3>\n<p data-start=\"435\" data-end=\"795\">Bransoletka magnetyczna Tiens Titanium \u2013 nie tylko bi\u017cuteria, <strong data-start=\"483\" data-end=\"517\">To jest Tw\u00f3j talizman zdrowia.<\/strong><br data-start=\"517\" data-end=\"520\" \/>Bransoletka ta reguluje przep\u0142yw bioenergii w ciele, poprawia kr\u0105\u017cenie krwi i r\u00f3wnowa\u017cy rozproszone pr\u0105dy elektryczne w ciele.<br data-start=\"659\" data-end=\"662\" \/>Te bransoletki wykonane z tytanu i naturalnych kamieni magnetycznych s\u0105 zar\u00f3wno <strong data-start=\"725\" data-end=\"743\">elegancki wygl\u0105d<\/strong>, jak r\u00f3wnie\u017c <strong data-start=\"752\" data-end=\"780\">w\u0142a\u015bciwo\u015bci lecznicze<\/strong> jest wybierany za pomoc\u0105.<\/p>\n<hr data-start=\"797\" data-end=\"800\" \/>\n<h3 data-start=\"802\" data-end=\"838\">\u2699\ufe0f <strong data-start=\"809\" data-end=\"838\">Cechy i kompozycja<\/strong><\/h3>\n<ul data-start=\"839\" data-end=\"1210\">\n<li data-start=\"839\" data-end=\"922\">\n<p data-start=\"841\" data-end=\"922\"><strong data-start=\"841\" data-end=\"880\">Wykonane z ca\u0142kowicie naturalnych materia\u0142\u00f3w<\/strong> \u2014 tytan, magnesy i minera\u0142y lecznicze<\/p>\n<\/li>\n<li data-start=\"923\" data-end=\"1002\">\n<p data-start=\"925\" data-end=\"1002\"><strong data-start=\"925\" data-end=\"960\">Oprawiony w z\u0142oto pr\u00f3by 750 karat\u00f3w<\/strong> \u2013 trwa\u0142a, b\u0142yszcz\u0105ca i odporna na matowienie powierzchnia<\/p>\n<\/li>\n<li data-start=\"1003\" data-end=\"1057\">\n<p data-start=\"1005\" data-end=\"1057\"><strong data-start=\"1005\" data-end=\"1021\">Hipoalergiczny<\/strong> \u2013 tak bezpieczne jak z\u0142oto i srebro<\/p>\n<\/li>\n<li data-start=\"1058\" data-end=\"1107\">\n<p data-start=\"1060\" data-end=\"1107\"><strong data-start=\"1060\" data-end=\"1105\">Nie rysuje, nie odkszta\u0142ca si\u0119 i nie matowieje<\/strong><\/p>\n<\/li>\n<li data-start=\"1108\" data-end=\"1210\">\n<p data-start=\"1110\" data-end=\"1210\"><strong data-start=\"1110\" data-end=\"1157\">Dost\u0119pne modele dla kobiet i m\u0119\u017cczyzn<\/strong> \u2013 idealnie pasuje do stroju casualowego lub formalnego<\/p>\n<\/li>\n<\/ul>\n<hr data-start=\"1212\" data-end=\"1215\" \/>\n<h3 data-start=\"1217\" data-end=\"1237\">\ud83d\udcaa <strong data-start=\"1224\" data-end=\"1237\">Korzy\u015bci<\/strong><\/h3>\n<p data-start=\"1238\" data-end=\"1702\">\u2705 W ciele <strong data-start=\"1253\" data-end=\"1296\">przywraca elektryczno\u015b\u0107 i r\u00f3wnowag\u0119 energetyczn\u0105<\/strong><br data-start=\"1296\" data-end=\"1299\" \/>\u2705 <strong data-start=\"1301\" data-end=\"1332\">Poprawia kr\u0105\u017cenie krwi<\/strong>, zwi\u0119ksza dop\u0142yw tlenu do tkanek<br data-start=\"1374\" data-end=\"1377\" \/>\u2705 <strong data-start=\"1379\" data-end=\"1422\">Zmniejsza b\u00f3l i napi\u0119cie mi\u0119\u015bni<\/strong><br data-start=\"1422\" data-end=\"1425\" \/>\u2705 <strong data-start=\"1427\" data-end=\"1467\">\u0141agodzi zm\u0119czenie i stres<\/strong><br data-start=\"1467\" data-end=\"1470\" \/>\u2705 <strong data-start=\"1472\" data-end=\"1498\">Wzmacnia odporno\u015b\u0107<\/strong> i energetyzuje cia\u0142o<br data-start=\"1526\" data-end=\"1529\" \/>\u2705 <strong data-start=\"1531\" data-end=\"1567\">Normalizuje sen i ci\u015bnienie krwi<\/strong><br data-start=\"1567\" data-end=\"1570\" \/>\u2705 <strong data-start=\"1572\" data-end=\"1630\">Geomagnetyzm minimalizuje negatywny wp\u0142yw huragan\u00f3w<\/strong><br data-start=\"1630\" data-end=\"1633\" \/>\u2705 Na d\u0142oniach i stopach <strong data-start=\"1656\" data-end=\"1676\">zmniejsza zimno<\/strong>, tworzy poczucie komfortu<\/p>\n<hr data-start=\"1704\" data-end=\"1707\" \/>\n<h3 data-start=\"1709\" data-end=\"1752\">\ud83d\udc8e <strong data-start=\"1716\" data-end=\"1752\">Dlaczego warto wybra\u0107 tytanow\u0105 bransoletk\u0119 magnetyczn\u0105 Tiens?<\/strong><\/h3>\n<ul data-start=\"1753\" data-end=\"1997\">\n<li data-start=\"1753\" data-end=\"1796\">\n<p data-start=\"1755\" data-end=\"1796\">Obydwa <strong data-start=\"1759\" data-end=\"1779\">zar\u00f3wno dla cia\u0142a jak i duszy<\/strong> przynosi r\u00f3wnowag\u0119<\/p>\n<\/li>\n<li data-start=\"1797\" data-end=\"1854\">\n<p data-start=\"1799\" data-end=\"1854\"><strong data-start=\"1799\" data-end=\"1820\">Z eleganckim designem<\/strong> idealny do codziennego u\u017cytku<\/p>\n<\/li>\n<li data-start=\"1855\" data-end=\"1949\">\n<p data-start=\"1857\" data-end=\"1949\"><strong data-start=\"1857\" data-end=\"1887\">Technologia zatwierdzona medycznie<\/strong> \u2013 korzy\u015bci p\u0142yn\u0105ce z terapii magnetycznej zosta\u0142y udowodnione naukowo<\/p>\n<\/li>\n<li data-start=\"1950\" data-end=\"1997\">\n<p data-start=\"1952\" data-end=\"1997\"><strong data-start=\"1952\" data-end=\"1983\">Oryginalny produkt Tiens 100%<\/strong> \u2013 z gwarancj\u0105<\/p>\n<\/li>\n<\/ul>\n<hr data-start=\"1999\" data-end=\"2002\" \/>\n<h3 data-start=\"2004\" data-end=\"2031\">\ud83d\udd52 <strong data-start=\"2011\" data-end=\"2031\">Instrukcja u\u017cycia \u2013 <\/strong><strong data-start=\"1716\" data-end=\"1752\">Bransoletka magnetyczna z tytanu<\/strong><\/h3>\n<p data-start=\"2032\" data-end=\"2207\">Wystarczy nosi\u0107 bransoletk\u0119 codziennie \u2014 najlepiej sprawdza si\u0119, gdy ma sta\u0142y kontakt z cia\u0142em.<br data-start=\"2128\" data-end=\"2131\" \/>Zaleca si\u0119 zdejmowanie maski na czas snu lub przed d\u0142u\u017cszym kontaktem z wod\u0105.<\/p>\n<hr data-start=\"2209\" data-end=\"2212\" \/>\n<h3 data-start=\"2214\" data-end=\"2245\">\ud83c\udfc5 <strong data-start=\"2221\" data-end=\"2245\">Dane techniczne<\/strong><\/h3>\n<div class=\"_tableContainer_1rjym_1\">\n<div class=\"group _tableWrapper_1rjym_13 flex w-fit flex-col-reverse\" tabindex=\"-1\">\n<table class=\"w-fit min-w-(--thread-content-width)\" style=\"height: 233px;\" width=\"739\" data-start=\"2246\" data-end=\"2526\">\n<thead data-start=\"2246\" data-end=\"2269\">\n<tr data-start=\"2246\" data-end=\"2269\">\n<th data-start=\"2246\" data-end=\"2259\" data-col-size=\"sm\">Funkcja<\/th>\n<th data-start=\"2259\" data-end=\"2269\" data-col-size=\"sm\">Opis<\/th>\n<\/tr>\n<\/thead>\n<tbody data-start=\"2296\" data-end=\"2526\">\n<tr data-start=\"2296\" data-end=\"2346\">\n<td data-start=\"2296\" data-end=\"2307\" data-col-size=\"sm\">Tworzywo<\/td>\n<td data-col-size=\"sm\" data-start=\"2307\" data-end=\"2346\">Tytan, magnesy, minera\u0142y lecznicze<\/td>\n<\/tr>\n<tr data-start=\"2347\" data-end=\"2396\">\n<td data-start=\"2347\" data-end=\"2354\" data-col-size=\"sm\">Kolor<\/td>\n<td data-col-size=\"sm\" data-start=\"2354\" data-end=\"2396\">Opcje z\u0142ote, srebrne i z czarnego metalu<\/td>\n<\/tr>\n<tr data-start=\"2397\" data-end=\"2436\">\n<td data-start=\"2397\" data-end=\"2408\" data-col-size=\"sm\">Zgodno\u015b\u0107<\/td>\n<td data-col-size=\"sm\" data-start=\"2408\" data-end=\"2436\">Dla m\u0119\u017cczyzn i kobiet<\/td>\n<\/tr>\n<tr data-start=\"2437\" data-end=\"2484\">\n<td data-start=\"2437\" data-end=\"2446\" data-col-size=\"sm\">Kompozycja<\/td>\n<td data-col-size=\"sm\" data-start=\"2446\" data-end=\"2484\">Hipoalergiczny, bezpieczny dla sk\u00f3ry<\/td>\n<\/tr>\n<tr data-start=\"2485\" data-end=\"2526\">\n<td data-start=\"2485\" data-end=\"2495\" data-col-size=\"sm\">Gwarancja<\/td>\n<td data-col-size=\"sm\" data-start=\"2495\" data-end=\"2526\">Oryginalny produkt Tiens 100%<\/td>\n<\/tr>\n<\/tbody>\n<\/table>\n<\/div>\n<\/div>","protected":false},"excerpt":{"rendered":"<p data-start=\"2880\" data-end=\"3190\">Bransoletka magnetyczna Tiens Titanium \u2014 <strong data-start=\"2595\" data-end=\"2671\">To wyj\u0105tkowy produkt, kt\u00f3ry przywraca energi\u0119 cia\u0142u i dodaje \u017cyciu elegancji.<\/strong><br data-start=\"2671\" data-end=\"2674\" \/>W chwili, gdy j\u0105 za\u0142o\u017cysz, nie tylko b\u0119dzie b\u0142yszcze\u0107, <strong data-start=\"2712\" data-end=\"2742\">wewn\u0119trzna harmonia i r\u00f3wnowaga<\/strong> Ty te\u017c to poczujesz.<\/p>","protected":false},"featured_media":10536,"template":"","meta":[],"product_cat":[73,287,78,74],"product_tag":[148,157,149,156,146,147,151,150,152,154,155,158,145,144,153],"class_list":{"0":"post-10533","1":"product","2":"type-product","3":"status-publish","4":"has-post-thumbnail","6":"product_cat-immunitet-v-enerji","7":"product_cat-butun-mhsullar-v-cihazlar","8":"product_cat-qadin-saglamligi-v-gigiyenasi","9":"product_cat-sumuk-v-oynaqlarin-saglamligi","10":"product_tag-bio-maqnit-qolbaq","11":"product_tag-bioenerji-qolbagi","12":"product_tag-enerji-qolbagi","13":"product_tag-immuniteti-guclndirn-qolbaq","14":"product_tag-maqnit-qolbaq","15":"product_tag-mualicvi-qolbaq","16":"product_tag-oynaq-agrisi-ucun-qolbaq","17":"product_tag-qan-dovrani-ucun-qolbaq","18":"product_tag-saglamliq-qolbagi","19":"product_tag-stress-leyhin-qolbaq","20":"product_tag-tzyiqi-normallasdiran-qolbaq","21":"product_tag-tiens-mhsullari-qolbaq","22":"product_tag-tiens-qolbaq","23":"product_tag-tiens-titan-maqnit-qolbaq","24":"product_tag-titan-qolbaq","26":"first","27":"instock","28":"taxable","29":"shipping-taxable","30":"purchasable","31":"product-type-simple"},"_links":{"self":[{"href":"https:\/\/tiens.az\/pl\/wp-json\/wp\/v2\/product\/10533","targetHints":{"allow":["GET"]}}],"collection":[{"href":"https:\/\/tiens.az\/pl\/wp-json\/wp\/v2\/product"}],"about":[{"href":"https:\/\/tiens.az\/pl\/wp-json\/wp\/v2\/types\/product"}],"wp:featuredmedia":[{"embeddable":true,"href":"https:\/\/tiens.az\/pl\/wp-json\/wp\/v2\/media\/10536"}],"wp:attachment":[{"href":"https:\/\/tiens.az\/pl\/wp-json\/wp\/v2\/media?parent=10533"}],"wp:term":[{"taxonomy":"product_cat","embeddable":true,"href":"https:\/\/tiens.az\/pl\/wp-json\/wp\/v2\/product_cat?post=10533"},{"taxonomy":"product_tag","embeddable":true,"href":"https:\/\/tiens.az\/pl\/wp-json\/wp\/v2\/product_tag?post=10533"}],"curies":[{"name":"wp","href":"https:\/\/api.w.org\/{rel}","templated":true}]}}