{"id":10611,"date":"2025-12-10T19:31:58","date_gmt":"2025-12-10T15:31:58","guid":{"rendered":"https:\/\/tiens.az\/?post_type=product&#038;p=10611"},"modified":"2026-01-05T11:07:06","modified_gmt":"2026-01-05T07:07:06","slug":"%f0%9f%94%a5-detox-h%c9%99zm-b%c9%99rpa-paketi-30-gunluk-proqram","status":"publish","type":"product","link":"https:\/\/tiens.az\/pl\/produkt\/\ud83d\udd25-detox-h\u0259zm-b\u0259rpa-pakiet-30-dniowy-program\/","title":{"rendered":"\ud83d\udd25 Pakiet detoksu i regeneracji uk\u0142adu trawiennego \u2013 program 30-dniowy"},"content":{"rendered":"<h1 data-start=\"231\" data-end=\"285\">\ud83d\udd25 <strong data-start=\"236\" data-end=\"285\">Pakiet detoksykacji i regeneracji uk\u0142adu trawiennego \u2013 program 30-dniowy<\/strong><\/h1>\n<h2 data-start=\"287\" data-end=\"327\">\u2705 <strong data-start=\"292\" data-end=\"327\">1) Problemy \u2013 dla kogo jest to przeznaczone?<\/strong><\/h2>\n<p data-start=\"328\" data-end=\"375\">Pakiet 100% potrzebny jest w nast\u0119puj\u0105cych sytuacjach:<\/p>\n<ul data-start=\"377\" data-end=\"648\">\n<li data-start=\"377\" data-end=\"410\">\n<p data-start=\"379\" data-end=\"410\">Wzd\u0119cia, gazy, uczucie ci\u0119\u017cko\u015bci<\/p>\n<\/li>\n<li data-start=\"411\" data-end=\"443\">\n<p data-start=\"413\" data-end=\"443\">Zaparcia lub nieregularne trawienie<\/p>\n<\/li>\n<li data-start=\"444\" data-end=\"475\">\n<p data-start=\"446\" data-end=\"475\">Gromadzenie si\u0119 toksyn w jelicie<\/p>\n<\/li>\n<li data-start=\"476\" data-end=\"517\">\n<p data-start=\"478\" data-end=\"517\">Podejrzenie Helicobacter, Candida i robak\u00f3w<\/p>\n<\/li>\n<li data-start=\"518\" data-end=\"567\">\n<p data-start=\"520\" data-end=\"567\">Zaburzenie flory jelitowej po antybiotykoterapii<\/p>\n<\/li>\n<li data-start=\"568\" data-end=\"602\">\n<p data-start=\"570\" data-end=\"602\">Ci\u0119\u017cko\u015b\u0107\/kwa\u015bno\u015b\u0107 po jedzeniu<\/p>\n<\/li>\n<li data-start=\"603\" data-end=\"648\">\n<p data-start=\"605\" data-end=\"648\">Problemy sk\u00f3rne (sk\u0142onno\u015b\u0107 do tr\u0105dziku, egzemy)<\/p>\n<\/li>\n<\/ul>\n<p data-start=\"650\" data-end=\"777\">Ten pakiet <strong data-start=\"659\" data-end=\"693\">aby w pe\u0142ni przywr\u00f3ci\u0107 uk\u0142ad trawienny<\/strong>, <strong data-start=\"695\" data-end=\"719\">oczy\u015bci\u0107 jelita<\/strong> I <strong data-start=\"723\" data-end=\"765\">aby zmniejszy\u0107 obci\u0105\u017cenie toksynami w organizmie<\/strong> przygotowany.<\/p>\n<hr data-start=\"779\" data-end=\"782\" \/>\n<h1 data-start=\"784\" data-end=\"823\">\u2705 <strong data-start=\"788\" data-end=\"823\">2) Jakie produkty znajduj\u0105 si\u0119 w opakowaniu?<\/strong><\/h1>\n<h3 data-start=\"825\" data-end=\"866\"><strong data-start=\"829\" data-end=\"864\">\u2714 Chitozan (1 opakowanie \u2013 30 dni)<\/strong><\/h3>\n<p data-start=\"867\" data-end=\"968\">Absorbuje toksyny, zapobiega rozmna\u017caniu si\u0119 paso\u017cyt\u00f3w i wzmacnia efekt oczyszczaj\u0105cy jelit.<\/p>\n<h3 data-start=\"970\" data-end=\"1019\"><strong data-start=\"974\" data-end=\"1017\">\u2714 FOS (fruktooligosacharydy \u2013 1 opakowanie)<\/strong><\/h3>\n<p data-start=\"1020\" data-end=\"1117\">Delikatnie oczyszcza jelita, zwi\u0119ksza ilo\u015b\u0107 bakterii probiotycznych i \u0142agodzi zaparcia.<\/p>\n<h3 data-start=\"1119\" data-end=\"1149\"><strong data-start=\"1123\" data-end=\"1147\">\u2714 Spirulina (1 opakowanie)<\/strong><\/h3>\n<p data-start=\"1150\" data-end=\"1238\">Zmniejsza stany zapalne, regeneruje \u015bciany jelit i uzupe\u0142nia dzia\u0142anie chitozanu + fruktozy (FOS).<\/p>\n<hr data-start=\"1240\" data-end=\"1243\" \/>\n<h1 data-start=\"1245\" data-end=\"1303\">\u2705 <strong data-start=\"1249\" data-end=\"1303\">3) Tekst sprzeda\u017cowy dotycz\u0105cy pakietu (idealny na stron\u0119 internetow\u0105)<\/strong><\/h1>\n<p data-start=\"1305\" data-end=\"1567\"><strong data-start=\"1305\" data-end=\"1334\">Pakiet detoksykacyjny i wspomagaj\u0105cy trawienie<\/strong> \u2014 to 30-dniowy program ca\u0142kowitego powrotu do zdrowia przeznaczony dla os\u00f3b zmagaj\u0105cych si\u0119 ze wzd\u0119ciami, gazami, zaparciami i zaburzeniami r\u00f3wnowagi jelitowej.<br data-start=\"1433\" data-end=\"1436\" \/>Chitozan oczyszcza jelita z toksyn, FOS zapewnia r\u00f3wnowag\u0119 probiotyczn\u0105, a spirulina zmniejsza stany zapalne, u\u0142atwiaj\u0105c trawienie.<\/p>\n<p data-start=\"1569\" data-end=\"1748\">Ten pakiet daje wyniki <strong data-start=\"1587\" data-end=\"1619\">Odczuwalne od 1. tygodnia<\/strong> zaczyna si\u0119:<br data-start=\"1629\" data-end=\"1632\" \/>\u2714 Zmniejsza obrz\u0119ki<br data-start=\"1650\" data-end=\"1653\" \/>\u2714 Trawienie staje si\u0119 \u0142atwiejsze<br data-start=\"1671\" data-end=\"1674\" \/>\u2714 Opr\u00f3\u017cnianie jelit staje si\u0119 normalne.<br data-start=\"1706\" data-end=\"1709\" \/>\u2714 Organizm zostaje oczyszczony z toksyn<\/p>\n<hr data-start=\"1750\" data-end=\"1753\" \/>\n<h1 data-start=\"1755\" data-end=\"1806\">\u2705 <strong data-start=\"1759\" data-end=\"1806\">4) Procedura akceptacji (w bardzo prostym j\u0119zyku dla klienta)<\/strong><\/h1>\n<h3 data-start=\"1808\" data-end=\"1821\"><strong data-start=\"1812\" data-end=\"1821\">Poranek<\/strong><\/h3>\n<ul data-start=\"1822\" data-end=\"1871\">\n<li data-start=\"1822\" data-end=\"1871\">\n<p data-start=\"1824\" data-end=\"1871\">30 minut przed jedzeniem: <strong data-start=\"1850\" data-end=\"1871\">1 kapsu\u0142ka chitozanu<\/strong><\/p>\n<\/li>\n<\/ul>\n<h3 data-start=\"1873\" data-end=\"1893\"><strong data-start=\"1877\" data-end=\"1893\">\u015arodek dnia<\/strong><\/h3>\n<ul data-start=\"1894\" data-end=\"1934\">\n<li data-start=\"1894\" data-end=\"1934\">\n<p data-start=\"1896\" data-end=\"1934\">Po jedzeniu: <strong data-start=\"1912\" data-end=\"1934\">2 tabletki Spiruliny<\/strong><\/p>\n<\/li>\n<\/ul>\n<h3 data-start=\"1936\" data-end=\"1949\"><strong data-start=\"1940\" data-end=\"1949\">Wiecz\u00f3r<\/strong><\/h3>\n<ul data-start=\"1950\" data-end=\"2037\">\n<li data-start=\"1950\" data-end=\"1996\">\n<p data-start=\"1952\" data-end=\"1996\">W 1 szklance gor\u0105cej wody: <strong data-start=\"1972\" data-end=\"1994\">1\u20132 \u0142y\u017ceczki FOS<\/strong><\/p>\n<\/li>\n<li data-start=\"1997\" data-end=\"2037\">\n<p data-start=\"1999\" data-end=\"2037\">Po jedzeniu: <strong data-start=\"2015\" data-end=\"2037\">2 tabletki Spiruliny<\/strong><\/p>\n<\/li>\n<\/ul>\n<p data-start=\"2039\" data-end=\"2121\">\ud83d\udccc <em data-start=\"2042\" data-end=\"2080\">Nale\u017cy wypija\u0107 co najmniej 1,5 litra wody dziennie.<\/em><br data-start=\"2080\" data-end=\"2083\" \/>\ud83d\udccc <em data-start=\"2086\" data-end=\"2121\">Lek nale\u017cy przyjmowa\u0107 nieprzerwanie przez 30 dni.<\/em><\/p>","protected":false},"excerpt":{"rendered":"<p data-start=\"1305\" data-end=\"1567\"><strong data-start=\"1305\" data-end=\"1334\">Pakiet detoksykacyjny i wspomagaj\u0105cy trawienie<\/strong> \u2014 to 30-dniowy program ca\u0142kowitego powrotu do zdrowia przeznaczony dla os\u00f3b zmagaj\u0105cych si\u0119 ze wzd\u0119ciami, gazami, zaparciami i zaburzeniami r\u00f3wnowagi jelitowej.<br data-start=\"1433\" data-end=\"1436\" \/>Chitozan oczyszcza jelita z toksyn, FOS zapewnia r\u00f3wnowag\u0119 probiotyczn\u0105, a spirulina zmniejsza stany zapalne, u\u0142atwiaj\u0105c trawienie.<\/p>\n<p data-start=\"1569\" data-end=\"1748\">Ten pakiet daje wyniki <strong data-start=\"1587\" data-end=\"1619\">Odczuwalne od 1. tygodnia<\/strong> zaczyna si\u0119:<br data-start=\"1629\" data-end=\"1632\" \/>\u2714 Zmniejsza obrz\u0119ki<br data-start=\"1650\" data-end=\"1653\" \/>\u2714 Trawienie staje si\u0119 \u0142atwiejsze<br data-start=\"1671\" data-end=\"1674\" \/>\u2714 Opr\u00f3\u017cnianie jelit staje si\u0119 normalne.<br data-start=\"1706\" data-end=\"1709\" \/>\u2714 Organizm zostaje oczyszczony z toksyn<\/p>","protected":false},"featured_media":10612,"template":"","meta":[],"product_cat":[189,287,75],"product_tag":[221,225,223,222,224,226,230,220,228,219,218,217,199,227,229],"class_list":{"0":"post-10611","1":"product","2":"type-product","3":"status-publish","4":"has-post-thumbnail","6":"product_cat-saglamliq-paketleri","7":"product_cat-butun-mhsullar-v-cihazlar","8":"product_cat-hzm-v-ariqlama","9":"product_tag-bagirsaq-disbalansi","10":"product_tag-bagirsaq-tmizlm","11":"product_tag-chitosan","12":"product_tag-detox-paketi","13":"product_tag-fos","14":"product_tag-hzm-brpasi","15":"product_tag-hzm-ucun-vitaminlr","16":"product_tag-hzm-zifliyi","17":"product_tag-probiotik-dstk","18":"product_tag-qaz-problemi","19":"product_tag-qbizlik","20":"product_tag-siskinlik","21":"product_tag-spirulina","22":"product_tag-tiens-detox","23":"product_tag-toksin-tmizlm","25":"first","26":"instock","27":"taxable","28":"shipping-taxable","29":"purchasable","30":"product-type-simple"},"_links":{"self":[{"href":"https:\/\/tiens.az\/pl\/wp-json\/wp\/v2\/product\/10611","targetHints":{"allow":["GET"]}}],"collection":[{"href":"https:\/\/tiens.az\/pl\/wp-json\/wp\/v2\/product"}],"about":[{"href":"https:\/\/tiens.az\/pl\/wp-json\/wp\/v2\/types\/product"}],"wp:featuredmedia":[{"embeddable":true,"href":"https:\/\/tiens.az\/pl\/wp-json\/wp\/v2\/media\/10612"}],"wp:attachment":[{"href":"https:\/\/tiens.az\/pl\/wp-json\/wp\/v2\/media?parent=10611"}],"wp:term":[{"taxonomy":"product_cat","embeddable":true,"href":"https:\/\/tiens.az\/pl\/wp-json\/wp\/v2\/product_cat?post=10611"},{"taxonomy":"product_tag","embeddable":true,"href":"https:\/\/tiens.az\/pl\/wp-json\/wp\/v2\/product_tag?post=10611"}],"curies":[{"name":"wp","href":"https:\/\/api.w.org\/{rel}","templated":true}]}}