{"id":10617,"date":"2025-12-12T15:37:26","date_gmt":"2025-12-12T11:37:26","guid":{"rendered":"https:\/\/tiens.az\/?post_type=product&#038;p=10617"},"modified":"2026-01-05T14:50:34","modified_gmt":"2026-01-05T10:50:34","slug":"%e2%9d%a4%ef%b8%8f-xolesterin-v%c9%99-t%c9%99zyiq-paketi-30-gunluk-proqram","status":"publish","type":"product","link":"https:\/\/tiens.az\/pl\/produkt\/\u2764\ufe0f-cholesterol-v\u0259-t\u0259zyiq-pakiet-30-dniowy-program\/","title":{"rendered":"30-dniowy program na cholesterol i ci\u015bnienie krwi"},"content":{"rendered":"<h1 data-start=\"162\" data-end=\"216\">\u2764\ufe0f Pakiet Serce i Uk\u0142ad Kr\u0105\u017cenia \u2013 30-dniowy Program na Cholesterol i Ci\u015bnienie Krwi<strong data-start=\"222\" data-end=\"233\">arkib:<\/strong><\/h1>\n<p data-start=\"236\" data-end=\"281\">\u2714 Kordyceps<br data-start=\"247\" data-end=\"250\" \/>\u2714 Herbata antylipidowa<br data-start=\"265\" data-end=\"268\" \/>\u2714 Spirulina<\/p>\n<hr data-start=\"283\" data-end=\"286\" \/>\n<h1 data-start=\"288\" data-end=\"327\">\u2705 <strong data-start=\"292\" data-end=\"327\">1) Problemy \u2013 dla kogo jest to przeznaczone?<\/strong><\/h1>\n<p data-start=\"329\" data-end=\"372\">Pakiet ten jest bardzo skuteczny w nast\u0119puj\u0105cych przypadkach:<\/p>\n<ul data-start=\"374\" data-end=\"647\">\n<li data-start=\"374\" data-end=\"410\">\n<p data-start=\"376\" data-end=\"410\">Problem z ci\u015bnieniem (wysokie\/niskie)<\/p>\n<\/li>\n<li data-start=\"411\" data-end=\"436\">\n<p data-start=\"413\" data-end=\"436\">Wysoki cholesterol<\/p>\n<\/li>\n<li data-start=\"437\" data-end=\"466\">\n<p data-start=\"439\" data-end=\"466\">Os\u0142abienie kr\u0105\u017cenia krwi<\/p>\n<\/li>\n<li data-start=\"467\" data-end=\"507\">\n<p data-start=\"469\" data-end=\"507\">Dr\u0119twienie i zimno w d\u0142oniach\/st\u00f3pach<\/p>\n<\/li>\n<li data-start=\"508\" data-end=\"540\">\n<p data-start=\"510\" data-end=\"540\">Zaburzenia bicia serca<\/p>\n<\/li>\n<li data-start=\"541\" data-end=\"584\">\n<p data-start=\"543\" data-end=\"584\">Ryzyko zablokowania t\u0119tnic (mia\u017cd\u017cyca)<\/p>\n<\/li>\n<li data-start=\"585\" data-end=\"615\">\n<p data-start=\"587\" data-end=\"615\">Szybkie zm\u0119czenie, duszno\u015b\u0107<\/p>\n<\/li>\n<li data-start=\"616\" data-end=\"647\">\n<p data-start=\"618\" data-end=\"647\">Stres i s\u0142abe natlenienie<\/p>\n<\/li>\n<\/ul>\n<p data-start=\"649\" data-end=\"735\">Zestaw ten wzmacnia \u017cy\u0142y, normalizuje przep\u0142yw krwi i chroni mi\u0119sie\u0144 sercowy.<\/p>\n<hr data-start=\"737\" data-end=\"740\" \/>\n<h1 data-start=\"742\" data-end=\"782\">\ud83c\udf3f <strong data-start=\"747\" data-end=\"782\">2) Jakie produkty znajduj\u0105 si\u0119 w opakowaniu?<\/strong><\/h1>\n<h3 data-start=\"784\" data-end=\"805\">\u2714 <strong data-start=\"790\" data-end=\"803\">Kordyceps<\/strong><\/h3>\n<p data-start=\"806\" data-end=\"889\">Zwi\u0119ksza natlenienie krwi, wzmacnia uk\u0142ad sercowo-naczyniowy i dodaje energii. (Na ci\u015bnienie krwi)<\/p>\n<h3 data-start=\"891\" data-end=\"916\">\u2714 <strong data-start=\"897\" data-end=\"914\">Herbata antylipidowa<\/strong><\/h3>\n<p data-start=\"917\" data-end=\"998\">Wyr\u00f3wnuje poziom cholesterolu, redukuje t\u0142uszcz w t\u0119tnicach, reguluje ci\u015bnienie krwi. (W celu regulacji poziomu cholesterolu i ci\u015bnienia krwi)<\/p>\n<h3 data-start=\"1000\" data-end=\"1021\">\u2714 <strong data-start=\"1006\" data-end=\"1019\">Spirulina<\/strong><\/h3>\n<p data-start=\"1022\" data-end=\"1095\">Poprawia jako\u015b\u0107 krwi i chroni naczynia krwiono\u015bne dzi\u0119ki swojemu dzia\u0142aniu antyoksydacyjnemu.<\/p>\n<hr data-start=\"1097\" data-end=\"1100\" \/>\n<h1 data-start=\"1102\" data-end=\"1152\">\ud83d\udcdd <strong data-start=\"1107\" data-end=\"1152\">3) O pakiecie\u00a0<\/strong><\/h1>\n<p data-start=\"1154\" data-end=\"1465\"><strong data-start=\"1154\" data-end=\"1183\">Pakiet Serce i Uk\u0142ad Kr\u0105\u017cenia<\/strong> Chroni zdrowie serca, normalizuje poziom cholesterolu i poprawia kr\u0105\u017cenie krwi. To 30-dniowy program opracowany w celu zwalczania problem\u00f3w z cholesterolem i ci\u015bnieniem krwi.<br data-start=\"1307\" data-end=\"1310\" \/>Cordyceps zwi\u0119ksza natlenienie krwi, herbata antylipidowa oczyszcza naczynia krwiono\u015bne, a spirulina poprawia jako\u015b\u0107 krwi i zwi\u0119ksza r\u00f3wnowag\u0119 energetyczn\u0105.<\/p>\n<p data-start=\"1467\" data-end=\"1629\">Ten pakiet skutkuje:<br data-start=\"1490\" data-end=\"1493\" \/>\u2714 Poprawia kr\u0105\u017cenie krwi<br data-start=\"1522\" data-end=\"1525\" \/>\u2714 Stabilizuje ci\u015bnienie krwi<br data-start=\"1549\" data-end=\"1552\" \/>\u2714 Reguluje poziom cholesterolu<br data-start=\"1577\" data-end=\"1580\" \/>\u2714 Zmniejsza zm\u0119czenie<br data-start=\"1600\" data-end=\"1603\" \/>\u2714 Chroni mi\u0119sie\u0144 sercowy<\/p>\n<hr data-start=\"1631\" data-end=\"1634\" \/>\n<h1 data-start=\"1636\" data-end=\"1680\">\u23f3 <strong data-start=\"1640\" data-end=\"1680\">4) Procedura rekrutacyjna \u2013 program 30-dniowy<\/strong><\/h1>\n<h3 data-start=\"1682\" data-end=\"1695\"><strong data-start=\"1686\" data-end=\"1695\">Poranek<\/strong><\/h3>\n<ul data-start=\"1696\" data-end=\"1736\">\n<li data-start=\"1696\" data-end=\"1736\">\n<p data-start=\"1698\" data-end=\"1736\">Po jedzeniu: <strong data-start=\"1714\" data-end=\"1736\">1 kapsu\u0142ka Cordyceps<\/strong><\/p>\n<\/li>\n<\/ul>\n<h3 data-start=\"1738\" data-end=\"1753\"><strong data-start=\"1742\" data-end=\"1753\">Popo\u0142udnie<\/strong><\/h3>\n<ul data-start=\"1754\" data-end=\"1796\">\n<li data-start=\"1754\" data-end=\"1796\">\n<p data-start=\"1756\" data-end=\"1796\">Z jedzeniem: <strong data-start=\"1774\" data-end=\"1796\">2 tabletki Spiruliny<\/strong><\/p>\n<\/li>\n<\/ul>\n<h3 data-start=\"1798\" data-end=\"1811\"><strong data-start=\"1802\" data-end=\"1811\">Wiecz\u00f3r<\/strong><\/h3>\n<ul data-start=\"1812\" data-end=\"1859\">\n<li data-start=\"1812\" data-end=\"1859\">\n<p data-start=\"1814\" data-end=\"1859\">Na 1 szklank\u0119 gor\u0105cej wody: <strong data-start=\"1834\" data-end=\"1859\">1 opakowanie herbaty antylipidowej<\/strong><\/p>\n<\/li>\n<\/ul>\n<p data-start=\"1861\" data-end=\"1976\">\ud83d\udccc Przynajmniej w ci\u0105gu dnia <strong data-start=\"1882\" data-end=\"1897\">1,5 litra wody<\/strong> zalecony.<br data-start=\"1913\" data-end=\"1916\" \/>\ud83d\udccc Dla stabilnego efektu <strong data-start=\"1937\" data-end=\"1966\">30 dni ci\u0105g\u0142ego u\u017cytkowania<\/strong> niezb\u0119dny.<\/p>","protected":false},"excerpt":{"rendered":"<p data-start=\"1154\" data-end=\"1465\"><strong data-start=\"1154\" data-end=\"1183\">Pakiet Serce i Uk\u0142ad Kr\u0105\u017cenia<\/strong> Chroni zdrowie serca, normalizuje poziom cholesterolu i poprawia kr\u0105\u017cenie krwi. To 30-dniowy program opracowany w celu zwalczania problem\u00f3w z cholesterolem i ci\u015bnieniem krwi.<br data-start=\"1307\" data-end=\"1310\" \/>Cordyceps zwi\u0119ksza natlenienie krwi, herbata antylipidowa oczyszcza naczynia krwiono\u015bne, a spirulina poprawia jako\u015b\u0107 krwi i zwi\u0119ksza r\u00f3wnowag\u0119 energetyczn\u0105.<\/p>\n<p data-start=\"1467\" data-end=\"1629\">Ten pakiet skutkuje:<br data-start=\"1490\" data-end=\"1493\" \/>\u2714 Poprawia kr\u0105\u017cenie krwi<br data-start=\"1522\" data-end=\"1525\" \/>\u2714 Stabilizuje ci\u015bnienie krwi<br data-start=\"1549\" data-end=\"1552\" \/>\u2714 Reguluje poziom cholesterolu<br data-start=\"1577\" data-end=\"1580\" \/>\u2714 Zmniejsza zm\u0119czenie<br data-start=\"1600\" data-end=\"1603\" \/>\u2714 Chroni mi\u0119sie\u0144 sercowy<\/p>","protected":false},"featured_media":10618,"template":"","meta":[],"product_cat":[189,287],"product_tag":[236,246,248,251,247,252,120,199,250,244,253,249,233,245],"class_list":{"0":"post-10617","1":"product","2":"type-product","3":"status-publish","4":"has-post-thumbnail","6":"product_cat-saglamliq-paketleri","7":"product_cat-butun-mhsullar-v-cihazlar","8":"product_tag-antilipid-cay","9":"product_tag-asagi-tzyiq","10":"product_tag-cordyceps","11":"product_tag-damar-saglamligi","12":"product_tag-damar-tutulmasi","13":"product_tag-enerji-v-qan-oksigeni","14":"product_tag-qan-dovrani","15":"product_tag-spirulina","16":"product_tag-tzyiq-tnzimlm","17":"product_tag-urk-saglamligi","18":"product_tag-urk-ucun-tiens","19":"product_tag-urk-ucun-vitaminlr","20":"product_tag-xolesterin","21":"product_tag-yuksk-tzyiq","23":"first","24":"instock","25":"taxable","26":"shipping-taxable","27":"purchasable","28":"product-type-simple"},"_links":{"self":[{"href":"https:\/\/tiens.az\/pl\/wp-json\/wp\/v2\/product\/10617","targetHints":{"allow":["GET"]}}],"collection":[{"href":"https:\/\/tiens.az\/pl\/wp-json\/wp\/v2\/product"}],"about":[{"href":"https:\/\/tiens.az\/pl\/wp-json\/wp\/v2\/types\/product"}],"wp:featuredmedia":[{"embeddable":true,"href":"https:\/\/tiens.az\/pl\/wp-json\/wp\/v2\/media\/10618"}],"wp:attachment":[{"href":"https:\/\/tiens.az\/pl\/wp-json\/wp\/v2\/media?parent=10617"}],"wp:term":[{"taxonomy":"product_cat","embeddable":true,"href":"https:\/\/tiens.az\/pl\/wp-json\/wp\/v2\/product_cat?post=10617"},{"taxonomy":"product_tag","embeddable":true,"href":"https:\/\/tiens.az\/pl\/wp-json\/wp\/v2\/product_tag?post=10617"}],"curies":[{"name":"wp","href":"https:\/\/api.w.org\/{rel}","templated":true}]}}