{"id":10619,"date":"2025-12-12T15:51:31","date_gmt":"2025-12-12T11:51:31","guid":{"rendered":"https:\/\/tiens.az\/?post_type=product&#038;p=10619"},"modified":"2026-01-07T16:58:13","modified_gmt":"2026-01-07T12:58:13","slug":"sac-tokulm%c9%99si-qarsi-paketi-30-gunluk-proqram","status":"publish","type":"product","link":"https:\/\/tiens.az\/pl\/produkt\/wypadanie-wlosow-\u0259si-pakiet-przeciw-wypadaniu-wlosow-30-dniowy-program\/","title":{"rendered":"\ud83d\udc87\u200d\u2642\ufe0f Pakiet przeciw wypadaniu w\u0142os\u00f3w \u2013 program 30-dniowy"},"content":{"rendered":"<h1 data-start=\"184\" data-end=\"236\">\ud83d\udc87\u200d\u2642\ufe0f <strong data-start=\"192\" data-end=\"236\">Pakiet przeciw wypadaniu w\u0142os\u00f3w \u2013 program 30-dniowy<\/strong><\/h1>\n<h3 data-start=\"238\" data-end=\"255\"><strong data-start=\"242\" data-end=\"253\">Kompozycja:<\/strong><\/h3>\n<p data-start=\"256\" data-end=\"300\">\u2714 Cynk<br data-start=\"262\" data-end=\"265\" \/>\u2714 Wap\u0144 z lecytyn\u0105<br data-start=\"285\" data-end=\"288\" \/>\u2714 Selen<\/p>\n<p data-start=\"302\" data-end=\"409\">To trio od\u017cywia mieszki w\u0142osowe, wspiera r\u00f3wnowag\u0119 hormonaln\u0105 i stymuluje odrost w\u0142os\u00f3w.<\/p>\n<hr data-start=\"411\" data-end=\"414\" \/>\n<h1 data-start=\"416\" data-end=\"455\">\u2705 <strong data-start=\"420\" data-end=\"455\">1) Problemy \u2013 dla kogo jest to przeznaczone?<\/strong><\/h1>\n<p data-start=\"457\" data-end=\"499\">Pakiet 100% potrzebny jest w nast\u0119puj\u0105cych przypadkach:<\/p>\n<ul data-start=\"501\" data-end=\"759\">\n<li data-start=\"501\" data-end=\"541\">\n<p data-start=\"503\" data-end=\"541\">Wypadanie w\u0142os\u00f3w (ostre lub przewlek\u0142e)<\/p>\n<\/li>\n<li data-start=\"542\" data-end=\"576\">\n<p data-start=\"544\" data-end=\"576\">Przerzedzenie w\u0142os\u00f3w, os\u0142abienie<\/p>\n<\/li>\n<li data-start=\"577\" data-end=\"609\">\n<p data-start=\"579\" data-end=\"609\">Wypadanie w\u0142os\u00f3w po stresie<\/p>\n<\/li>\n<li data-start=\"610\" data-end=\"645\">\n<p data-start=\"612\" data-end=\"645\">Niedob\u00f3r witamin i minera\u0142\u00f3w<\/p>\n<\/li>\n<li data-start=\"646\" data-end=\"697\">\n<p data-start=\"648\" data-end=\"697\">Zaburzenia hormonalne (zar\u00f3wno u kobiet, jak i u m\u0119\u017cczyzn)<\/p>\n<\/li>\n<li data-start=\"698\" data-end=\"723\">\n<p data-start=\"700\" data-end=\"723\">Op\u00f3\u017aniony wzrost w\u0142os\u00f3w<\/p>\n<\/li>\n<li data-start=\"724\" data-end=\"759\">\n<p data-start=\"726\" data-end=\"759\">Przerzedzenie korony u m\u0119\u017cczyzn<\/p>\n<\/li>\n<\/ul>\n<hr data-start=\"761\" data-end=\"764\" \/>\n<h1 data-start=\"766\" data-end=\"806\">\ud83c\udf3f <strong data-start=\"771\" data-end=\"806\">2) Jakie produkty znajduj\u0105 si\u0119 w opakowaniu?<\/strong><\/h1>\n<h3 data-start=\"808\" data-end=\"824\">\u2714 <strong data-start=\"814\" data-end=\"822\">Cynk<\/strong><\/h3>\n<p data-start=\"825\" data-end=\"884\">Wzmacnia cebulki w\u0142os\u00f3w i stymuluje wzrost nowych w\u0142os\u00f3w.<\/p>\n<h3 data-start=\"886\" data-end=\"916\">\u2714 <strong data-start=\"892\" data-end=\"914\">Wap\u0144 z lecytyn\u0105<\/strong><\/h3>\n<p data-start=\"917\" data-end=\"977\">Od\u017cywia mieszki w\u0142osowe i wspomaga regeneracj\u0119 kom\u00f3rek.<\/p>\n<h3 data-start=\"979\" data-end=\"999\">\u2714 <strong data-start=\"985\" data-end=\"997\">Selen<\/strong><\/h3>\n<p data-start=\"1000\" data-end=\"1074\">Dzi\u0119ki dzia\u0142aniu antyoksydacyjnemu redukuje stany zapalne u nasady w\u0142osa i zapobiega jego wypadaniu.<\/p>\n<hr data-start=\"1076\" data-end=\"1079\" \/>\n<h1 data-start=\"1081\" data-end=\"1131\">\ud83d\udcdd <strong data-start=\"1086\" data-end=\"1131\">3) O pakiecie<\/strong><\/h1>\n<p data-start=\"1133\" data-end=\"1419\"><strong data-start=\"1133\" data-end=\"1157\">Pakiet na wypadanie w\u0142os\u00f3w<\/strong> to 30-dniowy intensywny program maj\u0105cy na celu od\u017cywienie mieszk\u00f3w w\u0142osowych, ograniczenie wypadania w\u0142os\u00f3w i przyspieszenie wzrostu nowych w\u0142os\u00f3w.<br data-start=\"1289\" data-end=\"1292\" \/>Cynk wzmacnia struktur\u0119 w\u0142os\u00f3w, selen chroni cebulki w\u0142os\u00f3w jako przeciwutleniacz, a lecytyna zwi\u0119ksza od\u017cywienie nasady w\u0142os\u00f3w.<\/p>\n<p data-start=\"1421\" data-end=\"1614\">Wynikiem tego programu jest:<br data-start=\"1446\" data-end=\"1449\" \/>\u2714 Zmniejsza wypadanie w\u0142os\u00f3w w ci\u0105gu 2\u20134 tygodni<br data-start=\"1486\" data-end=\"1489\" \/>\u2714 Wzmacnia cebulki w\u0142os\u00f3w<br data-start=\"1519\" data-end=\"1522\" \/>\u2714 Aktywuje wzrost nowych w\u0142os\u00f3w<br data-start=\"1555\" data-end=\"1558\" \/>\u2714 Sprawia, \u017ce w\u0142osy wygl\u0105daj\u0105 na grubsze i bardziej b\u0142yszcz\u0105ce<\/p>\n<p data-start=\"1616\" data-end=\"1669\">Jest idealny dla os\u00f3b maj\u0105cych problem z wypadaniem w\u0142os\u00f3w.<\/p>\n<hr data-start=\"1671\" data-end=\"1674\" \/>\n<h1 data-start=\"1676\" data-end=\"1720\">\u23f3 <strong data-start=\"1680\" data-end=\"1720\">4) Procedura rekrutacyjna \u2013 program 30-dniowy<\/strong><\/h1>\n<h3 data-start=\"1722\" data-end=\"1735\"><strong data-start=\"1726\" data-end=\"1735\">Poranek<\/strong><\/h3>\n<ul data-start=\"1736\" data-end=\"1819\">\n<li data-start=\"1736\" data-end=\"1774\">\n<p data-start=\"1738\" data-end=\"1774\">1 kapsu\u0142ka <strong data-start=\"1747\" data-end=\"1755\">Cynk<\/strong> \u2013 po jedzeniu<\/p>\n<\/li>\n<li data-start=\"1775\" data-end=\"1819\">\n<p data-start=\"1777\" data-end=\"1819\">1 kapsu\u0142ka <strong data-start=\"1786\" data-end=\"1798\">Selen<\/strong> \u2013 z jedzeniem<\/p>\n<\/li>\n<\/ul>\n<h3 data-start=\"1821\" data-end=\"1834\"><strong data-start=\"1825\" data-end=\"1834\">Wiecz\u00f3r<\/strong><\/h3>\n<ul data-start=\"1835\" data-end=\"1889\">\n<li data-start=\"1835\" data-end=\"1889\">\n<p data-start=\"1837\" data-end=\"1889\">1 kapsu\u0142ka <strong data-start=\"1846\" data-end=\"1868\">Wap\u0144 z lecytyn\u0105<\/strong> \u2013 z jedzeniem<\/p>\n<\/li>\n<\/ul>\n<p data-start=\"1891\" data-end=\"2005\">\ud83d\udccc Zaleca si\u0119 wypijanie co najmniej 1,5 litra wody dziennie.<br data-start=\"1950\" data-end=\"1953\" \/>\ud83d\udccc Pierwsze zmiany s\u0105 zazwyczaj <strong data-start=\"1981\" data-end=\"1996\">2\u20133 tygodnie<\/strong> wygl\u0105da na to.<\/p>","protected":false},"excerpt":{"rendered":"<p data-start=\"1133\" data-end=\"1419\"><strong data-start=\"1133\" data-end=\"1157\">Pakiet zapobiegania wyciekom<\/strong> to 30-dniowy intensywny program maj\u0105cy na celu od\u017cywienie mieszk\u00f3w w\u0142osowych, ograniczenie wypadania w\u0142os\u00f3w i przyspieszenie wzrostu nowych w\u0142os\u00f3w.<br data-start=\"1289\" data-end=\"1292\" \/>Cynk wzmacnia struktur\u0119 w\u0142os\u00f3w, selen chroni cebulki w\u0142os\u00f3w jako przeciwutleniacz, a lecytyna zwi\u0119ksza od\u017cywienie nasady w\u0142os\u00f3w.<\/p>\n<p data-start=\"1421\" data-end=\"1614\">Wynikiem tego programu jest:<br data-start=\"1446\" data-end=\"1449\" \/>\u2714 Zmniejsza linienie w ci\u0105gu 2\u20134 tygodni<br data-start=\"1486\" data-end=\"1489\" \/>\u2714 Wzmacnia cebulki w\u0142os\u00f3w<br data-start=\"1519\" data-end=\"1522\" \/>\u2714 Aktywuje wzrost nowych w\u0142os\u00f3w<br data-start=\"1555\" data-end=\"1558\" \/>\u2714 Sprawia, \u017ce w\u0142osy wygl\u0105daj\u0105 na grubsze i bardziej b\u0142yszcz\u0105ce<\/p>\n<p data-start=\"1616\" data-end=\"1669\">Idealne dla os\u00f3b maj\u0105cych problem z wypadaniem w\u0142os\u00f3w.<\/p>","protected":false},"featured_media":10620,"template":"","meta":[],"product_cat":[189,287,76],"product_tag":[263,237,260,257,254,259,255,258,256,262,264,261,198],"class_list":{"0":"post-10619","1":"product","2":"type-product","3":"status-publish","4":"has-post-thumbnail","6":"product_cat-saglamliq-paketleri","7":"product_cat-butun-mhsullar-v-cihazlar","8":"product_cat-sxsi-gigiyena-vasitlri","9":"product_tag-hormonal-sac-tokulmsi","10":"product_tag-lecithin","11":"product_tag-sac-brpasi","12":"product_tag-sac-guclndirici","13":"product_tag-sac-tokulmsi","14":"product_tag-sac-ucun-vitaminlr","15":"product_tag-saclarin-ziflmsi","16":"product_tag-selenium","17":"product_tag-seyrlm","18":"product_tag-stresdn-sac-tokulmsi","19":"product_tag-tiens-sac-paketi","20":"product_tag-yeni-sac-cixisi","21":"product_tag-zinc","23":"first","24":"instock","25":"taxable","26":"shipping-taxable","27":"purchasable","28":"product-type-simple"},"_links":{"self":[{"href":"https:\/\/tiens.az\/pl\/wp-json\/wp\/v2\/product\/10619","targetHints":{"allow":["GET"]}}],"collection":[{"href":"https:\/\/tiens.az\/pl\/wp-json\/wp\/v2\/product"}],"about":[{"href":"https:\/\/tiens.az\/pl\/wp-json\/wp\/v2\/types\/product"}],"wp:featuredmedia":[{"embeddable":true,"href":"https:\/\/tiens.az\/pl\/wp-json\/wp\/v2\/media\/10620"}],"wp:attachment":[{"href":"https:\/\/tiens.az\/pl\/wp-json\/wp\/v2\/media?parent=10619"}],"wp:term":[{"taxonomy":"product_cat","embeddable":true,"href":"https:\/\/tiens.az\/pl\/wp-json\/wp\/v2\/product_cat?post=10619"},{"taxonomy":"product_tag","embeddable":true,"href":"https:\/\/tiens.az\/pl\/wp-json\/wp\/v2\/product_tag?post=10619"}],"curies":[{"name":"wp","href":"https:\/\/api.w.org\/{rel}","templated":true}]}}