{"id":10621,"date":"2025-12-12T16:15:30","date_gmt":"2025-12-12T12:15:30","guid":{"rendered":"https:\/\/tiens.az\/?post_type=product&#038;p=10621"},"modified":"2026-01-07T16:58:06","modified_gmt":"2026-01-07T12:58:06","slug":"ariqlama-paketi-30-gunluk-ariqlama-proqrami","status":"publish","type":"product","link":"https:\/\/tiens.az\/pl\/produkt\/pakiet-odchudzajacy-30-dniowy-program-odchudzania\/","title":{"rendered":"\ud83d\udd25 Pakiet odchudzaj\u0105cy \u2013 30-dniowy program odchudzania"},"content":{"rendered":"<h1 data-start=\"158\" data-end=\"214\">\ud83d\udd25 <strong data-start=\"163\" data-end=\"214\">Pakiet odchudzania \u2013 30-dniowy program odchudzania<\/strong><\/h1>\n<h3 data-start=\"216\" data-end=\"233\"><strong data-start=\"220\" data-end=\"231\">Kompozycja:<\/strong><\/h3>\n<p data-start=\"234\" data-end=\"278\">\u2714 Chitozan<br data-start=\"244\" data-end=\"247\" \/>\u2714 Celuloza<br data-start=\"258\" data-end=\"261\" \/>\u2714 Herbata antylipidowa<\/p>\n<p data-start=\"280\" data-end=\"386\">To trio to najskuteczniejsze po\u0142\u0105czenie, kt\u00f3re przyspiesza spalanie t\u0142uszczu, zapewnia uczucie syto\u015bci i oczyszcza w\u0105trob\u0119.<\/p>\n<hr data-start=\"388\" data-end=\"391\" \/>\n<h1 data-start=\"393\" data-end=\"432\">\u2705 <strong data-start=\"397\" data-end=\"432\">1) Problemy \u2013 dla kogo jest to przeznaczone?<\/strong><\/h1>\n<p data-start=\"434\" data-end=\"471\">Pakiet ten idealnie sprawdzi si\u0119 w nast\u0119puj\u0105cych sytuacjach:<\/p>\n<ul data-start=\"473\" data-end=\"697\">\n<li data-start=\"473\" data-end=\"499\">\n<p data-start=\"475\" data-end=\"499\">Oty\u0142o\u015b\u0107 i nadwaga<\/p>\n<\/li>\n<li data-start=\"500\" data-end=\"529\">\n<p data-start=\"502\" data-end=\"529\">Gromadzenie si\u0119 t\u0142uszczu w okolicy brzucha<\/p>\n<\/li>\n<li data-start=\"530\" data-end=\"579\">\n<p data-start=\"532\" data-end=\"579\">Przejadanie si\u0119, niekontrolowany apetyt<\/p>\n<\/li>\n<li data-start=\"580\" data-end=\"618\">\n<p data-start=\"582\" data-end=\"618\">Spowolnienie metabolizmu<\/p>\n<\/li>\n<li data-start=\"619\" data-end=\"648\">\n<p data-start=\"621\" data-end=\"648\">Obrz\u0119k i zatrzymanie wody<\/p>\n<\/li>\n<li data-start=\"649\" data-end=\"675\">\n<p data-start=\"651\" data-end=\"675\">Siedz\u0105cy tryb \u017cycia<\/p>\n<\/li>\n<li data-start=\"676\" data-end=\"697\">\n<p data-start=\"678\" data-end=\"697\">Os\u0142abienie metaboliczne<\/p>\n<\/li>\n<\/ul>\n<p data-start=\"699\" data-end=\"748\">Pakiet jest odpowiedni zar\u00f3wno dla m\u0119\u017cczyzn jak i kobiet.<\/p>\n<hr data-start=\"750\" data-end=\"753\" \/>\n<h1 data-start=\"755\" data-end=\"795\">\ud83c\udf3f <strong data-start=\"760\" data-end=\"795\">2) Jakie produkty znajduj\u0105 si\u0119 w opakowaniu?<\/strong><\/h1>\n<h3 data-start=\"797\" data-end=\"817\">\u2714 <strong data-start=\"803\" data-end=\"815\">Chitozan<\/strong><\/h3>\n<p data-start=\"818\" data-end=\"873\">Wch\u0142ania t\u0142uszcze i usuwa je z organizmu, zmniejszaj\u0105c apetyt.<\/p>\n<h3 data-start=\"875\" data-end=\"896\">\u2714 <strong data-start=\"881\" data-end=\"894\">Celuloza<\/strong><\/h3>\n<p data-start=\"897\" data-end=\"978\">Oczyszcza jelita, daje uczucie syto\u015bci i pomaga kontrolowa\u0107 kalorie.<\/p>\n<h3 data-start=\"980\" data-end=\"1005\">\u2714 <strong data-start=\"986\" data-end=\"1003\">Herbata antylipidowa<\/strong><\/h3>\n<p data-start=\"1006\" data-end=\"1081\">Oczyszcza w\u0105trob\u0119, przyspiesza metabolizm t\u0142uszcz\u00f3w, zmniejsza obrz\u0119ki.<\/p>\n<hr data-start=\"1083\" data-end=\"1086\" \/>\n<h1 data-start=\"1088\" data-end=\"1138\">\ud83d\udcdd <strong data-start=\"1093\" data-end=\"1138\">3) O pakiecie<\/strong><\/h1>\n<p data-start=\"1140\" data-end=\"1421\"><strong data-start=\"1140\" data-end=\"1161\">Pakiet odchudzaj\u0105cy<\/strong> \u2014 to 30-dniowy program odchudzania, kt\u00f3ry ma na celu spalanie t\u0142uszczu, kontrolowanie apetytu i oczyszczanie uk\u0142adu trawiennego.<br data-start=\"1281\" data-end=\"1284\" \/>Chitozan wi\u0105\u017ce t\u0142uszcze, celuloza wywo\u0142uje uczucie syto\u015bci, a herbata antylipidowa aktywuje metabolizm poprzez oczyszczanie w\u0105troby.<\/p>\n<p data-start=\"1423\" data-end=\"1611\">Ten pakiet skutkuje:<br data-start=\"1446\" data-end=\"1449\" \/>\u2714 Utrata masy cia\u0142a od 2 do 6 kg<br data-start=\"1477\" data-end=\"1480\" \/>\u2714 Redukcja t\u0142uszczu z brzucha<br data-start=\"1510\" data-end=\"1513\" \/>\u2714 R\u00f3wnowa\u017cenie apetytu<br data-start=\"1538\" data-end=\"1541\" \/>\u2714 Poprawa trawienia i metabolizmu<br data-start=\"1576\" data-end=\"1579\" \/>\u2714 Czujesz si\u0119 l\u017cejszy i masz wi\u0119cej energii<\/p>\n<hr data-start=\"1613\" data-end=\"1616\" \/>\n<h1 data-start=\"1618\" data-end=\"1662\">\u23f3 <strong data-start=\"1622\" data-end=\"1662\">4) Procedura rekrutacyjna \u2013 program 30-dniowy<\/strong><\/h1>\n<h3 data-start=\"1664\" data-end=\"1677\"><strong data-start=\"1668\" data-end=\"1677\">Poranek<\/strong><\/h3>\n<ul data-start=\"1678\" data-end=\"1727\">\n<li data-start=\"1678\" data-end=\"1727\">\n<p data-start=\"1680\" data-end=\"1727\">30 minut przed jedzeniem: <strong data-start=\"1706\" data-end=\"1727\">1 kapsu\u0142ka chitozanu<\/strong><\/p>\n<\/li>\n<\/ul>\n<h3 data-start=\"1729\" data-end=\"1744\"><strong data-start=\"1733\" data-end=\"1744\">Popo\u0142udnie<\/strong><\/h3>\n<ul data-start=\"1745\" data-end=\"1787\">\n<li data-start=\"1745\" data-end=\"1787\">\n<p data-start=\"1747\" data-end=\"1787\">Z jedzeniem: <strong data-start=\"1765\" data-end=\"1787\">1 kapsu\u0142ka celulozy<\/strong><\/p>\n<\/li>\n<\/ul>\n<h3 data-start=\"1789\" data-end=\"1802\"><strong data-start=\"1793\" data-end=\"1802\">Wiecz\u00f3r<\/strong><\/h3>\n<ul data-start=\"1803\" data-end=\"1850\">\n<li data-start=\"1803\" data-end=\"1850\">\n<p data-start=\"1805\" data-end=\"1850\">W 1 szklance gor\u0105cej wody: <strong data-start=\"1825\" data-end=\"1850\">1 opakowanie herbaty antylipidowej<\/strong><\/p>\n<\/li>\n<\/ul>\n<p data-start=\"1852\" data-end=\"1956\">\ud83d\udccc Minimum w ci\u0105gu dnia <strong data-start=\"1875\" data-end=\"1888\">2 litry wody<\/strong> powinien by\u0107 pijany.<br data-start=\"1901\" data-end=\"1904\" \/>\ud83d\udccc Daje \u015bwietne rezultaty, je\u015bli po\u0142\u0105czymy to z kontrol\u0105 porcji.<\/p>","protected":false},"excerpt":{"rendered":"<p data-start=\"1140\" data-end=\"1421\"><strong data-start=\"1140\" data-end=\"1161\">Pakiet odchudzaj\u0105cy<\/strong> \u2014 to 30-dniowy program odchudzania, kt\u00f3ry ma na celu spalanie t\u0142uszczu, kontrolowanie apetytu i oczyszczanie uk\u0142adu trawiennego.<br data-start=\"1281\" data-end=\"1284\" \/>Chitozan wi\u0105\u017ce t\u0142uszcze, celuloza wywo\u0142uje uczucie syto\u015bci, a herbata antylipidowa aktywuje metabolizm poprzez oczyszczanie w\u0105troby.<\/p>","protected":false},"featured_media":10622,"template":"","meta":[],"product_cat":[189,287,75],"product_tag":[236,266,273,223,270,275,269,265,272,268,271,274,267],"class_list":{"0":"post-10621","1":"product","2":"type-product","3":"status-publish","4":"has-post-thumbnail","6":"product_cat-saglamliq-paketleri","7":"product_cat-butun-mhsullar-v-cihazlar","8":"product_cat-hzm-v-ariqlama","9":"product_tag-antilipid-cay","10":"product_tag-ariqlama","11":"product_tag-cki-azaldilmasi","12":"product_tag-chitosan","13":"product_tag-detoks","14":"product_tag-dieta-dstyi","15":"product_tag-istaha-azaldilmasi","16":"product_tag-kilo-verm","17":"product_tag-metabolizm","18":"product_tag-qarin-yaglanmasi","19":"product_tag-sellulosa","20":"product_tag-tiens-kilo-paketi","21":"product_tag-yag-yandirma","23":"first","24":"instock","25":"taxable","26":"shipping-taxable","27":"purchasable","28":"product-type-simple"},"_links":{"self":[{"href":"https:\/\/tiens.az\/pl\/wp-json\/wp\/v2\/product\/10621","targetHints":{"allow":["GET"]}}],"collection":[{"href":"https:\/\/tiens.az\/pl\/wp-json\/wp\/v2\/product"}],"about":[{"href":"https:\/\/tiens.az\/pl\/wp-json\/wp\/v2\/types\/product"}],"wp:featuredmedia":[{"embeddable":true,"href":"https:\/\/tiens.az\/pl\/wp-json\/wp\/v2\/media\/10622"}],"wp:attachment":[{"href":"https:\/\/tiens.az\/pl\/wp-json\/wp\/v2\/media?parent=10621"}],"wp:term":[{"taxonomy":"product_cat","embeddable":true,"href":"https:\/\/tiens.az\/pl\/wp-json\/wp\/v2\/product_cat?post=10621"},{"taxonomy":"product_tag","embeddable":true,"href":"https:\/\/tiens.az\/pl\/wp-json\/wp\/v2\/product_tag?post=10621"}],"curies":[{"name":"wp","href":"https:\/\/api.w.org\/{rel}","templated":true}]}}