{"id":10624,"date":"2025-12-12T16:49:37","date_gmt":"2025-12-12T12:49:37","guid":{"rendered":"https:\/\/tiens.az\/?post_type=product&#038;p=10624"},"modified":"2026-03-11T19:49:43","modified_gmt":"2026-03-11T15:49:43","slug":"stress-v%c9%99-yuxu-paketi-30-gunluk-proqram","status":"publish","type":"product","link":"https:\/\/tiens.az\/pl\/produkt\/stres-v\u0259-pakiet-snu-30-dniowy-program\/","title":{"rendered":"Pakiet Stres i Sen \u2014 Program 30-dniowy"},"content":{"rendered":"<h1 data-start=\"275\" data-end=\"324\">\ud83c\udf19 <strong data-start=\"280\" data-end=\"324\">Pakiet Stres i Sen \u2014 Program 30-dniowy<\/strong><\/h1>\n<p data-start=\"325\" data-end=\"338\"><strong data-start=\"325\" data-end=\"336\">Kompozycja:<\/strong><\/p>\n<ul data-start=\"339\" data-end=\"437\">\n<li data-start=\"339\" data-end=\"367\">\n<p data-start=\"341\" data-end=\"367\"><strong data-start=\"341\" data-end=\"365\">Proszek wapniowy Tiens<\/strong><\/p>\n<\/li>\n<li data-start=\"368\" data-end=\"409\">\n<p data-start=\"370\" data-end=\"409\"><strong data-start=\"370\" data-end=\"407\">Kapsu\u0142ki Tiens Calcium z lecytyn\u0105<\/strong><\/p>\n<\/li>\n<li data-start=\"410\" data-end=\"437\">\n<p data-start=\"412\" data-end=\"437\"><strong data-start=\"412\" data-end=\"435\">Kapsu\u0142ki cynkowe Tiens<\/strong><\/p>\n<\/li>\n<\/ul>\n<hr data-start=\"439\" data-end=\"442\" \/>\n<h1 data-start=\"444\" data-end=\"490\">\ud83d\udd0d <strong data-start=\"449\" data-end=\"490\">Dla kogo jest ten pakiet? (Problemy)<\/strong><\/h1>\n<p data-start=\"491\" data-end=\"533\">Ten pakiet jest odpowiedni dla 100% w nast\u0119puj\u0105cych przypadkach:<\/p>\n<ul data-start=\"535\" data-end=\"842\">\n<li data-start=\"535\" data-end=\"563\">\n<p data-start=\"537\" data-end=\"563\">Trudno\u015bci z zasypianiem<\/p>\n<\/li>\n<li data-start=\"564\" data-end=\"588\">\n<p data-start=\"566\" data-end=\"588\">Cz\u0119ste budzenie si\u0119 w nocy<\/p>\n<\/li>\n<li data-start=\"589\" data-end=\"630\">\n<p data-start=\"591\" data-end=\"630\">Zm\u0119czenie m\u00f3zgu, brak uwagi<\/p>\n<\/li>\n<li data-start=\"631\" data-end=\"662\">\n<p data-start=\"633\" data-end=\"662\">Stres, napi\u0119cie, dra\u017cliwo\u015b\u0107<\/p>\n<\/li>\n<li data-start=\"663\" data-end=\"694\">\n<p data-start=\"665\" data-end=\"694\">Os\u0142abienie uk\u0142adu nerwowego<\/p>\n<\/li>\n<li data-start=\"695\" data-end=\"752\">\n<p data-start=\"697\" data-end=\"752\">Zaburzenia snu spowodowane zaburzeniami hormonalnymi<\/p>\n<\/li>\n<li data-start=\"753\" data-end=\"788\">\n<p data-start=\"755\" data-end=\"788\">Niedob\u00f3r wapnia i lecytyny<\/p>\n<\/li>\n<li data-start=\"789\" data-end=\"842\">\n<p data-start=\"791\" data-end=\"842\">Panika, niepok\u00f3j, przyspieszone t\u0119tno<\/p>\n<\/li>\n<\/ul>\n<hr data-start=\"844\" data-end=\"847\" \/>\n<h1 data-start=\"849\" data-end=\"893\">\ud83d\udc8a <strong data-start=\"854\" data-end=\"893\">Jakie produkty znajduj\u0105 si\u0119 w pakiecie?<\/strong><\/h1>\n<h3 data-start=\"894\" data-end=\"920\"><strong data-start=\"898\" data-end=\"920\">1\ufe0f\u20e3 Proszek wapniowy<\/strong><\/h3>\n<ul data-start=\"921\" data-end=\"1053\">\n<li data-start=\"921\" data-end=\"954\">\n<p data-start=\"923\" data-end=\"954\">Uspokaja uk\u0142ad nerwowy<\/p>\n<\/li>\n<li data-start=\"955\" data-end=\"986\">\n<p data-start=\"957\" data-end=\"986\">U\u0142atwia zasypianie<\/p>\n<\/li>\n<li data-start=\"987\" data-end=\"1017\">\n<p data-start=\"989\" data-end=\"1017\">Zmniejsza napi\u0119cie mi\u0119\u015bni<\/p>\n<\/li>\n<li data-start=\"1018\" data-end=\"1053\">\n<p data-start=\"1020\" data-end=\"1053\">R\u00f3wnowa\u017cy hormony stresu<\/p>\n<\/li>\n<\/ul>\n<h3 data-start=\"1055\" data-end=\"1094\"><strong data-start=\"1059\" data-end=\"1094\">2\ufe0f\u20e3 Kapsu\u0142ki wapnia z lecytyn\u0105<\/strong><\/h3>\n<ul data-start=\"1095\" data-end=\"1278\">\n<li data-start=\"1095\" data-end=\"1131\">\n<p data-start=\"1097\" data-end=\"1131\">Pokarm dla m\u00f3zgu i uk\u0142adu nerwowego<\/p>\n<\/li>\n<li data-start=\"1132\" data-end=\"1159\">\n<p data-start=\"1134\" data-end=\"1159\">Zmniejsza przewlek\u0142y stres<\/p>\n<\/li>\n<li data-start=\"1160\" data-end=\"1197\">\n<p data-start=\"1162\" data-end=\"1197\">Pomaga pog\u0142\u0119bi\u0107 sen<\/p>\n<\/li>\n<li data-start=\"1198\" data-end=\"1235\">\n<p data-start=\"1200\" data-end=\"1235\">Normalizuje t\u0119tno<\/p>\n<\/li>\n<li data-start=\"1236\" data-end=\"1278\">\n<p data-start=\"1238\" data-end=\"1278\">Poprawia koncentracj\u0119 i pami\u0119\u0107<\/p>\n<\/li>\n<\/ul>\n<h3 data-start=\"1280\" data-end=\"1305\"><strong data-start=\"1284\" data-end=\"1305\">3\ufe0f\u20e3 Kapsu\u0142ki cynku<\/strong><\/h3>\n<ul data-start=\"1306\" data-end=\"1447\">\n<li data-start=\"1306\" data-end=\"1338\">\n<p data-start=\"1308\" data-end=\"1338\">Reguluje r\u00f3wnowag\u0119 hormonaln\u0105<\/p>\n<\/li>\n<li data-start=\"1339\" data-end=\"1368\">\n<p data-start=\"1341\" data-end=\"1368\">Zmniejsza liczb\u0119 nocnych wybudze\u0144<\/p>\n<\/li>\n<li data-start=\"1369\" data-end=\"1413\">\n<p data-start=\"1371\" data-end=\"1413\">Przyspiesza regeneracj\u0119 uk\u0142adu nerwowego<\/p>\n<\/li>\n<li data-start=\"1414\" data-end=\"1447\">\n<p data-start=\"1416\" data-end=\"1447\">Wzmacnia system obronny<\/p>\n<\/li>\n<\/ul>\n<hr data-start=\"1449\" data-end=\"1452\" \/>\n<h1 data-start=\"1454\" data-end=\"1513\">\ud83e\uddd8\u200d\u2642\ufe0f <strong data-start=\"1462\" data-end=\"1513\">Kr\u00f3tkie wyja\u015bnienie dotycz\u0105ce pakietu<\/strong><\/h1>\n<p data-start=\"1514\" data-end=\"1637\">Ten pakiet jest przeznaczony dla os\u00f3b zmagaj\u0105cych si\u0119 ze stresem i snem. To 30-dniowy program maj\u0105cy na celu przywr\u00f3cenie rytmu snu, redukcj\u0119 stresu i wzmocnienie uk\u0142adu nerwowego.<\/p>\n<p data-start=\"1639\" data-end=\"1872\"><strong data-start=\"1639\" data-end=\"1657\">Proszek wapniowy<\/strong> \u2013 uspokaja nerwy i wspomaga g\u0142\u0119boki sen.<br data-start=\"1711\" data-end=\"1714\" \/><strong data-start=\"1714\" data-end=\"1736\">Wap\u0144 z lecytyn\u0105<\/strong> \u2013 od\u017cywia m\u00f3zg, redukuje hormony stresu i zapewnia spok\u00f3j.<br data-start=\"1804\" data-end=\"1807\" \/><strong data-start=\"1807\" data-end=\"1815\">Cynk<\/strong> \u2013 r\u00f3wnowa\u017cy gospodark\u0119 hormonaln\u0105 i poprawia jako\u015b\u0107 snu.<\/p>\n<p data-start=\"1874\" data-end=\"1966\"><strong data-start=\"1874\" data-end=\"1885\">Wniosek:<\/strong><br data-start=\"1885\" data-end=\"1888\" \/>\u2714 Bardziej spokojny sen<br data-start=\"1905\" data-end=\"1908\" \/>\u2714 Spokojniejszy uk\u0142ad nerwowy<br data-start=\"1934\" data-end=\"1937\" \/>\u2714 Wi\u0119cej energii i r\u00f3wnowagi<\/p>\n<hr data-start=\"1968\" data-end=\"1971\" \/>\n<h1 data-start=\"1973\" data-end=\"2015\">\ud83d\udd52 <strong data-start=\"1978\" data-end=\"2015\">Procedura przyj\u0119cia (program 30-dniowy)<\/strong><\/h1>\n<h3 data-start=\"2017\" data-end=\"2033\"><strong data-start=\"2021\" data-end=\"2033\">\ud83d\udd38 Rano<\/strong><\/h3>\n<ul data-start=\"2034\" data-end=\"2072\">\n<li data-start=\"2034\" data-end=\"2072\">\n<p data-start=\"2036\" data-end=\"2072\"><strong data-start=\"2036\" data-end=\"2055\">Cynk \u2013 1 kapsu\u0142ka<\/strong> (po jedzeniu)<\/p>\n<\/li>\n<\/ul>\n<h3 data-start=\"2074\" data-end=\"2090\"><strong data-start=\"2078\" data-end=\"2090\">\ud83d\udd38 Wiecz\u00f3r<\/strong><\/h3>\n<ul data-start=\"2091\" data-end=\"2143\">\n<li data-start=\"2091\" data-end=\"2143\">\n<p data-start=\"2093\" data-end=\"2143\"><strong data-start=\"2093\" data-end=\"2126\">Wap\u0144 z lecytyn\u0105 \u2013 1 kapsu\u0142ka<\/strong> (po jedzeniu)<\/p>\n<\/li>\n<\/ul>\n<h3 data-start=\"2145\" data-end=\"2181\"><strong data-start=\"2149\" data-end=\"2181\">\ud83d\udd38 30 minut przed snem<\/strong><\/h3>\n<ul data-start=\"2182\" data-end=\"2237\">\n<li data-start=\"2182\" data-end=\"2237\">\n<p data-start=\"2184\" data-end=\"2237\"><strong data-start=\"2184\" data-end=\"2212\">Proszek wapniowy \u2013 1 saszetka<\/strong> (rozpu\u015bci\u0107 w gor\u0105cej wodzie i wypi\u0107)<\/p>\n<\/li>\n<\/ul>\n<hr data-start=\"2239\" data-end=\"2242\" \/>\n<h1 data-start=\"2244\" data-end=\"2286\">\ud83d\udccc <strong data-start=\"2249\" data-end=\"2286\">Po ilu dniach widoczny jest efekt dzia\u0142ania opakowania?<\/strong><\/h1>\n<ul data-start=\"2287\" data-end=\"2420\">\n<li data-start=\"2287\" data-end=\"2327\">\n<p data-start=\"2289\" data-end=\"2327\"><strong data-start=\"2289\" data-end=\"2301\">3\u20135 dni:<\/strong> \u0141atwiej zasn\u0105\u0107.<\/p>\n<\/li>\n<li data-start=\"2328\" data-end=\"2376\">\n<p data-start=\"2330\" data-end=\"2376\"><strong data-start=\"2330\" data-end=\"2344\">10\u201314 dni:<\/strong> stres spada, spok\u00f3j wzrasta<\/p>\n<\/li>\n<li data-start=\"2377\" data-end=\"2420\">\n<p data-start=\"2379\" data-end=\"2420\"><strong data-start=\"2379\" data-end=\"2390\">30 dni:<\/strong> przywr\u00f3cony zostaje pe\u0142ny rytm snu<\/p>\n<\/li>\n<\/ul>","protected":false},"excerpt":{"rendered":"<p data-start=\"1514\" data-end=\"1637\">Ten pakiet jest przeznaczony dla os\u00f3b zmagaj\u0105cych si\u0119 ze stresem i snem. To 30-dniowy program maj\u0105cy na celu przywr\u00f3cenie rytmu snu, redukcj\u0119 stresu i wzmocnienie uk\u0142adu nerwowego.<\/p>\n<p data-start=\"1639\" data-end=\"1872\"><strong data-start=\"1639\" data-end=\"1657\">Proszek wapniowy<\/strong> \u2013 uspokaja nerwy i wspomaga g\u0142\u0119boki sen.<br data-start=\"1711\" data-end=\"1714\" \/><strong data-start=\"1714\" data-end=\"1736\">Wap\u0144 z lecytyn\u0105<\/strong> \u2013 od\u017cywia m\u00f3zg, redukuje hormony stresu i zapewnia spok\u00f3j.<br data-start=\"1804\" data-end=\"1807\" \/><strong data-start=\"1807\" data-end=\"1815\">Cynk<\/strong> \u2013 r\u00f3wnowa\u017cy gospodark\u0119 hormonaln\u0105 i poprawia jako\u015b\u0107 snu.<\/p>","protected":false},"featured_media":10625,"template":"","meta":[],"product_cat":[189,287],"product_tag":[197,285,280,279,281,286,282,278,276,283,284,277,198],"class_list":{"0":"post-10624","1":"product","2":"type-product","3":"status-publish","4":"has-post-thumbnail","6":"product_cat-saglamliq-paketleri","7":"product_cat-butun-mhsullar-v-cihazlar","8":"product_tag-calcium-powder","9":"product_tag-drin-yuxu","10":"product_tag-sb-sakitlsdirici","11":"product_tag-insomnia","12":"product_tag-lesitinli-kalsium","13":"product_tag-melatonin-alternativi","14":"product_tag-rahat-yuxu","15":"product_tag-sinir-sistemi","16":"product_tag-stress","17":"product_tag-stress-paketi","18":"product_tag-tiens-stress","19":"product_tag-yuxu-problemi","20":"product_tag-zinc","22":"first","23":"instock","24":"sale","25":"taxable","26":"shipping-taxable","27":"purchasable","28":"product-type-simple"},"_links":{"self":[{"href":"https:\/\/tiens.az\/pl\/wp-json\/wp\/v2\/product\/10624","targetHints":{"allow":["GET"]}}],"collection":[{"href":"https:\/\/tiens.az\/pl\/wp-json\/wp\/v2\/product"}],"about":[{"href":"https:\/\/tiens.az\/pl\/wp-json\/wp\/v2\/types\/product"}],"wp:featuredmedia":[{"embeddable":true,"href":"https:\/\/tiens.az\/pl\/wp-json\/wp\/v2\/media\/10625"}],"wp:attachment":[{"href":"https:\/\/tiens.az\/pl\/wp-json\/wp\/v2\/media?parent=10624"}],"wp:term":[{"taxonomy":"product_cat","embeddable":true,"href":"https:\/\/tiens.az\/pl\/wp-json\/wp\/v2\/product_cat?post=10624"},{"taxonomy":"product_tag","embeddable":true,"href":"https:\/\/tiens.az\/pl\/wp-json\/wp\/v2\/product_tag?post=10624"}],"curies":[{"name":"wp","href":"https:\/\/api.w.org\/{rel}","templated":true}]}}